{"id":101,"date":"2023-09-21T11:56:11","date_gmt":"2023-09-21T08:56:11","guid":{"rendered":"https:\/\/me.yrittajat.fi\/naistenmessut\/?page_id=101"},"modified":"2023-09-21T13:58:37","modified_gmt":"2023-09-21T10:58:37","slug":"ota-yhteytta","status":"publish","type":"page","link":"https:\/\/me.yrittajat.fi\/naistenmessut\/ota-yhteytta\/","title":{"rendered":"Ota yhteytt\u00e4"},"content":{"rendered":"\n<p>Ota meihin yhteytt\u00e4! Autamme mielell\u00e4mme kaikissa Naistenmessuihin liittyviss\u00e4 asioissa.<\/p>\n\n\n\n<p>Tavoitat meid\u00e4n joko puhelimitse p. 050 523 3883 tai s\u00e4hk\u00f6postitse osoitteella\u00a0<a href=\"mailto:paivi.kononen@hr-consulting.fi\">paivi.kononen@hr-consulting.fi<\/a><\/p>\n\n\n\n<p><\/p>\n","protected":false},"excerpt":{"rendered":"<p>Ota meihin yhteytt\u00e4! Autamme mielell\u00e4mme kaikissa Naistenmessuihin liittyviss\u00e4 asioissa. Tavoitat meid\u00e4n joko puhelimitse p. 050 523 3883 tai s\u00e4hk\u00f6postitse osoitteella\u00a0paivi.kononen@hr-consulting.fi<\/p>\n","protected":false},"author":65,"featured_media":0,"parent":0,"menu_order":0,"comment_status":"closed","ping_status":"closed","template":"","meta":{"_acf_changed":false,"footnotes":""},"class_list":["post-101","page","type-page","status-publish","hentry"],"acf":[],"_links":{"self":[{"href":"https:\/\/me.yrittajat.fi\/naistenmessut\/wp-json\/wp\/v2\/pages\/101","targetHints":{"allow":["GET"]}}],"collection":[{"href":"https:\/\/me.yrittajat.fi\/naistenmessut\/wp-json\/wp\/v2\/pages"}],"about":[{"href":"https:\/\/me.yrittajat.fi\/naistenmessut\/wp-json\/wp\/v2\/types\/page"}],"author":[{"embeddable":true,"href":"https:\/\/me.yrittajat.fi\/naistenmessut\/wp-json\/wp\/v2\/users\/65"}],"replies":[{"embeddable":true,"href":"https:\/\/me.yrittajat.fi\/naistenmessut\/wp-json\/wp\/v2\/comments?post=101"}],"version-history":[{"count":1,"href":"https:\/\/me.yrittajat.fi\/naistenmessut\/wp-json\/wp\/v2\/pages\/101\/revisions"}],"predecessor-version":[{"id":104,"href":"https:\/\/me.yrittajat.fi\/naistenmessut\/wp-json\/wp\/v2\/pages\/101\/revisions\/104"}],"wp:attachment":[{"href":"https:\/\/me.yrittajat.fi\/naistenmessut\/wp-json\/wp\/v2\/media?parent=101"}],"curies":[{"name":"wp","href":"https:\/\/api.w.org\/{rel}","templated":true}]}}