{"id":3,"date":"2023-08-29T14:20:55","date_gmt":"2023-08-29T11:20:55","guid":{"rendered":"https:\/\/me.yrittajat.fi\/naistenmessut\/etusivu\/"},"modified":"2025-10-31T09:40:14","modified_gmt":"2025-10-31T07:40:14","slug":"etusivu","status":"publish","type":"page","link":"https:\/\/me.yrittajat.fi\/naistenmessut\/","title":{"rendered":""},"content":{"rendered":"\n\t<div id=\"gb-background-block_89379285d24e4fe1e885a3047fa7e479\" class=\"gb-background gb-background-block_89379285d24e4fe1e885a3047fa7e479 bg-white\">\n\t\t<div class=\"container\">\n\t\t\t<div class=\"gutenberg-content\">\n\t\t\t\t\t\t\t\t\n\n<h2 class=\"wp-block-heading has-text-align-center\">Bisnesleidien Naistenmessut 15-16.11.2025<\/h2>\n\n\n\n<p class=\"has-text-align-center\">Hyv\u00e4 naisyritt\u00e4j\u00e4!<\/p>\n\n\n\n<p class=\"has-text-align-center\"><strong>Tervetuloa Naistenmessuille myyj\u00e4ksi tai asiakkaaksi! <\/strong><\/p>\n\n\n\n<p class=\"has-text-align-center\">Juuri ennen joulua viet\u00e4mme naistenmessuja kahden p\u00e4iv\u00e4n ajan Plaza Cetrumissa katutasossa S-Markettia vastap\u00e4\u00e4t\u00e4 liiketilassa ja kauppak\u00e4yt\u00e4v\u00e4ll\u00e4. Messuista on my\u00f6s n\u00e4ht\u00e4viss\u00e4 livestriimausta verkkosivuilla ja <a href=\"https:\/\/www.facebook.com\/bisnesleidiennaistenmessut\">facebook.com\/bisnesleidiennaistenmessut<\/a> -sivustolla koko messujen ajan.<\/p>\n\n\n\n<p class=\"has-text-align-center\">Voit tutustua myyt\u00e4viin tuotteisiin ennakkoon t\u00e4\u00e4lt\u00e4, Facebook-sivuilta tai <a href=\"https:\/\/www.instagram.com\/bisnesleidiennaistenmessut\/\">Instagramista<\/a> ja tehd\u00e4 ostoksia jo ennen messuja. Voit tehd\u00e4 my\u00f6s tilauksen ja noutaa tuoteen \/ palvelun messuilta tai tilata ne kotiisi.<\/p>\n\n\n\n<p class=\"has-text-align-center\"><strong>Naistenmessut pidet\u00e4\u00e4n la 16.11. klo 10-15<\/strong> ja <strong>su 16.11 klo 10-15<\/strong> <strong>Kauppakeskus Plaza Centrumissa, Kauppakatu 29, 80100 Joensuu.<\/strong> Myyntipisteit\u00e4 l\u00f6yd\u00e4t S-Markettia vastap\u00e4\u00e4t\u00e4 olevasta liiketilasta ja kauppak\u00e4yt\u00e4v\u00e4lt\u00e4 sen ulkopuolelta.<\/p>\n\n\n\n<p class=\"has-text-align-center\"><strong>*50. juhlavuosi myyntipaikka 50\u20ac\/p\u00e4iv\u00e4 (sis.alv)<\/strong><\/p>\n\n\n\n<p class=\"has-text-align-center\"><\/p>\n\n\n\n<h2 class=\"wp-block-heading has-text-align-center\"><a href=\"https:\/\/me.yrittajat.fi\/naistenmessut\/hae-myyjaksi\/\">Ilmoittaudu myyj\u00e4ksi t\u00e4st\u00e4!<\/a><\/h2>\n\n\n\n<p><\/p>\n\n\n\n<p><\/p>\n\n\n\n\t<div id=\"gb-anchor-block_d24fb28d61adbfdba8e67af06ffccc78\" class=\"gb-anchor gb-anchor-block_d24fb28d61adbfdba8e67af06ffccc78\">\n\t\t\t\t\t<div class=\"gb-anchor__anchor\" id=\"tapahtuma\"><\/div>\n\n\t\t\t\t\t\t<\/div>\n\n\n\n\n<h3 class=\"wp-block-heading has-text-align-center\">Tapahtuman ohjelma<\/h3>\n\n\n\n<p class=\"has-text-align-center\"><strong>Lauantaina ja sunnuntaina 15-16.11 klo 10-15<\/strong> tule katsomaan Pohjois-Karjalan yritt\u00e4jien ja -naisyritt\u00e4jien vuosien varrelta 1987-&gt; lehtiartikkeleita 1801 ja paljon valokuvia 2234. Kansiot ovat nyt n\u00e4ytill\u00e4 vain 2 p\u00e4iv\u00e4n ajan sen j\u00e4lkeen ne toimitetaan Yritt\u00e4j\u00e4naisten keskusj\u00e4rjest\u00f6lle.<\/p>\n\n\n\n<p class=\"has-text-align-center\">Lauainaina 15.11 klo 10-15<\/p>\n\n\n\n<p class=\"has-text-align-center\"><strong>Riverian aikuispuolen kosmetologi -opiskelijat <\/strong><\/p>\n\n\n\n<p class=\"has-text-align-center\"><strong>Hanna, Jonna, Kepa ja Milla<\/strong> <strong>tulevat tekem\u00e4\u00e4n<\/strong><\/p>\n\n\n\n<p class=\"has-text-align-center\">Kissarajaukset ja huulimeikki yht 15\u20ac &nbsp;<\/p>\n\n\n\n<p class=\"has-text-align-center\">Minimanikyyri+lakkaus 15\u20ac<\/p>\n\n\n\n<p class=\"has-text-align-center\">Minimanikyyri+hieronta 12\u20ac<\/p>\n\n\n\n<p class=\"has-text-align-center\">K\u00e4sihieronta 7\u20ac<\/p>\n\n\n\n<p class=\"has-text-align-center\">Minimanikyyri+lakkaus+k\u00e4sihieronta 20\u20ac<\/p>\n\n\n\n<p><\/p>\n\n\n\n<p class=\"has-text-align-center\"><strong>Lauantaina 15.11 Goes Vintage-ty\u00f6paja nonstop-periaatteella klo 10-15 v\u00e4lill\u00e4.<\/strong> <\/p>\n\n\n\n<p class=\"has-text-align-center\">Kokoa itsellesi Vintage-korvakorut valmiista vimomassa aihioista.<\/p>\n\n\n\n<p class=\"has-text-align-center\"><a><\/a>Tarvikemaksu 5\u20ac jos sulla on Vintage-mekko p\u00e4\u00e4ll\u00e4 saat koota ne ilmaiseksi.<\/p>\n\n\n\n<p class=\"has-text-align-center\"><\/p>\n\n\n\n<p class=\"has-text-align-center\"><strong>Sunnuntaina 6.11 jouluinen makramee ty\u00f6paja nonstop-periaatteella klo 10-15 v\u00e4lill\u00e4.<\/strong><\/p>\n\n\n\n<p class=\"has-text-align-center\">Valittavana 3 erilasita helpoti teht\u00e4v\u00e4\u00e4 joulupukkia. Tarvikemaksu 5\u20ac, tee itselle tai lahjaksi.<\/p>\n\n\n\n\t<div id=\"gb-anchor-block_b42860ed86f0cb38785a362a858c270d\" class=\"gb-anchor gb-anchor-block_b42860ed86f0cb38785a362a858c270d\">\n\t\t\t\t\t<div class=\"gb-anchor__anchor\" id=\"myyjat\"><\/div>\n\n\t\t\t\t\t\t<\/div>\n\n\n\n\t\t\t<\/div>\n\t\t<\/div>\n\t<\/div>\n\n\n\n\n\t<div id=\"gb-anchor-block_127dd77c71ddee81c3d1a84f87908e17\" class=\"gb-anchor gb-anchor-block_127dd77c71ddee81c3d1a84f87908e17\">\n\t\t\t\t\t<div class=\"gb-anchor__anchor\" id=\"haemyyjaksi\"><\/div>\n\n\t\t\t\t\t\t<\/div>\n\n\n\n\n<section id=\"gb-accordion-block_98f0d9e4b451aaab42291bc919bbc2d3\" class=\"gb-accordion gb-accordion-block_98f0d9e4b451aaab42291bc919bbc2d3\">\n\t<div class=\"handorgel\">\n\t\t\t\t\t<h3 class=\"handorgel__header handorgel__header--no-start-time\">\n\t\t\t\t<button class=\"handorgel__header__button\"\n\t\t\t\t        id=\"peruutusehdot\">\n\t\t\t\t\t<span class=\"handorgel__header__button--content\">\n\t\t\t\t\t\t\t\t\t\t<span class=\"handorgel__header__button--title\">Peruutusehdot<\/span>\n\t\t\t\t\t<\/span>\n\t\t\t\t\t<span class=\"handorgel__header__button--icon\">\n\t\t\t\t\t\t\t<span><\/span>\n\t\t\t\t\t\t\t<span><\/span>\n\t\t\t\t\t<\/span>\n\t\t\t\t\t\t\t\t\t<\/button>\n\t\t\t<\/h3>\n\t\t\t<div class=\"handorgel__content handorgel__content--no-start-time\">\n\t\t\t\t<div class=\"handorgel__content__inner\">\n\t\t\t\t\t<p class=\"x_MsoNormal\">Peruutukset ja nimenvaihdokset puhelimitse 050 448 8468 tai s\u00e4hk\u00f6postilla <a href=\"mailto:joonas.hiltunen@yrittajat.fi\" target=\"_blank\" rel=\"noopener noreferrer\" data-auth=\"NotApplicable\" data-linkindex=\"2\" data-ogsc=\"\">joonas.hiltunen@yrittajat.fi <\/a><\/p>\n\t\t\t\t<\/div>\n\t\t\t<\/div>\n\t\t\t\t\t<h3 class=\"handorgel__header handorgel__header--no-start-time\">\n\t\t\t\t<button class=\"handorgel__header__button\"\n\t\t\t\t        id=\"mitka-ovat-tapahtuman-sosiaalisen-median-aihetunnisteet\">\n\t\t\t\t\t<span class=\"handorgel__header__button--content\">\n\t\t\t\t\t\t\t\t\t\t<span class=\"handorgel__header__button--title\">Mitk\u00e4 ovat tapahtuman sosiaalisen median aihetunnisteet?<\/span>\n\t\t\t\t\t<\/span>\n\t\t\t\t\t<span class=\"handorgel__header__button--icon\">\n\t\t\t\t\t\t\t<span><\/span>\n\t\t\t\t\t\t\t<span><\/span>\n\t\t\t\t\t<\/span>\n\t\t\t\t\t\t\t\t\t<\/button>\n\t\t\t<\/h3>\n\t\t\t<div class=\"handorgel__content handorgel__content--no-start-time\">\n\t\t\t\t<div class=\"handorgel__content__inner\">\n\t\t\t\t\t<p>Aihetunnisteet vuonna 2025 ovat #naistenmessut25 #naistenmessut ja #bisnesleidit @bisnesleidiennaistenmessut<\/p>\n\t\t\t\t<\/div>\n\t\t\t<\/div>\n\t\t\t\t\t<h3 class=\"handorgel__header handorgel__header--no-start-time\">\n\t\t\t\t<button class=\"handorgel__header__button\"\n\t\t\t\t        id=\"mista-loydan-ohjelman-pdf-muodossa\">\n\t\t\t\t\t<span class=\"handorgel__header__button--content\">\n\t\t\t\t\t\t\t\t\t\t<span class=\"handorgel__header__button--title\">Mist\u00e4 l\u00f6yd\u00e4n ohjelman pdf-muodossa?<\/span>\n\t\t\t\t\t<\/span>\n\t\t\t\t\t<span class=\"handorgel__header__button--icon\">\n\t\t\t\t\t\t\t<span><\/span>\n\t\t\t\t\t\t\t<span><\/span>\n\t\t\t\t\t<\/span>\n\t\t\t\t\t\t\t\t\t<\/button>\n\t\t\t<\/h3>\n\t\t\t<div class=\"handorgel__content handorgel__content--no-start-time\">\n\t\t\t\t<div class=\"handorgel__content__inner\">\n\t\t\t\t\t<p>Naistenmessut 2025 ohjelman voit ladata pdf-tiedostona *t\u00e4st\u00e4*.<\/p>\n\t\t\t\t<\/div>\n\t\t\t<\/div>\n\t\t\t<\/div>\n<\/section\n\t\t<!-- You can also use SakkeLib\\Helpers\\get_template_part inside a gutenberg acf block template -->\n\n\n\n<div class=\"wp-block-columns is-layout-flex wp-container-core-columns-is-layout-1 wp-block-columns-is-layout-flex\">\n<div class=\"wp-block-column is-layout-flow wp-block-column-is-layout-flow\"><\/div>\n\n\n\n<div class=\"wp-block-column is-layout-flow wp-block-column-is-layout-flow\"><\/div>\n<\/div>\n\n\n\n\t<div id=\"gb-anchor-block_cbcd5626be18f255211a8d2f0f35e93e\" class=\"gb-anchor gb-anchor-block_cbcd5626be18f255211a8d2f0f35e93e\">\n\t\t\t\t\t<div class=\"gb-anchor__anchor\" id=\"otayhteytta\"><\/div>\n\n\t\t\t\t\t\t<\/div>\n\n\n\n\n\t<div id=\"gb-background-block_89379285d24e4fe1e885a3047fa7e479\" class=\"gb-background gb-background-block_89379285d24e4fe1e885a3047fa7e479 bg-white\">\n\t\t<div class=\"container\">\n\t\t\t<div class=\"gutenberg-content\">\n\t\t\t\t\t\t\t\t\n\n\t<div id=\"gb-anchor-block_cbcd5626be18f255211a8d2f0f35e93e\" class=\"gb-anchor gb-anchor-block_cbcd5626be18f255211a8d2f0f35e93e\">\n\t\t\t\t\t<div class=\"gb-anchor__anchor\" id=\"otayhteytta\"><\/div>\n\n\t\t\t\t\t\t<\/div>\n\n\n\n\n<p class=\"has-text-align-center\"><strong>OTA YHTEYTT\u00c4<\/strong><\/p>\n\n\n\n<p class=\"has-text-align-center\">Ota meihin yhteytt\u00e4! Autamme mielell\u00e4mme kaikissa Naistenmessuihin liittyviss\u00e4 asioissa. Tavoitat meid\u00e4n joko puhelimitse p. 050 523 3883 tai s\u00e4hk\u00f6postitse osoitteella <a href=\"mailto:paivi.kononen@hr-consulting.fi\">paivi.kononen@hr-consulting.fi<\/a><\/p>\n\n\n\t\t\t<\/div>\n\t\t<\/div>\n\t<\/div>\n\n\n\n\n<p><\/p>\n\n\n\n<p>Naistenmessut yhteisty\u00f6ss\u00e4 mukana ja tapahtuman mahdollistajana @plazacentrum @bisnesleidit Pohjois-Karjalan yritt\u00e4jien naisyritt\u00e4j\u00e4verkosto<\/p>\n","protected":false},"excerpt":{"rendered":"<p>Naistenmessut yhteisty\u00f6ss\u00e4 mukana ja tapahtuman mahdollistajana @plazacentrum @bisnesleidit Pohjois-Karjalan yritt\u00e4jien naisyritt\u00e4j\u00e4verkosto<\/p>\n","protected":false},"author":61,"featured_media":587,"parent":0,"menu_order":0,"comment_status":"closed","ping_status":"closed","template":"","meta":{"_acf_changed":false,"footnotes":""},"class_list":["post-3","page","type-page","status-publish","has-post-thumbnail","hentry"],"acf":[],"_links":{"self":[{"href":"https:\/\/me.yrittajat.fi\/naistenmessut\/wp-json\/wp\/v2\/pages\/3","targetHints":{"allow":["GET"]}}],"collection":[{"href":"https:\/\/me.yrittajat.fi\/naistenmessut\/wp-json\/wp\/v2\/pages"}],"about":[{"href":"https:\/\/me.yrittajat.fi\/naistenmessut\/wp-json\/wp\/v2\/types\/page"}],"author":[{"embeddable":true,"href":"https:\/\/me.yrittajat.fi\/naistenmessut\/wp-json\/wp\/v2\/users\/61"}],"replies":[{"embeddable":true,"href":"https:\/\/me.yrittajat.fi\/naistenmessut\/wp-json\/wp\/v2\/comments?post=3"}],"version-history":[{"count":5,"href":"https:\/\/me.yrittajat.fi\/naistenmessut\/wp-json\/wp\/v2\/pages\/3\/revisions"}],"predecessor-version":[{"id":637,"href":"https:\/\/me.yrittajat.fi\/naistenmessut\/wp-json\/wp\/v2\/pages\/3\/revisions\/637"}],"wp:featuredmedia":[{"embeddable":true,"href":"https:\/\/me.yrittajat.fi\/naistenmessut\/wp-json\/wp\/v2\/media\/587"}],"wp:attachment":[{"href":"https:\/\/me.yrittajat.fi\/naistenmessut\/wp-json\/wp\/v2\/media?parent=3"}],"curies":[{"name":"wp","href":"https:\/\/api.w.org\/{rel}","templated":true}]}}