{"id":57,"date":"2023-09-21T08:53:17","date_gmt":"2023-09-21T05:53:17","guid":{"rendered":"https:\/\/me.yrittajat.fi\/naistenmessut\/?page_id=57"},"modified":"2025-03-11T08:42:22","modified_gmt":"2025-03-11T06:42:22","slug":"tunnelmia","status":"publish","type":"page","link":"https:\/\/me.yrittajat.fi\/naistenmessut\/tunnelmia\/","title":{"rendered":"Tunnelmia"},"content":{"rendered":"\n<p>Katso kuvia vuosien varrelta <\/p>\n\n\n\n<figure class=\"wp-block-image size-large\"><img loading=\"lazy\" decoding=\"async\" width=\"1024\" height=\"678\" src=\"https:\/\/me.yrittajat.fi\/naistenmessut\/app\/uploads\/sites\/74\/2023\/10\/naistenmessut-88-urheilutalolla-1-1024x678.jpg\" alt=\"\" class=\"wp-image-188\" srcset=\"https:\/\/me.yrittajat.fi\/app\/uploads\/sites\/74\/2023\/10\/naistenmessut-88-urheilutalolla-1-1024x678.jpg 1024w, https:\/\/me.yrittajat.fi\/app\/uploads\/sites\/74\/2023\/10\/naistenmessut-88-urheilutalolla-1-300x199.jpg 300w, https:\/\/me.yrittajat.fi\/app\/uploads\/sites\/74\/2023\/10\/naistenmessut-88-urheilutalolla-1-768x508.jpg 768w, https:\/\/me.yrittajat.fi\/app\/uploads\/sites\/74\/2023\/10\/naistenmessut-88-urheilutalolla-1-1536x1017.jpg 1536w, https:\/\/me.yrittajat.fi\/app\/uploads\/sites\/74\/2023\/10\/naistenmessut-88-urheilutalolla-1.jpg 1692w\" sizes=\"auto, (max-width: 1024px) 100vw, 1024px\" \/><figcaption class=\"wp-element-caption\">Joensuun liike- ja virkanaisten j\u00e4rjest\u00e4m\u00e4 Perinteiset Naistenmessut Urheilutalolla vuonna 1988<\/figcaption><\/figure>\n\n\n\n<figure class=\"wp-block-gallery has-nested-images columns-default is-cropped wp-block-gallery-1 is-layout-flex wp-block-gallery-is-layout-flex\">\n<figure class=\"wp-block-image size-full\"><img loading=\"lazy\" decoding=\"async\" width=\"960\" height=\"502\" data-id=\"133\" src=\"https:\/\/me.yrittajat.fi\/naistenmessut\/app\/uploads\/sites\/74\/2023\/09\/bisnesleidit-2.png\" alt=\"\" class=\"wp-image-133\" srcset=\"https:\/\/me.yrittajat.fi\/app\/uploads\/sites\/74\/2023\/09\/bisnesleidit-2.png 960w, https:\/\/me.yrittajat.fi\/app\/uploads\/sites\/74\/2023\/09\/bisnesleidit-2-300x157.png 300w, https:\/\/me.yrittajat.fi\/app\/uploads\/sites\/74\/2023\/09\/bisnesleidit-2-768x402.png 768w\" sizes=\"auto, (max-width: 960px) 100vw, 960px\" \/><\/figure>\n\n\n\n<figure class=\"wp-block-image size-large\"><img loading=\"lazy\" decoding=\"async\" width=\"975\" height=\"526\" data-id=\"129\" src=\"https:\/\/me.yrittajat.fi\/naistenmessut\/app\/uploads\/sites\/74\/2023\/09\/naisten-messut-yn-1.png\" alt=\"\" class=\"wp-image-129\" srcset=\"https:\/\/me.yrittajat.fi\/app\/uploads\/sites\/74\/2023\/09\/naisten-messut-yn-1.png 975w, https:\/\/me.yrittajat.fi\/app\/uploads\/sites\/74\/2023\/09\/naisten-messut-yn-1-300x162.png 300w, https:\/\/me.yrittajat.fi\/app\/uploads\/sites\/74\/2023\/09\/naisten-messut-yn-1-768x414.png 768w\" sizes=\"auto, (max-width: 975px) 100vw, 975px\" \/><\/figure>\n\n\n\n<figure class=\"wp-block-image size-large\"><img loading=\"lazy\" decoding=\"async\" width=\"1024\" height=\"616\" data-id=\"130\" src=\"https:\/\/me.yrittajat.fi\/naistenmessut\/app\/uploads\/sites\/74\/2023\/09\/virkanaiset-ilmo-1-1024x616.jpg\" alt=\"\" class=\"wp-image-130\" srcset=\"https:\/\/me.yrittajat.fi\/app\/uploads\/sites\/74\/2023\/09\/virkanaiset-ilmo-1-1024x616.jpg 1024w, https:\/\/me.yrittajat.fi\/app\/uploads\/sites\/74\/2023\/09\/virkanaiset-ilmo-1-300x180.jpg 300w, https:\/\/me.yrittajat.fi\/app\/uploads\/sites\/74\/2023\/09\/virkanaiset-ilmo-1-768x462.jpg 768w, https:\/\/me.yrittajat.fi\/app\/uploads\/sites\/74\/2023\/09\/virkanaiset-ilmo-1-1536x924.jpg 1536w, https:\/\/me.yrittajat.fi\/app\/uploads\/sites\/74\/2023\/09\/virkanaiset-ilmo-1.jpg 1600w\" sizes=\"auto, (max-width: 1024px) 100vw, 1024px\" \/><\/figure>\n<\/figure>\n\n\n\n<p class=\"has-text-align-center\"><strong>T\u00e4n\u00e4 vuonna vietet\u00e4\u00e4n 50v juhlavuotta Naistenmessut j\u00e4rjestet\u00e4\u00e4n jo 50. kerran ennen joulua.<\/strong><\/p>\n\n\n\n<p>Joensuun liike- ja virkanaiset ry j\u00e4rjesti Perinteisi\u00e4 naistenmessuja 40 vuoden ajan. Aluksi urheilutalolla ja sen j\u00e4lkeen vaihdellen useammassa paikassa mm. 2-3 kertaa Isossa myyss\u00e4, 2 kertaa Metropolissa ja kerran Taitokorttelissa. Naistenmessut j\u00e4rjestettiin 1. p\u00e4iv\u00e4isen\u00e4.<\/p>\n\n\n\n<p>J\u00e4rjest\u00e4mis vastuu siirtyi Pohjois-Karjalan yritt\u00e4j\u00e4naisille 2015. Aluksi j\u00e4rjestimme Naistenmessuja IsoMyyss\u00e4 viel\u00e4 vuonna 2016 silloin <strong>1. kertaa 2 p\u00e4iv\u00e4isen\u00e4<\/strong> (lauantaina ja sunnuntainan) parikertaa Metropolissa jossa Naistenmessut ovat katutasossa. <\/p>\n\n\n\n<p>Nykyisin Bisnesleidit (Pohjois-Karjalan yritt\u00e4jien naisyritt\u00e4j\u00e4verkosto) hallinnoi Naistenmessuja vuodesta 2018 jolloin Naistenmessut 1. kertaa<strong> 3 p\u00e4iv\u00e4isen\u00e4<\/strong> perjantai-sunnunta tuttuun tapaan Joensuun kaupungin joulunavajaisten (sunnuntai) yhteydess\u00e4. Koronavuonna ei ollut kauppakeskuksessa Naistenmessuja. 2022 oli <strong>1. keran Kev\u00e4iset Naistenmessut<\/strong> juuri ennen \u00c4itienp\u00e4iv\u00e4\u00e4 2 p\u00e4iv\u00e4isen\u00e4 (perjantai ja lauantai) 2023 Kev\u00e4iset Naistenmessut olivat Hybridi toteutuksella eli FBLiven\u00e4 verkossa ja kauppakeskukssa. <\/p>\n\n\n\n<p>Naistenmessut l\u00f6ytyv\u00e4t my\u00f6s SoMesta <a href=\"https:\/\/www.facebook.com\/bisnesleidiennaistenmessut \">https:\/\/www.facebook.com\/bisnesleidiennaistenmessut <\/a> ja <a href=\"https:\/\/www.instagram.com\/bisnesleidiennaistenmessut\/ \">https:\/\/www.instagram.com\/bisnesleidiennaistenmessut\/ <\/a> jonne julkaistaan Live-videota messuilta sek\u00e4 muotin\u00e4yt\u00f6ksest\u00e4 ja ty\u00f6pajoista.<\/p>\n\n\n\n<p><\/p>\n\n\n\n<p>T\u00e4n\u00e4 vuonna Naistenmessut saivat <strong>uudet www-sivut <\/strong>jota luet parhaillaan sivulta n\u00e4et tulevat myyj\u00e4t, realiaikaisen myyntip\u00f6yt\u00e4kartan sek\u00e4 voit hakeutua myyj\u00e4ksi.<\/p>\n\n\n\n<p><\/p>\n","protected":false},"excerpt":{"rendered":"<p>Katso kuvia vuosien varrelta T\u00e4n\u00e4 vuonna vietet\u00e4\u00e4n 50v juhlavuotta Naistenmessut j\u00e4rjestet\u00e4\u00e4n jo 50. kerran ennen joulua. Joensuun liike- ja virkanaiset ry j\u00e4rjesti Perinteisi\u00e4 naistenmessuja 40 vuoden ajan. Aluksi urheilutalolla ja sen j\u00e4lkeen vaihdellen useammassa paikassa mm. 2-3 kertaa Isossa myyss\u00e4, 2 kertaa Metropolissa ja kerran Taitokorttelissa. Naistenmessut j\u00e4rjestettiin 1. p\u00e4iv\u00e4isen\u00e4. J\u00e4rjest\u00e4mis vastuu siirtyi Pohjois-Karjalan yritt\u00e4j\u00e4naisille &hellip; <a href=\"https:\/\/me.yrittajat.fi\/naistenmessut\/tunnelmia\/\">Lue lis\u00e4\u00e4<\/a><\/p>\n","protected":false},"author":65,"featured_media":0,"parent":0,"menu_order":0,"comment_status":"open","ping_status":"closed","template":"","meta":{"_acf_changed":false,"footnotes":""},"class_list":["post-57","page","type-page","status-publish","hentry"],"acf":[],"_links":{"self":[{"href":"https:\/\/me.yrittajat.fi\/naistenmessut\/wp-json\/wp\/v2\/pages\/57","targetHints":{"allow":["GET"]}}],"collection":[{"href":"https:\/\/me.yrittajat.fi\/naistenmessut\/wp-json\/wp\/v2\/pages"}],"about":[{"href":"https:\/\/me.yrittajat.fi\/naistenmessut\/wp-json\/wp\/v2\/types\/page"}],"author":[{"embeddable":true,"href":"https:\/\/me.yrittajat.fi\/naistenmessut\/wp-json\/wp\/v2\/users\/65"}],"replies":[{"embeddable":true,"href":"https:\/\/me.yrittajat.fi\/naistenmessut\/wp-json\/wp\/v2\/comments?post=57"}],"version-history":[{"count":4,"href":"https:\/\/me.yrittajat.fi\/naistenmessut\/wp-json\/wp\/v2\/pages\/57\/revisions"}],"predecessor-version":[{"id":554,"href":"https:\/\/me.yrittajat.fi\/naistenmessut\/wp-json\/wp\/v2\/pages\/57\/revisions\/554"}],"wp:attachment":[{"href":"https:\/\/me.yrittajat.fi\/naistenmessut\/wp-json\/wp\/v2\/media?parent=57"}],"curies":[{"name":"wp","href":"https:\/\/api.w.org\/{rel}","templated":true}]}}