{"id":66,"date":"2023-09-21T09:10:46","date_gmt":"2023-09-21T06:10:46","guid":{"rendered":"https:\/\/me.yrittajat.fi\/naistenmessut\/?page_id=66"},"modified":"2025-11-13T04:50:38","modified_gmt":"2025-11-13T02:50:38","slug":"myyjat","status":"publish","type":"page","link":"https:\/\/me.yrittajat.fi\/naistenmessut\/myyjat\/","title":{"rendered":"Myyj\u00e4t"},"content":{"rendered":"\n<p>Plaza Centrum Naistenmessut p\u00e4ivitetty myyntip\u00f6yt\u00e4kartta: myyntip\u00f6yti\u00e4 liiketilassa ja kauppak\u00e4yt\u00e4v\u00e4ll\u00e4<\/p>\n\n\n\n<div class=\"wp-block-columns is-layout-flex wp-container-core-columns-is-layout-1 wp-block-columns-is-layout-flex\">\n<div class=\"wp-block-column is-layout-flow wp-block-column-is-layout-flow\">\n<figure class=\"wp-block-image size-full\"><img loading=\"lazy\" decoding=\"async\" width=\"596\" height=\"754\" src=\"https:\/\/me.yrittajat.fi\/app\/uploads\/sites\/74\/2025\/10\/Placa-Centrum-pohjapiirrustus-2.png\" alt=\"\" class=\"wp-image-570\" srcset=\"https:\/\/me.yrittajat.fi\/app\/uploads\/sites\/74\/2025\/10\/Placa-Centrum-pohjapiirrustus-2.png 596w, https:\/\/me.yrittajat.fi\/app\/uploads\/sites\/74\/2025\/10\/Placa-Centrum-pohjapiirrustus-2-237x300.png 237w\" sizes=\"auto, (max-width: 596px) 100vw, 596px\" \/><\/figure>\n<\/div>\n<\/div>\n\n\n\n<div class=\"wp-block-columns is-layout-flex wp-container-core-columns-is-layout-2 wp-block-columns-is-layout-flex\">\n<div class=\"wp-block-column is-layout-flow wp-block-column-is-layout-flow\">\n<p class=\"has-text-align-right\">             <strong>Kauppakeskus Plaza Centrum<\/strong><\/p>\n\n\n\n<p><a href=\"https:\/\/www.facebook.com\/photo\/?fbid=783125333824852&amp;set=a.100418291854898\" data-type=\"link\" data-id=\"https:\/\/www.facebook.com\/photo\/?fbid=783125333824852&amp;set=a.100418291854898\">Karsikon Konditoriaherkut<\/a>, suolaisia ja makeita leivonnaisia<\/p>\n\n\n\n<p><a href=\"https:\/\/www.facebook.com\/photo\/?fbid=1338646174939429&amp;set=a.100418858521508\" data-type=\"link\" data-id=\"https:\/\/www.facebook.com\/photo\/?fbid=1338646174939429&amp;set=a.100418858521508\">Hyv\u00e4n olon kehto<\/a>, Luontaishoitola, 15 min enkelihoitoja sek\u00e4 tarot-korttitulkintoja sek\u00e4 lahjakortteja<\/p>\n\n\n\n<p>Lupa Rentoutua<a href=\"https:\/\/www.facebook.com\/photo\/?fbid=1059166929554023&amp;set=a.667422482061805\" data-type=\"link\" data-id=\"https:\/\/www.facebook.com\/photo\/?fbid=1059166929554023&amp;set=a.667422482061805\"> Oriflme kosmetiikkatuotteet<\/a> koko perheelle<\/p>\n\n\n\n<p><a href=\"https:\/\/www.facebook.com\/photo\/?fbid=674945051309548&amp;set=a.100418858521508\" data-type=\"link\" data-id=\"https:\/\/www.facebook.com\/photo\/?fbid=674945051309548&amp;set=a.100418858521508\">Homcare Swepe <\/a>ja BioSwipe tuotteet kodinhoitoon ja hyvinvoitiin<\/p>\n\n\n\n<p><a href=\"https:\/\/www.facebook.com\/photo\/?fbid=1056315756505807&amp;set=a.100418465188214\" data-type=\"link\" data-id=\"https:\/\/www.facebook.com\/photo\/?fbid=1056315756505807&amp;set=a.100418465188214\">Kauppiska<\/a>, Yksil\u00f6lliset keramiikkakorut ja koriste-esineet<\/p>\n\n\n\n<p><a href=\"https:\/\/www.facebook.com\/photo\/?fbid=1348667963937250&amp;set=a.125981102631950\" data-type=\"link\" data-id=\"https:\/\/www.facebook.com\/photo\/?fbid=1348667963937250&amp;set=a.125981102631950\">Urban Basics,<\/a> Heijastavat tuotteet, pannat, pipot ja tuubihuivit<\/p>\n\n\n\n<p><a href=\"https:\/\/www.facebook.com\/photo?fbid=1356214916515888&amp;set=a.100417621854965\" data-type=\"link\" data-id=\"https:\/\/www.facebook.com\/photo?fbid=1356214916515888&amp;set=a.100417621854965\">@itemietein<\/a>, makrame koiralelut ja heijastinkorvakorut<\/p>\n<\/div>\n\n\n\n<div class=\"wp-block-column is-layout-flow wp-block-column-is-layout-flow\">\n<p class=\"has-text-align-center\"><\/p>\n\n\n\n<p><\/p>\n\n\n\n<p class=\"has-text-align-left\">K\u00e4sity\u00f6t, Minna Tienranta<\/p>\n\n\n\n<p><a href=\"https:\/\/www.facebook.com\/photo\/?fbid=1351850236952356&amp;set=a.667422482061805\" data-type=\"link\" data-id=\"https:\/\/www.facebook.com\/photo\/?fbid=1351850236952356&amp;set=a.667422482061805\">Kullan Kaunistava Kosketus<\/a>, Ulla Saarelainen<\/p>\n\n\n\n<p><a href=\"https:\/\/www.facebook.com\/photo\/?fbid=1351171790353534&amp;set=a.667422482061805\" data-type=\"link\" data-id=\"https:\/\/www.facebook.com\/photo\/?fbid=1351171790353534&amp;set=a.667422482061805\">Zao meikit: <\/a>poskipunapuikot, huulipunat ja jumbo-silm\u00e4nrajauskyn\u00e4t, Hanna Valjakka<\/p>\n\n\n\n<p><a href=\"https:\/\/www.facebook.com\/photo\/?fbid=1359138759556837&amp;set=a.100418858521508\" data-type=\"link\" data-id=\"https:\/\/www.facebook.com\/photo\/?fbid=1359138759556837&amp;set=a.100418858521508\">El\u00e4mysmatkat, <\/a>Matkoja Etel\u00e4-Kaukasukselle, Armenia-aiheisia kirjoja ja k\u00e4sit\u00f6it\u00e4<\/p>\n\n\n\n<p><a href=\"https:\/\/www.facebook.com\/photo\/?fbid=1360093062794740&amp;set=a.100418858521508\" data-type=\"link\" data-id=\"https:\/\/www.facebook.com\/photo\/?fbid=1360093062794740&amp;set=a.100418858521508\">Kotimaiset Jalkis tuotteet<\/a>, hoitovoiteet, Jalkavoidetta, inkiv\u00e4\u00e4risalvaa, pihkavoiteita ja antiseptist\u00e4 voidetta.<\/p>\n\n\n\n<p><a href=\"https:\/\/www.facebook.com\/photo.php?fbid=1362603059210407&amp;set=pb.100063821782635.-2207520000&amp;type=3\" data-type=\"link\" data-id=\"https:\/\/www.facebook.com\/photo.php?fbid=1362603059210407&amp;set=pb.100063821782635.-2207520000&amp;type=3\">Kaita Media,<\/a> Pop up -joulukorttikuvaus<\/p>\n\n\n\n<p><a href=\"https:\/\/www.facebook.com\/photo\/?fbid=1364504375686942&amp;set=a.100419208521473\" data-type=\"link\" data-id=\"https:\/\/www.facebook.com\/photo\/?fbid=1364504375686942&amp;set=a.100419208521473\">Pikku Puttiikki\/<\/a>Jaana Laihosola, rautalangasta v\u00e4\u00e4nnetty\u00e4 sek\u00e4 ompeluksia<\/p>\n\n\n\n<p>Hanna Ikonen, <a href=\"https:\/\/www.facebook.com\/photo\/?fbid=1365209252283121&amp;set=a.125981102631950\" data-type=\"link\" data-id=\"https:\/\/www.facebook.com\/photo\/?fbid=1365209252283121&amp;set=a.125981102631950\">Vintagevaatteita<\/a><\/p>\n<\/div>\n<\/div>\n\n\n\n<p><\/p>\n\n\n\n<p><\/p>\n","protected":false},"excerpt":{"rendered":"<p>Plaza Centrum Naistenmessut p\u00e4ivitetty myyntip\u00f6yt\u00e4kartta: myyntip\u00f6yti\u00e4 liiketilassa ja kauppak\u00e4yt\u00e4v\u00e4ll\u00e4 Kauppakeskus Plaza Centrum Karsikon Konditoriaherkut, suolaisia ja makeita leivonnaisia Hyv\u00e4n olon kehto, Luontaishoitola, 15 min enkelihoitoja sek\u00e4 tarot-korttitulkintoja sek\u00e4 lahjakortteja Lupa Rentoutua Oriflme kosmetiikkatuotteet koko perheelle Homcare Swepe ja BioSwipe tuotteet kodinhoitoon ja hyvinvoitiin Kauppiska, Yksil\u00f6lliset keramiikkakorut ja koriste-esineet Urban Basics, Heijastavat tuotteet, pannat, pipot ja &hellip; <a href=\"https:\/\/me.yrittajat.fi\/naistenmessut\/myyjat\/\">Lue lis\u00e4\u00e4<\/a><\/p>\n","protected":false},"author":65,"featured_media":0,"parent":0,"menu_order":0,"comment_status":"closed","ping_status":"closed","template":"","meta":{"_acf_changed":false,"footnotes":""},"class_list":["post-66","page","type-page","status-publish","hentry"],"acf":[],"_links":{"self":[{"href":"https:\/\/me.yrittajat.fi\/naistenmessut\/wp-json\/wp\/v2\/pages\/66","targetHints":{"allow":["GET"]}}],"collection":[{"href":"https:\/\/me.yrittajat.fi\/naistenmessut\/wp-json\/wp\/v2\/pages"}],"about":[{"href":"https:\/\/me.yrittajat.fi\/naistenmessut\/wp-json\/wp\/v2\/types\/page"}],"author":[{"embeddable":true,"href":"https:\/\/me.yrittajat.fi\/naistenmessut\/wp-json\/wp\/v2\/users\/65"}],"replies":[{"embeddable":true,"href":"https:\/\/me.yrittajat.fi\/naistenmessut\/wp-json\/wp\/v2\/comments?post=66"}],"version-history":[{"count":4,"href":"https:\/\/me.yrittajat.fi\/naistenmessut\/wp-json\/wp\/v2\/pages\/66\/revisions"}],"predecessor-version":[{"id":658,"href":"https:\/\/me.yrittajat.fi\/naistenmessut\/wp-json\/wp\/v2\/pages\/66\/revisions\/658"}],"wp:attachment":[{"href":"https:\/\/me.yrittajat.fi\/naistenmessut\/wp-json\/wp\/v2\/media?parent=66"}],"curies":[{"name":"wp","href":"https:\/\/api.w.org\/{rel}","templated":true}]}}