{"id":258,"date":"2022-03-17T15:34:48","date_gmt":"2022-03-17T13:34:48","guid":{"rendered":"https:\/\/me.yrittajat.fi\/onnistujat\/?page_id=258"},"modified":"2022-12-30T11:44:02","modified_gmt":"2022-12-30T09:44:02","slug":"kati-pasto","status":"publish","type":"page","link":"https:\/\/me.yrittajat.fi\/onnistujat\/etusivu\/yrittajatarinoita\/kati-pasto\/","title":{"rendered":"Kati Pasto &#8211; Insin\u00f6\u00f6ritoimisto Pasto"},"content":{"rendered":"\n<div class=\"wp-block-media-text alignwide has-media-on-the-right is-stacked-on-mobile\"><figure class=\"wp-block-media-text__media\"><img loading=\"lazy\" decoding=\"async\" width=\"1024\" height=\"683\" src=\"https:\/\/me.yrittajat.fi\/onnistujat\/app\/uploads\/sites\/43\/2022\/03\/Kati_kampanjasivukuva-1024x683.jpg\" alt=\"\" class=\"wp-image-260 size-full\" srcset=\"https:\/\/me.yrittajat.fi\/app\/uploads\/sites\/43\/2022\/03\/Kati_kampanjasivukuva-1024x683.jpg 1024w, https:\/\/me.yrittajat.fi\/app\/uploads\/sites\/43\/2022\/03\/Kati_kampanjasivukuva-300x200.jpg 300w, https:\/\/me.yrittajat.fi\/app\/uploads\/sites\/43\/2022\/03\/Kati_kampanjasivukuva-768x512.jpg 768w, https:\/\/me.yrittajat.fi\/app\/uploads\/sites\/43\/2022\/03\/Kati_kampanjasivukuva-1536x1024.jpg 1536w, https:\/\/me.yrittajat.fi\/app\/uploads\/sites\/43\/2022\/03\/Kati_kampanjasivukuva-2048x1365.jpg 2048w, https:\/\/me.yrittajat.fi\/app\/uploads\/sites\/43\/2022\/03\/Kati_kampanjasivukuva-668x445.jpg 668w\" sizes=\"auto, (max-width: 1024px) 100vw, 1024px\" \/><\/figure><div class=\"wp-block-media-text__content\">\n<p class=\"has-text-align-center has-large-font-size\">&#8220;J\u00e4senen\u00e4 saan vastauksia kysymyksiini yhdest\u00e4 numerosta&#8221;<\/p>\n<\/div><\/div>\n\n\n\n<p><strong>Kati Pasto keksi liikeidean ty\u00f6harjoittelussa ja p\u00e4\u00e4tti ryhty\u00e4 yritt\u00e4j\u00e4ksi. H\u00e4n kokee toisten yritt\u00e4jien tuen t\u00e4rke\u00e4ksi. Yritt\u00e4jien j\u00e4senyys on tuonut kullanarvoisia verkostoja ja yritt\u00e4jien yhteis\u00f6n, jonka ansiosta yksinyritt\u00e4jyys ei ole yksin\u00e4ist\u00e4.<\/strong><br><br>Pohjalainen Kati Pasto ryhtyi yritt\u00e4j\u00e4ksi suoraan koulunpenkilt\u00e4. Alun perin h\u00e4n suunnitteli luovansa uraa ty\u00f6maan johtoteht\u00e4viss\u00e4. Ajatus yritt\u00e4jyydest\u00e4 her\u00e4si AMK-insin\u00f6\u00f6rin opintoihin kuuluneessa ty\u00f6harjoittelussa rakennusty\u00f6maalla.<br><br>\u2013 Harjoittelussa sain teht\u00e4v\u00e4ksi hoitaa palokatkot kuntoon kahdella ty\u00f6maalla. Silloin huomasin, ett\u00e4 jokainen tiesi jotakin palokatkoista, mutta kokonaiskuvaa ei tuntunut olevan kell\u00e4\u00e4n. Her\u00e4si ajatus, ett\u00e4 palokatkosuunnittelijana voisin ty\u00f6llist\u00e4\u00e4 itseni synnyinmaakunnassani, minne halusin j\u00e4\u00e4d\u00e4 asumaan, Pasto kertoo.<br><br>H\u00e4n perusti Insin\u00f6\u00f6ritoimisto Paston valmistumisensa kynnyksell\u00e4 helmikuussa 2016 ja liittyi saman tien Yritt\u00e4jiin.<br><br>\u2013 Yrityksen alkutaipaleella moni asia mietitytti. Oli helpottavaa tiet\u00e4\u00e4, ett\u00e4 Yritt\u00e4jien j\u00e4senen\u00e4 saan vastauksia kysymyksiini yhdest\u00e4 numerosta, josta osataan aina ohjata eteenp\u00e4in.<\/p>\n\n\n\n<h2 class=\"wp-block-heading\">Lakiapu ja yritt\u00e4j\u00e4yhteis\u00f6 tukena<\/h2>\n\n\n\n<p>Pasto on saanut apua my\u00f6s Yritt\u00e4jien maksuttomasta lakineuvonnasta. Lis\u00e4ksi h\u00e4n on hy\u00f6dynt\u00e4nyt j\u00e4senetuja, kuten alennuksia tuotteista ja palveluista.<br><br>\u2013 Suurin etu ovat samanhenkiset ihmiset, joita olen tavannut muun muassa aluej\u00e4rjest\u00f6n toiminnassa. Muodostamme toisiamme ymm\u00e4rt\u00e4v\u00e4n yhteis\u00f6n, joka on minulle t\u00e4rke\u00e4 voimavara. Yritt\u00e4j\u00e4 ymm\u00e4rt\u00e4\u00e4 yritt\u00e4j\u00e4\u00e4! Porukasta on my\u00f6s l\u00f6ytynyt ammatillisesti hy\u00f6dyllisi\u00e4 kontakteja ja yhteisty\u00f6kumppaneita. Yritt\u00e4jien j\u00e4senen\u00e4 en ole koskaan kokenut olevani yksin, vaikka yksinyritt\u00e4j\u00e4 olenkin.<\/p>\n\n\n\n<figure class=\"wp-block-image size-full\"><a href=\"https:\/\/www.yrittajat.fi\/yrittajajarjesto\/liity-jaseneksi\/#lomake\" target=\"_blank\" rel=\"noreferrer noopener\"><img loading=\"lazy\" decoding=\"async\" width=\"800\" height=\"300\" src=\"https:\/\/me.yrittajat.fi\/onnistujat\/app\/uploads\/sites\/43\/2022\/05\/Kati-800-x-300-1.png\" alt=\"\" class=\"wp-image-452\" srcset=\"https:\/\/me.yrittajat.fi\/app\/uploads\/sites\/43\/2022\/05\/Kati-800-x-300-1.png 800w, https:\/\/me.yrittajat.fi\/app\/uploads\/sites\/43\/2022\/05\/Kati-800-x-300-1-300x113.png 300w, https:\/\/me.yrittajat.fi\/app\/uploads\/sites\/43\/2022\/05\/Kati-800-x-300-1-768x288.png 768w\" sizes=\"auto, (max-width: 800px) 100vw, 800px\" \/><\/a><\/figure>\n\n\n\n<h2 class=\"wp-block-heading\">\u201dYritt\u00e4j\u00e4n\u00e4 en joudu tinkim\u00e4\u00e4n laatuvaatimuksistani\u201d<\/h2>\n\n\n\n<p>Pasto aloitti palokatkosuunnittelijana. Nyt h\u00e4nen yrityksens\u00e4 tarjoaa kokonaisvaltaista paloturvallisuussuunnittelua.<br><br>\u2013 Se on ty\u00f6t\u00e4, jolla on henke\u00e4 ja omaisuutta turvaava teht\u00e4v\u00e4. Paloturvallisuussuunnittelulla pyrit\u00e4\u00e4n maksimoimaan rakennuksen turvallisuus ja minimoimaan mahdollisen tulipalon synnytt\u00e4m\u00e4t vahingot ihmisille, ymp\u00e4rist\u00f6lle ja omaisuudelle.<br><br>Asiakkaat ovat rakennushankkeisiin ryhtyvi\u00e4, rakennusliikkeit\u00e4 ja suunnittelutoimistoja.<br><br>Yritt\u00e4jyydess\u00e4 Pasto arvostaa vapautta. Insin\u00f6\u00f6risuunnittelu on paikasta riippumatonta ty\u00f6t\u00e4. Vaikka suurin osa h\u00e4nen asiakkaistaan on Etel\u00e4-Suomessa, et\u00e4yhteyksien ansiosta h\u00e4n saa tehd\u00e4 rakastamaansa ty\u00f6t\u00e4 rakkaalla kotiseudullaan, Etel\u00e4-Pohjanmaalla. Vapaus tarkoittaa Pastolle my\u00f6s sit\u00e4, ett\u00e4 h\u00e4n saa toteuttaa ty\u00f6ss\u00e4 itse\u00e4\u00e4n ja olla oma itsens\u00e4.<br><br>\u2013 Yritt\u00e4j\u00e4n\u00e4 saan tarjota asiakkaille oman erikoisalani syv\u00e4osaamista. Yritt\u00e4j\u00e4n\u00e4 minun ei tarvitse tinki\u00e4 omista laatuvaatimuksistani tai tyyty\u00e4 &#8216;kyllin hyv\u00e4\u00e4n&#8217; ty\u00f6nj\u00e4lkeen, vaan saan tehd\u00e4 juuri niin priimaa kuin itse haluan. Se on aina ollut minulle t\u00e4rke\u00e4\u00e4.<\/p>\n\n\n\n<h2 class=\"wp-block-heading\">Pohjalaasuus saa kuulua<\/h2>\n\n\n\n<p>Yritt\u00e4jyys ei tullut Pastolle kodin perint\u00f6n\u00e4 mutta h\u00e4nen l\u00e4hipiiriss\u00e4\u00e4n on monia yritt\u00e4ji\u00e4. Pasto tunnistaa itsess\u00e4\u00e4n pohjalaisen luonteenlaadun, joka on hy\u00f6dyksi yritt\u00e4j\u00e4n\u00e4.<br><br>\u2013 Pohjalaasuus ylip\u00e4\u00e4t\u00e4\u00e4n on semmosta, jottei anneta periksi, uskalletaan kokeilla erilaisia asioita ja toteuttaa itti\u00e4ns\u00e4.<br><br>Pohjanmaan murteestakin on ollut omanlaistaan hy\u00f6ty\u00e4. Se on auttanut rikkomaan j\u00e4\u00e4t\u00e4 alalla, jossa nuori insin\u00f6\u00f6rinainen voi viel\u00e4 joutua kohtaamaan ennakkoluuloja ja lunastamaan paikkansa. Etel\u00e4suomalaisilla ty\u00f6mailla pohjalaisiin luotetaan.<br><br>Kev\u00e4\u00e4ll\u00e4 2022 Insin\u00f6\u00f6ritoimisto Paston perustamisesta on kuusi vuotta. Mit\u00e4 Pasto sanoisi kuuden vuoden takaiselle itselleen ja kaikille nuorille yritt\u00e4jille tai yritt\u00e4jyytt\u00e4 harkitseville?<br><br>\u2013 Rohkeammin eteenp\u00e4in vain, \u00e4l\u00e4 arkaile! \u00c4l\u00e4k\u00e4 suotta pid\u00e4 kynttil\u00e4\u00e4si vakan alla, vaan usko omaan osaamiseesi. Seuraa syd\u00e4nt\u00e4si ja sit\u00e4, mink\u00e4 tied\u00e4 tied\u00e4t olevan oikein.<\/p>\n\n\n\n<p>&#8212;<\/p>\n\n\n\n<p><strong>Tule sin\u00e4kin mukaan omiesi pariin, Suomen suurimpaan yritt\u00e4j\u00e4yhteis\u00f6\u00f6n. <\/strong><a href=\"https:\/\/me.yrittajat.fi\/onnistujat\/etusivu\/jasenedut-2\/\" data-type=\"URL\" data-id=\"https:\/\/me.yrittajat.fi\/onnistujat\/etusivu\/jasenedut-2\/\">J\u00e4senen\u00e4 saat liiketoimintaasi edist\u00e4v\u00e4t palvelut ja asiantuntijoidemme neuvot k\u00e4ytt\u00f6\u00f6si sek\u00e4 nautit rahanarvoisista eduista.<\/a><\/p>\n\n\n\t<div id=\"gb-button-block_4cf105a6b2fc4c2549b6c1c2a9cb6f43\" class=\"gb-button gb-button-block_4cf105a6b2fc4c2549b6c1c2a9cb6f43\">\n\t\t\t\t\t\t<a class=\"b-button b-button--color- b-button--style-\"\n\t   href=\"https:\/\/www.yrittajat.fi\/yrittajajarjesto\/liity-jaseneksi\/#lomake\"\n\t   target=\"_blank\">\n\n\t\t<span class=\"b-button__title\">\n\t\t\tLiity j\u00e4seneksi\t\t<\/span>\n\n\t\t\t\t\t<span class=\"b-button__icon\">\n\t\t\t\t<svg xmlns=\"http:\/\/www.w3.org\/2000\/svg\" viewBox=\"0 0 9 14\"><path d=\"M2.001 13.664a1.333 1.333 0 01-.954-2.272l.007-.008 4.414-4.386-4.24-4.414A1.333 1.333 0 113.12.704l5.147 5.334a1.333 1.333 0 010 1.866l-5.334 5.334a1.333 1.333 0 01-.933.426z\"\/><\/svg>\t\t\t<\/span>\n\t\t\t<\/a>\n\t\t\t<\/div>\n\n\n\n<p><br><\/p>\n","protected":false},"excerpt":{"rendered":"<p>&#8220;J\u00e4senen\u00e4 saan vastauksia kysymyksiini yhdest\u00e4 numerosta&#8221; Kati Pasto keksi liikeidean ty\u00f6harjoittelussa ja p\u00e4\u00e4tti ryhty\u00e4 yritt\u00e4j\u00e4ksi. H\u00e4n kokee toisten yritt\u00e4jien tuen t\u00e4rke\u00e4ksi. Yritt\u00e4jien j\u00e4senyys on tuonut kullanarvoisia verkostoja ja yritt\u00e4jien yhteis\u00f6n, jonka ansiosta yksinyritt\u00e4jyys ei ole yksin\u00e4ist\u00e4. Pohjalainen Kati Pasto ryhtyi yritt\u00e4j\u00e4ksi suoraan koulunpenkilt\u00e4. Alun perin h\u00e4n suunnitteli luovansa uraa ty\u00f6maan johtoteht\u00e4viss\u00e4. Ajatus yritt\u00e4jyydest\u00e4 her\u00e4si AMK-insin\u00f6\u00f6rin &hellip; <a href=\"https:\/\/me.yrittajat.fi\/onnistujat\/etusivu\/yrittajatarinoita\/kati-pasto\/\">Lue lis\u00e4\u00e4<\/a><\/p>\n","protected":false},"author":47,"featured_media":260,"parent":253,"menu_order":5,"comment_status":"closed","ping_status":"closed","template":"","meta":{"_acf_changed":false,"footnotes":""},"class_list":["post-258","page","type-page","status-publish","has-post-thumbnail","hentry"],"acf":[],"_links":{"self":[{"href":"https:\/\/me.yrittajat.fi\/onnistujat\/wp-json\/wp\/v2\/pages\/258","targetHints":{"allow":["GET"]}}],"collection":[{"href":"https:\/\/me.yrittajat.fi\/onnistujat\/wp-json\/wp\/v2\/pages"}],"about":[{"href":"https:\/\/me.yrittajat.fi\/onnistujat\/wp-json\/wp\/v2\/types\/page"}],"author":[{"embeddable":true,"href":"https:\/\/me.yrittajat.fi\/onnistujat\/wp-json\/wp\/v2\/users\/47"}],"replies":[{"embeddable":true,"href":"https:\/\/me.yrittajat.fi\/onnistujat\/wp-json\/wp\/v2\/comments?post=258"}],"version-history":[{"count":31,"href":"https:\/\/me.yrittajat.fi\/onnistujat\/wp-json\/wp\/v2\/pages\/258\/revisions"}],"predecessor-version":[{"id":481,"href":"https:\/\/me.yrittajat.fi\/onnistujat\/wp-json\/wp\/v2\/pages\/258\/revisions\/481"}],"up":[{"embeddable":true,"href":"https:\/\/me.yrittajat.fi\/onnistujat\/wp-json\/wp\/v2\/pages\/253"}],"wp:featuredmedia":[{"embeddable":true,"href":"https:\/\/me.yrittajat.fi\/onnistujat\/wp-json\/wp\/v2\/media\/260"}],"wp:attachment":[{"href":"https:\/\/me.yrittajat.fi\/onnistujat\/wp-json\/wp\/v2\/media?parent=258"}],"curies":[{"name":"wp","href":"https:\/\/api.w.org\/{rel}","templated":true}]}}