{"id":279,"date":"2022-03-17T16:31:34","date_gmt":"2022-03-17T14:31:34","guid":{"rendered":"https:\/\/me.yrittajat.fi\/onnistujat\/?page_id=279"},"modified":"2022-12-30T11:45:58","modified_gmt":"2022-12-30T09:45:58","slug":"jussi-pirhonen","status":"publish","type":"page","link":"https:\/\/me.yrittajat.fi\/onnistujat\/etusivu\/yrittajatarinoita\/jussi-pirhonen\/","title":{"rendered":"Jussi Pirhonen &#8211; Tovari"},"content":{"rendered":"\n<div class=\"wp-block-media-text alignwide has-media-on-the-right is-stacked-on-mobile\"><figure class=\"wp-block-media-text__media\"><img loading=\"lazy\" decoding=\"async\" width=\"1024\" height=\"683\" src=\"https:\/\/me.yrittajat.fi\/onnistujat\/app\/uploads\/sites\/43\/2022\/03\/Jussi_kampanjasivukuva-1024x683.jpg\" alt=\"\" class=\"wp-image-281 size-full\" srcset=\"https:\/\/me.yrittajat.fi\/app\/uploads\/sites\/43\/2022\/03\/Jussi_kampanjasivukuva-1024x683.jpg 1024w, https:\/\/me.yrittajat.fi\/app\/uploads\/sites\/43\/2022\/03\/Jussi_kampanjasivukuva-300x200.jpg 300w, https:\/\/me.yrittajat.fi\/app\/uploads\/sites\/43\/2022\/03\/Jussi_kampanjasivukuva-768x512.jpg 768w, https:\/\/me.yrittajat.fi\/app\/uploads\/sites\/43\/2022\/03\/Jussi_kampanjasivukuva-1536x1024.jpg 1536w, https:\/\/me.yrittajat.fi\/app\/uploads\/sites\/43\/2022\/03\/Jussi_kampanjasivukuva-2048x1365.jpg 2048w, https:\/\/me.yrittajat.fi\/app\/uploads\/sites\/43\/2022\/03\/Jussi_kampanjasivukuva-668x445.jpg 668w\" sizes=\"auto, (max-width: 1024px) 100vw, 1024px\" \/><\/figure><div class=\"wp-block-media-text__content\">\n<p class=\"has-text-align-center has-large-font-size\">&#8220;Yritt\u00e4j\u00e4kollegat ovat paras j\u00e4senetu&#8221;<\/p>\n<\/div><\/div>\n\n\n\n<p><strong>Markkinointitoimisto Tovarin toinen perustaja Jussi Pirhonen on saanut Yritt\u00e4jien kautta t\u00e4rke\u00e4t tukiverkostot toisista yritt\u00e4jist\u00e4.<\/strong><br><br>Jussi Pirhosen ja Joona Kotilaisen yritys Tovari on toiminut perustamisestaan, vuodesta 2014 l\u00e4htien kahdessa kaupungissa. Pirhonen muutti heti perustamisen j\u00e4lkeisen\u00e4 p\u00e4iv\u00e4n\u00e4 Joensuusta Poriin. H\u00e4n ei tuntenut uudessa kotikaupungissaan muita kuin vaimonsa.<br><br>\u2013 Liityin heti Yritt\u00e4jiin, sill\u00e4 jollain keinolla piti tutustua ihmisiin. Sain nopeasti vertaisverkoston, jolta olen voinut kysy\u00e4 neuvoa tarvittaessa, Pirhonen kertoo.<\/p>\n\n\n\n<h2 class=\"wp-block-heading\">Liikeidea muuttui matkan varrella<\/h2>\n\n\n\n<p>Idea omasta yrityksest\u00e4 syntyi ty\u00f6harjoittelussa Brysseliss\u00e4, jossa ulkomaankauppaa opiskellut Pirhonen oli ison yrityksen markkinointitiimiss\u00e4. H\u00e4n kiinnostui hakukoneiden mahdollisuuksista.<br><br>\u2013 Aloin tehd\u00e4 hakukoneoptimointia opiskelujen ohessa. Ty\u00f6lle oli kysynt\u00e4\u00e4, ja perustin toiminimen. Opiskelin v\u00e4h\u00e4n designia ja palvelumuotoilua. Aloin yhdistell\u00e4 erilaisia asioita, ja pystyin tuottamaan nettisivuja.<br><br>Tovariin yhti\u00f6kumppaniksi l\u00e4hti opiskelukaveri Joona Kotilainen. Yrityksen piti auttaa suomalaisia yrityksi\u00e4 p\u00e4\u00e4sem\u00e4\u00e4n Ven\u00e4j\u00e4n markkinoille digitaalisuutta hy\u00f6dynt\u00e4m\u00e4ll\u00e4.<br><br>Yritys ei ollut edes vuoden ik\u00e4inen, kun Ven\u00e4j\u00e4 miehitti Krimin niemimaan Ukrainassa. Se sai yritt\u00e4j\u00e4t muuttamaan Tovarin suuntaa \u2013 ja my\u00f6s monipuolistamaan digimarkkinoinnin tarjontaansa.<br><br>\u2013 Nykyisin autamme yrityksi\u00e4 laajasti: konsultoinnista ja koulutuksista aina mainosten ohjelmalliseen ostamiseen, Pirhonen kertoo.<\/p>\n\n\n\n<figure class=\"wp-block-image size-full\"><a href=\"https:\/\/www.yrittajat.fi\/yrittajajarjesto\/liity-jaseneksi\/#lomake\" target=\"_blank\" rel=\"noreferrer noopener\"><img loading=\"lazy\" decoding=\"async\" width=\"800\" height=\"300\" src=\"https:\/\/me.yrittajat.fi\/onnistujat\/app\/uploads\/sites\/43\/2022\/05\/Jussi-800-x-300.png\" alt=\"\" class=\"wp-image-458\" srcset=\"https:\/\/me.yrittajat.fi\/app\/uploads\/sites\/43\/2022\/05\/Jussi-800-x-300.png 800w, https:\/\/me.yrittajat.fi\/app\/uploads\/sites\/43\/2022\/05\/Jussi-800-x-300-300x113.png 300w, https:\/\/me.yrittajat.fi\/app\/uploads\/sites\/43\/2022\/05\/Jussi-800-x-300-768x288.png 768w\" sizes=\"auto, (max-width: 800px) 100vw, 800px\" \/><\/a><\/figure>\n\n\n\n<h2 class=\"wp-block-heading\">Virheist\u00e4kin oppii<\/h2>\n\n\n\n<p>Pirhonen nauttii yritt\u00e4jyydest\u00e4.<br><br>\u2013 Ty\u00f6 on iso osa el\u00e4m\u00e4\u00e4. Yritt\u00e4j\u00e4n\u00e4 saa itse p\u00e4\u00e4tt\u00e4\u00e4, mihin ollaan menossa. Olen heti aamusta innoissani, enk\u00e4 malta lopettaa ty\u00f6ntekoa illalla. Yritt\u00e4j\u00e4n\u00e4 saa hoitaa laajasti eri asioita. T\u00e4m\u00e4 sopii minulle eritt\u00e4in hyvin, sill\u00e4 en ole tyyppi, joka j\u00e4\u00e4 paikalleen.<br><br>Pirhonen on ylpe\u00e4 siit\u00e4, ett\u00e4 on Kotilaisen kanssa luonut yrityksen itse ja ilman lainaa. Riskej\u00e4kin on otettu ja niist\u00e4 on opittu. Esimerkiksi oma palkka j\u00e4i alkuvaiheessa usein saamatta.<br><br>\u2013 Melkein kaadoimme firman rekrytoimalla ihmisi\u00e4 ylioptimistisesti. Samaan aikaan taloushallinnossa tapahtui muutoksia ja seurasimme tilannetta huonosti. Sit\u00e4 virhett\u00e4 maksettiin vuosi.<br><br>Yritt\u00e4jyydest\u00e4 haaveilevia Pirhonen kehottaa varautumaan byrokratiaan. H\u00e4n k\u00e4ytt\u00e4\u00e4 kahdenkymmenen hengen yrityksess\u00e4\u00e4n keskiviikkoaamut lakiasioiden ja sopimusten hoitoon.<br><br>\u2013 Byrokratian m\u00e4\u00e4r\u00e4 yll\u00e4tt\u00e4\u00e4 aloittavan yritt\u00e4j\u00e4n. Neuvoni on, ett\u00e4 tutustu ty\u00f6lains\u00e4\u00e4d\u00e4nt\u00f6\u00f6n ja sopimuksiin, ja siin\u00e4 auttaa yritt\u00e4j\u00e4j\u00e4rjest\u00f6n lakineuvonta. Maksat j\u00e4senmaksua parikymppi\u00e4 kuussa ja sinulla on aina asiantunteva juristi neuvomassa.<\/p>\n\n\n\n<p>&#8212;<\/p>\n\n\n\n<p><strong>Tule sin\u00e4kin mukaan omiesi pariin, Suomen suurimpaan yritt\u00e4j\u00e4yhteis\u00f6\u00f6n. <\/strong><a href=\"https:\/\/me.yrittajat.fi\/onnistujat\/etusivu\/jasenedut-2\/\">J\u00e4senen\u00e4 saat liiketoimintaasi edist\u00e4v\u00e4t palvelut ja asiantuntijoidemme neuvot k\u00e4ytt\u00f6\u00f6si sek\u00e4 nautit rahanarvoisista eduista.<\/a><\/p>\n\n\n\t<div id=\"gb-button-block_179f368e6251f7e140e591d368597023\" class=\"gb-button gb-button-block_179f368e6251f7e140e591d368597023\">\n\t\t\t\t\t\t<a class=\"b-button b-button--color- b-button--style-\"\n\t   href=\"https:\/\/www.yrittajat.fi\/yrittajajarjesto\/liity-jaseneksi\/#lomake\"\n\t   target=\"_blank\">\n\n\t\t<span class=\"b-button__title\">\n\t\t\tLiity j\u00e4seneksi\t\t<\/span>\n\n\t\t\t\t\t<span class=\"b-button__icon\">\n\t\t\t\t<svg xmlns=\"http:\/\/www.w3.org\/2000\/svg\" viewBox=\"0 0 9 14\"><path d=\"M2.001 13.664a1.333 1.333 0 01-.954-2.272l.007-.008 4.414-4.386-4.24-4.414A1.333 1.333 0 113.12.704l5.147 5.334a1.333 1.333 0 010 1.866l-5.334 5.334a1.333 1.333 0 01-.933.426z\"\/><\/svg>\t\t\t<\/span>\n\t\t\t<\/a>\n\t\t\t<\/div>\n","protected":false},"excerpt":{"rendered":"<p>&#8220;Yritt\u00e4j\u00e4kollegat ovat paras j\u00e4senetu&#8221; Markkinointitoimisto Tovarin toinen perustaja Jussi Pirhonen on saanut Yritt\u00e4jien kautta t\u00e4rke\u00e4t tukiverkostot toisista yritt\u00e4jist\u00e4. Jussi Pirhosen ja Joona Kotilaisen yritys Tovari on toiminut perustamisestaan, vuodesta 2014 l\u00e4htien kahdessa kaupungissa. Pirhonen muutti heti perustamisen j\u00e4lkeisen\u00e4 p\u00e4iv\u00e4n\u00e4 Joensuusta Poriin. H\u00e4n ei tuntenut uudessa kotikaupungissaan muita kuin vaimonsa. \u2013 Liityin heti Yritt\u00e4jiin, sill\u00e4 jollain &hellip; <a href=\"https:\/\/me.yrittajat.fi\/onnistujat\/etusivu\/yrittajatarinoita\/jussi-pirhonen\/\">Lue lis\u00e4\u00e4<\/a><\/p>\n","protected":false},"author":47,"featured_media":281,"parent":253,"menu_order":15,"comment_status":"closed","ping_status":"closed","template":"","meta":{"_acf_changed":false,"footnotes":""},"class_list":["post-279","page","type-page","status-publish","has-post-thumbnail","hentry"],"acf":[],"_links":{"self":[{"href":"https:\/\/me.yrittajat.fi\/onnistujat\/wp-json\/wp\/v2\/pages\/279","targetHints":{"allow":["GET"]}}],"collection":[{"href":"https:\/\/me.yrittajat.fi\/onnistujat\/wp-json\/wp\/v2\/pages"}],"about":[{"href":"https:\/\/me.yrittajat.fi\/onnistujat\/wp-json\/wp\/v2\/types\/page"}],"author":[{"embeddable":true,"href":"https:\/\/me.yrittajat.fi\/onnistujat\/wp-json\/wp\/v2\/users\/47"}],"replies":[{"embeddable":true,"href":"https:\/\/me.yrittajat.fi\/onnistujat\/wp-json\/wp\/v2\/comments?post=279"}],"version-history":[{"count":12,"href":"https:\/\/me.yrittajat.fi\/onnistujat\/wp-json\/wp\/v2\/pages\/279\/revisions"}],"predecessor-version":[{"id":485,"href":"https:\/\/me.yrittajat.fi\/onnistujat\/wp-json\/wp\/v2\/pages\/279\/revisions\/485"}],"up":[{"embeddable":true,"href":"https:\/\/me.yrittajat.fi\/onnistujat\/wp-json\/wp\/v2\/pages\/253"}],"wp:featuredmedia":[{"embeddable":true,"href":"https:\/\/me.yrittajat.fi\/onnistujat\/wp-json\/wp\/v2\/media\/281"}],"wp:attachment":[{"href":"https:\/\/me.yrittajat.fi\/onnistujat\/wp-json\/wp\/v2\/media?parent=279"}],"curies":[{"name":"wp","href":"https:\/\/api.w.org\/{rel}","templated":true}]}}