{"id":290,"date":"2022-03-17T16:51:42","date_gmt":"2022-03-17T14:51:42","guid":{"rendered":"https:\/\/me.yrittajat.fi\/onnistujat\/?page_id=290"},"modified":"2022-12-30T11:44:52","modified_gmt":"2022-12-30T09:44:52","slug":"sebastian-stenfors","status":"publish","type":"page","link":"https:\/\/me.yrittajat.fi\/onnistujat\/etusivu\/yrittajatarinoita\/sebastian-stenfors\/","title":{"rendered":"Sebastian Stenfors &#8211; Stenfors Oy"},"content":{"rendered":"\n<div class=\"wp-block-media-text alignwide has-media-on-the-right is-stacked-on-mobile\"><figure class=\"wp-block-media-text__media\"><img loading=\"lazy\" decoding=\"async\" width=\"1024\" height=\"683\" src=\"https:\/\/me.yrittajat.fi\/onnistujat\/app\/uploads\/sites\/43\/2022\/03\/Sebastian_kampanjasivukuva-1024x683.jpg\" alt=\"\" class=\"wp-image-291 size-full\" srcset=\"https:\/\/me.yrittajat.fi\/app\/uploads\/sites\/43\/2022\/03\/Sebastian_kampanjasivukuva-1024x683.jpg 1024w, https:\/\/me.yrittajat.fi\/app\/uploads\/sites\/43\/2022\/03\/Sebastian_kampanjasivukuva-300x200.jpg 300w, https:\/\/me.yrittajat.fi\/app\/uploads\/sites\/43\/2022\/03\/Sebastian_kampanjasivukuva-768x512.jpg 768w, https:\/\/me.yrittajat.fi\/app\/uploads\/sites\/43\/2022\/03\/Sebastian_kampanjasivukuva-1536x1024.jpg 1536w, https:\/\/me.yrittajat.fi\/app\/uploads\/sites\/43\/2022\/03\/Sebastian_kampanjasivukuva-2048x1365.jpg 2048w, https:\/\/me.yrittajat.fi\/app\/uploads\/sites\/43\/2022\/03\/Sebastian_kampanjasivukuva-668x445.jpg 668w\" sizes=\"auto, (max-width: 1024px) 100vw, 1024px\" \/><\/figure><div class=\"wp-block-media-text__content\">\n<p class=\"has-text-align-center has-large-font-size\">\u201dOlen saanut Yritt\u00e4jist\u00e4 yst\u00e4vi\u00e4\u201d<\/p>\n<\/div><\/div>\n\n\n\n<p><strong>Oululainen Sebastian Stenfors hypp\u00e4si is\u00e4ns\u00e4 perustamaan perheyritykseen vain 19-vuotiaana. Yritt\u00e4jyydess\u00e4 tukena on ollut niin oma perhe kuin Yritt\u00e4jien kautta l\u00f6ytyneet yritt\u00e4j\u00e4kollegat. Yritt\u00e4jien ansiosta h\u00e4n p\u00e4\u00e4tyi my\u00f6s politiikkaan.<\/strong><br><br>Sebastian Stenfors on yritt\u00e4j\u00e4perheen kasvatti \u2013 hyvin kirjaimellisesti.<br><br>\u2013 Olen tullut firmaan suoraan synnytyslaitokselta. Vanhempani toivat minut ensin firman tiloihin ja veiv\u00e4t sitten vasta kotiin, Stenfors kertoo.<br><br>H\u00e4n on oululaisen rakennusautomaatioon erikoistuneen perheyritys Stenforsin yksi vet\u00e4jist\u00e4. Yrityksen perusti Sebastian Stenforsin is\u00e4. H\u00e4n aloitti s\u00e4hk\u00f6asentajana, ja toteutti keksij\u00e4n taipumustaan perheen autotalissa rakentelemalla erilaisia laitteita. Yritys syntyi is\u00e4n oivallusten tuotteistamisesta vuonna 1969.<br><br>\u2013 Olemme vanhimpia toiminnassa olevia suomalaisomisteisia automaatiotekniikan yrityksi\u00e4, ja ensimm\u00e4isi\u00e4 oululaisia korkean teknologian yrityksi\u00e4. Is\u00e4 rakensi edell\u00e4k\u00e4vij\u00e4n\u00e4 rakennustekniikan automaatiota, Sebastian Stenfors kertoo.<br><br>Stenforsin tie perheyritykseen oli suora, mutta odotettua varhaisempi. H\u00e4n jatkoi is\u00e4ns\u00e4 jalanj\u00e4ljiss\u00e4 19-vuotiaana sen j\u00e4lkeen, kun toimitusjohtajana siihen aikaan toiminut velipuoli kuoli. Siin\u00e4 sivussa Stenfors opiskeli kauppatieteiden maisteriksi.<br><br>\u2013 Olisin varmaan l\u00e4htenyt opiskelemaan asianajajaksi tai psykologiksi, jos ei olisi ollut firmaa. Is\u00e4ni sanoo t\u00e4t\u00e4 kolmanneksi pojakseen. Olen t\u00e4ss\u00e4 v\u00e4h\u00e4n niin kuin veljeni vartijana.<br><br>Perhe on ollut suuri tuki nuorelle yritt\u00e4j\u00e4lle. Yrityksen perustanut is\u00e4 on jo vet\u00e4ytynyt sivuun, mutta taloushallinnossa yh\u00e4 ty\u00f6skentelev\u00e4 \u00e4iti on korvaamaton apu.<\/p>\n\n\n\n<h2 class=\"wp-block-heading\">Yritt\u00e4jien puolestapuhuja<\/h2>\n\n\n\n<p>Stenfors el\u00e4\u00e4 omien sanojensa mukaan itseaiheutettuja yksinel\u00e4v\u00e4n ruuhkavuosia. Kaikki alkoi siit\u00e4, kun is\u00e4 kehotti liittym\u00e4\u00e4n Yritt\u00e4jiin. H\u00e4n ajatteli poikansa l\u00f6yt\u00e4v\u00e4n sielt\u00e4 seuraa. Ja niin k\u00e4vikin.<br><br>\u2013 Yritt\u00e4jist\u00e4 tuli minulle t\u00e4rke\u00e4 verkosto, josta olen saanut yst\u00e4vi\u00e4. Yritt\u00e4jiin liittyminen antoi my\u00f6s kipin\u00e4n politiikkaan.<br><br>Stenforsista tuli j\u00e4rjest\u00f6aktiivi ja h\u00e4n on Oulun Yritt\u00e4jien varapuheenjohtaja. H\u00e4n toimii my\u00f6s monissa poliittisissa luottamusteht\u00e4viss\u00e4.<br><br>\u2013 Olen kunnallistason linkki yritt\u00e4jiin. Pid\u00e4n vapaa-ajallakin yritt\u00e4jien puolta. Saan tehd\u00e4 rakasta harrastustani: yhteiskunnallista vaikuttamista.<\/p>\n\n\n\n<figure class=\"wp-block-image size-full\"><a href=\"https:\/\/www.yrittajat.fi\/yrittajajarjesto\/liity-jaseneksi\/#lomake\" target=\"_blank\" rel=\"noreferrer noopener\"><img loading=\"lazy\" decoding=\"async\" width=\"800\" height=\"300\" src=\"https:\/\/me.yrittajat.fi\/onnistujat\/app\/uploads\/sites\/43\/2022\/05\/Sebastian-800-x-300.png\" alt=\"\" class=\"wp-image-455\" srcset=\"https:\/\/me.yrittajat.fi\/app\/uploads\/sites\/43\/2022\/05\/Sebastian-800-x-300.png 800w, https:\/\/me.yrittajat.fi\/app\/uploads\/sites\/43\/2022\/05\/Sebastian-800-x-300-300x113.png 300w, https:\/\/me.yrittajat.fi\/app\/uploads\/sites\/43\/2022\/05\/Sebastian-800-x-300-768x288.png 768w\" sizes=\"auto, (max-width: 800px) 100vw, 800px\" \/><\/a><\/figure>\n\n\n\n<h2 class=\"wp-block-heading\">Muutosten kanssa on opittava el\u00e4m\u00e4\u00e4n<\/h2>\n\n\n\n<p>Sebastian Stenfors on kasvanut yrityksen mukana rakennusty\u00f6maalta johtajaksi. Nykyisin h\u00e4n on asiakkuusjohtaja, mutta saattaa itsekin k\u00e4yd\u00e4 v\u00e4lill\u00e4 asennuskeikalla.<br><br>Yritt\u00e4j\u00e4ll\u00e4 on paljon vastuita, mutta Stenfors arvostaa ty\u00f6n tuomaa vapautta. H\u00e4n kertoo nauraen yritt\u00e4j\u00e4kaveristaan, joka tekee t\u00f6it\u00e4 seitsem\u00e4n\u00e4 p\u00e4iv\u00e4n\u00e4 viikossa, mutta sanoo olevansa vapaampi kuin palkkaty\u00f6ss\u00e4.<br><br>\u2013 Yritt\u00e4jyys on minulle el\u00e4m\u00e4ntapa. Se on my\u00f6s osa identiteetti\u00e4ni, Stenfors kiteytt\u00e4\u00e4.<br><br>\u2013 Tuntemillani yritt\u00e4jill\u00e4 on samanlainen el\u00e4m\u00e4nasenne ja hyv\u00e4 stressinsietokyky. Muutoksiin pit\u00e4\u00e4 suhtautua rauhallisesti. Jos niiden kanssa ei opi el\u00e4m\u00e4\u00e4n, yritt\u00e4jyys kuluttaa nopeasti loppuun.<br><br>Nuorille yritt\u00e4j\u00e4lle h\u00e4n antaa neuvon: ep\u00e4onnistumisia ei kannata pel\u00e4t\u00e4. Niist\u00e4 voi aina nousta takaisin yl\u00f6s.<\/p>\n\n\n\n<p>&#8212;<\/p>\n\n\n\n<p><strong>Tule sin\u00e4kin mukaan omiesi pariin, Suomen suurimpaan yritt\u00e4j\u00e4yhteis\u00f6\u00f6n. <\/strong><a href=\"https:\/\/me.yrittajat.fi\/onnistujat\/etusivu\/jasenedut-2\/\">J\u00e4senen\u00e4 saat liiketoimintaasi edist\u00e4v\u00e4t palvelut ja asiantuntijoidemme neuvot k\u00e4ytt\u00f6\u00f6si sek\u00e4 nautit rahanarvoisista eduista.<\/a><\/p>\n\n\n\t<div id=\"gb-button-block_e708bd643bb09c33ab3dca477efac08e\" class=\"gb-button gb-button-block_e708bd643bb09c33ab3dca477efac08e\">\n\t\t\t\t\t\t<a class=\"b-button b-button--color- b-button--style-\"\n\t   href=\"https:\/\/www.yrittajat.fi\/yrittajajarjesto\/liity-jaseneksi\/#lomake\"\n\t   target=\"_blank\">\n\n\t\t<span class=\"b-button__title\">\n\t\t\tLiity j\u00e4seneksi\t\t<\/span>\n\n\t\t\t\t\t<span class=\"b-button__icon\">\n\t\t\t\t<svg xmlns=\"http:\/\/www.w3.org\/2000\/svg\" viewBox=\"0 0 9 14\"><path d=\"M2.001 13.664a1.333 1.333 0 01-.954-2.272l.007-.008 4.414-4.386-4.24-4.414A1.333 1.333 0 113.12.704l5.147 5.334a1.333 1.333 0 010 1.866l-5.334 5.334a1.333 1.333 0 01-.933.426z\"\/><\/svg>\t\t\t<\/span>\n\t\t\t<\/a>\n\t\t\t<\/div>\n\n\n\n<p><\/p>\n","protected":false},"excerpt":{"rendered":"<p>\u201dOlen saanut Yritt\u00e4jist\u00e4 yst\u00e4vi\u00e4\u201d Oululainen Sebastian Stenfors hypp\u00e4si is\u00e4ns\u00e4 perustamaan perheyritykseen vain 19-vuotiaana. Yritt\u00e4jyydess\u00e4 tukena on ollut niin oma perhe kuin Yritt\u00e4jien kautta l\u00f6ytyneet yritt\u00e4j\u00e4kollegat. Yritt\u00e4jien ansiosta h\u00e4n p\u00e4\u00e4tyi my\u00f6s politiikkaan. Sebastian Stenfors on yritt\u00e4j\u00e4perheen kasvatti \u2013 hyvin kirjaimellisesti. \u2013 Olen tullut firmaan suoraan synnytyslaitokselta. Vanhempani toivat minut ensin firman tiloihin ja veiv\u00e4t sitten vasta &hellip; <a href=\"https:\/\/me.yrittajat.fi\/onnistujat\/etusivu\/yrittajatarinoita\/sebastian-stenfors\/\">Lue lis\u00e4\u00e4<\/a><\/p>\n","protected":false},"author":47,"featured_media":291,"parent":253,"menu_order":10,"comment_status":"closed","ping_status":"closed","template":"","meta":{"_acf_changed":false,"footnotes":""},"class_list":["post-290","page","type-page","status-publish","has-post-thumbnail","hentry"],"acf":[],"_links":{"self":[{"href":"https:\/\/me.yrittajat.fi\/onnistujat\/wp-json\/wp\/v2\/pages\/290","targetHints":{"allow":["GET"]}}],"collection":[{"href":"https:\/\/me.yrittajat.fi\/onnistujat\/wp-json\/wp\/v2\/pages"}],"about":[{"href":"https:\/\/me.yrittajat.fi\/onnistujat\/wp-json\/wp\/v2\/types\/page"}],"author":[{"embeddable":true,"href":"https:\/\/me.yrittajat.fi\/onnistujat\/wp-json\/wp\/v2\/users\/47"}],"replies":[{"embeddable":true,"href":"https:\/\/me.yrittajat.fi\/onnistujat\/wp-json\/wp\/v2\/comments?post=290"}],"version-history":[{"count":11,"href":"https:\/\/me.yrittajat.fi\/onnistujat\/wp-json\/wp\/v2\/pages\/290\/revisions"}],"predecessor-version":[{"id":483,"href":"https:\/\/me.yrittajat.fi\/onnistujat\/wp-json\/wp\/v2\/pages\/290\/revisions\/483"}],"up":[{"embeddable":true,"href":"https:\/\/me.yrittajat.fi\/onnistujat\/wp-json\/wp\/v2\/pages\/253"}],"wp:featuredmedia":[{"embeddable":true,"href":"https:\/\/me.yrittajat.fi\/onnistujat\/wp-json\/wp\/v2\/media\/291"}],"wp:attachment":[{"href":"https:\/\/me.yrittajat.fi\/onnistujat\/wp-json\/wp\/v2\/media?parent=290"}],"curies":[{"name":"wp","href":"https:\/\/api.w.org\/{rel}","templated":true}]}}