{"id":3,"date":"2022-02-23T15:08:41","date_gmt":"2022-02-23T13:08:41","guid":{"rendered":"https:\/\/me.yrittajat.fi\/onnistujat\/etusivu\/"},"modified":"2022-12-30T11:40:01","modified_gmt":"2022-12-30T09:40:01","slug":"etusivu","status":"publish","type":"page","link":"https:\/\/me.yrittajat.fi\/onnistujat\/","title":{"rendered":"Etusivu"},"content":{"rendered":"\n<h2 class=\"has-text-align-left wp-block-heading\">Asiantuntijat apunasi<\/h2>\n\n\n\n<p>On eritt\u00e4in ookoo olla yritt\u00e4j\u00e4 ja onnistuja, sill\u00e4 yritt\u00e4jyydell\u00e4 pidet\u00e4\u00e4n t\u00e4t\u00e4 maata liikkeell\u00e4. Ja onnistumisia saa ansaitusti sek\u00e4 hyv\u00e4ll\u00e4 omallatunnolla hehkuttaa.<\/p>\n\n\n\n<p>Jokainen tarvitsee joskus apua \u2013 Yritt\u00e4jiss\u00e4 kenenk\u00e4\u00e4n ei tarvitse sinnitell\u00e4 omin avuin, vaan asiantuntijamme neuvovat, opastavat ja auttavat. Sin\u00e4 voi keskitty\u00e4 olennaiseen eli py\u00f6ritt\u00e4m\u00e4\u00e4n liiketoimintaa. <\/p>\n\n\n\n<p><strong>Tutustu j\u00e4senyytemme etuihin tarkemmin ja liity mukaan!<\/strong><\/p>\n\n\n\n<div class=\"wp-block-media-text alignwide is-stacked-on-mobile\"><figure class=\"wp-block-media-text__media\"><img loading=\"lazy\" decoding=\"async\" width=\"1024\" height=\"1024\" src=\"https:\/\/me.yrittajat.fi\/onnistujat\/app\/uploads\/sites\/43\/2022\/02\/parturissa-tekstilla-1024x1024.jpg\" alt=\"Mies parturissa\" class=\"wp-image-8 size-full\" srcset=\"https:\/\/me.yrittajat.fi\/app\/uploads\/sites\/43\/2022\/02\/parturissa-tekstilla-1024x1024.jpg 1024w, https:\/\/me.yrittajat.fi\/app\/uploads\/sites\/43\/2022\/02\/parturissa-tekstilla-300x300.jpg 300w, https:\/\/me.yrittajat.fi\/app\/uploads\/sites\/43\/2022\/02\/parturissa-tekstilla-150x150.jpg 150w, https:\/\/me.yrittajat.fi\/app\/uploads\/sites\/43\/2022\/02\/parturissa-tekstilla-768x768.jpg 768w, https:\/\/me.yrittajat.fi\/app\/uploads\/sites\/43\/2022\/02\/parturissa-tekstilla-1536x1536.jpg 1536w, https:\/\/me.yrittajat.fi\/app\/uploads\/sites\/43\/2022\/02\/parturissa-tekstilla-2048x2048.jpg 2048w\" sizes=\"auto, (max-width: 1024px) 100vw, 1024px\" \/><\/figure><div class=\"wp-block-media-text__content\">\n<h1 class=\"wp-block-heading\">Kuinka hy\u00f6dyt Yritt\u00e4jien j\u00e4senyydest\u00e4?<\/h1>\n\n\n\n<ul class=\"wp-block-list\"><li>J\u00e4senen\u00e4 saat kaikki Yritt\u00e4jien palvelut, kuten <strong>lakineuvonnan<\/strong> k\u00e4ytt\u00f6\u00f6si.<\/li><\/ul>\n\n\n\n<ul class=\"wp-block-list\"><li>J\u00e4senen\u00e4 et j\u00e4\u00e4 yksin, sill\u00e4 tukenasi on Suomen suurin <strong>yritt\u00e4j\u00e4verkosto ja -yhteis\u00f6<\/strong>.<\/li><\/ul>\n\n\n\n<ul class=\"wp-block-list\"><li>J\u00e4senen\u00e4 s\u00e4\u00e4st\u00e4t rahaa ja nautit kumppaneidemme <strong>alennuksista ja eduista<\/strong>.<\/li><\/ul>\n\n\n\t<div id=\"gb-button-block_177bab00e90f715e5270ae0aed912793\" class=\"gb-button gb-button-block_177bab00e90f715e5270ae0aed912793\">\n\t\t\t\t\t\t<a class=\"b-button b-button--color- b-button--style-\"\n\t   href=\"https:\/\/www.yrittajat.fi\/yrittajajarjesto\/liity-jaseneksi\/#lomake\"\n\t   target=\"_blank\">\n\n\t\t<span class=\"b-button__title\">\n\t\t\tLiity j\u00e4seneksi\t\t<\/span>\n\n\t\t\t\t\t<span class=\"b-button__icon\">\n\t\t\t\t<svg xmlns=\"http:\/\/www.w3.org\/2000\/svg\" viewBox=\"0 0 9 14\"><path d=\"M2.001 13.664a1.333 1.333 0 01-.954-2.272l.007-.008 4.414-4.386-4.24-4.414A1.333 1.333 0 113.12.704l5.147 5.334a1.333 1.333 0 010 1.866l-5.334 5.334a1.333 1.333 0 01-.933.426z\"\/><\/svg>\t\t\t<\/span>\n\t\t\t<\/a>\n\t\t\t<\/div>\n<\/div><\/div>\n\n\n\n<div class=\"wp-block-columns is-layout-flex wp-container-core-columns-is-layout-4 wp-block-columns-is-layout-flex\">\n<div class=\"wp-block-column is-layout-flow wp-block-column-is-layout-flow\">\n<div class=\"wp-block-columns is-layout-flex wp-container-core-columns-is-layout-1 wp-block-columns-is-layout-flex\">\n<div class=\"wp-block-column is-layout-flow wp-block-column-is-layout-flow\"><div class=\"wp-block-image\">\n<figure class=\"alignleft size-large\"><a href=\"#asiantuntijat\" target=\"_blank\" rel=\"noopener\"><img loading=\"lazy\" decoding=\"async\" width=\"1024\" height=\"1024\" src=\"https:\/\/me.yrittajat.fi\/onnistujat\/app\/uploads\/sites\/43\/2022\/03\/Toimistokuva-kirkas-1024x1024.jpg\" alt=\"\" class=\"wp-image-106\" srcset=\"https:\/\/me.yrittajat.fi\/app\/uploads\/sites\/43\/2022\/03\/Toimistokuva-kirkas-1024x1024.jpg 1024w, https:\/\/me.yrittajat.fi\/app\/uploads\/sites\/43\/2022\/03\/Toimistokuva-kirkas-300x300.jpg 300w, https:\/\/me.yrittajat.fi\/app\/uploads\/sites\/43\/2022\/03\/Toimistokuva-kirkas-150x150.jpg 150w, https:\/\/me.yrittajat.fi\/app\/uploads\/sites\/43\/2022\/03\/Toimistokuva-kirkas-768x768.jpg 768w, https:\/\/me.yrittajat.fi\/app\/uploads\/sites\/43\/2022\/03\/Toimistokuva-kirkas-1536x1536.jpg 1536w, https:\/\/me.yrittajat.fi\/app\/uploads\/sites\/43\/2022\/03\/Toimistokuva-kirkas-2048x2048.jpg 2048w\" sizes=\"auto, (max-width: 1024px) 100vw, 1024px\" \/><\/a><figcaption><strong>Maksuton neuvontapalvelu<br><\/strong>Kysy esimerkiksi TES-kiemuroista, veroista tai sosiaaliturvasta. Autamme ammattitaidolla. <a href=\"https:\/\/me.yrittajat.fi\/onnistujat\/etusivu\/jasenedut-2\/#neuvontapalvelu\" data-type=\"URL\" data-id=\"https:\/\/me.yrittajat.fi\/onnistujat\/etusivu\/jasenedut-2\/#neuvontapalvelu\" target=\"_blank\" rel=\"noreferrer noopener\">Lue lis\u00e4\u00e4 &gt;<\/a><\/figcaption><\/figure><\/div><\/div>\n\n\n\n<div class=\"wp-block-column is-layout-flow wp-block-column-is-layout-flow\">\n<figure class=\"wp-block-image size-large\"><img loading=\"lazy\" decoding=\"async\" width=\"1024\" height=\"1024\" src=\"https:\/\/me.yrittajat.fi\/onnistujat\/app\/uploads\/sites\/43\/2022\/03\/Suunnittelukuva-kirkas-1024x1024.jpg\" alt=\"\" class=\"wp-image-108\" srcset=\"https:\/\/me.yrittajat.fi\/app\/uploads\/sites\/43\/2022\/03\/Suunnittelukuva-kirkas-1024x1024.jpg 1024w, https:\/\/me.yrittajat.fi\/app\/uploads\/sites\/43\/2022\/03\/Suunnittelukuva-kirkas-300x300.jpg 300w, https:\/\/me.yrittajat.fi\/app\/uploads\/sites\/43\/2022\/03\/Suunnittelukuva-kirkas-150x150.jpg 150w, https:\/\/me.yrittajat.fi\/app\/uploads\/sites\/43\/2022\/03\/Suunnittelukuva-kirkas-768x768.jpg 768w, https:\/\/me.yrittajat.fi\/app\/uploads\/sites\/43\/2022\/03\/Suunnittelukuva-kirkas-1536x1536.jpg 1536w, https:\/\/me.yrittajat.fi\/app\/uploads\/sites\/43\/2022\/03\/Suunnittelukuva-kirkas-2048x2048.jpg 2048w\" sizes=\"auto, (max-width: 1024px) 100vw, 1024px\" \/><figcaption><strong>Rahanarvoiset j\u00e4senedut<\/strong><br>S\u00e4\u00e4st\u00e4 esimerkiksi polttoaineesta, matkoista, majoituksesta ja vakuutuksista. <a href=\"https:\/\/me.yrittajat.fi\/onnistujat\/etusivu\/jasenedut-2\/#jasenedut\" data-type=\"URL\" data-id=\"https:\/\/me.yrittajat.fi\/onnistujat\/etusivu\/jasenedut-2\/#jasenedut\" target=\"_blank\" rel=\"noreferrer noopener\">Lue lis\u00e4\u00e4 &gt;<\/a><\/figcaption><\/figure>\n<\/div>\n\n\n\n<div class=\"wp-block-column is-layout-flow wp-block-column-is-layout-flow\">\n<figure class=\"wp-block-image size-large\"><img loading=\"lazy\" decoding=\"async\" width=\"1024\" height=\"1024\" src=\"https:\/\/me.yrittajat.fi\/onnistujat\/app\/uploads\/sites\/43\/2022\/03\/Koulutuskuva-kirkas-1024x1024.jpg\" alt=\"\" class=\"wp-image-109\" srcset=\"https:\/\/me.yrittajat.fi\/app\/uploads\/sites\/43\/2022\/03\/Koulutuskuva-kirkas-1024x1024.jpg 1024w, https:\/\/me.yrittajat.fi\/app\/uploads\/sites\/43\/2022\/03\/Koulutuskuva-kirkas-300x300.jpg 300w, https:\/\/me.yrittajat.fi\/app\/uploads\/sites\/43\/2022\/03\/Koulutuskuva-kirkas-150x150.jpg 150w, https:\/\/me.yrittajat.fi\/app\/uploads\/sites\/43\/2022\/03\/Koulutuskuva-kirkas-768x768.jpg 768w, https:\/\/me.yrittajat.fi\/app\/uploads\/sites\/43\/2022\/03\/Koulutuskuva-kirkas-1536x1536.jpg 1536w, https:\/\/me.yrittajat.fi\/app\/uploads\/sites\/43\/2022\/03\/Koulutuskuva-kirkas-2048x2048.jpg 2048w\" sizes=\"auto, (max-width: 1024px) 100vw, 1024px\" \/><figcaption><strong>J\u00e4senhintaiset koulutukset<\/strong><br>Opi esimerkiksi markkinoinnista, myynnist\u00e4 tai johtajuudesta koulutustemme avulla. <a href=\"https:\/\/me.yrittajat.fi\/onnistujat\/etusivu\/jasenedut-2\/#koulutukset\" data-type=\"URL\" data-id=\"https:\/\/me.yrittajat.fi\/onnistujat\/etusivu\/jasenedut-2\/#koulutukset\" target=\"_blank\" rel=\"noreferrer noopener\">Lue lis\u00e4\u00e4 &gt;<\/a><\/figcaption><\/figure>\n<\/div>\n<\/div>\n\n\n\n<div class=\"wp-block-columns is-layout-flex wp-container-core-columns-is-layout-2 wp-block-columns-is-layout-flex\">\n<div class=\"wp-block-column is-layout-flow wp-block-column-is-layout-flow\">\n<figure class=\"wp-block-image size-large\"><img loading=\"lazy\" decoding=\"async\" width=\"1024\" height=\"1024\" src=\"https:\/\/me.yrittajat.fi\/onnistujat\/app\/uploads\/sites\/43\/2022\/03\/Meikkikuva-kirkas-1024x1024.jpg\" alt=\"\" class=\"wp-image-110\" srcset=\"https:\/\/me.yrittajat.fi\/app\/uploads\/sites\/43\/2022\/03\/Meikkikuva-kirkas-1024x1024.jpg 1024w, https:\/\/me.yrittajat.fi\/app\/uploads\/sites\/43\/2022\/03\/Meikkikuva-kirkas-300x300.jpg 300w, https:\/\/me.yrittajat.fi\/app\/uploads\/sites\/43\/2022\/03\/Meikkikuva-kirkas-150x150.jpg 150w, https:\/\/me.yrittajat.fi\/app\/uploads\/sites\/43\/2022\/03\/Meikkikuva-kirkas-768x768.jpg 768w, https:\/\/me.yrittajat.fi\/app\/uploads\/sites\/43\/2022\/03\/Meikkikuva-kirkas-1536x1536.jpg 1536w, https:\/\/me.yrittajat.fi\/app\/uploads\/sites\/43\/2022\/03\/Meikkikuva-kirkas-2048x2048.jpg 2048w\" sizes=\"auto, (max-width: 1024px) 100vw, 1024px\" \/><figcaption><strong>Verkostot tukenasi<\/strong><br>Verkostoidu muiden yritt\u00e4jien kanssa ja hanki kumppaneita tai asiakkaita. <a href=\"https:\/\/me.yrittajat.fi\/onnistujat\/etusivu\/jasenedut-2\/#verkostot\" data-type=\"URL\" data-id=\"https:\/\/me.yrittajat.fi\/onnistujat\/etusivu\/jasenedut-2\/#verkostot\" target=\"_blank\" rel=\"noreferrer noopener\">Lue lis\u00e4\u00e4 &gt;<\/a><\/figcaption><\/figure>\n<\/div>\n\n\n\n<div class=\"wp-block-column is-layout-flow wp-block-column-is-layout-flow\">\n<figure class=\"wp-block-image size-large\"><img loading=\"lazy\" decoding=\"async\" width=\"1024\" height=\"1024\" src=\"https:\/\/me.yrittajat.fi\/onnistujat\/app\/uploads\/sites\/43\/2022\/03\/Puhelukuva-kirkas-1024x1024.jpg\" alt=\"\" class=\"wp-image-111\" srcset=\"https:\/\/me.yrittajat.fi\/app\/uploads\/sites\/43\/2022\/03\/Puhelukuva-kirkas-1024x1024.jpg 1024w, https:\/\/me.yrittajat.fi\/app\/uploads\/sites\/43\/2022\/03\/Puhelukuva-kirkas-300x300.jpg 300w, https:\/\/me.yrittajat.fi\/app\/uploads\/sites\/43\/2022\/03\/Puhelukuva-kirkas-150x150.jpg 150w, https:\/\/me.yrittajat.fi\/app\/uploads\/sites\/43\/2022\/03\/Puhelukuva-kirkas-768x768.jpg 768w, https:\/\/me.yrittajat.fi\/app\/uploads\/sites\/43\/2022\/03\/Puhelukuva-kirkas-1536x1536.jpg 1536w, https:\/\/me.yrittajat.fi\/app\/uploads\/sites\/43\/2022\/03\/Puhelukuva-kirkas-2048x2048.jpg 2048w\" sizes=\"auto, (max-width: 1024px) 100vw, 1024px\" \/><figcaption><strong>T\u00e4rke\u00e4t uutiset<br><\/strong>Pysy ajan tasalla uutiskirjeen, j\u00e4senlehden ja verkkosivujen avulla. <a href=\"https:\/\/me.yrittajat.fi\/onnistujat\/etusivu\/jasenedut-2\/#uutiset\" data-type=\"URL\" data-id=\"https:\/\/me.yrittajat.fi\/onnistujat\/etusivu\/jasenedut-2\/#uutiset\" target=\"_blank\" rel=\"noreferrer noopener\">Lue lis\u00e4\u00e4 &gt;<\/a><\/figcaption><\/figure>\n<\/div>\n\n\n\n<div class=\"wp-block-column is-layout-flow wp-block-column-is-layout-flow\">\n<figure class=\"wp-block-image size-large\"><img loading=\"lazy\" decoding=\"async\" width=\"1024\" height=\"1024\" src=\"https:\/\/me.yrittajat.fi\/onnistujat\/app\/uploads\/sites\/43\/2022\/03\/Kuvauskuva-kirkas-1024x1024.jpg\" alt=\"\" class=\"wp-image-112\" srcset=\"https:\/\/me.yrittajat.fi\/app\/uploads\/sites\/43\/2022\/03\/Kuvauskuva-kirkas-1024x1024.jpg 1024w, https:\/\/me.yrittajat.fi\/app\/uploads\/sites\/43\/2022\/03\/Kuvauskuva-kirkas-300x300.jpg 300w, https:\/\/me.yrittajat.fi\/app\/uploads\/sites\/43\/2022\/03\/Kuvauskuva-kirkas-150x150.jpg 150w, https:\/\/me.yrittajat.fi\/app\/uploads\/sites\/43\/2022\/03\/Kuvauskuva-kirkas-768x768.jpg 768w, https:\/\/me.yrittajat.fi\/app\/uploads\/sites\/43\/2022\/03\/Kuvauskuva-kirkas-1536x1536.jpg 1536w, https:\/\/me.yrittajat.fi\/app\/uploads\/sites\/43\/2022\/03\/Kuvauskuva-kirkas-2048x2048.jpg 2048w\" sizes=\"auto, (max-width: 1024px) 100vw, 1024px\" \/><figcaption><strong>Vaikutamme puolestasi<\/strong><br>Yksin on vaikea saada \u00e4\u00e4nt\u00e4ns\u00e4 kuulumaan \u2013 me pid\u00e4mme puoliasi. <a href=\"https:\/\/me.yrittajat.fi\/onnistujat\/etusivu\/jasenedut-2\/#vaikuttaminen\" data-type=\"URL\" data-id=\"https:\/\/me.yrittajat.fi\/onnistujat\/etusivu\/jasenedut-2\/#vaikuttaminen\" target=\"_blank\" rel=\"noreferrer noopener\">Lue lis\u00e4\u00e4 &gt;<\/a><\/figcaption><\/figure>\n<\/div>\n<\/div>\n\n\n\n<h1 class=\"has-text-align-center wp-block-heading\">Tule mukaan Yritt\u00e4jien iloiseen joukkoon<\/h1>\n\n\n\n<div class=\"wp-block-columns is-layout-flex wp-container-core-columns-is-layout-3 wp-block-columns-is-layout-flex\">\n<div class=\"wp-block-column is-layout-flow wp-block-column-is-layout-flow\"><div class=\"wp-block-image\">\n<figure class=\"aligncenter size-large\"><a href=\"https:\/\/me.yrittajat.fi\/onnistujat\/etusivu\/yrittajatarinoita\/sebastian-stenfors\/\"><img loading=\"lazy\" decoding=\"async\" width=\"1024\" height=\"683\" src=\"https:\/\/me.yrittajat.fi\/onnistujat\/app\/uploads\/sites\/43\/2022\/03\/Sebastian_kampanjasivukuva-1024x683.jpg\" alt=\"\" class=\"wp-image-291\" srcset=\"https:\/\/me.yrittajat.fi\/app\/uploads\/sites\/43\/2022\/03\/Sebastian_kampanjasivukuva-1024x683.jpg 1024w, https:\/\/me.yrittajat.fi\/app\/uploads\/sites\/43\/2022\/03\/Sebastian_kampanjasivukuva-300x200.jpg 300w, https:\/\/me.yrittajat.fi\/app\/uploads\/sites\/43\/2022\/03\/Sebastian_kampanjasivukuva-768x512.jpg 768w, https:\/\/me.yrittajat.fi\/app\/uploads\/sites\/43\/2022\/03\/Sebastian_kampanjasivukuva-1536x1024.jpg 1536w, https:\/\/me.yrittajat.fi\/app\/uploads\/sites\/43\/2022\/03\/Sebastian_kampanjasivukuva-2048x1365.jpg 2048w, https:\/\/me.yrittajat.fi\/app\/uploads\/sites\/43\/2022\/03\/Sebastian_kampanjasivukuva-668x445.jpg 668w\" sizes=\"auto, (max-width: 1024px) 100vw, 1024px\" \/><\/a><figcaption><em><em>\u201dOlen saanut Yritt\u00e4jist\u00e4 yst\u00e4vi\u00e4\u201d<br><\/em><strong>Sebastian Stenfors, <\/strong><\/em><em><strong>Stenfors Oy<\/strong><\/em><\/figcaption><\/figure><\/div><\/div>\n\n\n\n<div class=\"wp-block-column is-layout-flow wp-block-column-is-layout-flow\"><div class=\"wp-block-image\">\n<figure class=\"aligncenter size-large\"><a href=\"https:\/\/me.yrittajat.fi\/onnistujat\/etusivu\/yrittajatarinoita\/kati-pasto\/\"><img loading=\"lazy\" decoding=\"async\" width=\"1024\" height=\"683\" src=\"https:\/\/me.yrittajat.fi\/onnistujat\/app\/uploads\/sites\/43\/2022\/03\/Kati_kampanjasivukuva-1-1024x683.jpg\" alt=\"\" class=\"wp-image-298\" srcset=\"https:\/\/me.yrittajat.fi\/app\/uploads\/sites\/43\/2022\/03\/Kati_kampanjasivukuva-1-1024x683.jpg 1024w, https:\/\/me.yrittajat.fi\/app\/uploads\/sites\/43\/2022\/03\/Kati_kampanjasivukuva-1-300x200.jpg 300w, https:\/\/me.yrittajat.fi\/app\/uploads\/sites\/43\/2022\/03\/Kati_kampanjasivukuva-1-768x512.jpg 768w, https:\/\/me.yrittajat.fi\/app\/uploads\/sites\/43\/2022\/03\/Kati_kampanjasivukuva-1-1536x1024.jpg 1536w, https:\/\/me.yrittajat.fi\/app\/uploads\/sites\/43\/2022\/03\/Kati_kampanjasivukuva-1-2048x1365.jpg 2048w, https:\/\/me.yrittajat.fi\/app\/uploads\/sites\/43\/2022\/03\/Kati_kampanjasivukuva-1-668x445.jpg 668w\" sizes=\"auto, (max-width: 1024px) 100vw, 1024px\" \/><\/a><figcaption><em><em>\u201dJ\u00e4senen\u00e4 saan vastauksia kysymyksiini yhdest\u00e4 numerosta\u201d<\/em><br><strong>Kati Pasto, Insin\u00f6\u00f6ritoimisto Pasto<\/strong><\/em><\/figcaption><\/figure><\/div><\/div>\n\n\n\n<div class=\"wp-block-column is-layout-flow wp-block-column-is-layout-flow\"><div class=\"wp-block-image\">\n<figure class=\"aligncenter size-large\"><a href=\"https:\/\/me.yrittajat.fi\/onnistujat\/etusivu\/yrittajatarinoita\/emma-iivonen\/\"><img loading=\"lazy\" decoding=\"async\" width=\"1024\" height=\"683\" src=\"https:\/\/me.yrittajat.fi\/onnistujat\/app\/uploads\/sites\/43\/2022\/04\/Emma_kampanjasivukuva-1024x683.jpg\" alt=\"\" class=\"wp-image-347\" srcset=\"https:\/\/me.yrittajat.fi\/app\/uploads\/sites\/43\/2022\/04\/Emma_kampanjasivukuva-1024x683.jpg 1024w, https:\/\/me.yrittajat.fi\/app\/uploads\/sites\/43\/2022\/04\/Emma_kampanjasivukuva-300x200.jpg 300w, https:\/\/me.yrittajat.fi\/app\/uploads\/sites\/43\/2022\/04\/Emma_kampanjasivukuva-768x512.jpg 768w, https:\/\/me.yrittajat.fi\/app\/uploads\/sites\/43\/2022\/04\/Emma_kampanjasivukuva-1536x1024.jpg 1536w, https:\/\/me.yrittajat.fi\/app\/uploads\/sites\/43\/2022\/04\/Emma_kampanjasivukuva-2048x1365.jpg 2048w, https:\/\/me.yrittajat.fi\/app\/uploads\/sites\/43\/2022\/04\/Emma_kampanjasivukuva-668x445.jpg 668w\" sizes=\"auto, (max-width: 1024px) 100vw, 1024px\" \/><\/a><figcaption><em><em>\u201dHaluan edist\u00e4\u00e4 nuorten yritt\u00e4jien asiaa\u201d<br><\/em><strong>Emma Iivonen, ES Palvelut Oy<\/strong><\/em><\/figcaption><\/figure><\/div><\/div>\n<\/div>\n<\/div>\n<\/div>\n\n\n\n<h2 class=\"wp-block-heading\">Kuulostaako hyv\u00e4lle?<\/h2>\n\n\n\n<p>Yritt\u00e4jien j\u00e4senen\u00e4 saat kaiken t\u00e4m\u00e4n ja paljon muuta. Tule sin\u00e4kin mukaan Yritt\u00e4jiin ja ota j\u00e4senyyden huippuedut ja -palvelut k\u00e4ytt\u00f6\u00f6si.<\/p>\n\n\n\t<div id=\"gb-button-block_3db80de93e0ab0eb22cac025f906eb04\" class=\"gb-button gb-button-block_3db80de93e0ab0eb22cac025f906eb04\">\n\t\t\t\t\t\t<a class=\"b-button b-button--color- b-button--style-\"\n\t   href=\"https:\/\/www.yrittajat.fi\/yrittajajarjesto\/liity-jaseneksi\/#lomake\"\n\t   target=\"_self\">\n\n\t\t<span class=\"b-button__title\">\n\t\t\tLiity nyt\t\t<\/span>\n\n\t\t\t\t\t<span class=\"b-button__icon\">\n\t\t\t\t<svg xmlns=\"http:\/\/www.w3.org\/2000\/svg\" viewBox=\"0 0 9 14\"><path d=\"M2.001 13.664a1.333 1.333 0 01-.954-2.272l.007-.008 4.414-4.386-4.24-4.414A1.333 1.333 0 113.12.704l5.147 5.334a1.333 1.333 0 010 1.866l-5.334 5.334a1.333 1.333 0 01-.933.426z\"\/><\/svg>\t\t\t<\/span>\n\t\t\t<\/a>\n\t\t\t<\/div>\n","protected":false},"excerpt":{"rendered":"<p>Asiantuntijat apunasi On eritt\u00e4in ookoo olla yritt\u00e4j\u00e4 ja onnistuja, sill\u00e4 yritt\u00e4jyydell\u00e4 pidet\u00e4\u00e4n t\u00e4t\u00e4 maata liikkeell\u00e4. Ja onnistumisia saa ansaitusti sek\u00e4 hyv\u00e4ll\u00e4 omallatunnolla hehkuttaa. Jokainen tarvitsee joskus apua \u2013 Yritt\u00e4jiss\u00e4 kenenk\u00e4\u00e4n ei tarvitse sinnitell\u00e4 omin avuin, vaan asiantuntijamme neuvovat, opastavat ja auttavat. Sin\u00e4 voi keskitty\u00e4 olennaiseen eli py\u00f6ritt\u00e4m\u00e4\u00e4n liiketoimintaa. Tutustu j\u00e4senyytemme etuihin tarkemmin ja liity mukaan! &hellip; <a href=\"https:\/\/me.yrittajat.fi\/onnistujat\/\">Lue lis\u00e4\u00e4<\/a><\/p>\n","protected":false},"author":4,"featured_media":334,"parent":0,"menu_order":0,"comment_status":"closed","ping_status":"closed","template":"","meta":{"_acf_changed":false,"footnotes":""},"class_list":["post-3","page","type-page","status-publish","has-post-thumbnail","hentry"],"acf":[],"_links":{"self":[{"href":"https:\/\/me.yrittajat.fi\/onnistujat\/wp-json\/wp\/v2\/pages\/3","targetHints":{"allow":["GET"]}}],"collection":[{"href":"https:\/\/me.yrittajat.fi\/onnistujat\/wp-json\/wp\/v2\/pages"}],"about":[{"href":"https:\/\/me.yrittajat.fi\/onnistujat\/wp-json\/wp\/v2\/types\/page"}],"author":[{"embeddable":true,"href":"https:\/\/me.yrittajat.fi\/onnistujat\/wp-json\/wp\/v2\/users\/4"}],"replies":[{"embeddable":true,"href":"https:\/\/me.yrittajat.fi\/onnistujat\/wp-json\/wp\/v2\/comments?post=3"}],"version-history":[{"count":118,"href":"https:\/\/me.yrittajat.fi\/onnistujat\/wp-json\/wp\/v2\/pages\/3\/revisions"}],"predecessor-version":[{"id":475,"href":"https:\/\/me.yrittajat.fi\/onnistujat\/wp-json\/wp\/v2\/pages\/3\/revisions\/475"}],"wp:featuredmedia":[{"embeddable":true,"href":"https:\/\/me.yrittajat.fi\/onnistujat\/wp-json\/wp\/v2\/media\/334"}],"wp:attachment":[{"href":"https:\/\/me.yrittajat.fi\/onnistujat\/wp-json\/wp\/v2\/media?parent=3"}],"curies":[{"name":"wp","href":"https:\/\/api.w.org\/{rel}","templated":true}]}}