{"id":341,"date":"2022-04-07T13:41:31","date_gmt":"2022-04-07T10:41:31","guid":{"rendered":"https:\/\/me.yrittajat.fi\/onnistujat\/?page_id=341"},"modified":"2022-12-30T11:47:21","modified_gmt":"2022-12-30T09:47:21","slug":"mika-hippelainen","status":"publish","type":"page","link":"https:\/\/me.yrittajat.fi\/onnistujat\/etusivu\/yrittajatarinoita\/mika-hippelainen\/","title":{"rendered":"Mika Hippel\u00e4inen &#8211; MKH Rakennustarvike"},"content":{"rendered":"\n<div class=\"wp-block-media-text alignwide has-media-on-the-right is-stacked-on-mobile\"><figure class=\"wp-block-media-text__media\"><img loading=\"lazy\" decoding=\"async\" width=\"1024\" height=\"683\" src=\"https:\/\/me.yrittajat.fi\/onnistujat\/app\/uploads\/sites\/43\/2022\/04\/Mika_kampanjasivukuva-1024x683.jpg\" alt=\"\" class=\"wp-image-342 size-full\" srcset=\"https:\/\/me.yrittajat.fi\/app\/uploads\/sites\/43\/2022\/04\/Mika_kampanjasivukuva-1024x683.jpg 1024w, https:\/\/me.yrittajat.fi\/app\/uploads\/sites\/43\/2022\/04\/Mika_kampanjasivukuva-300x200.jpg 300w, https:\/\/me.yrittajat.fi\/app\/uploads\/sites\/43\/2022\/04\/Mika_kampanjasivukuva-768x512.jpg 768w, https:\/\/me.yrittajat.fi\/app\/uploads\/sites\/43\/2022\/04\/Mika_kampanjasivukuva-1536x1024.jpg 1536w, https:\/\/me.yrittajat.fi\/app\/uploads\/sites\/43\/2022\/04\/Mika_kampanjasivukuva-2048x1365.jpg 2048w, https:\/\/me.yrittajat.fi\/app\/uploads\/sites\/43\/2022\/04\/Mika_kampanjasivukuva-668x445.jpg 668w\" sizes=\"auto, (max-width: 1024px) 100vw, 1024px\" \/><\/figure><div class=\"wp-block-media-text__content\">\n<p class=\"has-large-font-size\">&#8220;Mit\u00e4 enemm\u00e4n meit\u00e4 j\u00e4seni\u00e4 on, sit\u00e4 enemm\u00e4n sananvaltaa Yritt\u00e4jill\u00e4 on&#8221;<\/p>\n<\/div><\/div>\n\n\n\n<p><strong>Mika Hippel\u00e4inen toimii yritt\u00e4j\u00e4n\u00e4 is\u00e4ns\u00e4 ja isois\u00e4ns\u00e4 jalanj\u00e4ljiss\u00e4. Yritt\u00e4jien j\u00e4senen\u00e4 h\u00e4n on saanut k\u00e4yt\u00e4nn\u00f6n hy\u00f6ty\u00e4 j\u00e4senalennuksista ja neuvontapalvelusta. Huvia taas ovat tarjonneet tapahtumat, joissa h\u00e4n on viihtynyt muiden yritt\u00e4jien kanssa.<\/strong><\/p>\n\n\n\n<p>Kolmekymppiselle Mika Hippel\u00e4iselle yritt\u00e4jyys ei ole ollut varsinaisesti vaihtoehto vaan selv\u00e4 valinta. H\u00e4n perusti yrityksens\u00e4 MKH Rakennustarvikkeen vuonna 2016 Pirkanmaan Rautaj\u00e4rvelle samalle tontille, jolla jo h\u00e4nen is\u00e4ns\u00e4 ja isois\u00e4ns\u00e4 ovat harjoittaneet yritystoimintaa.<\/p>\n\n\n\n<p>\u2013 Yritt\u00e4jyys on v\u00e4h\u00e4n kuin dna:han kirjoitettu. Koskaan en ole ollut t\u00f6iss\u00e4 toisella. Kun ik\u00e4\u00e4 on tullut lis\u00e4\u00e4, on tietysti tullut palloteltua erilaisia vaihtoehtoja, mutta yritt\u00e4jyys on aina vienyt voiton. Tuntuu t\u00e4rke\u00e4lt\u00e4 jatkaa edellisten sukupolvien ty\u00f6t\u00e4, Hippel\u00e4inen sanoo.<\/p>\n\n\n\n<h2 class=\"wp-block-heading\">Asiakkaat ovat yritt\u00e4jyyden suola<\/h2>\n\n\n\n<p>MKH Rakennustarvike myy jalostettua puutavaraa ja rakennustarvikkeita osana yksityisyritt\u00e4jien Rautanet-ketjua. Valikoimaan kuuluvat my\u00f6s h\u00f6yl\u00e4hirsikehikot ja niiden pystytys. Puuelementtirakentaminen onkin yrityksen ydinosaamista.<\/p>\n\n\n\n<p>Puuelementeist\u00e4 syntyy halleja, talleja ja varastoja periaatteella \u201druutupaperi ja kyn\u00e4 riitt\u00e4\u00e4, me hoidamme loput\u201d. Se kuvaa hyvin my\u00f6s Hippel\u00e4isen ajatuksia yritt\u00e4jyydest\u00e4 ja omasta osaamisestaan.<\/p>\n\n\n\n<p>\u2013 Yritt\u00e4j\u00e4n\u00e4 tunnen ylpeytt\u00e4 siit\u00e4, ett\u00e4 osaan jotakin sellaista, mit\u00e4 muut v\u00e4ltt\u00e4m\u00e4tt\u00e4 eiv\u00e4t. On palkitsevaa pysty\u00e4 ratkaisemaan ongelma tai hoitamaan asia niin, ett\u00e4 tuottaa toisille ihmisille iloa ja hy\u00f6ty\u00e4. Siit\u00e4 saa itsekin onnistumisen iloa. Parhaita juttuja yritt\u00e4jyydess\u00e4 ovat asiakkaat, joiden kanssa v\u00e4lit voivat olla l\u00e4heisetkin.<\/p>\n\n\n\n<figure class=\"wp-block-image size-full\"><a href=\"https:\/\/me.yrittajat.fi\/onnistujat\/#liity\" target=\"_blank\" rel=\"noreferrer noopener\"><img loading=\"lazy\" decoding=\"async\" width=\"800\" height=\"300\" src=\"https:\/\/me.yrittajat.fi\/onnistujat\/app\/uploads\/sites\/43\/2022\/05\/Mika-800-x-300.png\" alt=\"\" class=\"wp-image-460\" srcset=\"https:\/\/me.yrittajat.fi\/app\/uploads\/sites\/43\/2022\/05\/Mika-800-x-300.png 800w, https:\/\/me.yrittajat.fi\/app\/uploads\/sites\/43\/2022\/05\/Mika-800-x-300-300x113.png 300w, https:\/\/me.yrittajat.fi\/app\/uploads\/sites\/43\/2022\/05\/Mika-800-x-300-768x288.png 768w\" sizes=\"auto, (max-width: 800px) 100vw, 800px\" \/><\/a><\/figure>\n\n\n\n<h2 class=\"wp-block-heading\">J\u00e4senyys kasvattaa Yritt\u00e4jien vaikutusmahdollisuuksia<\/h2>\n\n\n\n<p>MKH Rakennustarvikkeella on kolme palkattua ty\u00f6ntekij\u00e4\u00e4. Vaikka Hippel\u00e4inen on ty\u00f6nantaja, h\u00e4nest\u00e4 tuntuu joskus yksinyritt\u00e4j\u00e4lt\u00e4.&nbsp;<\/p>\n\n\n\n<p>\u2013 Ilman yhti\u00f6kumppania ei ole taakan jakajaa. Se korostuu nyt, kun yritys on kasvuvaiheessa. Kaikenlaisia haasteita on tullut eteen ellei aivan p\u00e4ivitt\u00e4in, niin viikoittain. Aina niist\u00e4 on kuitenkin selvitty, suomalaisella sisulla varmaankin. Periksi en ole tottunut antamaan, vaikka v\u00e4lill\u00e4 onkin kielt\u00e4m\u00e4tt\u00e4 ollut rankkaa.<\/p>\n\n\n\n<p>Yritt\u00e4jien j\u00e4senyys on kannattanut sek\u00e4 hy\u00f6dyn ett\u00e4 huvin kannalta. Hippel\u00e4inen liittyi mukaan heti yrityksens\u00e4 perustettuaan.<\/p>\n\n\n\n<p>\u2013 Olen saanut apua maksuttomasta lakipuhelimesta muun muassa ty\u00f6sopimuksen laatimiseen, kun olen ollut palkkaamassa uutta ty\u00f6ntekij\u00e4\u00e4. Olen my\u00f6s hy\u00f6dynt\u00e4nyt j\u00e4senalennuksia ja k\u00e4ynyt Yritt\u00e4jien tapahtumissa pit\u00e4m\u00e4ss\u00e4 hauskaa samanhenkisten ihmisten kanssa. Me yritt\u00e4j\u00e4t olemme toimialasta riippumatta pitk\u00e4lti samassa tilanteessa ja ymm\u00e4rr\u00e4mme toisiamme.<\/p>\n\n\n\n<p>Hippel\u00e4iselle on my\u00f6s t\u00e4rke\u00e4\u00e4 kuulua yritt\u00e4jien omaan etuj\u00e4rjest\u00f6\u00f6n. \u2013 Suosittelen liittym\u00e4\u00e4n mukaan! Mit\u00e4 enemm\u00e4n meit\u00e4 j\u00e4seni\u00e4 on, sit\u00e4 enemm\u00e4n sananvaltaa ja vaikutusmahdollisuuksia Yritt\u00e4jill\u00e4 on.<\/p>\n\n\n\n<p>&#8212;<\/p>\n\n\n\n<p><strong>Tule sin\u00e4kin mukaan omiesi pariin, Suomen suurimpaan yritt\u00e4j\u00e4yhteis\u00f6\u00f6n. <\/strong><a href=\"https:\/\/me.yrittajat.fi\/onnistujat\/etusivu\/jasenedut-2\/\" data-type=\"URL\" data-id=\"https:\/\/me.yrittajat.fi\/onnistujat\/etusivu\/jasenedut-2\/\">J\u00e4senen\u00e4 saat liiketoimintaasi edist\u00e4v\u00e4t palvelut ja asiantuntijoidemme neuvot k\u00e4ytt\u00f6\u00f6si sek\u00e4 nautit rahanarvoisista eduista.<\/a><\/p>\n\n\n\t<div id=\"gb-button-block_1a12c97014c67497f66478862668b0f2\" class=\"gb-button gb-button-block_1a12c97014c67497f66478862668b0f2\">\n\t\t\t\t\t\t<a class=\"b-button b-button--color- b-button--style-\"\n\t   href=\"https:\/\/www.yrittajat.fi\/yrittajajarjesto\/liity-jaseneksi\/#lomake\"\n\t   target=\"_blank\">\n\n\t\t<span class=\"b-button__title\">\n\t\t\tLiity j\u00e4seneksi\t\t<\/span>\n\n\t\t\t\t\t<span class=\"b-button__icon\">\n\t\t\t\t<svg xmlns=\"http:\/\/www.w3.org\/2000\/svg\" viewBox=\"0 0 9 14\"><path d=\"M2.001 13.664a1.333 1.333 0 01-.954-2.272l.007-.008 4.414-4.386-4.24-4.414A1.333 1.333 0 113.12.704l5.147 5.334a1.333 1.333 0 010 1.866l-5.334 5.334a1.333 1.333 0 01-.933.426z\"\/><\/svg>\t\t\t<\/span>\n\t\t\t<\/a>\n\t\t\t<\/div>\n","protected":false},"excerpt":{"rendered":"<p>&#8220;Mit\u00e4 enemm\u00e4n meit\u00e4 j\u00e4seni\u00e4 on, sit\u00e4 enemm\u00e4n sananvaltaa Yritt\u00e4jill\u00e4 on&#8221; Mika Hippel\u00e4inen toimii yritt\u00e4j\u00e4n\u00e4 is\u00e4ns\u00e4 ja isois\u00e4ns\u00e4 jalanj\u00e4ljiss\u00e4. Yritt\u00e4jien j\u00e4senen\u00e4 h\u00e4n on saanut k\u00e4yt\u00e4nn\u00f6n hy\u00f6ty\u00e4 j\u00e4senalennuksista ja neuvontapalvelusta. Huvia taas ovat tarjonneet tapahtumat, joissa h\u00e4n on viihtynyt muiden yritt\u00e4jien kanssa. Kolmekymppiselle Mika Hippel\u00e4iselle yritt\u00e4jyys ei ole ollut varsinaisesti vaihtoehto vaan selv\u00e4 valinta. H\u00e4n perusti yrityksens\u00e4 &hellip; <a href=\"https:\/\/me.yrittajat.fi\/onnistujat\/etusivu\/yrittajatarinoita\/mika-hippelainen\/\">Lue lis\u00e4\u00e4<\/a><\/p>\n","protected":false},"author":47,"featured_media":342,"parent":253,"menu_order":25,"comment_status":"closed","ping_status":"closed","template":"","meta":{"_acf_changed":false,"footnotes":""},"class_list":["post-341","page","type-page","status-publish","has-post-thumbnail","hentry"],"acf":[],"_links":{"self":[{"href":"https:\/\/me.yrittajat.fi\/onnistujat\/wp-json\/wp\/v2\/pages\/341","targetHints":{"allow":["GET"]}}],"collection":[{"href":"https:\/\/me.yrittajat.fi\/onnistujat\/wp-json\/wp\/v2\/pages"}],"about":[{"href":"https:\/\/me.yrittajat.fi\/onnistujat\/wp-json\/wp\/v2\/types\/page"}],"author":[{"embeddable":true,"href":"https:\/\/me.yrittajat.fi\/onnistujat\/wp-json\/wp\/v2\/users\/47"}],"replies":[{"embeddable":true,"href":"https:\/\/me.yrittajat.fi\/onnistujat\/wp-json\/wp\/v2\/comments?post=341"}],"version-history":[{"count":10,"href":"https:\/\/me.yrittajat.fi\/onnistujat\/wp-json\/wp\/v2\/pages\/341\/revisions"}],"predecessor-version":[{"id":489,"href":"https:\/\/me.yrittajat.fi\/onnistujat\/wp-json\/wp\/v2\/pages\/341\/revisions\/489"}],"up":[{"embeddable":true,"href":"https:\/\/me.yrittajat.fi\/onnistujat\/wp-json\/wp\/v2\/pages\/253"}],"wp:featuredmedia":[{"embeddable":true,"href":"https:\/\/me.yrittajat.fi\/onnistujat\/wp-json\/wp\/v2\/media\/342"}],"wp:attachment":[{"href":"https:\/\/me.yrittajat.fi\/onnistujat\/wp-json\/wp\/v2\/media?parent=341"}],"curies":[{"name":"wp","href":"https:\/\/api.w.org\/{rel}","templated":true}]}}