{"id":346,"date":"2022-04-07T13:47:14","date_gmt":"2022-04-07T10:47:14","guid":{"rendered":"https:\/\/me.yrittajat.fi\/onnistujat\/?page_id=346"},"modified":"2022-12-30T11:46:40","modified_gmt":"2022-12-30T09:46:40","slug":"emma-iivonen","status":"publish","type":"page","link":"https:\/\/me.yrittajat.fi\/onnistujat\/etusivu\/yrittajatarinoita\/emma-iivonen\/","title":{"rendered":"Emma Iivonen &#8211; ES Palvelut Oy"},"content":{"rendered":"\n<div class=\"wp-block-media-text alignwide has-media-on-the-right is-stacked-on-mobile\"><figure class=\"wp-block-media-text__media\"><img loading=\"lazy\" decoding=\"async\" width=\"1024\" height=\"683\" src=\"https:\/\/me.yrittajat.fi\/onnistujat\/app\/uploads\/sites\/43\/2022\/04\/Emma_kampanjasivukuva-1024x683.jpg\" alt=\"\" class=\"wp-image-347 size-full\" srcset=\"https:\/\/me.yrittajat.fi\/app\/uploads\/sites\/43\/2022\/04\/Emma_kampanjasivukuva-1024x683.jpg 1024w, https:\/\/me.yrittajat.fi\/app\/uploads\/sites\/43\/2022\/04\/Emma_kampanjasivukuva-300x200.jpg 300w, https:\/\/me.yrittajat.fi\/app\/uploads\/sites\/43\/2022\/04\/Emma_kampanjasivukuva-768x512.jpg 768w, https:\/\/me.yrittajat.fi\/app\/uploads\/sites\/43\/2022\/04\/Emma_kampanjasivukuva-1536x1024.jpg 1536w, https:\/\/me.yrittajat.fi\/app\/uploads\/sites\/43\/2022\/04\/Emma_kampanjasivukuva-2048x1365.jpg 2048w, https:\/\/me.yrittajat.fi\/app\/uploads\/sites\/43\/2022\/04\/Emma_kampanjasivukuva-668x445.jpg 668w\" sizes=\"auto, (max-width: 1024px) 100vw, 1024px\" \/><\/figure><div class=\"wp-block-media-text__content\">\n<p class=\"has-large-font-size\">\u201dHaluan edist\u00e4\u00e4 nuorten yritt\u00e4jien asiaa\u201d<\/p>\n<\/div><\/div>\n\n\n\n<p><strong>Emma Iivonen vaihtoi turvallisen palkkaty\u00f6n yritt\u00e4jyyteen. En\u00e4\u00e4 h\u00e4n ei voi kuvitella tekev\u00e4ns\u00e4 t\u00f6it\u00e4 toiselle. Yritt\u00e4jien j\u00e4senen\u00e4 h\u00e4n haluaa vaikuttaa ja saada nuorten yritt\u00e4jien \u00e4\u00e4nen kuuluviin.<\/strong>&nbsp;<\/p>\n\n\n\n<p>Emma Iivosen tie yritt\u00e4j\u00e4ksi k\u00e4vi irtioton kautta. H\u00e4nell\u00e4 oli hyvin palkattu, vakituinen ty\u00f6 suuressa vakuutusyhti\u00f6ss\u00e4. Pienten lasten \u00e4itin\u00e4 se tuntui vakaalta ja huolettomalta. Kun lapset varttuivat, Iivonen alkoi mietti\u00e4, mit\u00e4 h\u00e4n todella haluaa ty\u00f6el\u00e4m\u00e4lt\u00e4. &nbsp;<\/p>\n\n\n\n<p>\u2013 Vuosien varrella moni kollega kysyi, miksen myy osaamistani yritt\u00e4j\u00e4n\u00e4. Vakuutusalalla se on vaihtoehto. Viel\u00e4 silloin en kuitenkaan uskaltanut ottaa isolta tuntunutta askelta. Lopulta sanoin itseni irti vailla tietoa siit\u00e4, mit\u00e4 seuraavaksi tekisin. Moni piti varmasti minua hulluna: l\u00e4hte\u00e4 nyt hyv\u00e4st\u00e4 ty\u00f6paikasta tyhj\u00e4n p\u00e4\u00e4lle. &nbsp;<\/p>\n\n\n\n<p>Kolmekymppinen Iivonen mietti seuraavaa siirtoaan. Yritt\u00e4jyys houkutteli, mutta yritysidea oli hukassa. Loppuvuodesta 2020 puhelin soi. Vakuutus- ja palkitsemisratkaisuihin erikoistunut Suomen Yritt\u00e4j\u00e4turva tarjosi Iivoselle ty\u00f6t\u00e4.&nbsp;<\/p>\n\n\n\n<p>\u2013 En tahtonut en\u00e4\u00e4 palkkaty\u00f6h\u00f6n, mutta ryhdyin Suomen Yritt\u00e4j\u00e4turvan asiamies-yritt\u00e4j\u00e4ksi. <\/p>\n\n\n\n<p>Iivosen yrityksen ES Palvelujen asiakkaita ovat toiset yritt\u00e4j\u00e4t. H\u00e4n kartoittaa, kuinka heid\u00e4n sosiaali- ja el\u00e4keturvansa on rakennettu ja konsultoi, miten se olisi parasta j\u00e4rjest\u00e4\u00e4. &nbsp;<\/p>\n\n\n\n<p>\u2013 Myyn yritt\u00e4jille nykyaikaisia el\u00e4ke- ja henkivakuutuksia sek\u00e4 vakuutuksia vakavan sairauden tai ty\u00f6kyvytt\u00f6myyden varalle. Niiden avulla voi itse parantaa lakis\u00e4\u00e4teist\u00e4 turvaansa. Asun Kanta-H\u00e4meen Jokioisissa, mutta asiakkaani ovat ymp\u00e4ri Suomea.&nbsp;<\/p>\n\n\n\n<h2 class=\"wp-block-heading\">Nuorten yritt\u00e4jien \u00e4\u00e4ni kuuluviin<\/h2>\n\n\n\n<p>Yritt\u00e4jiin Iivonen liittyi vuonna 2021. Yritt\u00e4j\u00e4n\u00e4 etuj\u00e4rjest\u00f6n j\u00e4senyys tuntui itsest\u00e4\u00e4n selv\u00e4lt\u00e4. Oli my\u00f6s helpottavaa tiet\u00e4\u00e4, ett\u00e4 j\u00e4senen\u00e4 saa tarvittaessa apua maksuttomasta lakipuhelimesta. Mahdollisuus vaikuttaa oli Iivoselle t\u00e4rke\u00e4 syy liitty\u00e4 mukaan. &nbsp;<\/p>\n\n\n\n<p>\u2013 Haluan olla mukana edist\u00e4m\u00e4ss\u00e4 sit\u00e4, ett\u00e4 nuorten yritt\u00e4jien \u00e4\u00e4ni kuuluu vahvemmin Yritt\u00e4jiss\u00e4 ja yhteiskunnassa. <\/p>\n\n\n\n<figure class=\"wp-block-image size-full\"><a href=\"https:\/\/www.yrittajat.fi\/yrittajajarjesto\/liity-jaseneksi\/#lomake\" target=\"_blank\" rel=\"noreferrer noopener\"><img loading=\"lazy\" decoding=\"async\" width=\"800\" height=\"300\" src=\"https:\/\/me.yrittajat.fi\/onnistujat\/app\/uploads\/sites\/43\/2022\/05\/Onnistujat-kaikki-kuvat-800x300-1.png\" alt=\"\" class=\"wp-image-464\" srcset=\"https:\/\/me.yrittajat.fi\/app\/uploads\/sites\/43\/2022\/05\/Onnistujat-kaikki-kuvat-800x300-1.png 800w, https:\/\/me.yrittajat.fi\/app\/uploads\/sites\/43\/2022\/05\/Onnistujat-kaikki-kuvat-800x300-1-300x113.png 300w, https:\/\/me.yrittajat.fi\/app\/uploads\/sites\/43\/2022\/05\/Onnistujat-kaikki-kuvat-800x300-1-768x288.png 768w\" sizes=\"auto, (max-width: 800px) 100vw, 800px\" \/><\/a><\/figure>\n\n\n\n<h2 class=\"wp-block-heading\">Vapaudella ei ole hintaa<\/h2>\n\n\n\n<p>Vaikka yritt\u00e4jyyteen liittyy ep\u00e4varmuutta, se p\u00e4ihitt\u00e4\u00e4 Iivosen mielest\u00e4 palkkaty\u00f6n mennen tullen. T\u00e4rkeint\u00e4 yritt\u00e4jyydess\u00e4 on vapaus ja palkitsevuus.&nbsp;<\/p>\n\n\n\n<p>\u2013 Saan tehd\u00e4 t\u00f6it\u00e4 itselleni ja p\u00e4\u00e4tt\u00e4\u00e4 omasta ty\u00f6ajastani. Jos ty\u00f6 takkuaa ja aikataulu sallii, voin pit\u00e4\u00e4 vapaata ja tarttua toimeen seuraavana p\u00e4iv\u00e4n\u00e4 paremmalla fiiliksell\u00e4. Silloin saa yleens\u00e4 enemm\u00e4n aikaankin!&nbsp;<\/p>\n\n\n\n<p>Iivonen on aina ollut tekev\u00e4inen. Nuorempana kaupassa ty\u00f6skennelless\u00e4\u00e4n h\u00e4nt\u00e4 turhautti, ettei oma ahkeruus n\u00e4kynyt palkassa. Yritt\u00e4j\u00e4n\u00e4 on toisin.&nbsp;<\/p>\n\n\n\n<p>\u2013 Jos yrityksell\u00e4 menee hyvin, voin olla tyytyv\u00e4inen itseeni. Se on oman uutteruuteni ansiota. Sama p\u00e4tee toisinp\u00e4in. Jos menee huonosti, syy l\u00f6ytyy useimmiten peilist\u00e4.<\/p>\n\n\n\n<p>Yritt\u00e4jyys on ehdottomasti Iivosen juttu. En\u00e4\u00e4 h\u00e4n ei vaihtaisi takaisin entiseen. &nbsp;<\/p>\n\n\n\n<p>\u2013 Ajatus toiselle ty\u00f6skentelemisest\u00e4 tuntuu nykyisin kaukaiselta. Joku juuri kysyi, mit\u00e4 minulle pit\u00e4isi maksaa, ett\u00e4 l\u00e4htisin toiselle t\u00f6ihin. Mietin, onkohan sellaista rahaa ollenkaan.&nbsp;<\/p>\n\n\n\n<p>&#8212;<\/p>\n\n\n\n<p><strong>Tule sin\u00e4kin mukaan omiesi pariin, Suomen suurimpaan yritt\u00e4j\u00e4yhteis\u00f6\u00f6n. <\/strong><a href=\"https:\/\/me.yrittajat.fi\/onnistujat\/etusivu\/jasenedut-2\/\" data-type=\"URL\" data-id=\"https:\/\/me.yrittajat.fi\/onnistujat\/etusivu\/jasenedut-2\/\">J\u00e4senen\u00e4 saat liiketoimintaasi edist\u00e4v\u00e4t palvelut ja asiantuntijoidemme neuvot k\u00e4ytt\u00f6\u00f6si sek\u00e4 nautit rahanarvoisista eduista.<\/a><\/p>\n\n\n\t<div id=\"gb-button-block_3d22ac0231413d8cf5681a008c6bd9d1\" class=\"gb-button gb-button-block_3d22ac0231413d8cf5681a008c6bd9d1\">\n\t\t\t\t\t\t<a class=\"b-button b-button--color- b-button--style-\"\n\t   href=\"https:\/\/www.yrittajat.fi\/yrittajajarjesto\/liity-jaseneksi\/#lomake\"\n\t   target=\"_blank\">\n\n\t\t<span class=\"b-button__title\">\n\t\t\tLiity j\u00e4seneksi\t\t<\/span>\n\n\t\t\t\t\t<span class=\"b-button__icon\">\n\t\t\t\t<svg xmlns=\"http:\/\/www.w3.org\/2000\/svg\" viewBox=\"0 0 9 14\"><path d=\"M2.001 13.664a1.333 1.333 0 01-.954-2.272l.007-.008 4.414-4.386-4.24-4.414A1.333 1.333 0 113.12.704l5.147 5.334a1.333 1.333 0 010 1.866l-5.334 5.334a1.333 1.333 0 01-.933.426z\"\/><\/svg>\t\t\t<\/span>\n\t\t\t<\/a>\n\t\t\t<\/div>\n","protected":false},"excerpt":{"rendered":"<p>\u201dHaluan edist\u00e4\u00e4 nuorten yritt\u00e4jien asiaa\u201d Emma Iivonen vaihtoi turvallisen palkkaty\u00f6n yritt\u00e4jyyteen. En\u00e4\u00e4 h\u00e4n ei voi kuvitella tekev\u00e4ns\u00e4 t\u00f6it\u00e4 toiselle. Yritt\u00e4jien j\u00e4senen\u00e4 h\u00e4n haluaa vaikuttaa ja saada nuorten yritt\u00e4jien \u00e4\u00e4nen kuuluviin.&nbsp; Emma Iivosen tie yritt\u00e4j\u00e4ksi k\u00e4vi irtioton kautta. H\u00e4nell\u00e4 oli hyvin palkattu, vakituinen ty\u00f6 suuressa vakuutusyhti\u00f6ss\u00e4. Pienten lasten \u00e4itin\u00e4 se tuntui vakaalta ja huolettomalta. Kun lapset &hellip; <a href=\"https:\/\/me.yrittajat.fi\/onnistujat\/etusivu\/yrittajatarinoita\/emma-iivonen\/\">Lue lis\u00e4\u00e4<\/a><\/p>\n","protected":false},"author":47,"featured_media":0,"parent":253,"menu_order":20,"comment_status":"closed","ping_status":"closed","template":"","meta":{"_acf_changed":false,"footnotes":""},"class_list":["post-346","page","type-page","status-publish","hentry"],"acf":[],"_links":{"self":[{"href":"https:\/\/me.yrittajat.fi\/onnistujat\/wp-json\/wp\/v2\/pages\/346","targetHints":{"allow":["GET"]}}],"collection":[{"href":"https:\/\/me.yrittajat.fi\/onnistujat\/wp-json\/wp\/v2\/pages"}],"about":[{"href":"https:\/\/me.yrittajat.fi\/onnistujat\/wp-json\/wp\/v2\/types\/page"}],"author":[{"embeddable":true,"href":"https:\/\/me.yrittajat.fi\/onnistujat\/wp-json\/wp\/v2\/users\/47"}],"replies":[{"embeddable":true,"href":"https:\/\/me.yrittajat.fi\/onnistujat\/wp-json\/wp\/v2\/comments?post=346"}],"version-history":[{"count":10,"href":"https:\/\/me.yrittajat.fi\/onnistujat\/wp-json\/wp\/v2\/pages\/346\/revisions"}],"predecessor-version":[{"id":487,"href":"https:\/\/me.yrittajat.fi\/onnistujat\/wp-json\/wp\/v2\/pages\/346\/revisions\/487"}],"up":[{"embeddable":true,"href":"https:\/\/me.yrittajat.fi\/onnistujat\/wp-json\/wp\/v2\/pages\/253"}],"wp:attachment":[{"href":"https:\/\/me.yrittajat.fi\/onnistujat\/wp-json\/wp\/v2\/media?parent=346"}],"curies":[{"name":"wp","href":"https:\/\/api.w.org\/{rel}","templated":true}]}}