{"id":56,"date":"2022-02-25T15:03:49","date_gmt":"2022-02-25T13:03:49","guid":{"rendered":"https:\/\/me.yrittajat.fi\/onnistujat\/?page_id=56"},"modified":"2022-12-30T11:41:50","modified_gmt":"2022-12-30T09:41:50","slug":"jasenedut-2","status":"publish","type":"page","link":"https:\/\/me.yrittajat.fi\/onnistujat\/etusivu\/jasenedut-2\/","title":{"rendered":"J\u00e4senedut"},"content":{"rendered":"\n<h2 class=\"wp-block-heading\">Yritt\u00e4jien j\u00e4senen\u00e4 saat enemm\u00e4n &#8211; tutustu j\u00e4senetuihin<\/h2>\n\n\n\n<p>Yritt\u00e4jien j\u00e4senen\u00e4 olet osa Suomen suurinta yritt\u00e4j\u00e4yhteis\u00f6\u00e4 ja nautit rahanarvoisista eduista sek\u00e4 liiketoimintaasi edist\u00e4vist\u00e4 palveluista.<\/p>\n\n\n\n<p>Olemme apunasi ja l\u00e4sn\u00e4 arjessasi. Neuvomme, verkostoimme ja tuemme. Kanssamme pysyt kartalla uudistuksista ja koulutuksistamme saat uusimmat opit ja hy\u00f6dyt liiketoimintasi kehitt\u00e4miseen.<\/p>\n\n\n\n\t<div id=\"gb-anchor-block_534872a3c078f7b714272945170eb896\" class=\"gb-anchor gb-anchor-block_534872a3c078f7b714272945170eb896\">\n\t\t\t\t\t<div class=\"gb-anchor__anchor\" id=\"neuvontapalvelu\"><\/div>\n\n\t\t\t\t\t\t<\/div>\n\n\n\n\n<div class=\"wp-block-media-text alignwide is-stacked-on-mobile\"><figure class=\"wp-block-media-text__media\"><img loading=\"lazy\" decoding=\"async\" width=\"1024\" height=\"683\" src=\"https:\/\/me.yrittajat.fi\/onnistujat\/app\/uploads\/sites\/43\/2022\/02\/Yrittajat_netti_37-1024x683.jpg\" alt=\"\" class=\"wp-image-72 size-full\" srcset=\"https:\/\/me.yrittajat.fi\/app\/uploads\/sites\/43\/2022\/02\/Yrittajat_netti_37-1024x683.jpg 1024w, https:\/\/me.yrittajat.fi\/app\/uploads\/sites\/43\/2022\/02\/Yrittajat_netti_37-300x200.jpg 300w, https:\/\/me.yrittajat.fi\/app\/uploads\/sites\/43\/2022\/02\/Yrittajat_netti_37-768x512.jpg 768w, https:\/\/me.yrittajat.fi\/app\/uploads\/sites\/43\/2022\/02\/Yrittajat_netti_37-1536x1024.jpg 1536w, https:\/\/me.yrittajat.fi\/app\/uploads\/sites\/43\/2022\/02\/Yrittajat_netti_37-2048x1365.jpg 2048w, https:\/\/me.yrittajat.fi\/app\/uploads\/sites\/43\/2022\/02\/Yrittajat_netti_37-668x445.jpg 668w\" sizes=\"auto, (max-width: 1024px) 100vw, 1024px\" \/><\/figure><div class=\"wp-block-media-text__content\">\n<p class=\"has-large-font-size\">Maksuton neuvontapalvelu<\/p>\n\n\n\n<p><strong>Ongelmia? Soita 09 229 222, saat avun nopeasti ja Yritt\u00e4jien j\u00e4senen\u00e4 maksutta.<\/strong><\/p>\n\n\n\n<p>Asiantuntijat neuvovat sinua muun muassa:<\/p>\n\n\n\n<ul class=\"wp-block-list\"><li>Ty\u00f6el\u00e4m\u00e4n juridiikassa ja TES-asioissa<\/li><li>Yritt\u00e4j\u00e4n sosiaaliturvassa<\/li><li>Verotuksessa<\/li><li>Maksukyvytt\u00f6myydess\u00e4<\/li><li>Yritysjuridiikassa<\/li><li>Sopimusoikeudessa<\/li><li>J\u00e4senten k\u00e4yt\u00f6ss\u00e4 on my\u00f6s aluej\u00e4rjest\u00f6jen neuvontapalvelut.<\/li><\/ul>\n<\/div><\/div>\n\n\n\n\t<div id=\"gb-anchor-block_b00837c9c84c6193e8aebb8e932d8e1a\" class=\"gb-anchor gb-anchor-block_b00837c9c84c6193e8aebb8e932d8e1a\">\n\t\t\t\t\t<div class=\"gb-anchor__anchor\" id=\"jasenedut\"><\/div>\n\n\t\t\t\t\t\t<\/div>\n\n\n\n\n<div class=\"wp-block-media-text alignwide is-stacked-on-mobile\"><figure class=\"wp-block-media-text__media\"><img loading=\"lazy\" decoding=\"async\" width=\"1024\" height=\"683\" src=\"https:\/\/me.yrittajat.fi\/onnistujat\/app\/uploads\/sites\/43\/2022\/02\/Yrittajat_3292-1024x683.jpg\" alt=\"\" class=\"wp-image-70 size-full\" srcset=\"https:\/\/me.yrittajat.fi\/app\/uploads\/sites\/43\/2022\/02\/Yrittajat_3292-1024x683.jpg 1024w, https:\/\/me.yrittajat.fi\/app\/uploads\/sites\/43\/2022\/02\/Yrittajat_3292-300x200.jpg 300w, https:\/\/me.yrittajat.fi\/app\/uploads\/sites\/43\/2022\/02\/Yrittajat_3292-768x512.jpg 768w, https:\/\/me.yrittajat.fi\/app\/uploads\/sites\/43\/2022\/02\/Yrittajat_3292-1536x1024.jpg 1536w, https:\/\/me.yrittajat.fi\/app\/uploads\/sites\/43\/2022\/02\/Yrittajat_3292-2048x1365.jpg 2048w, https:\/\/me.yrittajat.fi\/app\/uploads\/sites\/43\/2022\/02\/Yrittajat_3292-668x445.jpg 668w\" sizes=\"auto, (max-width: 1024px) 100vw, 1024px\" \/><\/figure><div class=\"wp-block-media-text__content\">\n<p class=\"has-large-font-size\">Rahanarvoiset j\u00e4senedut<\/p>\n\n\n\n<p><strong>J\u00e4senen\u00e4 saat alennusta kumppaneiltamme ja s\u00e4\u00e4st\u00e4t selv\u00e4\u00e4 rahaa.<\/strong><\/p>\n\n\n\n<p>Suomen Yritt\u00e4jien j\u00e4senkortilla ja mobiilikortilla saat tuntuvia etuja mm. polttoaineesta, matkoista, majoituksesta, vakuutuksista, ty\u00f6suhde-eduista, tukkukaupasta, aikakauslehdist\u00e4, lakipalveluista ja liittym\u00e4palveluista.<\/p>\n\n\n\n<p><a rel=\"noreferrer noopener\" href=\"https:\/\/www.yrittajat.fi\/jasenedut\/#\/?search=&amp;benefitCategories=&amp;nationwide=&amp;taxAssociations=&amp;taxOrganizations=&amp;regions=&amp;contentTypes=MEMBERSHIP_BENEFIT&amp;currentPage=0&amp;offset=\" target=\"_blank\">Sivuiltamme l\u00f6yd\u00e4t kattavan listauksen<\/a> kumppaneidemme huikeista eduista.<\/p>\n<\/div><\/div>\n\n\n\n\t<div id=\"gb-anchor-block_4172d3829e5b49565b14e5bba438fad9\" class=\"gb-anchor gb-anchor-block_4172d3829e5b49565b14e5bba438fad9\">\n\t\t\t\t\t<div class=\"gb-anchor__anchor\" id=\"koulutukset\"><\/div>\n\n\t\t\t\t\t\t<\/div>\n\n\n\n\n<div class=\"wp-block-media-text alignwide is-stacked-on-mobile\"><figure class=\"wp-block-media-text__media\"><img loading=\"lazy\" decoding=\"async\" width=\"1024\" height=\"683\" src=\"https:\/\/me.yrittajat.fi\/onnistujat\/app\/uploads\/sites\/43\/2022\/02\/Yrittajat_2646_2-1-1024x683.jpg\" alt=\"\" class=\"wp-image-71 size-full\" srcset=\"https:\/\/me.yrittajat.fi\/app\/uploads\/sites\/43\/2022\/02\/Yrittajat_2646_2-1-1024x683.jpg 1024w, https:\/\/me.yrittajat.fi\/app\/uploads\/sites\/43\/2022\/02\/Yrittajat_2646_2-1-300x200.jpg 300w, https:\/\/me.yrittajat.fi\/app\/uploads\/sites\/43\/2022\/02\/Yrittajat_2646_2-1-768x512.jpg 768w, https:\/\/me.yrittajat.fi\/app\/uploads\/sites\/43\/2022\/02\/Yrittajat_2646_2-1-1536x1024.jpg 1536w, https:\/\/me.yrittajat.fi\/app\/uploads\/sites\/43\/2022\/02\/Yrittajat_2646_2-1-2048x1365.jpg 2048w, https:\/\/me.yrittajat.fi\/app\/uploads\/sites\/43\/2022\/02\/Yrittajat_2646_2-1-668x445.jpg 668w\" sizes=\"auto, (max-width: 1024px) 100vw, 1024px\" \/><\/figure><div class=\"wp-block-media-text__content\">\n<p class=\"has-large-font-size\">J\u00e4senhintaiset koulutukset<\/p>\n\n\n\n<p><strong>Kanssamme p\u00e4ivit\u00e4t osaamisesi huippukuntoon j\u00e4senetuhinnoilla.<\/strong><\/p>\n\n\n\n<p>J\u00e4rjest\u00e4mme webinaareja ja seminaareja yritystoiminnan eri osa-alueilta. Kaipaatko esimerkiksi vinkkej\u00e4 markkinointiin sosiaalisessa mediassa? Mietitk\u00f6, miten voit tehostaa myynti\u00e4? Haluatko sparrausta esimiestaitoihin? Onko tuloslaskelman ja taseen er\u00e4t sek\u00e4 tunnusluvut hallussa? Tai etsitk\u00f6 kenties vahvistusta viestisi perille menoon?<\/p>\n\n\n\n<p>N\u00e4ihin ja moniin muihin aiheisiin saat oppeja Suomen Yritt\u00e4jien koulutuksista. Webinaareihin osallistujat saavat my\u00f6s tallenteen itselleen ja voivat n\u00e4in palata koulutuksen pariin uudemman kerran. Osa koulutuksista on j\u00e4senille maksuttomia ja maksullisista saat jopa 40 prosentin j\u00e4senalennuksen. <a rel=\"noreferrer noopener\" href=\"https:\/\/www.yrittajat.fi\/tapahtumat-ja-koulutukset\/#\/?search=&amp;eventTypes=&amp;themes=&amp;date=&amp;taxAssociations=&amp;taxOrganizations=&amp;regions=&amp;eventRemote=&amp;eventAdmissionType=&amp;keywords=&amp;contentTypes=EVENT&amp;currentPage=0&amp;offset=0\" target=\"_blank\">Tutustu ajankohtaiseen koulutustarjontaan.<\/a><\/p>\n<\/div><\/div>\n\n\n\n\t<div id=\"gb-anchor-block_a4bd417d1996a3ebf9fc821ca5b6626a\" class=\"gb-anchor gb-anchor-block_a4bd417d1996a3ebf9fc821ca5b6626a\">\n\t\t\t\t\t<div class=\"gb-anchor__anchor\" id=\"verkostot\"><\/div>\n\n\t\t\t\t\t\t<\/div>\n\n\n\n\n<div class=\"wp-block-media-text alignwide is-stacked-on-mobile\"><figure class=\"wp-block-media-text__media\"><img loading=\"lazy\" decoding=\"async\" width=\"1024\" height=\"683\" src=\"https:\/\/me.yrittajat.fi\/onnistujat\/app\/uploads\/sites\/43\/2022\/02\/Yrittajat_netti_12-1024x683.jpg\" alt=\"\" class=\"wp-image-75 size-full\" srcset=\"https:\/\/me.yrittajat.fi\/app\/uploads\/sites\/43\/2022\/02\/Yrittajat_netti_12-1024x683.jpg 1024w, https:\/\/me.yrittajat.fi\/app\/uploads\/sites\/43\/2022\/02\/Yrittajat_netti_12-300x200.jpg 300w, https:\/\/me.yrittajat.fi\/app\/uploads\/sites\/43\/2022\/02\/Yrittajat_netti_12-768x512.jpg 768w, https:\/\/me.yrittajat.fi\/app\/uploads\/sites\/43\/2022\/02\/Yrittajat_netti_12-1536x1024.jpg 1536w, https:\/\/me.yrittajat.fi\/app\/uploads\/sites\/43\/2022\/02\/Yrittajat_netti_12-2048x1365.jpg 2048w, https:\/\/me.yrittajat.fi\/app\/uploads\/sites\/43\/2022\/02\/Yrittajat_netti_12-668x445.jpg 668w\" sizes=\"auto, (max-width: 1024px) 100vw, 1024px\" \/><\/figure><div class=\"wp-block-media-text__content\">\n<p class=\"has-large-font-size\">Verkostot tukenasi<\/p>\n\n\n\n<p><strong>Tarjoamme verkostomme k\u00e4ytt\u00f6\u00f6si, jonka kautta l\u00f6yd\u00e4t mahdollisia asiakkaita tai kumppaneita.<\/strong><\/p>\n\n\n\n<p>Yritt\u00e4jien tapahtumissa tapaat toisia yritt\u00e4ji\u00e4, potentiaalisia kumppaneita ja asiakkaita sek\u00e4 liiketoimintasi tai yrityksesi kotipaikkakunnan kannalta t\u00e4rkeit\u00e4 p\u00e4\u00e4tt\u00e4ji\u00e4. Oli sinulla sitten yksitt\u00e4inen ongelma, tarve l\u00f6yt\u00e4\u00e4 samalla alalla toimivia yritt\u00e4j\u00e4kollegoita tai halu p\u00e4\u00e4st\u00e4 kuntasi p\u00e4\u00e4tt\u00e4j\u00e4n kanssa juttusille, autamme l\u00f6yt\u00e4m\u00e4\u00e4n juuri oikean ihmisen.<\/p>\n\n\n\n<p>Facebook-ryhm\u00e4ss\u00e4 keskustelet ja jaat ajatuksia sek\u00e4 kokemuksia muiden yritt\u00e4jien kanssa. J\u00e4senen\u00e4 k\u00e4yt\u00f6ss\u00e4si on Yritt\u00e4jien maksuton mentoripalvelu, josta l\u00f6yd\u00e4t sparraajan sinun yritystoimintasi kehitt\u00e4miseen.<\/p>\n<\/div><\/div>\n\n\n\n\t<div id=\"gb-anchor-block_25e98838a92067a6c595b222e5ef178e\" class=\"gb-anchor gb-anchor-block_25e98838a92067a6c595b222e5ef178e\">\n\t\t\t\t\t<div class=\"gb-anchor__anchor\" id=\"uutiset\"><\/div>\n\n\t\t\t\t\t\t<\/div>\n\n\n\n\n<div class=\"wp-block-media-text alignwide is-stacked-on-mobile\"><figure class=\"wp-block-media-text__media\"><img loading=\"lazy\" decoding=\"async\" width=\"1024\" height=\"683\" src=\"https:\/\/me.yrittajat.fi\/onnistujat\/app\/uploads\/sites\/43\/2022\/02\/Yrittajat_6903-1024x683.jpg\" alt=\"\" class=\"wp-image-77 size-full\" srcset=\"https:\/\/me.yrittajat.fi\/app\/uploads\/sites\/43\/2022\/02\/Yrittajat_6903-1024x683.jpg 1024w, https:\/\/me.yrittajat.fi\/app\/uploads\/sites\/43\/2022\/02\/Yrittajat_6903-300x200.jpg 300w, https:\/\/me.yrittajat.fi\/app\/uploads\/sites\/43\/2022\/02\/Yrittajat_6903-768x512.jpg 768w, https:\/\/me.yrittajat.fi\/app\/uploads\/sites\/43\/2022\/02\/Yrittajat_6903-1536x1024.jpg 1536w, https:\/\/me.yrittajat.fi\/app\/uploads\/sites\/43\/2022\/02\/Yrittajat_6903-2048x1365.jpg 2048w, https:\/\/me.yrittajat.fi\/app\/uploads\/sites\/43\/2022\/02\/Yrittajat_6903-668x445.jpg 668w\" sizes=\"auto, (max-width: 1024px) 100vw, 1024px\" \/><\/figure><div class=\"wp-block-media-text__content\">\n<p class=\"has-large-font-size\">T\u00e4rke\u00e4t uutiset<\/p>\n\n\n\n<p><strong>Pid\u00e4mme sinut ajan tasalla yritt\u00e4jille t\u00e4rkeist\u00e4 uutisista ja ilmi\u00f6ist\u00e4.<\/strong><\/p>\n\n\n\n<p>Toimituksemme laatii ja kokoaa yritt\u00e4j\u00e4n n\u00e4k\u00f6kulmasta mielenkiintoiset uutiset, tarinat ja tietoiskut verkkosivuille, uutiskirjeeseen sek\u00e4 j\u00e4senlehteen.<\/p>\n\n\n\n<p><strong>Yritt\u00e4j\u00e4t.fi<\/strong>: Kertoo p\u00e4iv\u00e4n puhuttavimmat uutiset, yritt\u00e4j\u00e4n kokemukset, liiketoimintaasi vaikuttavat lakimuutokset ja arjessa auttavat ohjeet.<\/p>\n\n\n\n<p><strong>Uutiskirje<\/strong>: S\u00e4\u00e4st\u00e4\u00e4 aikaasi ja kokoaa sinulle, mit\u00e4 sinun pit\u00e4\u00e4 tiet\u00e4\u00e4 yritt\u00e4jyydest\u00e4 juuri nyt. Saat t\u00e4rkeimm\u00e4t muutokset, hy\u00f6dylliset vinkit ja inspiroivat henkil\u00f6t suoraan s\u00e4hk\u00f6postiisi.<\/p>\n\n\n\n<p><strong>Yritt\u00e4j\u00e4-lehti<\/strong>: Vahvistaa liiketoimintaasi, tuo verkostot l\u00e4hellesi ja vinkkaa parhaat k\u00e4yt\u00e4nn\u00f6t ja arkea helpottavat niksit. J\u00e4senetuna pari kertaa vuodessa.<\/p>\n\n\n\n<p><strong>Yritt\u00e4j\u00e4 Plus<\/strong>: Tilaa, niin tunnet ilmi\u00f6t, puhuttavimmat yritt\u00e4j\u00e4t, yritt\u00e4jyyden tulevaisuuden ja innovaatiot. P\u00e4\u00e4osassa yritt\u00e4j\u00e4t \u2013 ehk\u00e4 juuri sin\u00e4!<\/p>\n<\/div><\/div>\n\n\n\n\t<div id=\"gb-anchor-block_fb2c09ded9d663c0265d20717294dde8\" class=\"gb-anchor gb-anchor-block_fb2c09ded9d663c0265d20717294dde8\">\n\t\t\t\t\t<div class=\"gb-anchor__anchor\" id=\"vaikuttaminen\"><\/div>\n\n\t\t\t\t\t\t<\/div>\n\n\n\n\n<div class=\"wp-block-media-text alignwide is-stacked-on-mobile\"><figure class=\"wp-block-media-text__media\"><img loading=\"lazy\" decoding=\"async\" width=\"1024\" height=\"683\" src=\"https:\/\/me.yrittajat.fi\/onnistujat\/app\/uploads\/sites\/43\/2022\/02\/Yrittajat_3391-1024x683.jpg\" alt=\"\" class=\"wp-image-78 size-full\" srcset=\"https:\/\/me.yrittajat.fi\/app\/uploads\/sites\/43\/2022\/02\/Yrittajat_3391-1024x683.jpg 1024w, https:\/\/me.yrittajat.fi\/app\/uploads\/sites\/43\/2022\/02\/Yrittajat_3391-300x200.jpg 300w, https:\/\/me.yrittajat.fi\/app\/uploads\/sites\/43\/2022\/02\/Yrittajat_3391-768x512.jpg 768w, https:\/\/me.yrittajat.fi\/app\/uploads\/sites\/43\/2022\/02\/Yrittajat_3391-1536x1024.jpg 1536w, https:\/\/me.yrittajat.fi\/app\/uploads\/sites\/43\/2022\/02\/Yrittajat_3391-2048x1365.jpg 2048w, https:\/\/me.yrittajat.fi\/app\/uploads\/sites\/43\/2022\/02\/Yrittajat_3391-668x445.jpg 668w\" sizes=\"auto, (max-width: 1024px) 100vw, 1024px\" \/><\/figure><div class=\"wp-block-media-text__content\">\n<p class=\"has-large-font-size\">Vaikutamme puolestasi<\/p>\n\n\n\n<p><strong>Yksin on vaikea saada \u00e4\u00e4nt\u00e4ns\u00e4 kuulumaan \u2013 Me pid\u00e4mme puoliasi.<\/strong><\/p>\n\n\n\n<p>Vaikuttaminen vaatii pitk\u00e4j\u00e4nteisyytt\u00e4: kannanottojen laatimista sek\u00e4 istumista lainvalmisteluty\u00f6ryhmiss\u00e4, valiokunnissa ja ministeri\u00f6iden kuulemisissa. Teemme t\u00e4m\u00e4n, jotta yritt\u00e4j\u00e4n\u00e4 olisi Suomessa vuosi vuodelta v\u00e4h\u00e4n parempi olla.<\/p>\n\n\n\n<ul class=\"wp-block-list\"><li><a href=\"https:\/\/www.yrittajat.fi\/blogit\/yrittajajarjeston-koronavuoden-tilinpaatos-miten-parjasimme\" target=\"_blank\" rel=\"noreferrer noopener\">Lue, mit\u00e4 ty\u00f6t\u00e4 olemme tehneet pk-yritt\u00e4jien tilanteen helpottamiseksi koronariisin aikana.<\/a><\/li><\/ul>\n\n\n\n<ul class=\"wp-block-list\"><li><a href=\"https:\/\/www.yrittajat.fi\/yrittajajarjesto\/nain-vaikutamme\/\" target=\"_blank\" rel=\"noreferrer noopener\">Tutustu my\u00f6s, miten olemme yli 20 vuoden aikana vaikuttaneet ja parantaneet yritt\u00e4jien asemaa sek\u00e4 yritt\u00e4misen olosuhteita.<\/a><\/li><\/ul>\n<\/div><\/div>\n\n\n\n<p><strong>Kuulostaako hyv\u00e4lle? Yritt\u00e4jien j\u00e4senen\u00e4 saat kaiken t\u00e4m\u00e4n ja paljon muuta.<\/strong><\/p>\n\n\n\t<div id=\"gb-button-block_f16a1f1fd5a6afe81bb966e0740968f4\" class=\"gb-button gb-button-block_f16a1f1fd5a6afe81bb966e0740968f4\">\n\t\t\t\t\t\t<a class=\"b-button b-button--color- b-button--style-\"\n\t   href=\"https:\/\/www.yrittajat.fi\/yrittajajarjesto\/liity-jaseneksi\/#lomake\"\n\t   target=\"_blank\">\n\n\t\t<span class=\"b-button__title\">\n\t\t\tLiity j\u00e4seneksi\t\t<\/span>\n\n\t\t\t\t\t<span class=\"b-button__icon\">\n\t\t\t\t<svg xmlns=\"http:\/\/www.w3.org\/2000\/svg\" viewBox=\"0 0 9 14\"><path d=\"M2.001 13.664a1.333 1.333 0 01-.954-2.272l.007-.008 4.414-4.386-4.24-4.414A1.333 1.333 0 113.12.704l5.147 5.334a1.333 1.333 0 010 1.866l-5.334 5.334a1.333 1.333 0 01-.933.426z\"\/><\/svg>\t\t\t<\/span>\n\t\t\t<\/a>\n\t\t\t<\/div>\n","protected":false},"excerpt":{"rendered":"<p>Yritt\u00e4jien j\u00e4senen\u00e4 saat enemm\u00e4n &#8211; tutustu j\u00e4senetuihin Yritt\u00e4jien j\u00e4senen\u00e4 olet osa Suomen suurinta yritt\u00e4j\u00e4yhteis\u00f6\u00e4 ja nautit rahanarvoisista eduista sek\u00e4 liiketoimintaasi edist\u00e4vist\u00e4 palveluista. Olemme apunasi ja l\u00e4sn\u00e4 arjessasi. Neuvomme, verkostoimme ja tuemme. Kanssamme pysyt kartalla uudistuksista ja koulutuksistamme saat uusimmat opit ja hy\u00f6dyt liiketoimintasi kehitt\u00e4miseen. Maksuton neuvontapalvelu Ongelmia? Soita 09 229 222, saat avun nopeasti ja &hellip; <a href=\"https:\/\/me.yrittajat.fi\/onnistujat\/etusivu\/jasenedut-2\/\">Lue lis\u00e4\u00e4<\/a><\/p>\n","protected":false},"author":47,"featured_media":10,"parent":3,"menu_order":1,"comment_status":"closed","ping_status":"closed","template":"","meta":{"_acf_changed":false,"footnotes":""},"class_list":["post-56","page","type-page","status-publish","has-post-thumbnail","hentry"],"acf":[],"_links":{"self":[{"href":"https:\/\/me.yrittajat.fi\/onnistujat\/wp-json\/wp\/v2\/pages\/56","targetHints":{"allow":["GET"]}}],"collection":[{"href":"https:\/\/me.yrittajat.fi\/onnistujat\/wp-json\/wp\/v2\/pages"}],"about":[{"href":"https:\/\/me.yrittajat.fi\/onnistujat\/wp-json\/wp\/v2\/types\/page"}],"author":[{"embeddable":true,"href":"https:\/\/me.yrittajat.fi\/onnistujat\/wp-json\/wp\/v2\/users\/47"}],"replies":[{"embeddable":true,"href":"https:\/\/me.yrittajat.fi\/onnistujat\/wp-json\/wp\/v2\/comments?post=56"}],"version-history":[{"count":38,"href":"https:\/\/me.yrittajat.fi\/onnistujat\/wp-json\/wp\/v2\/pages\/56\/revisions"}],"predecessor-version":[{"id":477,"href":"https:\/\/me.yrittajat.fi\/onnistujat\/wp-json\/wp\/v2\/pages\/56\/revisions\/477"}],"up":[{"embeddable":true,"href":"https:\/\/me.yrittajat.fi\/onnistujat\/wp-json\/wp\/v2\/pages\/3"}],"wp:featuredmedia":[{"embeddable":true,"href":"https:\/\/me.yrittajat.fi\/onnistujat\/wp-json\/wp\/v2\/media\/10"}],"wp:attachment":[{"href":"https:\/\/me.yrittajat.fi\/onnistujat\/wp-json\/wp\/v2\/media?parent=56"}],"curies":[{"name":"wp","href":"https:\/\/api.w.org\/{rel}","templated":true}]}}