{"id":3,"date":"2021-10-11T10:20:27","date_gmt":"2021-10-11T07:20:27","guid":{"rendered":"https:\/\/me.yrittajat.fi\/osaajapula-tulee-oletko-valmis\/etusivu\/"},"modified":"2021-10-13T10:50:07","modified_gmt":"2021-10-13T07:50:07","slug":"etusivu","status":"publish","type":"page","link":"https:\/\/me.yrittajat.fi\/osaajapula-tulee-oletko-valmis\/","title":{"rendered":"Etusivu"},"content":{"rendered":"\n\t<div id=\"gb-anchor-block_6163e92d96951\" class=\"gb-anchor gb-anchor-block_6163e92d96951\">\n\t\t\t\t\t<div class=\"gb-anchor__anchor\" id=\"tervetuloamukaan\"><\/div>\n\n\t\t\t\t\t\t<\/div>\n\n\n\n\n<h2 class=\"has-text-align-center wp-block-heading\">TERVETULOA MUKAAN<\/h2>\n\n\n\n<p class=\"has-drop-cap\"><em>Miten ty\u00f6voiman ammattilaisten tarve ja osaajapula n\u00e4kyv\u00e4t nyt ja tulevaisuudessa alan yrityksiss\u00e4 ja rekrytoinneissa? Millaisia yhteisty\u00f6n malleja on jo nyt olemassa, joilla voimme innostaa nuoria opiskelemaan ja ty\u00f6llistym\u00e4\u00e4n osaajatarpeesta k\u00e4rsiville aloille? Miten voimme tehd\u00e4 vaikuttavampaa yhteisty\u00f6t\u00e4 helpottaaksemme kasvavaa osaajapulaa ja ty\u00f6voiman tarvetta?<\/em><\/p>\n\n\n\n<p><strong>J\u00e4rjest\u00e4mme 28.10.2021 yhteisen webinaarin yrityksille, toisen asteen ja perusasteen opinto-ohjaajille ja oppilaitosjohdolle.<\/strong><\/p>\n\n\n\n<p>Tapahtuma koostuu kahdesta osiosta: webinaari klo 14.00-15.00 sek\u00e4 yritysten ja oppilaitosten treffit klo 15.00-16.00.<\/p>\n\n\n\n<p><strong>Tapahtuman alun webinaarissa esitell\u00e4\u00e4n<\/strong> <a href=\"https:\/\/www.yrittajat.fi\/pirkanmaan-yrittajat\/a\/uutiset\/653767-parkanon-malli-kannustaa-kouluttautumaan-tyovoimapulasta-karsiville-aloille?_ga=2.91935898.1099286389.1633930632-1808700319.1633930625\">Parkanon-malli<\/a>, jolla on onnistuttu ratkaisemaan yritysten, kunnan ja koulutuksenj\u00e4rjest\u00e4j\u00e4n yhteisty\u00f6ll\u00e4 kone- ja metalliteollisuuden sek\u00e4 sote-alan ty\u00f6voima- ja osaajatarvetta. T\u00e4m\u00e4 erinomaisesti toimiva malli on nostanut huomattavasti nuorten kiinnostusta kouluttautua ty\u00f6voimapulasta k\u00e4rsiville aloille ja lis\u00e4nnyt ty\u00f6llistymist\u00e4. Malli on her\u00e4tt\u00e4nyt my\u00f6s valtakunnallisesti kiinnostusta.<\/p>\n\n\n\n<p><strong>Tapahtuman loppupuolella j\u00e4rjestett\u00e4vill\u00e4 treffeill\u00e4<\/strong> opinto-ohjaajilla ja yrityksill\u00e4 on mahdollisuus keskustella kesken\u00e4\u00e4n ja sopia yhteisty\u00f6kokeilun j\u00e4rjest\u00e4misest\u00e4.<\/p>\n\n\n\n<p><strong>L\u00e4mpim\u00e4sti tervetuloa mukaan kuulemaan lis\u00e4\u00e4 n\u00e4ist\u00e4 aiheista, verkostoitumaan ja kehitt\u00e4m\u00e4\u00e4n yhteisty\u00f6t\u00e4 k\u00e4yt\u00e4nn\u00f6n tasolla eteenp\u00e4in!<\/strong><\/p>\n\n\n\n\t<div id=\"gb-anchor-block_6163eafab248c\" class=\"gb-anchor gb-anchor-block_6163eafab248c\">\n\t\t\t\t\t<div class=\"gb-anchor__anchor\" id=\"ohjelma\"><\/div>\n\n\t\t\t\t\t\t<\/div>\n\n\n\n\n\t<div id=\"gb-background-block_6163e9b2b2486\" class=\"gb-background gb-background-block_6163e9b2b2486 bg-black\">\n\t\t<div class=\"container\">\n\t\t\t<div class=\"gutenberg-content\">\n\t\t\t\t\t\t\t\t\n\n<h2 class=\"has-text-align-center wp-block-heading\">OHJELMA<\/h2>\n\n\n\n<p>Tilaisuuden juontajana toimii Maria Virtanen, Pirkanmaan Yritt\u00e4j\u00e4t. Teknisen toteutuksen tarjoaa Pirkanmaan Yritt\u00e4j\u00e4t.<\/p>\n\n\n\n<h3 class=\"has-text-align-center wp-block-heading\">TORSTAI 28.10.<\/h3>\n\n\n\n<section id=\"gb-accordion-block_6163e9d4b2487\" class=\"gb-accordion gb-accordion-block_6163e9d4b2487\">\n\t<div class=\"handorgel\">\n\t\t\t\t\t<h3 class=\"handorgel__header handorgel__header--no-start-time\">\n\t\t\t\t<button class=\"handorgel__header__button\"\n\t\t\t\t        id=\"tilaisuus-alkaa\">\n\t\t\t\t\t<span class=\"handorgel__header__button--content\">\n\t\t\t\t\t\t\t\t\t\t<span class=\"handorgel__header__button--title\">Tilaisuus alkaa<\/span>\n\t\t\t\t\t<\/span>\n\t\t\t\t\t<span class=\"handorgel__header__button--icon\">\n\t\t\t\t\t\t\t<span><\/span>\n\t\t\t\t\t\t\t<span><\/span>\n\t\t\t\t\t<\/span>\n\t\t\t\t\t\t\t\t\t<\/button>\n\t\t\t<\/h3>\n\t\t\t<div class=\"handorgel__content handorgel__content--no-start-time\">\n\t\t\t\t<div class=\"handorgel__content__inner\">\n\t\t\t\t\t<p><strong>Alkusanat<\/strong> \u2013 Ilkka Piiroinen, TAMK<\/p>\n<p><strong>Osaajapula tulee \u2013 oletko valmis?<\/strong> \u2013 Pasi Julkunen, Mexlink Oy<\/p>\n<p><strong>Parkanon malli<\/strong> \u2013 Miiro Kuusikko, Fennosteel Oy ja Jari Pihlajam\u00e4ki, Kehitys-Parkki Oy<\/p>\n<p><strong>OPO:jen n\u00e4k\u00f6kulma<\/strong> \u2013 Laura Salonen, Parkanon kaupunki ja Tarja Perolainen, Sasky<\/p>\n<p><strong>Kysymyksi\u00e4, kommentteja<\/strong><\/p>\n\t\t\t\t<\/div>\n\t\t\t<\/div>\n\t\t\t\t\t<h3 class=\"handorgel__header handorgel__header--no-start-time\">\n\t\t\t\t<button class=\"handorgel__header__button\"\n\t\t\t\t        id=\"opojen-ja-yritysten-treffit\">\n\t\t\t\t\t<span class=\"handorgel__header__button--content\">\n\t\t\t\t\t\t\t\t\t\t<span class=\"handorgel__header__button--title\"> OPO:jen ja yritysten treffit<\/span>\n\t\t\t\t\t<\/span>\n\t\t\t\t\t<span class=\"handorgel__header__button--icon\">\n\t\t\t\t\t\t\t<span><\/span>\n\t\t\t\t\t\t\t<span><\/span>\n\t\t\t\t\t<\/span>\n\t\t\t\t\t\t\t\t\t<\/button>\n\t\t\t<\/h3>\n\t\t\t<div class=\"handorgel__content handorgel__content--no-start-time\">\n\t\t\t\t<div class=\"handorgel__content__inner\">\n\t\t\t\t\t<p><strong>Treffien tavoitteena on sopia seuraava askel yhteisty\u00f6h\u00f6n<\/strong> \u2013 Maria Lanteri, Sasky<\/p>\n\t\t\t\t<\/div>\n\t\t\t<\/div>\n\t\t\t\t\t<h3 class=\"handorgel__header handorgel__header--no-start-time\">\n\t\t\t\t<button class=\"handorgel__header__button\"\n\t\t\t\t        id=\"yhteenveto-ja-mita-seuraavaksi\">\n\t\t\t\t\t<span class=\"handorgel__header__button--content\">\n\t\t\t\t\t\t\t\t\t\t<span class=\"handorgel__header__button--title\"> Yhteenveto ja mit\u00e4 seuraavaksi<\/span>\n\t\t\t\t\t<\/span>\n\t\t\t\t\t<span class=\"handorgel__header__button--icon\">\n\t\t\t\t\t\t\t<span><\/span>\n\t\t\t\t\t\t\t<span><\/span>\n\t\t\t\t\t<\/span>\n\t\t\t\t\t\t\t\t\t<\/button>\n\t\t\t<\/h3>\n\t\t\t<div class=\"handorgel__content handorgel__content--no-start-time\">\n\t\t\t\t<div class=\"handorgel__content__inner\">\n\t\t\t\t\t<p><strong>Treffien ja tilaisuuden yhteenveto<\/strong> &#8211; Marko M\u00e4kinen, Pirkanmaan liitto<\/p>\n\t\t\t\t<\/div>\n\t\t\t<\/div>\n\t\t\t\t\t<h3 class=\"handorgel__header handorgel__header--no-start-time\">\n\t\t\t\t<button class=\"handorgel__header__button\"\n\t\t\t\t        id=\"tilaisuus-paattyy\">\n\t\t\t\t\t<span class=\"handorgel__header__button--content\">\n\t\t\t\t\t\t\t\t\t\t<span class=\"handorgel__header__button--title\"> Tilaisuus p\u00e4\u00e4ttyy<\/span>\n\t\t\t\t\t<\/span>\n\t\t\t\t\t<span class=\"handorgel__header__button--icon\">\n\t\t\t\t\t\t\t<span><\/span>\n\t\t\t\t\t\t\t<span><\/span>\n\t\t\t\t\t<\/span>\n\t\t\t\t\t\t\t\t\t<\/button>\n\t\t\t<\/h3>\n\t\t\t<div class=\"handorgel__content handorgel__content--no-start-time\">\n\t\t\t\t<div class=\"handorgel__content__inner\">\n\t\t\t\t\t\t\t\t\t<\/div>\n\t\t\t<\/div>\n\t\t\t<\/div>\n<\/section\n\t\t<!-- You can also use SakkeLib\\Helpers\\get_template_part inside a gutenberg acf block template -->\n\n\n\t\t\t<\/div>\n\t\t<\/div>\n\t<\/div>\n\n\n\n\n\t<div id=\"gb-anchor-block_6163eb28e91a7\" class=\"gb-anchor gb-anchor-block_6163eb28e91a7\">\n\t\t\t\t\t<div class=\"gb-anchor__anchor\" id=\"jarjestajat\"><\/div>\n\n\t\t\t\t\t\t<\/div>\n\n\n\n\n<h2 class=\"has-text-align-center wp-block-heading\">J\u00c4RJEST\u00c4J\u00c4T<\/h2>\n\n\n\n<p class=\"has-drop-cap\">Osana Sitran osaamisen aika -alueiden kehitt\u00e4misty\u00f6t\u00e4 olemme kartoittaneet ty\u00f6ryhm\u00e4ss\u00e4mme akuutin ty\u00f6voiman tarvetta ja osaamisen kohtaantoa koko Pirkanmaalla. Olemme havainneet, ett\u00e4 tarve on suuri vahvempaan osaamistarpeiden ennakointiin ja yhteisty\u00f6mallien kehitt\u00e4miseen, joilla tulevaisuudessakin ty\u00f6voimapulasta k\u00e4rsiv\u00e4t alat l\u00f6yt\u00e4v\u00e4t osaavaa ty\u00f6voimaa. Alueella toimii jo hyvi\u00e4 oppilaitos- ja yritysyhteisty\u00f6malleja (Parkanon malli, Konepajakoulu 2.0), joita t\u00e4ss\u00e4 ty\u00f6ss\u00e4 voidaan hy\u00f6dynt\u00e4\u00e4 ja levitt\u00e4\u00e4. Haluammekin motivoida alueen oppilaitoksia ja yrityksi\u00e4 toimimaan vahvemmassa k\u00e4yt\u00e4nn\u00f6n yhteisty\u00f6ss\u00e4, ennakoimaan osaajapulaa ja tekem\u00e4\u00e4n Pirkanmaan tulevaisuutta yhdess\u00e4!<\/p>\n\n\n\n<ul class=\"wp-block-list\"><li>Maria Virtanen, Pirkanmaan yritt\u00e4j\u00e4t<\/li><li>Ilkka Piiroinen, TAMK<\/li><li>Pasi Julkunen, Mexlink Oy<\/li><li>Maria Lanteri, SASKY koulutuskuntayhtym\u00e4<\/li><li>Sari Pirttiluoto, Tampereen kaupungin ty\u00f6llisyys- ja kasvupalvelut<\/li><li>Marko M\u00e4kinen, Pirkanmaan liitto<\/li><\/ul>\n\n\n\n\t<div id=\"gb-anchor-block_6163ecc424877\" class=\"gb-anchor gb-anchor-block_6163ecc424877\">\n\t\t\t\t\t<div class=\"gb-anchor__anchor\" id=\"yhteistyossa\"><\/div>\n\n\t\t\t\t\t\t<\/div>\n\n\n\n\n<h2 class=\"has-text-align-center wp-block-heading\">YHTEISTY\u00d6SS\u00c4<\/h2>\n\n\n\n<figure class=\"wp-block-gallery columns-3 wp-block-gallery-1 is-layout-flex wp-block-gallery-is-layout-flex\"><ul class=\"blocks-gallery-grid\"><li class=\"blocks-gallery-item\"><figure><img loading=\"lazy\" decoding=\"async\" width=\"200\" height=\"100\" src=\"https:\/\/me.yrittajat.fi\/osaajapula-tulee-oletko-valmis\/app\/uploads\/sites\/13\/2021\/10\/tampere.png\" alt=\"\" data-id=\"40\" data-full-url=\"https:\/\/me.yrittajat.fi\/osaajapula-tulee-oletko-valmis\/app\/uploads\/sites\/13\/2021\/10\/tampere.png\" data-link=\"https:\/\/me.yrittajat.fi\/osaajapula-tulee-oletko-valmis\/etusivu\/tampere\/\" class=\"wp-image-40\"\/><\/figure><\/li><li class=\"blocks-gallery-item\"><figure><img loading=\"lazy\" decoding=\"async\" width=\"200\" height=\"100\" src=\"https:\/\/me.yrittajat.fi\/osaajapula-tulee-oletko-valmis\/app\/uploads\/sites\/13\/2021\/10\/sasky.png\" alt=\"\" data-id=\"38\" data-full-url=\"https:\/\/me.yrittajat.fi\/osaajapula-tulee-oletko-valmis\/app\/uploads\/sites\/13\/2021\/10\/sasky.png\" data-link=\"https:\/\/me.yrittajat.fi\/osaajapula-tulee-oletko-valmis\/etusivu\/sasky\/\" class=\"wp-image-38\"\/><\/figure><\/li><li class=\"blocks-gallery-item\"><figure><img loading=\"lazy\" decoding=\"async\" width=\"200\" height=\"100\" src=\"https:\/\/me.yrittajat.fi\/osaajapula-tulee-oletko-valmis\/app\/uploads\/sites\/13\/2021\/10\/mexlink.png\" alt=\"\" data-id=\"35\" data-full-url=\"https:\/\/me.yrittajat.fi\/osaajapula-tulee-oletko-valmis\/app\/uploads\/sites\/13\/2021\/10\/mexlink.png\" data-link=\"https:\/\/me.yrittajat.fi\/osaajapula-tulee-oletko-valmis\/etusivu\/mexlink\/\" class=\"wp-image-35\"\/><\/figure><\/li><li class=\"blocks-gallery-item\"><figure><img loading=\"lazy\" decoding=\"async\" width=\"200\" height=\"100\" src=\"https:\/\/me.yrittajat.fi\/osaajapula-tulee-oletko-valmis\/app\/uploads\/sites\/13\/2021\/10\/tamk.png\" alt=\"\" data-id=\"39\" data-full-url=\"https:\/\/me.yrittajat.fi\/osaajapula-tulee-oletko-valmis\/app\/uploads\/sites\/13\/2021\/10\/tamk.png\" data-link=\"https:\/\/me.yrittajat.fi\/osaajapula-tulee-oletko-valmis\/etusivu\/tamk\/\" class=\"wp-image-39\"\/><\/figure><\/li><li class=\"blocks-gallery-item\"><figure><img loading=\"lazy\" decoding=\"async\" width=\"200\" height=\"100\" src=\"https:\/\/me.yrittajat.fi\/osaajapula-tulee-oletko-valmis\/app\/uploads\/sites\/13\/2021\/10\/py.png\" alt=\"\" data-id=\"37\" data-full-url=\"https:\/\/me.yrittajat.fi\/osaajapula-tulee-oletko-valmis\/app\/uploads\/sites\/13\/2021\/10\/py.png\" data-link=\"https:\/\/me.yrittajat.fi\/osaajapula-tulee-oletko-valmis\/etusivu\/py\/\" class=\"wp-image-37\"\/><\/figure><\/li><li class=\"blocks-gallery-item\"><figure><img loading=\"lazy\" decoding=\"async\" width=\"200\" height=\"100\" src=\"https:\/\/me.yrittajat.fi\/osaajapula-tulee-oletko-valmis\/app\/uploads\/sites\/13\/2021\/10\/liitto.png\" alt=\"\" data-id=\"42\" data-full-url=\"https:\/\/me.yrittajat.fi\/osaajapula-tulee-oletko-valmis\/app\/uploads\/sites\/13\/2021\/10\/liitto.png\" data-link=\"https:\/\/me.yrittajat.fi\/osaajapula-tulee-oletko-valmis\/etusivu\/liitto\/\" class=\"wp-image-42\"\/><\/figure><\/li><li class=\"blocks-gallery-item\"><figure><img loading=\"lazy\" decoding=\"async\" width=\"201\" height=\"100\" src=\"https:\/\/me.yrittajat.fi\/osaajapula-tulee-oletko-valmis\/app\/uploads\/sites\/13\/2021\/10\/parkano.png\" alt=\"\" data-id=\"36\" data-full-url=\"https:\/\/me.yrittajat.fi\/osaajapula-tulee-oletko-valmis\/app\/uploads\/sites\/13\/2021\/10\/parkano.png\" data-link=\"https:\/\/me.yrittajat.fi\/osaajapula-tulee-oletko-valmis\/etusivu\/parkano\/\" class=\"wp-image-36\"\/><\/figure><\/li><\/ul><\/figure>\n\n\n\n\t<div id=\"gb-anchor-block_6163ec7364e11\" class=\"gb-anchor gb-anchor-block_6163ec7364e11\">\n\t\t\t\t\t<div class=\"gb-anchor__anchor\" id=\"ukk\"><\/div>\n\n\t\t\t\t\t\t<\/div>\n\n\n\n\n\t<div id=\"gb-background-block_6163eb5c64e0a\" class=\"gb-background gb-background-block_6163eb5c64e0a bg-black\">\n\t\t<div class=\"container\">\n\t\t\t<div class=\"gutenberg-content\">\n\t\t\t\t\t\t\t\t\n\n<h2 class=\"has-text-align-center wp-block-heading\">UKK<\/h2>\n\n\n\n<section id=\"gb-accordion-block_6163eb6c64e0b\" class=\"gb-accordion gb-accordion-block_6163eb6c64e0b\">\n\t<div class=\"handorgel\">\n\t\t\t\t\t<h3 class=\"handorgel__header handorgel__header--no-start-time\">\n\t\t\t\t<button class=\"handorgel__header__button\"\n\t\t\t\t        id=\"miten-paasen-mukaan-webinaariin\">\n\t\t\t\t\t<span class=\"handorgel__header__button--content\">\n\t\t\t\t\t\t\t\t\t\t<span class=\"handorgel__header__button--title\">Miten p\u00e4\u00e4sen mukaan webinaariin?<\/span>\n\t\t\t\t\t<\/span>\n\t\t\t\t\t<span class=\"handorgel__header__button--icon\">\n\t\t\t\t\t\t\t<span><\/span>\n\t\t\t\t\t\t\t<span><\/span>\n\t\t\t\t\t<\/span>\n\t\t\t\t\t\t\t\t\t<\/button>\n\t\t\t<\/h3>\n\t\t\t<div class=\"handorgel__content handorgel__content--no-start-time\">\n\t\t\t\t<div class=\"handorgel__content__inner\">\n\t\t\t\t\t<p>Tapahtuman toteutetaan Zoom-meeting -sovelluksella. Linkin saat osallistumivahvistuksessa <a href=\"https:\/\/www.lyyti.fi\/reg\/Osaajapula_tulee_oletko_valmis_0308\">ilmoittautumisen<\/a> yhteydess\u00e4.<\/p>\n\t\t\t\t<\/div>\n\t\t\t<\/div>\n\t\t\t\t\t<h3 class=\"handorgel__header handorgel__header--no-start-time\">\n\t\t\t\t<button class=\"handorgel__header__button\"\n\t\t\t\t        id=\"pitaako-minun-ladata-jokin-ohjelma-osallistuakseni\">\n\t\t\t\t\t<span class=\"handorgel__header__button--content\">\n\t\t\t\t\t\t\t\t\t\t<span class=\"handorgel__header__button--title\">Pit\u00e4\u00e4k\u00f6 minun ladata jokin ohjelma osallistuakseni?<\/span>\n\t\t\t\t\t<\/span>\n\t\t\t\t\t<span class=\"handorgel__header__button--icon\">\n\t\t\t\t\t\t\t<span><\/span>\n\t\t\t\t\t\t\t<span><\/span>\n\t\t\t\t\t<\/span>\n\t\t\t\t\t\t\t\t\t<\/button>\n\t\t\t<\/h3>\n\t\t\t<div class=\"handorgel__content handorgel__content--no-start-time\">\n\t\t\t\t<div class=\"handorgel__content__inner\">\n\t\t\t\t\t<p>Ei. Voit osallistua web-selaimen kautta, mutta suosittelemme ohjelman lataamista paremman laadun ja kaikkien ominaisuuksien saamikseksi k\u00e4ytt\u00f6\u00f6n.<\/p>\n\t\t\t\t<\/div>\n\t\t\t<\/div>\n\t\t\t\t\t<h3 class=\"handorgel__header handorgel__header--no-start-time\">\n\t\t\t\t<button class=\"handorgel__header__button\"\n\t\t\t\t        id=\"mista-voin-ladata-sovelluksen\">\n\t\t\t\t\t<span class=\"handorgel__header__button--content\">\n\t\t\t\t\t\t\t\t\t\t<span class=\"handorgel__header__button--title\">Mist\u00e4 voin ladata sovelluksen?<\/span>\n\t\t\t\t\t<\/span>\n\t\t\t\t\t<span class=\"handorgel__header__button--icon\">\n\t\t\t\t\t\t\t<span><\/span>\n\t\t\t\t\t\t\t<span><\/span>\n\t\t\t\t\t<\/span>\n\t\t\t\t\t\t\t\t\t<\/button>\n\t\t\t<\/h3>\n\t\t\t<div class=\"handorgel__content handorgel__content--no-start-time\">\n\t\t\t\t<div class=\"handorgel__content__inner\">\n\t\t\t\t\t<p>Tietokoneelle voit ladata maksuttoman sovelluksen t\u00e4\u00e4lt\u00e4: <a href=\"https:\/\/zoom.us\/download\">zoom.us\/download<\/a>. Valitse: Zoom Client for Meetings.<br \/>\nSovelluksen saat ladattua my\u00f6s puhelimeesi ja tablettiin sovelluskaupastasi (Appstore, Google Play lauppa).<\/p>\n\t\t\t\t<\/div>\n\t\t\t<\/div>\n\t\t\t\t\t<h3 class=\"handorgel__header handorgel__header--no-start-time\">\n\t\t\t\t<button class=\"handorgel__header__button\"\n\t\t\t\t        id=\"pitaako-minun-valmistautua-ennakkoon\">\n\t\t\t\t\t<span class=\"handorgel__header__button--content\">\n\t\t\t\t\t\t\t\t\t\t<span class=\"handorgel__header__button--title\">Pit\u00e4\u00e4k\u00f6 minun valmistautua ennakkoon?<\/span>\n\t\t\t\t\t<\/span>\n\t\t\t\t\t<span class=\"handorgel__header__button--icon\">\n\t\t\t\t\t\t\t<span><\/span>\n\t\t\t\t\t\t\t<span><\/span>\n\t\t\t\t\t<\/span>\n\t\t\t\t\t\t\t\t\t<\/button>\n\t\t\t<\/h3>\n\t\t\t<div class=\"handorgel__content handorgel__content--no-start-time\">\n\t\t\t\t<div class=\"handorgel__content__inner\">\n\t\t\t\t\t<p>Kyll\u00e4. Mukaan voit liitty\u00e4 saamasi linkin kautta ja <strong>suosittelemme Zoom-sovelluksen asentamista sek\u00e4 testaamista ennen tapahtumaa<\/strong>. Testaa my\u00f6s mikrofonisi ja kameran toimivuus. Jos olet jo asentanut ohjelman, niin suosittelemme tarkistamaan onko sovellukseen p\u00e4ivityksi\u00e4.<\/p>\n\t\t\t\t<\/div>\n\t\t\t<\/div>\n\t\t\t\t\t<h3 class=\"handorgel__header handorgel__header--no-start-time\">\n\t\t\t\t<button class=\"handorgel__header__button\"\n\t\t\t\t        id=\"minulla-olisi-muutakin-kysyttavaa-keneen-otan-yhteytta\">\n\t\t\t\t\t<span class=\"handorgel__header__button--content\">\n\t\t\t\t\t\t\t\t\t\t<span class=\"handorgel__header__button--title\">Minulla olisi muutakin kysytt\u00e4v\u00e4\u00e4. Keneen otan yhteytt\u00e4?<\/span>\n\t\t\t\t\t<\/span>\n\t\t\t\t\t<span class=\"handorgel__header__button--icon\">\n\t\t\t\t\t\t\t<span><\/span>\n\t\t\t\t\t\t\t<span><\/span>\n\t\t\t\t\t<\/span>\n\t\t\t\t\t\t\t\t\t<\/button>\n\t\t\t<\/h3>\n\t\t\t<div class=\"handorgel__content handorgel__content--no-start-time\">\n\t\t\t\t<div class=\"handorgel__content__inner\">\n\t\t\t\t\t<p>Tapahtuman sis\u00e4ll\u00f6n suhteen lis\u00e4tietoja saat:<\/p>\n<p>maria.virtanen(a)yrittajat.fi<br \/>\nilkka.piiroinen(a)tamk.fi<br \/>\nmaria.lanteri(a)sasky.fi<\/p>\n<p>Tekniikkaan littyen laita s\u00e4hk\u00f6postia: kimmo.pesola@yrittajat.fi<\/p>\n\t\t\t\t<\/div>\n\t\t\t<\/div>\n\t\t\t<\/div>\n<\/section\n\t\t<!-- You can also use SakkeLib\\Helpers\\get_template_part inside a gutenberg acf block template -->\n\n\n\t\t\t<\/div>\n\t\t<\/div>\n\t<\/div>\n\n","protected":false},"excerpt":{"rendered":"<p>TERVETULOA MUKAAN Miten ty\u00f6voiman ammattilaisten tarve ja osaajapula n\u00e4kyv\u00e4t nyt ja tulevaisuudessa alan yrityksiss\u00e4 ja rekrytoinneissa? Millaisia yhteisty\u00f6n malleja on jo nyt olemassa, joilla voimme innostaa nuoria opiskelemaan ja ty\u00f6llistym\u00e4\u00e4n osaajatarpeesta k\u00e4rsiville aloille? Miten voimme tehd\u00e4 vaikuttavampaa yhteisty\u00f6t\u00e4 helpottaaksemme kasvavaa osaajapulaa ja ty\u00f6voiman tarvetta? J\u00e4rjest\u00e4mme 28.10.2021 yhteisen webinaarin yrityksille, toisen asteen ja perusasteen opinto-ohjaajille ja &hellip; <a href=\"https:\/\/me.yrittajat.fi\/osaajapula-tulee-oletko-valmis\/\">Lue lis\u00e4\u00e4<\/a><\/p>\n","protected":false},"author":4,"featured_media":5,"parent":0,"menu_order":0,"comment_status":"closed","ping_status":"closed","template":"","meta":{"_acf_changed":false,"footnotes":""},"class_list":["post-3","page","type-page","status-publish","has-post-thumbnail","hentry"],"acf":[],"_links":{"self":[{"href":"https:\/\/me.yrittajat.fi\/osaajapula-tulee-oletko-valmis\/wp-json\/wp\/v2\/pages\/3","targetHints":{"allow":["GET"]}}],"collection":[{"href":"https:\/\/me.yrittajat.fi\/osaajapula-tulee-oletko-valmis\/wp-json\/wp\/v2\/pages"}],"about":[{"href":"https:\/\/me.yrittajat.fi\/osaajapula-tulee-oletko-valmis\/wp-json\/wp\/v2\/types\/page"}],"author":[{"embeddable":true,"href":"https:\/\/me.yrittajat.fi\/osaajapula-tulee-oletko-valmis\/wp-json\/wp\/v2\/users\/4"}],"replies":[{"embeddable":true,"href":"https:\/\/me.yrittajat.fi\/osaajapula-tulee-oletko-valmis\/wp-json\/wp\/v2\/comments?post=3"}],"version-history":[{"count":18,"href":"https:\/\/me.yrittajat.fi\/osaajapula-tulee-oletko-valmis\/wp-json\/wp\/v2\/pages\/3\/revisions"}],"predecessor-version":[{"id":48,"href":"https:\/\/me.yrittajat.fi\/osaajapula-tulee-oletko-valmis\/wp-json\/wp\/v2\/pages\/3\/revisions\/48"}],"wp:featuredmedia":[{"embeddable":true,"href":"https:\/\/me.yrittajat.fi\/osaajapula-tulee-oletko-valmis\/wp-json\/wp\/v2\/media\/5"}],"wp:attachment":[{"href":"https:\/\/me.yrittajat.fi\/osaajapula-tulee-oletko-valmis\/wp-json\/wp\/v2\/media?parent=3"}],"curies":[{"name":"wp","href":"https:\/\/api.w.org\/{rel}","templated":true}]}}