{"id":105,"date":"2026-04-29T11:50:23","date_gmt":"2026-04-29T11:50:23","guid":{"rendered":"https:\/\/me.yrittajat.fi\/restartup\/?page_id=105"},"modified":"2026-04-29T12:06:13","modified_gmt":"2026-04-29T12:06:13","slug":"yhteystiedot","status":"publish","type":"page","link":"https:\/\/me.yrittajat.fi\/restartup\/yhteystiedot\/","title":{"rendered":"YHTEYSTIEDOT"},"content":{"rendered":"\n<figure class=\"wp-block-image size-large is-resized is-style-default\"><img loading=\"lazy\" decoding=\"async\" width=\"683\" height=\"1024\" src=\"https:\/\/me.yrittajat.fi\/app\/uploads\/sites\/99\/2026\/04\/Tiina-Hamalainen-03-683x1024.jpg\" alt=\"\" class=\"wp-image-112\" style=\"width:232px;height:auto\" srcset=\"https:\/\/me.yrittajat.fi\/app\/uploads\/sites\/99\/2026\/04\/Tiina-Hamalainen-03-683x1024.jpg 683w, https:\/\/me.yrittajat.fi\/app\/uploads\/sites\/99\/2026\/04\/Tiina-Hamalainen-03-200x300.jpg 200w, https:\/\/me.yrittajat.fi\/app\/uploads\/sites\/99\/2026\/04\/Tiina-Hamalainen-03-768x1152.jpg 768w, https:\/\/me.yrittajat.fi\/app\/uploads\/sites\/99\/2026\/04\/Tiina-Hamalainen-03.jpg 1024w\" sizes=\"auto, (max-width: 683px) 100vw, 683px\" \/><\/figure>\n\n\n\n<p><strong>Tiina H\u00e4m\u00e4l\u00e4inen<\/strong><\/p>\n\n\n\n<p>Suomen Yritt\u00e4j\u00e4t ry<\/p>\n\n\n\n<p>Restartup-ohjelma<\/p>\n\n\n\n<p>tiina.hamalainen@yrittajat.fi<\/p>\n\n\n\n<p>+358 40 848 1904<\/p>\n","protected":false},"excerpt":{"rendered":"<p>Tiina H\u00e4m\u00e4l\u00e4inen Suomen Yritt\u00e4j\u00e4t ry Restartup-ohjelma tiina.hamalainen@yrittajat.fi +358 40 848 1904<\/p>\n","protected":false},"author":103,"featured_media":0,"parent":0,"menu_order":0,"comment_status":"closed","ping_status":"closed","template":"","meta":{"_acf_changed":false,"footnotes":""},"class_list":["post-105","page","type-page","status-publish","hentry"],"acf":[],"_links":{"self":[{"href":"https:\/\/me.yrittajat.fi\/restartup\/wp-json\/wp\/v2\/pages\/105","targetHints":{"allow":["GET"]}}],"collection":[{"href":"https:\/\/me.yrittajat.fi\/restartup\/wp-json\/wp\/v2\/pages"}],"about":[{"href":"https:\/\/me.yrittajat.fi\/restartup\/wp-json\/wp\/v2\/types\/page"}],"author":[{"embeddable":true,"href":"https:\/\/me.yrittajat.fi\/restartup\/wp-json\/wp\/v2\/users\/103"}],"replies":[{"embeddable":true,"href":"https:\/\/me.yrittajat.fi\/restartup\/wp-json\/wp\/v2\/comments?post=105"}],"version-history":[{"count":3,"href":"https:\/\/me.yrittajat.fi\/restartup\/wp-json\/wp\/v2\/pages\/105\/revisions"}],"predecessor-version":[{"id":113,"href":"https:\/\/me.yrittajat.fi\/restartup\/wp-json\/wp\/v2\/pages\/105\/revisions\/113"}],"wp:attachment":[{"href":"https:\/\/me.yrittajat.fi\/restartup\/wp-json\/wp\/v2\/media?parent=105"}],"curies":[{"name":"wp","href":"https:\/\/api.w.org\/{rel}","templated":true}]}}