{"id":3,"date":"2025-01-23T11:31:57","date_gmt":"2025-01-23T11:31:57","guid":{"rendered":"https:\/\/me.yrittajat.fi\/restartup\/etusivu\/"},"modified":"2026-04-23T08:09:22","modified_gmt":"2026-04-23T08:09:22","slug":"etusivu","status":"publish","type":"page","link":"https:\/\/me.yrittajat.fi\/restartup\/","title":{"rendered":"Restartup &#8211; kasvuohjelma uudistajille"},"content":{"rendered":"\n<figure class=\"wp-block-image size-full\"><img loading=\"lazy\" decoding=\"async\" width=\"1080\" height=\"1080\" src=\"https:\/\/me.yrittajat.fi\/app\/uploads\/sites\/99\/2026\/04\/RESTARTUP_Li_POSTAUS-1080x1080-A.jpg\" alt=\"\" class=\"wp-image-95\" srcset=\"https:\/\/me.yrittajat.fi\/app\/uploads\/sites\/99\/2026\/04\/RESTARTUP_Li_POSTAUS-1080x1080-A.jpg 1080w, https:\/\/me.yrittajat.fi\/app\/uploads\/sites\/99\/2026\/04\/RESTARTUP_Li_POSTAUS-1080x1080-A-300x300.jpg 300w, https:\/\/me.yrittajat.fi\/app\/uploads\/sites\/99\/2026\/04\/RESTARTUP_Li_POSTAUS-1080x1080-A-1024x1024.jpg 1024w, https:\/\/me.yrittajat.fi\/app\/uploads\/sites\/99\/2026\/04\/RESTARTUP_Li_POSTAUS-1080x1080-A-150x150.jpg 150w, https:\/\/me.yrittajat.fi\/app\/uploads\/sites\/99\/2026\/04\/RESTARTUP_Li_POSTAUS-1080x1080-A-768x768.jpg 768w, https:\/\/me.yrittajat.fi\/app\/uploads\/sites\/99\/2026\/04\/RESTARTUP_Li_POSTAUS-1080x1080-A-400x400.jpg 400w, https:\/\/me.yrittajat.fi\/app\/uploads\/sites\/99\/2026\/04\/RESTARTUP_Li_POSTAUS-1080x1080-A-600x600.jpg 600w\" sizes=\"auto, (max-width: 1080px) 100vw, 1080px\" \/><\/figure>\n\n\n\n<p>Tarjoamme <strong>ep\u00e4reilun kilpailuedun<\/strong>: kiihdytyskaistan vertaistesi kasvuhalukkaiden yritt\u00e4jien joukkoon.<\/p>\n\n\n\n<p>Restartup on ohjelma, joka tarjoaa parhaat mahdolliset ev\u00e4\u00e4t kasvuun omistajanvaihdoksen j\u00e4lkeen. Se koostuu<strong> tarkoituksenmukaisista<\/strong> opinnoista,<strong> merkityksellisist\u00e4<\/strong> kohtaamisista ja <strong>ainutlaatuisesta<\/strong> mentoroinnista.<\/p>\n\n\n\n<p>T\u00f6it\u00e4 tehd\u00e4\u00e4n <strong>Suomen parhaiden<\/strong> kanssa.<\/p>\n\n\n\n<p>Ohjelmaan valitaan uuden synnytt\u00e4ji\u00e4 ja n\u00e4k\u00f6kulman vaihtajia. Yritt\u00e4ji\u00e4, jotka ovat ostaneet liiketoimintansa vastik\u00e4\u00e4n ja l\u00e4htev\u00e4t kasvattamaan sit\u00e4 johdonmukaisesti. <\/p>\n\n\n\n<p>Autamme kasvattamaan <strong>uutta hyv\u00e4\u00e4 vanhan vahvan p\u00e4\u00e4lle<\/strong>.<\/p>\n\n\n\n<p>Me tarjoamme opit ja ty\u00f6kalut, sin\u00e4 m\u00e4\u00e4rit\u00e4t vauhdin ja suunnan.<\/p>\n\n\n\n<p>Redefine the possible. <\/p>\n\n\n\n<p><\/p>\n","protected":false},"excerpt":{"rendered":"<p>Tarjoamme ep\u00e4reilun kilpailuedun: kiihdytyskaistan vertaistesi kasvuhalukkaiden yritt\u00e4jien joukkoon. Restartup on ohjelma, joka tarjoaa parhaat mahdolliset ev\u00e4\u00e4t kasvuun omistajanvaihdoksen j\u00e4lkeen. Se koostuu tarkoituksenmukaisista opinnoista, merkityksellisist\u00e4 kohtaamisista ja ainutlaatuisesta mentoroinnista. T\u00f6it\u00e4 tehd\u00e4\u00e4n Suomen parhaiden kanssa. Ohjelmaan valitaan uuden synnytt\u00e4ji\u00e4 ja n\u00e4k\u00f6kulman vaihtajia. Yritt\u00e4ji\u00e4, jotka ovat ostaneet liiketoimintansa vastik\u00e4\u00e4n ja l\u00e4htev\u00e4t kasvattamaan sit\u00e4 johdonmukaisesti. Autamme kasvattamaan uutta hyv\u00e4\u00e4 &hellip; <a href=\"https:\/\/me.yrittajat.fi\/restartup\/\">Continued<\/a><\/p>\n","protected":false},"author":61,"featured_media":0,"parent":0,"menu_order":0,"comment_status":"closed","ping_status":"closed","template":"","meta":{"_acf_changed":false,"footnotes":""},"class_list":["post-3","page","type-page","status-publish","hentry"],"acf":[],"_links":{"self":[{"href":"https:\/\/me.yrittajat.fi\/restartup\/wp-json\/wp\/v2\/pages\/3","targetHints":{"allow":["GET"]}}],"collection":[{"href":"https:\/\/me.yrittajat.fi\/restartup\/wp-json\/wp\/v2\/pages"}],"about":[{"href":"https:\/\/me.yrittajat.fi\/restartup\/wp-json\/wp\/v2\/types\/page"}],"author":[{"embeddable":true,"href":"https:\/\/me.yrittajat.fi\/restartup\/wp-json\/wp\/v2\/users\/61"}],"replies":[{"embeddable":true,"href":"https:\/\/me.yrittajat.fi\/restartup\/wp-json\/wp\/v2\/comments?post=3"}],"version-history":[{"count":5,"href":"https:\/\/me.yrittajat.fi\/restartup\/wp-json\/wp\/v2\/pages\/3\/revisions"}],"predecessor-version":[{"id":103,"href":"https:\/\/me.yrittajat.fi\/restartup\/wp-json\/wp\/v2\/pages\/3\/revisions\/103"}],"wp:attachment":[{"href":"https:\/\/me.yrittajat.fi\/restartup\/wp-json\/wp\/v2\/media?parent=3"}],"curies":[{"name":"wp","href":"https:\/\/api.w.org\/{rel}","templated":true}]}}