{"id":41,"date":"2026-04-21T09:46:44","date_gmt":"2026-04-21T09:46:44","guid":{"rendered":"https:\/\/me.yrittajat.fi\/restartup\/?page_id=41"},"modified":"2026-04-21T09:58:41","modified_gmt":"2026-04-21T09:58:41","slug":"taustaa","status":"publish","type":"page","link":"https:\/\/me.yrittajat.fi\/restartup\/taustaa\/","title":{"rendered":"TAUSTAA"},"content":{"rendered":"\n<p>Suomessa arviolta <strong>40 000 yrityst\u00e4 etsii jatkajaa<\/strong>. Yritysosto on kiihdytyskaista kasvuun ja me haluamme kiihdytt\u00e4\u00e4 entisest\u00e4\u00e4n.<\/p>\n\n\n\n<p>Restartup on Suomen Yritt\u00e4jien ja Fennian yhteinen kehitt\u00e4mishanke, jonka avulla luodaan uudenlainen kasvuohjelma. Hanke on saanut rahoitusta Euroopan Aluekehitysrahastosta (EAKR), Uudistuva ja osaava Suomi 2021-2027 ohjelmasta. <\/p>\n\n\n\n<p>Vuoden mittaiseen ohjelmaan valitaan mukaan 20 yritt\u00e4j\u00e4\u00e4 Suomesta. Vahvimpana kriteerin\u00e4 on halu kasvaa ja kehitty\u00e4 sek\u00e4 rohkeus tehd\u00e4 uutta. Muita valintaperusteita ovat ty\u00f6llist\u00e4v\u00e4 vaikutus ja se, ett\u00e4 omistajanvaihdos on tehty kolmen vuoden sis\u00e4ll\u00e4. My\u00f6s osaomistajuus otetaan huomioon.<\/p>\n\n\n\n<p>Vuoden aikana yritt\u00e4j\u00e4t p\u00e4\u00e4sev\u00e4t ty\u00f6skentelem\u00e4\u00e4n Suomen ja maailman parhaiden kanssa. Vuosi on jaettu nelj\u00e4n kattoteeman alle, joihin kaikki osallistujat ottavat osaa. T\u00e4m\u00e4n lis\u00e4ksi kullekin yritykselle laaditaan oma kasvupolku. Suomen Yritt\u00e4j\u00e4t avaavat kullekin yritykselle ovia kasvuun omien verkostojensa avulla. Yrityksen on itse astuttava ovista sis\u00e4\u00e4n.<\/p>\n\n\n\n<p><\/p>\n\n\n\n<p><\/p>\n","protected":false},"excerpt":{"rendered":"<p>Suomessa arviolta 40 000 yrityst\u00e4 etsii jatkajaa. Yritysosto on kiihdytyskaista kasvuun ja me haluamme kiihdytt\u00e4\u00e4 entisest\u00e4\u00e4n. Restartup on Suomen Yritt\u00e4jien ja Fennian yhteinen kehitt\u00e4mishanke, jonka avulla luodaan uudenlainen kasvuohjelma. Hanke on saanut rahoitusta Euroopan Aluekehitysrahastosta (EAKR), Uudistuva ja osaava Suomi 2021-2027 ohjelmasta. Vuoden mittaiseen ohjelmaan valitaan mukaan 20 yritt\u00e4j\u00e4\u00e4 Suomesta. Vahvimpana kriteerin\u00e4 on halu kasvaa &hellip; <a href=\"https:\/\/me.yrittajat.fi\/restartup\/taustaa\/\">Continued<\/a><\/p>\n","protected":false},"author":103,"featured_media":0,"parent":0,"menu_order":0,"comment_status":"closed","ping_status":"closed","template":"","meta":{"_acf_changed":false,"footnotes":""},"class_list":["post-41","page","type-page","status-publish","hentry"],"acf":[],"_links":{"self":[{"href":"https:\/\/me.yrittajat.fi\/restartup\/wp-json\/wp\/v2\/pages\/41","targetHints":{"allow":["GET"]}}],"collection":[{"href":"https:\/\/me.yrittajat.fi\/restartup\/wp-json\/wp\/v2\/pages"}],"about":[{"href":"https:\/\/me.yrittajat.fi\/restartup\/wp-json\/wp\/v2\/types\/page"}],"author":[{"embeddable":true,"href":"https:\/\/me.yrittajat.fi\/restartup\/wp-json\/wp\/v2\/users\/103"}],"replies":[{"embeddable":true,"href":"https:\/\/me.yrittajat.fi\/restartup\/wp-json\/wp\/v2\/comments?post=41"}],"version-history":[{"count":2,"href":"https:\/\/me.yrittajat.fi\/restartup\/wp-json\/wp\/v2\/pages\/41\/revisions"}],"predecessor-version":[{"id":64,"href":"https:\/\/me.yrittajat.fi\/restartup\/wp-json\/wp\/v2\/pages\/41\/revisions\/64"}],"wp:attachment":[{"href":"https:\/\/me.yrittajat.fi\/restartup\/wp-json\/wp\/v2\/media?parent=41"}],"curies":[{"name":"wp","href":"https:\/\/api.w.org\/{rel}","templated":true}]}}