{"id":42,"date":"2026-04-21T09:46:44","date_gmt":"2026-04-21T09:46:44","guid":{"rendered":"https:\/\/me.yrittajat.fi\/restartup\/?page_id=42"},"modified":"2026-04-22T10:14:57","modified_gmt":"2026-04-22T10:14:57","slug":"hae-mukaan","status":"publish","type":"page","link":"https:\/\/me.yrittajat.fi\/restartup\/hae-mukaan\/","title":{"rendered":"HAE MUKAAN"},"content":{"rendered":"\n<iframe loading=\"lazy\"\n  src=\"https:\/\/link.webropolsurveys.com\/S\/0AB9CD93FEEF2082\"\n  width=\"100%\"\n  height=\"1200\"\n  frameborder=\"0\"\n  scrolling=\"yes\"\n><\/iframe>\n\n\n\n<p>K\u00e4sittelemme antamiasi henkil\u00f6tietoja Suomen Yritt\u00e4jien <a href=\"https:\/\/www.yrittajat.fi\/tietoa-meista\/yhteydenotto\/tietosuojaseloste-ja-evastekaytannot\/\" target=\"_blank\" rel=\"noreferrer noopener\">tietosuojaselosteen <\/a>mukaisesti.<\/p>\n\n\n\n<p><\/p>\n","protected":false},"excerpt":{"rendered":"<p>K\u00e4sittelemme antamiasi henkil\u00f6tietoja Suomen Yritt\u00e4jien tietosuojaselosteen mukaisesti.<\/p>\n","protected":false},"author":103,"featured_media":0,"parent":0,"menu_order":0,"comment_status":"closed","ping_status":"closed","template":"","meta":{"_acf_changed":false,"footnotes":""},"class_list":["post-42","page","type-page","status-publish","hentry"],"acf":[],"_links":{"self":[{"href":"https:\/\/me.yrittajat.fi\/restartup\/wp-json\/wp\/v2\/pages\/42","targetHints":{"allow":["GET"]}}],"collection":[{"href":"https:\/\/me.yrittajat.fi\/restartup\/wp-json\/wp\/v2\/pages"}],"about":[{"href":"https:\/\/me.yrittajat.fi\/restartup\/wp-json\/wp\/v2\/types\/page"}],"author":[{"embeddable":true,"href":"https:\/\/me.yrittajat.fi\/restartup\/wp-json\/wp\/v2\/users\/103"}],"replies":[{"embeddable":true,"href":"https:\/\/me.yrittajat.fi\/restartup\/wp-json\/wp\/v2\/comments?post=42"}],"version-history":[{"count":4,"href":"https:\/\/me.yrittajat.fi\/restartup\/wp-json\/wp\/v2\/pages\/42\/revisions"}],"predecessor-version":[{"id":93,"href":"https:\/\/me.yrittajat.fi\/restartup\/wp-json\/wp\/v2\/pages\/42\/revisions\/93"}],"wp:attachment":[{"href":"https:\/\/me.yrittajat.fi\/restartup\/wp-json\/wp\/v2\/media?parent=42"}],"curies":[{"name":"wp","href":"https:\/\/api.w.org\/{rel}","templated":true}]}}