{"id":57,"date":"2026-04-21T09:51:28","date_gmt":"2026-04-21T09:51:28","guid":{"rendered":"https:\/\/me.yrittajat.fi\/restartup\/?page_id=57"},"modified":"2026-04-21T09:53:52","modified_gmt":"2026-04-21T09:53:52","slug":"kenelle-2","status":"publish","type":"page","link":"https:\/\/me.yrittajat.fi\/restartup\/kenelle-2\/","title":{"rendered":"KENELLE?"},"content":{"rendered":"\n<p>Ohjelmaan haetaan mukaan 20 yrityst\u00e4. Valintakriteerit ovat seuraavat:<\/p>\n\n\n\n<ol class=\"wp-block-list\">\n<li>Omistajanvaihdos on tehty 3 vuoden sis\u00e4ll\u00e4 (my\u00f6s osaomistus mahdollinen)<\/li>\n\n\n\n<li>Yritt\u00e4j\u00e4 on itse mukana operatiivisessa toiminnassa<\/li>\n\n\n\n<li>Yritys ty\u00f6llist\u00e4\u00e4 <\/li>\n\n\n\n<li>Yrityksell\u00e4 on halu kasvaa<\/li>\n\n\n\n<li>Yritys sitoutuu vuoden mittaiseen ohjelmaan<\/li>\n<\/ol>\n\n\n\n<p>Ohjelman pilottiversio (2026-2027) on osallistujalleen maksuton. <\/p>\n","protected":false},"excerpt":{"rendered":"<p>Ohjelmaan haetaan mukaan 20 yrityst\u00e4. Valintakriteerit ovat seuraavat: Ohjelman pilottiversio (2026-2027) on osallistujalleen maksuton.<\/p>\n","protected":false},"author":103,"featured_media":0,"parent":0,"menu_order":0,"comment_status":"closed","ping_status":"closed","template":"","meta":{"_acf_changed":false,"footnotes":""},"class_list":["post-57","page","type-page","status-publish","hentry"],"acf":[],"_links":{"self":[{"href":"https:\/\/me.yrittajat.fi\/restartup\/wp-json\/wp\/v2\/pages\/57","targetHints":{"allow":["GET"]}}],"collection":[{"href":"https:\/\/me.yrittajat.fi\/restartup\/wp-json\/wp\/v2\/pages"}],"about":[{"href":"https:\/\/me.yrittajat.fi\/restartup\/wp-json\/wp\/v2\/types\/page"}],"author":[{"embeddable":true,"href":"https:\/\/me.yrittajat.fi\/restartup\/wp-json\/wp\/v2\/users\/103"}],"replies":[{"embeddable":true,"href":"https:\/\/me.yrittajat.fi\/restartup\/wp-json\/wp\/v2\/comments?post=57"}],"version-history":[{"count":2,"href":"https:\/\/me.yrittajat.fi\/restartup\/wp-json\/wp\/v2\/pages\/57\/revisions"}],"predecessor-version":[{"id":62,"href":"https:\/\/me.yrittajat.fi\/restartup\/wp-json\/wp\/v2\/pages\/57\/revisions\/62"}],"wp:attachment":[{"href":"https:\/\/me.yrittajat.fi\/restartup\/wp-json\/wp\/v2\/media?parent=57"}],"curies":[{"name":"wp","href":"https:\/\/api.w.org\/{rel}","templated":true}]}}