{"id":65,"date":"2026-04-21T10:00:25","date_gmt":"2026-04-21T10:00:25","guid":{"rendered":"https:\/\/me.yrittajat.fi\/restartup\/?page_id=65"},"modified":"2026-04-23T08:08:47","modified_gmt":"2026-04-23T08:08:47","slug":"sisalto","status":"publish","type":"page","link":"https:\/\/me.yrittajat.fi\/restartup\/sisalto\/","title":{"rendered":"SIS\u00c4LT\u00d6"},"content":{"rendered":"\n<p>Vuosi on jaettu nelj\u00e4n kattoteeman ymp\u00e4rille.<\/p>\n\n\n\n<h2 class=\"wp-block-heading\"><strong>RETARGET &#8211; suunta ja perusta<\/strong><\/h2>\n\n\n\n<p>Kirkastetaan tarkoitus sille, miksi yrityskauppa on tehty. Mit\u00e4 on ostettu ja miksi? Ohjelman alussa laaditaan yrityskohtainen kasvusuunnitelma ja tavoitteet tulevalle vuodelle. Osallistujat aloittavat my\u00f6s oman kasvumatkansa johtajina yhdess\u00e4 maamme parhaiden johtajakouluttajien kanssa.<\/p>\n\n\n\n<p>Osallistujat my\u00f6s hakevat oppeja johtajuuteen syyskuussa Helsingiss\u00e4 j\u00e4rjestett\u00e4v\u00e4st\u00e4 <strong>Nordic Business Forumista<\/strong>.<\/p>\n\n\n\n<p><\/p>\n\n\n\n<h2 class=\"wp-block-heading\"><strong>REGROUP &#8211; ihmiset ja br\u00e4ndi<\/strong><\/h2>\n\n\n\n<p>Kaikki l\u00e4htee ihmisist\u00e4. Kenelle ja kenen kanssa t\u00f6it\u00e4 tehd\u00e4\u00e4n? <\/p>\n\n\n\n<p>Osallistujat kirkastavat omaa tapaansa johtaa ja saavat ty\u00f6kaluja yrityksen omien arvojen ja ty\u00f6skentelytapojen kehitt\u00e4miseen. <\/p>\n\n\n\n<p>Selkiytet\u00e4\u00e4n sit\u00e4, miten ostetun yrityksen henkil\u00f6st\u00f6 sitoutetaan uuden omistajan aikaan. Mit\u00e4 kannattaa muuttaa? Ent\u00e4 mit\u00e4 pit\u00e4\u00e4 ennallaan?<\/p>\n\n\n\n<p>Br\u00e4ndi eli maine on yritystoiminnan kulmakivi. Kuinka ostetun yrityksen maine (ja sen my\u00f6t\u00e4 asiakkaat) saadaan s\u00e4ilym\u00e4\u00e4n ja miten sit\u00e4 voidaan vahvistaa entisest\u00e4\u00e4n?<\/p>\n\n\n\n<p><\/p>\n\n\n\n<h2 class=\"wp-block-heading\"><strong>RESHAPE &#8211; strategia ja asiakkaat<\/strong><\/h2>\n\n\n\n<p>Mik\u00e4 on yrityksen p\u00e4\u00e4m\u00e4\u00e4r\u00e4? Miten sinne p\u00e4\u00e4st\u00e4\u00e4n? Yritt\u00e4ji\u00e4 autetaan paitsi strategian tekemisess\u00e4, my\u00f6s sen jalkauttamisessa henkil\u00f6st\u00f6lle ja sidosryhmille. <\/p>\n\n\n\n<p>Ent\u00e4 miten saadaan pidetty\u00e4 ostetun yrityksen asiakkaat kun omistaja vaihtuu? Mist\u00e4 saadaan uusia asiakkaita? Luodaan asiakaspolut ja kirkastetaan, mit\u00e4 asiakkaalle luvataan. <\/p>\n\n\n\n<p><\/p>\n\n\n\n<h2 class=\"wp-block-heading\"><strong>REVALUATE &#8211; tulokset ja jatko<\/strong><\/h2>\n\n\n\n<p>Ohjelman viimeinen nelj\u00e4nnes on varattu yhteenvetoon ja tulevan suunnitteluun. Ty\u00f6 kasvun ja kehityksen osalta on t\u00e4ss\u00e4 vaiheessa saatu alkuun. T\u00e4st\u00e4 eteenp\u00e4in kasvu vahvistuu entisest\u00e4\u00e4n. <\/p>\n","protected":false},"excerpt":{"rendered":"<p>Vuosi on jaettu nelj\u00e4n kattoteeman ymp\u00e4rille. RETARGET &#8211; suunta ja perusta Kirkastetaan tarkoitus sille, miksi yrityskauppa on tehty. Mit\u00e4 on ostettu ja miksi? Ohjelman alussa laaditaan yrityskohtainen kasvusuunnitelma ja tavoitteet tulevalle vuodelle. Osallistujat aloittavat my\u00f6s oman kasvumatkansa johtajina yhdess\u00e4 maamme parhaiden johtajakouluttajien kanssa. Osallistujat my\u00f6s hakevat oppeja johtajuuteen syyskuussa Helsingiss\u00e4 j\u00e4rjestett\u00e4v\u00e4st\u00e4 Nordic Business Forumista. REGROUP &hellip; <a href=\"https:\/\/me.yrittajat.fi\/restartup\/sisalto\/\">Continued<\/a><\/p>\n","protected":false},"author":103,"featured_media":0,"parent":0,"menu_order":0,"comment_status":"closed","ping_status":"closed","template":"","meta":{"_acf_changed":false,"footnotes":""},"class_list":["post-65","page","type-page","status-publish","hentry"],"acf":[],"_links":{"self":[{"href":"https:\/\/me.yrittajat.fi\/restartup\/wp-json\/wp\/v2\/pages\/65","targetHints":{"allow":["GET"]}}],"collection":[{"href":"https:\/\/me.yrittajat.fi\/restartup\/wp-json\/wp\/v2\/pages"}],"about":[{"href":"https:\/\/me.yrittajat.fi\/restartup\/wp-json\/wp\/v2\/types\/page"}],"author":[{"embeddable":true,"href":"https:\/\/me.yrittajat.fi\/restartup\/wp-json\/wp\/v2\/users\/103"}],"replies":[{"embeddable":true,"href":"https:\/\/me.yrittajat.fi\/restartup\/wp-json\/wp\/v2\/comments?post=65"}],"version-history":[{"count":4,"href":"https:\/\/me.yrittajat.fi\/restartup\/wp-json\/wp\/v2\/pages\/65\/revisions"}],"predecessor-version":[{"id":102,"href":"https:\/\/me.yrittajat.fi\/restartup\/wp-json\/wp\/v2\/pages\/65\/revisions\/102"}],"wp:attachment":[{"href":"https:\/\/me.yrittajat.fi\/restartup\/wp-json\/wp\/v2\/media?parent=65"}],"curies":[{"name":"wp","href":"https:\/\/api.w.org\/{rel}","templated":true}]}}