{"id":3,"date":"2026-02-03T07:43:21","date_gmt":"2026-02-03T07:43:21","guid":{"rendered":"https:\/\/me.yrittajat.fi\/torijuhlat\/etusivu\/"},"modified":"2026-04-15T21:36:35","modified_gmt":"2026-04-15T21:36:35","slug":"etusivu","status":"publish","type":"page","link":"https:\/\/me.yrittajat.fi\/torijuhlat\/","title":{"rendered":"Yritt\u00e4j\u00e4np\u00e4iv\u00e4n Torijuhlat"},"content":{"rendered":"\n<h2 class=\"wp-block-heading\">Torille!<\/h2>\n\n\n\n<p>Kutsumme sinut mukaan viett\u00e4m\u00e4\u00e4n Koko kansan torijuhlia valtakunnallisena Yritt\u00e4j\u00e4np\u00e4iv\u00e4n\u00e4 5.9.2026 Kuopion torille! <\/p>\n\n\n\n<p>Toritapahtuma on maksuton ja kaikille avoin juhla, jossa yritt\u00e4j\u00e4t, kaupunkilaiset ja matkailijat kohtaavat ja nauttivat yhdess\u00e4 paikallisesta yritt\u00e4jyydest\u00e4 sek\u00e4 hyv\u00e4st\u00e4 tunnelmasta.<\/p>\n\n\n\n<p>Torijuhla t\u00e4ytt\u00e4\u00e4 torin iloisella ja rennolla ohjelmalla koko p\u00e4iv\u00e4n ajan. Luvassa on mukavaa tekemist\u00e4 koko perheelle, kuten lapsille suunnattuja aktiviteetteja, inspiroivia puheenvuoroja sek\u00e4 yritt\u00e4jien palkitsemista. P\u00e4iv\u00e4n kruunaavat lavalla n\u00e4ht\u00e4v\u00e4t musiikki- ja esiintyj\u00e4kokoonpanot, jotka luovat torille ainutlaatuisen juhlatunnelman.<\/p>\n\n\n\n<p>Tule mukaan kokemaan, kohtaamaan ja juhlistamaan yhdess\u00e4 el\u00e4v\u00e4\u00e4 ja elinvoimaista Kuopiota.<\/p>\n\n\n\n\t<div id=\"gb-anchor-block_c832f81709d378a64aa9d4b13476a926\" class=\"gb-anchor gb-anchor-block_c832f81709d378a64aa9d4b13476a926\">\n\t\t\t\t\t<div class=\"gb-anchor__anchor\" id=\"ohjelma\"><\/div>\n\n\t\t\t\t\t\t<\/div>\n\n\n\n\n<section id=\"gb-accordion-block_bf6b584a06ff6e75ceabdf744f0dc101\" class=\"gb-accordion gb-accordion-block_bf6b584a06ff6e75ceabdf744f0dc101\">\n\t<div class=\"handorgel\">\n\t\t\t\t\t<h3 class=\"handorgel__header handorgel__header--no-start-time\">\n\t\t\t\t<button class=\"handorgel__header__button\"\n\t\t\t\t        id=\"ohjelma\">\n\t\t\t\t\t<span class=\"handorgel__header__button--content\">\n\t\t\t\t\t\t\t\t\t\t<span class=\"handorgel__header__button--title\">Ohjelma<\/span>\n\t\t\t\t\t<\/span>\n\t\t\t\t\t<span class=\"handorgel__header__button--icon\">\n\t\t\t\t\t\t\t<span><\/span>\n\t\t\t\t\t\t\t<span><\/span>\n\t\t\t\t\t<\/span>\n\t\t\t\t\t\t\t\t\t\t\t<span class=\"handorgel__header__button--speakers\">\n\t\t\t\t\t\t\t\t\t\t\t\t<\/span>\n\t\t\t\t\t\t\t\t\t<\/button>\n\t\t\t<\/h3>\n\t\t\t<div class=\"handorgel__content handorgel__content--no-start-time\">\n\t\t\t\t<div class=\"handorgel__content__inner\">\n\t\t\t\t\t<p>klo 10-12 Ohjelmaa ja yhteist\u00e4 tekemist\u00e4 lapsiperheille<\/p>\n<p>klo 12-15 Ulkoilmakonsertti (artistit julkistetaan l\u00e4hiaikoina)<\/p>\n\t\t\t\t<\/div>\n\t\t\t<\/div>\n\t\t\t\t\t<h3 class=\"handorgel__header handorgel__header--no-start-time\">\n\t\t\t\t<button class=\"handorgel__header__button\"\n\t\t\t\t        id=\"tapahtumapaikka-ja-saapuminen\">\n\t\t\t\t\t<span class=\"handorgel__header__button--content\">\n\t\t\t\t\t\t\t\t\t\t<span class=\"handorgel__header__button--title\">Tapahtumapaikka ja saapuminen<\/span>\n\t\t\t\t\t<\/span>\n\t\t\t\t\t<span class=\"handorgel__header__button--icon\">\n\t\t\t\t\t\t\t<span><\/span>\n\t\t\t\t\t\t\t<span><\/span>\n\t\t\t\t\t<\/span>\n\t\t\t\t\t\t\t\t\t<\/button>\n\t\t\t<\/h3>\n\t\t\t<div class=\"handorgel__content handorgel__content--no-start-time\">\n\t\t\t\t<div class=\"handorgel__content__inner\">\n\t\t\t\t\t\t\t\t\t<\/div>\n\t\t\t<\/div>\n\t\t\t\t\t<h3 class=\"handorgel__header handorgel__header--no-start-time\">\n\t\t\t\t<button class=\"handorgel__header__button\"\n\t\t\t\t        id=\"\">\n\t\t\t\t\t<span class=\"handorgel__header__button--content\">\n\t\t\t\t\t\t\t\t\t\t<span class=\"handorgel__header__button--title\"><\/span>\n\t\t\t\t\t<\/span>\n\t\t\t\t\t<span class=\"handorgel__header__button--icon\">\n\t\t\t\t\t\t\t<span><\/span>\n\t\t\t\t\t\t\t<span><\/span>\n\t\t\t\t\t<\/span>\n\t\t\t\t\t\t\t\t\t<\/button>\n\t\t\t<\/h3>\n\t\t\t<div class=\"handorgel__content handorgel__content--no-start-time\">\n\t\t\t\t<div class=\"handorgel__content__inner\">\n\t\t\t\t\t\t\t\t\t<\/div>\n\t\t\t<\/div>\n\t\t\t<\/div>\n<\/section\n\t\t<!-- You can also use SakkeLib\\Helpers\\get_template_part inside a gutenberg acf block template -->\n\n\n\n\t<div id=\"gb-anchor-block_4e277191087b8c2fcb8797867e358f9c\" class=\"gb-anchor gb-anchor-block_4e277191087b8c2fcb8797867e358f9c\">\n\t\t\t\t\t<div class=\"gb-anchor__anchor\" id=\"esiintyjat\"><\/div>\n\n\t\t\t\t\t\t<\/div>\n\n\n\n\n<h3 class=\"wp-block-heading\">ESIINTYJ\u00c4T<\/h3>\n\n\n\n\t<section id=\"gb-several-lifts-block_156beef55824de1f394ab3b82e9849fb\"\n\t         class=\"gb-several-lifts gb-several-lifts-block_156beef55824de1f394ab3b82e9849fb\">\n\t\t<div class=\"gb-several-lifts__row\">\n\n\t\t\t\t\t\t\t<div class=\"gb-several-lifts__item\">\n\t\t\t\t\t\n<div class=\"b-lift-item\">\n\t<div class=\"b-lift-item__inner\">\n\t\t\t\t\t<img decoding=\"async\" class=\"b-lift-item__image\"\n\t\t\t     src=\"https:\/\/me.yrittajat.fi\/app\/uploads\/sites\/105\/2026\/03\/WP-tapahtuma-1200x550-1080-x-1080-px-Instagram-postaus-45-2.png\"\n\t\t\t     alt=\"\">\n\t\t\n\t\t\n<div class=\"b-metas-title-content\">\n\t\n\t\n\t\n\t<\/div>\n\t<\/div>\n<\/div>\n\t\t\t\t<\/div>\n\t\t\t\t\t\t\t<div class=\"gb-several-lifts__item\">\n\t\t\t\t\t\n<div class=\"b-lift-item\">\n\t<div class=\"b-lift-item__inner\">\n\t\t\t\t\t<img decoding=\"async\" class=\"b-lift-item__image\"\n\t\t\t     src=\"https:\/\/me.yrittajat.fi\/app\/uploads\/sites\/105\/2026\/03\/WP-tapahtuma-1200x550-1080-x-1080-px-Instagram-postaus-45-2.png\"\n\t\t\t     alt=\"\">\n\t\t\n\t\t\n<div class=\"b-metas-title-content\">\n\t\n\t\n\t\n\t<\/div>\n\t<\/div>\n<\/div>\n\t\t\t\t<\/div>\n\t\t\t\t\t\t\t<div class=\"gb-several-lifts__item\">\n\t\t\t\t\t\n<div class=\"b-lift-item\">\n\t<div class=\"b-lift-item__inner\">\n\t\t\t\t\t<img decoding=\"async\" class=\"b-lift-item__image\"\n\t\t\t     src=\"https:\/\/me.yrittajat.fi\/app\/uploads\/sites\/105\/2026\/03\/WP-tapahtuma-1200x550-1080-x-1080-px-Instagram-postaus-45-2.png\"\n\t\t\t     alt=\"\">\n\t\t\n\t\t\n<div class=\"b-metas-title-content\">\n\t\n\t\n\t\n\t<\/div>\n\t<\/div>\n<\/div>\n\t\t\t\t<\/div>\n\t\t\t\n\t\t<\/div>\n\t<\/section>\n\n\n\n\n\t<div id=\"gb-background-block_049e617a74f93ed639195cd49c1c4508\" class=\"gb-background gb-background-block_049e617a74f93ed639195cd49c1c4508 bg-black\">\n\t\t<div class=\"container\">\n\t\t\t<div class=\"gutenberg-content\">\n\t\t\t\t\t\t\t\t\n\t\t\t<\/div>\n\t\t<\/div>\n\t<\/div>\n\n\n\n\n<div class=\"wp-block-cover\"><span aria-hidden=\"true\" class=\"wp-block-cover__background has-background-dim\"><\/span><img loading=\"lazy\" decoding=\"async\" width=\"1024\" height=\"427\" class=\"wp-block-cover__image-background wp-image-156\" alt=\"\" src=\"https:\/\/me.yrittajat.fi\/app\/uploads\/sites\/105\/2026\/04\/Kopio-Torijuhla-2-1024x427.png\" data-object-fit=\"cover\" srcset=\"https:\/\/me.yrittajat.fi\/app\/uploads\/sites\/105\/2026\/04\/Kopio-Torijuhla-2-1024x427.png 1024w, https:\/\/me.yrittajat.fi\/app\/uploads\/sites\/105\/2026\/04\/Kopio-Torijuhla-2-300x125.png 300w, https:\/\/me.yrittajat.fi\/app\/uploads\/sites\/105\/2026\/04\/Kopio-Torijuhla-2-768x320.png 768w, https:\/\/me.yrittajat.fi\/app\/uploads\/sites\/105\/2026\/04\/Kopio-Torijuhla-2-1536x640.png 1536w, https:\/\/me.yrittajat.fi\/app\/uploads\/sites\/105\/2026\/04\/Kopio-Torijuhla-2.png 1920w\" sizes=\"auto, (max-width: 1024px) 100vw, 1024px\" \/><div class=\"wp-block-cover__inner-container is-layout-flow wp-block-cover-is-layout-flow\">\n<p class=\"has-text-align-center has-large-font-size\"><strong>Yritt\u00e4j\u00e4gaala Kaupungintalolla<\/strong><\/p>\n<\/div><\/div>\n\n\n\n<h2 class=\"wp-block-heading\"><\/h2>\n\n\n\n<section id=\"gb-accordion-block_21277c9a5b592c12567b04380be5e7a2\" class=\"gb-accordion gb-accordion-block_21277c9a5b592c12567b04380be5e7a2\">\n\t<div class=\"handorgel\">\n\t\t\t\t\t<h3 class=\"handorgel__header handorgel__header--no-start-time\">\n\t\t\t\t<button class=\"handorgel__header__button\"\n\t\t\t\t        id=\"ovet-aukeaa\">\n\t\t\t\t\t<span class=\"handorgel__header__button--content\">\n\t\t\t\t\t\t\t\t\t\t<span class=\"handorgel__header__button--title\">Ovet aukeaa<\/span>\n\t\t\t\t\t<\/span>\n\t\t\t\t\t<span class=\"handorgel__header__button--icon\">\n\t\t\t\t\t\t\t<span><\/span>\n\t\t\t\t\t\t\t<span><\/span>\n\t\t\t\t\t<\/span>\n\t\t\t\t\t\t\t\t\t<\/button>\n\t\t\t<\/h3>\n\t\t\t<div class=\"handorgel__content handorgel__content--no-start-time\">\n\t\t\t\t<div class=\"handorgel__content__inner\">\n\t\t\t\t\t\t\t\t\t<\/div>\n\t\t\t<\/div>\n\t\t\t\t\t<h3 class=\"handorgel__header handorgel__header--no-start-time\">\n\t\t\t\t<button class=\"handorgel__header__button\"\n\t\t\t\t        id=\"galaa-alkaa\">\n\t\t\t\t\t<span class=\"handorgel__header__button--content\">\n\t\t\t\t\t\t\t\t\t\t<span class=\"handorgel__header__button--title\">Galaa alkaa<\/span>\n\t\t\t\t\t<\/span>\n\t\t\t\t\t<span class=\"handorgel__header__button--icon\">\n\t\t\t\t\t\t\t<span><\/span>\n\t\t\t\t\t\t\t<span><\/span>\n\t\t\t\t\t<\/span>\n\t\t\t\t\t\t\t\t\t<\/button>\n\t\t\t<\/h3>\n\t\t\t<div class=\"handorgel__content handorgel__content--no-start-time\">\n\t\t\t\t<div class=\"handorgel__content__inner\">\n\t\t\t\t\t<p>Tervetuloa<br \/>\n<em>Kuopion Yritt\u00e4j\u00e4t<\/em><\/p>\n<p>Tervetulosanat &amp; maljankohotus<br \/>\n<em>Xx Xx, Kuopion kaupunki<\/em><\/p>\n<p>Juhlapuhe<br \/>\n<em>Xx Xx<\/em><\/p>\n\t\t\t\t<\/div>\n\t\t\t<\/div>\n\t\t\t\t\t<h3 class=\"handorgel__header handorgel__header--no-start-time\">\n\t\t\t\t<button class=\"handorgel__header__button\"\n\t\t\t\t        id=\"illallinen\">\n\t\t\t\t\t<span class=\"handorgel__header__button--content\">\n\t\t\t\t\t\t\t\t\t\t<span class=\"handorgel__header__button--title\">Illallinen<\/span>\n\t\t\t\t\t<\/span>\n\t\t\t\t\t<span class=\"handorgel__header__button--icon\">\n\t\t\t\t\t\t\t<span><\/span>\n\t\t\t\t\t\t\t<span><\/span>\n\t\t\t\t\t<\/span>\n\t\t\t\t\t\t\t\t\t<\/button>\n\t\t\t<\/h3>\n\t\t\t<div class=\"handorgel__content handorgel__content--no-start-time\">\n\t\t\t\t<div class=\"handorgel__content__inner\">\n\t\t\t\t\t<p>MENU:<\/p>\n\t\t\t\t<\/div>\n\t\t\t<\/div>\n\t\t\t\t\t<h3 class=\"handorgel__header handorgel__header--no-start-time\">\n\t\t\t\t<button class=\"handorgel__header__button\"\n\t\t\t\t        id=\"palkitsemiset\">\n\t\t\t\t\t<span class=\"handorgel__header__button--content\">\n\t\t\t\t\t\t\t\t\t\t<span class=\"handorgel__header__button--title\">Palkitsemiset<\/span>\n\t\t\t\t\t<\/span>\n\t\t\t\t\t<span class=\"handorgel__header__button--icon\">\n\t\t\t\t\t\t\t<span><\/span>\n\t\t\t\t\t\t\t<span><\/span>\n\t\t\t\t\t<\/span>\n\t\t\t\t\t\t\t\t\t<\/button>\n\t\t\t<\/h3>\n\t\t\t<div class=\"handorgel__content handorgel__content--no-start-time\">\n\t\t\t\t<div class=\"handorgel__content__inner\">\n\t\t\t\t\t<p>Vuoden yritt\u00e4jien julkistus ja palkitseminen<\/p>\n<p>Vuoden yritt\u00e4j\u00e4n kiitospuhe<\/p>\n\t\t\t\t<\/div>\n\t\t\t<\/div>\n\t\t\t\t\t<h3 class=\"handorgel__header handorgel__header--no-start-time\">\n\t\t\t\t<button class=\"handorgel__header__button\"\n\t\t\t\t        id=\"musiikkia-ja-tanssia\">\n\t\t\t\t\t<span class=\"handorgel__header__button--content\">\n\t\t\t\t\t\t\t\t\t\t<span class=\"handorgel__header__button--title\">Musiikkia ja tanssia<\/span>\n\t\t\t\t\t<\/span>\n\t\t\t\t\t<span class=\"handorgel__header__button--icon\">\n\t\t\t\t\t\t\t<span><\/span>\n\t\t\t\t\t\t\t<span><\/span>\n\t\t\t\t\t<\/span>\n\t\t\t\t\t\t\t\t\t<\/button>\n\t\t\t<\/h3>\n\t\t\t<div class=\"handorgel__content handorgel__content--no-start-time\">\n\t\t\t\t<div class=\"handorgel__content__inner\">\n\t\t\t\t\t<p>Illan svengist\u00e4 ja bileist\u00e4 vastaa XXXX<\/p>\n\t\t\t\t<\/div>\n\t\t\t<\/div>\n\t\t\t\t\t<h3 class=\"handorgel__header handorgel__header--no-start-time\">\n\t\t\t\t<button class=\"handorgel__header__button\"\n\t\t\t\t        id=\"gaala-paattyy\">\n\t\t\t\t\t<span class=\"handorgel__header__button--content\">\n\t\t\t\t\t\t\t\t\t\t<span class=\"handorgel__header__button--title\">Gaala p\u00e4\u00e4ttyy<\/span>\n\t\t\t\t\t<\/span>\n\t\t\t\t\t<span class=\"handorgel__header__button--icon\">\n\t\t\t\t\t\t\t<span><\/span>\n\t\t\t\t\t\t\t<span><\/span>\n\t\t\t\t\t<\/span>\n\t\t\t\t\t\t\t\t\t<\/button>\n\t\t\t<\/h3>\n\t\t\t<div class=\"handorgel__content handorgel__content--no-start-time\">\n\t\t\t\t<div class=\"handorgel__content__inner\">\n\t\t\t\t\t<p>Mukavaa illanjatkoa ja turvallista kotimatkaa!<\/p>\n<p>Virallinen jatkopaikka:<\/p>\n\t\t\t\t<\/div>\n\t\t\t<\/div>\n\t\t\t<\/div>\n<\/section\n\t\t<!-- You can also use SakkeLib\\Helpers\\get_template_part inside a gutenberg acf block template -->\n\n\n\n\t<div id=\"gb-anchor-block_613a500d8db707736ed4bf14ca004780\" class=\"gb-anchor gb-anchor-block_613a500d8db707736ed4bf14ca004780\">\n\t\t\t\t\t<div class=\"gb-anchor__anchor\" id=\"gaalaliput\"><\/div>\n\n\t\t\t\t\t\t<\/div>\n\n\n\n\n\t<div id=\"gb-price-lift-block_a0b84be36eb156e3990eb5660fbcb20b\" class=\"gb-price-lift gb-price-lift-block_a0b84be36eb156e3990eb5660fbcb20b\">\n\t\t\t\t\t<div class=\"gb-price-lift__items\">\n\t\t\t\t\t\t\t\t\t\t<div class=\"gb-price-lift__item\">\n\t\t\t\t\t\t\t<div class=\"gb-price-lift__item-wrap\">\n\t\t\t\t\t\t\t\t\t\t\t\t\t\t\t\t\t<div class=\"gb-price-lift__item-icon\">\n\t\t\t\t\t\t\t\t\t\t<svg xmlns=\"http:\/\/www.w3.org\/2000\/svg\" viewBox=\"0 0 28 64\"><path fill=\"#937c4f\" d=\"M9.63 63.63a4.375 4.375 0 01-4.375-4.375V43.942A4.375 4.375 0 01.88 39.569V26.443a6.563 6.563 0 016.563-6.563h13.125a6.562 6.562 0 016.562 6.563v13.125a4.375 4.375 0 01-4.375 4.375v15.312a4.375 4.375 0 01-4.375 4.375zM7.442 24.255a2.056 2.056 0 00-2.187 2.188v13.125H9.63v19.687h8.75V39.567h4.375V26.444a2.057 2.057 0 00-2.188-2.188zM14 17.69a8.75 8.75 0 110-17.5 8.75 8.75 0 010 17.5zm0-13.125a4.375 4.375 0 100 8.75 4.375 4.375 0 000-8.75z\"\/><\/svg>\t\t\t\t\t\t\t\t\t<\/div>\n\t\t\t\t\t\t\t\t\t\t\t\t\t\t\t\t\t<h3 class=\"gb-price-lift__item-title\">J\u00e4senhinta <\/h3>\n\t\t\t\t\t\t\t\t\t\t\t\t\t\t\t\t\t<p class=\"gb-price-lift__item-pre-price\">Very Early Bird<\/p>\n\t\t\t\t\t\t\t\t\t\t\t\t\t\t\t\t\t<p class=\"gb-price-lift__item-price\">XX &euro;<\/p>\n\t\t\t\t\t\t\t\t\t\t\t\t\t\t\t\t\t<p class=\"gb-price-lift__item-after-price\">norm. XXX \u20ac<\/p>\n\t\t\t\t\t\t\t\t\t\t\t\t\t\t\t<\/div>\n\t\t\t\t\t\t<\/div>\n\t\t\t\t\t\t\t\t\t\t\t\t<div class=\"gb-price-lift__item\">\n\t\t\t\t\t\t\t<div class=\"gb-price-lift__item-wrap\">\n\t\t\t\t\t\t\t\t\t\t\t\t\t\t\t\t\t<div class=\"gb-price-lift__item-icon\">\n\t\t\t\t\t\t\t\t\t\t<svg xmlns=\"http:\/\/www.w3.org\/2000\/svg\" viewBox=\"0 0 28 64\"><path fill=\"#937c4f\" d=\"M9.63 63.63a4.375 4.375 0 01-4.375-4.375V43.942A4.375 4.375 0 01.88 39.569V26.443a6.563 6.563 0 016.563-6.563h13.125a6.562 6.562 0 016.562 6.563v13.125a4.375 4.375 0 01-4.375 4.375v15.312a4.375 4.375 0 01-4.375 4.375zM7.442 24.255a2.056 2.056 0 00-2.187 2.188v13.125H9.63v19.687h8.75V39.567h4.375V26.444a2.057 2.057 0 00-2.188-2.188zM14 17.69a8.75 8.75 0 110-17.5 8.75 8.75 0 010 17.5zm0-13.125a4.375 4.375 0 100 8.75 4.375 4.375 0 000-8.75z\"\/><\/svg>\t\t\t\t\t\t\t\t\t<\/div>\n\t\t\t\t\t\t\t\t\t\t\t\t\t\t\t\t\t<h3 class=\"gb-price-lift__item-title\">Ei j\u00e4senhinta<\/h3>\n\t\t\t\t\t\t\t\t\t\t\t\t\t\t\t\t\t<p class=\"gb-price-lift__item-pre-price\">Very Early Bird<\/p>\n\t\t\t\t\t\t\t\t\t\t\t\t\t\t\t\t\t<p class=\"gb-price-lift__item-price\">XXX &euro;<\/p>\n\t\t\t\t\t\t\t\t\t\t\t\t\t\t\t\t\t<p class=\"gb-price-lift__item-after-price\">norm. XXX \u20ac<\/p>\n\t\t\t\t\t\t\t\t\t\t\t\t\t\t\t<\/div>\n\t\t\t\t\t\t<\/div>\n\t\t\t\t\t\t\t\t\t<\/div>\n\t\t\t<\/div>\n\n\n\n\n\t<div id=\"gb-anchor-block_31582baf8344e91d59b33618e655a759\" class=\"gb-anchor gb-anchor-block_31582baf8344e91d59b33618e655a759\">\n\t\t\t\t\t<div class=\"gb-anchor__anchor\" id=\"yhteistyossa\"><\/div>\n\n\t\t\t\t\t\t<\/div>\n\n\n\n\n<h2 class=\"wp-block-heading has-text-align-left\">P\u00e4\u00e4yhteisty\u00f6kumppanit<\/h2>\n\n\n\n\t<section id=\"gb-several-lifts-block_eae24759f59c8191bdbb596bb78538ed\"\n\t         class=\"gb-several-lifts gb-several-lifts-block_eae24759f59c8191bdbb596bb78538ed\">\n\t\t<div class=\"gb-several-lifts__row\">\n\n\t\t\t\t\t\t\t<div class=\"gb-several-lifts__item\">\n\t\t\t\t\t\n<div class=\"b-lift-item\">\n\t<div class=\"b-lift-item__inner\">\n\t\t\t\t\t<img decoding=\"async\" class=\"b-lift-item__image\"\n\t\t\t     src=\"https:\/\/me.yrittajat.fi\/app\/uploads\/sites\/105\/2026\/04\/3.png\"\n\t\t\t     alt=\"\">\n\t\t\n\t\t\n<div class=\"b-metas-title-content\">\n\t\n\t\n\t\n\t<\/div>\n\t<\/div>\n<\/div>\n\t\t\t\t<\/div>\n\t\t\t\t\t\t\t<div class=\"gb-several-lifts__item\">\n\t\t\t\t\t\n<div class=\"b-lift-item\">\n\t<div class=\"b-lift-item__inner\">\n\t\t\t\t\t<img decoding=\"async\" class=\"b-lift-item__image\"\n\t\t\t     src=\"https:\/\/me.yrittajat.fi\/app\/uploads\/sites\/105\/2026\/04\/1-1.png\"\n\t\t\t     alt=\"\">\n\t\t\n\t\t\n<div class=\"b-metas-title-content\">\n\t\n\t\n\t\n\t<\/div>\n\t<\/div>\n<\/div>\n\t\t\t\t<\/div>\n\t\t\t\t\t\t\t<div class=\"gb-several-lifts__item\">\n\t\t\t\t\t\n<div class=\"b-lift-item\">\n\t<div class=\"b-lift-item__inner\">\n\t\t\n\t\t\n<div class=\"b-metas-title-content\">\n\t\n\t\n\t\n\t<\/div>\n\t<\/div>\n<\/div>\n\t\t\t\t<\/div>\n\t\t\t\n\t\t<\/div>\n\t<\/section>\n\n\n\n\n\t<section id=\"gb-several-lifts-block_063a47d01634d1ce8e5ecc9dbf2dd67c\"\n\t         class=\"gb-several-lifts gb-several-lifts-block_063a47d01634d1ce8e5ecc9dbf2dd67c\">\n\t\t<div class=\"gb-several-lifts__row\">\n\n\t\t\t\t\t\t\t<div class=\"gb-several-lifts__item\">\n\t\t\t\t\t\n<div class=\"b-lift-item\">\n\t<div class=\"b-lift-item__inner\">\n\t\t\t\t\t<img decoding=\"async\" class=\"b-lift-item__image\"\n\t\t\t     src=\"https:\/\/me.yrittajat.fi\/app\/uploads\/sites\/105\/2026\/04\/4-1.png\"\n\t\t\t     alt=\"\">\n\t\t\n\t\t\n<div class=\"b-metas-title-content\">\n\t\n\t\n\t\n\t<\/div>\n\t<\/div>\n<\/div>\n\t\t\t\t<\/div>\n\t\t\t\t\t\t\t<div class=\"gb-several-lifts__item\">\n\t\t\t\t\t\n<div class=\"b-lift-item\">\n\t<div class=\"b-lift-item__inner\">\n\t\t\t\t\t<img decoding=\"async\" class=\"b-lift-item__image\"\n\t\t\t     src=\"https:\/\/me.yrittajat.fi\/app\/uploads\/sites\/105\/2026\/04\/businesskuopio_logo.jpg\"\n\t\t\t     alt=\"\">\n\t\t\n\t\t\n<div class=\"b-metas-title-content\">\n\t\n\t\n\t\n\t<\/div>\n\t<\/div>\n<\/div>\n\t\t\t\t<\/div>\n\t\t\t\t\t\t\t<div class=\"gb-several-lifts__item\">\n\t\t\t\t\t\n<div class=\"b-lift-item\">\n\t<div class=\"b-lift-item__inner\">\n\t\t\n\t\t\n<div class=\"b-metas-title-content\">\n\t\n\t\n\t\n\t<\/div>\n\t<\/div>\n<\/div>\n\t\t\t\t<\/div>\n\t\t\t\n\t\t<\/div>\n\t<\/section>\n\n\n\n\n<h2 class=\"wp-block-heading has-text-align-left\">Yhteisty\u00f6kumppanit<\/h2>\n\n\n\n\t<section id=\"gb-several-lifts-block_4c1c51c1ab7d2cb152c3cf85985107d6\"\n\t         class=\"gb-several-lifts gb-several-lifts-block_4c1c51c1ab7d2cb152c3cf85985107d6\">\n\t\t<div class=\"gb-several-lifts__row\">\n\n\t\t\t\t\t\t\t<div class=\"gb-several-lifts__item\">\n\t\t\t\t\t\n<div class=\"b-lift-item\">\n\t<div class=\"b-lift-item__inner\">\n\t\t\t\t\t<img decoding=\"async\" class=\"b-lift-item__image\"\n\t\t\t     src=\"https:\/\/me.yrittajat.fi\/app\/uploads\/sites\/105\/2026\/04\/6.png\"\n\t\t\t     alt=\"\">\n\t\t\n\t\t\n<div class=\"b-metas-title-content\">\n\t\n\t\n\t\n\t<\/div>\n\t<\/div>\n<\/div>\n\t\t\t\t<\/div>\n\t\t\t\t\t\t\t<div class=\"gb-several-lifts__item\">\n\t\t\t\t\t\n<div class=\"b-lift-item\">\n\t<div class=\"b-lift-item__inner\">\n\t\t\t\t\t<img decoding=\"async\" class=\"b-lift-item__image\"\n\t\t\t     src=\"https:\/\/me.yrittajat.fi\/app\/uploads\/sites\/105\/2026\/04\/5.png\"\n\t\t\t     alt=\"\">\n\t\t\n\t\t\n<div class=\"b-metas-title-content\">\n\t\n\t\n\t\n\t<\/div>\n\t<\/div>\n<\/div>\n\t\t\t\t<\/div>\n\t\t\t\t\t\t\t<div class=\"gb-several-lifts__item\">\n\t\t\t\t\t\n<div class=\"b-lift-item\">\n\t<div class=\"b-lift-item__inner\">\n\t\t\n\t\t\n<div class=\"b-metas-title-content\">\n\t\n\t\n\t\n\t<\/div>\n\t<\/div>\n<\/div>\n\t\t\t\t<\/div>\n\t\t\t\n\t\t<\/div>\n\t<\/section>\n\n\n\n\n<hr class=\"wp-block-separator has-alpha-channel-opacity is-style-wide\" \/>\n\n\n\n\t<div id=\"gb-anchor-block_1bd45fd737e12b5a52d0de313f255b5d\" class=\"gb-anchor gb-anchor-block_1bd45fd737e12b5a52d0de313f255b5d\">\n\t\t\t\t\t<div class=\"gb-anchor__anchor\" id=\"kumppaniksi-juhliin\"><\/div>\n\n\t\t\t\t\t\t<\/div>\n\n\n\n\n<h2 class=\"wp-block-heading\"><\/h2>\n\n\n\n<p><\/p>\n\n\n\n\t<div id=\"gb-background-block_049e617a74f93ed639195cd49c1c4508\" class=\"gb-background gb-background-block_049e617a74f93ed639195cd49c1c4508 bg-black\">\n\t\t<div class=\"container\">\n\t\t\t<div class=\"gutenberg-content\">\n\t\t\t\t\t\t\t\t\n\n<h2 class=\"wp-block-heading\">L\u00e4hde mukaan Torijuhlien kumppaniksi!<\/h2>\n\n\n\n<p>Torijuhlat ja Yritt\u00e4j\u00e4gaala tarjoavat ainutlaatuisen mahdollisuuden n\u00e4ky\u00e4, vahvistaa br\u00e4ndi\u00e4 ja verkostoitua alueen yritt\u00e4jien kanssa. Kumppanuuspaketit on suunniteltu tuomaan yrityksellesi arvokasta n\u00e4kyvyytt\u00e4 ja kontakteja \u2013 varmista paikkasi juhlien keski\u00f6ss\u00e4!<\/p>\n\n\n\n<p><strong>P\u00c4\u00c4KUMPPANUUS<\/strong><\/p>\n\n\n\n<p>P\u00e4\u00e4kumppanuuksia rajattu m\u00e4\u00e4r\u00e4. Hinta 5000 euroa. Paketti sis\u00e4lt\u00e4\u00e4 mm.<\/p>\n\n\n\n<ul class=\"wp-block-list\">\n<li>Puheenvuoro tapahtumalavalla<\/li>\n\n\n\n<li>Logo tapahtumasivulla ja gaalan screeneill\u00e4<\/li>\n\n\n\n<li>St\u00e4ndi torialueella<\/li>\n\n\n\n<li>Erillinen somepostaus ennakkomarkkinoinnissa<\/li>\n\n\n\n<li>Gaalais\u00e4nnyys<\/li>\n\n\n\n<li>3 Gaalalippua<\/li>\n<\/ul>\n\n\n\n<p><strong>TAPAHTUMAKUMPPANUUS<\/strong><\/p>\n\n\n\n<p>Hinnat  1500-3000 euroa. Paketti sis\u00e4lt\u00e4\u00e4 mm.<\/p>\n\n\n\n<ul class=\"wp-block-list\">\n<li>Logo tapahtumasivulla ja gaalan screeneill\u00e4<\/li>\n\n\n\n<li>St\u00e4ndi torialueella<\/li>\n\n\n\n<li>Erillinen somepostaus ennakkomarkkinoinnissa<\/li>\n\n\n\n<li>(2 Gaalalippua)<\/li>\n<\/ul>\n\n\n\n<p><strong>MENOSSA MUKANA<\/strong><\/p>\n\n\n\n<p>Hinta 500 euroa. Paketti sis\u00e4lt\u00e4\u00e4:<\/p>\n\n\n\n<ul class=\"wp-block-list\">\n<li>Logo tapahtumasivuilla ja screeneill\u00e4 kumppanikoosteessa<\/li>\n\n\n\n<li>St\u00e4ndi <\/li>\n\n\n\n<li>Somepostaus kumppanikoosteessa gaalaa ennen ja sen j\u00e4lkeen<\/li>\n<\/ul>\n\n\n\n<p><\/p>\n\n\n\n<p><strong>Lataa kumppanipaketit-esite alta<\/strong><\/p>\n\n\n\n<div class=\"wp-block-file\"><a id=\"wp-block-file--media-c3a557f9-ef42-4e01-bfe1-7e4b094edaab\" href=\"https:\/\/me.yrittajat.fi\/app\/uploads\/sites\/105\/2026\/03\/Torijuhla-esite-1.pdf\">Torijuhla esite<\/a><a href=\"https:\/\/me.yrittajat.fi\/app\/uploads\/sites\/105\/2026\/03\/Torijuhla-esite-1.pdf\" class=\"wp-block-file__button wp-element-button\" download aria-describedby=\"wp-block-file--media-c3a557f9-ef42-4e01-bfe1-7e4b094edaab\">Download<\/a><\/div>\n\n\n\n<p><strong>Lis\u00e4tiedot ja myynti:<\/strong> <br>Anna-Maija Lintuniemi, <a href=\"tel:+358408329176\">+358445680509<\/a><br>Aki Karkulahti, <a href=\"tel:+358408329176\">+358408329176<\/a><br>Jaana Kattainen, <a href=\"tel:+358442423332\">+358442423332<\/a><br>Sami Simpanen <a href=\"tel:+358504711150\">+358504711150<\/a><\/p>\n\n\n\t\t\t<\/div>\n\t\t<\/div>\n\t<\/div>\n\n\n\n\n\n\n\t<div id=\"gb-anchor-block_e2a3309c4abea383c1170fb0d96f9cde\" class=\"gb-anchor gb-anchor-block_e2a3309c4abea383c1170fb0d96f9cde\">\n\t\t\t\t\t<div class=\"gb-anchor__anchor\" id=\"yhteys\"><\/div>\n\n\t\t\t\t\t\t<\/div>\n\n\n\n\n<h2 class=\"wp-block-heading\">Ota yhteytt\u00e4<\/h2>\n\n\n\n<section id=\"gb-accordion-block_1063528ef47a79910e248a58c9eccacc\" class=\"gb-accordion gb-accordion-block_1063528ef47a79910e248a58c9eccacc\">\n\t<div class=\"handorgel\">\n\t\t\t\t\t<h3 class=\"handorgel__header handorgel__header--no-start-time\">\n\t\t\t\t<button class=\"handorgel__header__button\"\n\t\t\t\t        id=\"kuopion-yrittajat\">\n\t\t\t\t\t<span class=\"handorgel__header__button--content\">\n\t\t\t\t\t\t\t\t\t\t<span class=\"handorgel__header__button--title\">Kuopion Yritt\u00e4j\u00e4t<\/span>\n\t\t\t\t\t<\/span>\n\t\t\t\t\t<span class=\"handorgel__header__button--icon\">\n\t\t\t\t\t\t\t<span><\/span>\n\t\t\t\t\t\t\t<span><\/span>\n\t\t\t\t\t<\/span>\n\t\t\t\t\t\t\t\t\t<\/button>\n\t\t\t<\/h3>\n\t\t\t<div class=\"handorgel__content handorgel__content--no-start-time\">\n\t\t\t\t<div class=\"handorgel__content__inner\">\n\t\t\t\t\t<p>Toiminnanjohtaja<br \/>\nAnna-Maija Lintuniemi<br \/>\n0445680509<br \/>\nanna-maija.lintuniemi@yrittajat.fi<\/p>\n\t\t\t\t<\/div>\n\t\t\t<\/div>\n\t\t\t<\/div>\n<\/section\n\t\t<!-- You can also use SakkeLib\\Helpers\\get_template_part inside a gutenberg acf block template -->\n\n\n\n<p><\/p>\n","protected":false},"excerpt":{"rendered":"<p>Torille! Kutsumme sinut mukaan viett\u00e4m\u00e4\u00e4n Koko kansan torijuhlia valtakunnallisena Yritt\u00e4j\u00e4np\u00e4iv\u00e4n\u00e4 5.9.2026 Kuopion torille! Toritapahtuma on maksuton ja kaikille avoin juhla, jossa yritt\u00e4j\u00e4t, kaupunkilaiset ja matkailijat kohtaavat ja nauttivat yhdess\u00e4 paikallisesta yritt\u00e4jyydest\u00e4 sek\u00e4 hyv\u00e4st\u00e4 tunnelmasta. Torijuhla t\u00e4ytt\u00e4\u00e4 torin iloisella ja rennolla ohjelmalla koko p\u00e4iv\u00e4n ajan. Luvassa on mukavaa tekemist\u00e4 koko perheelle, kuten lapsille suunnattuja aktiviteetteja, inspiroivia &hellip; <a href=\"https:\/\/me.yrittajat.fi\/torijuhlat\/\">Continued<\/a><\/p>\n","protected":false},"author":61,"featured_media":102,"parent":0,"menu_order":0,"comment_status":"closed","ping_status":"closed","template":"","meta":{"_acf_changed":false,"footnotes":""},"class_list":["post-3","page","type-page","status-publish","has-post-thumbnail","hentry"],"acf":[],"_links":{"self":[{"href":"https:\/\/me.yrittajat.fi\/torijuhlat\/wp-json\/wp\/v2\/pages\/3","targetHints":{"allow":["GET"]}}],"collection":[{"href":"https:\/\/me.yrittajat.fi\/torijuhlat\/wp-json\/wp\/v2\/pages"}],"about":[{"href":"https:\/\/me.yrittajat.fi\/torijuhlat\/wp-json\/wp\/v2\/types\/page"}],"author":[{"embeddable":true,"href":"https:\/\/me.yrittajat.fi\/torijuhlat\/wp-json\/wp\/v2\/users\/61"}],"replies":[{"embeddable":true,"href":"https:\/\/me.yrittajat.fi\/torijuhlat\/wp-json\/wp\/v2\/comments?post=3"}],"version-history":[{"count":4,"href":"https:\/\/me.yrittajat.fi\/torijuhlat\/wp-json\/wp\/v2\/pages\/3\/revisions"}],"predecessor-version":[{"id":218,"href":"https:\/\/me.yrittajat.fi\/torijuhlat\/wp-json\/wp\/v2\/pages\/3\/revisions\/218"}],"wp:featuredmedia":[{"embeddable":true,"href":"https:\/\/me.yrittajat.fi\/torijuhlat\/wp-json\/wp\/v2\/media\/102"}],"wp:attachment":[{"href":"https:\/\/me.yrittajat.fi\/torijuhlat\/wp-json\/wp\/v2\/media?parent=3"}],"curies":[{"name":"wp","href":"https:\/\/api.w.org\/{rel}","templated":true}]}}