{"id":3,"date":"2024-10-23T09:14:16","date_gmt":"2024-10-23T06:14:16","guid":{"rendered":"https:\/\/me.yrittajat.fi\/tulevaisuusvoima\/etusivu\/"},"modified":"2026-02-20T12:49:42","modified_gmt":"2026-02-20T10:49:42","slug":"etusivu","status":"publish","type":"page","link":"https:\/\/me.yrittajat.fi\/tulevaisuusvoima\/","title":{"rendered":"Kaukoputken l\u00e4pi"},"content":{"rendered":"\n<figure class=\"wp-block-image size-large is-resized\"><img loading=\"lazy\" decoding=\"async\" width=\"1024\" height=\"328\" src=\"https:\/\/me.yrittajat.fi\/tulevaisuusvoima\/app\/uploads\/sites\/96\/2025\/01\/logot-nettisivulle-1024x328.png\" alt=\"\" class=\"wp-image-57\" style=\"width:666px;height:auto\" srcset=\"https:\/\/me.yrittajat.fi\/app\/uploads\/sites\/96\/2025\/01\/logot-nettisivulle-1024x328.png 1024w, https:\/\/me.yrittajat.fi\/app\/uploads\/sites\/96\/2025\/01\/logot-nettisivulle-300x96.png 300w, https:\/\/me.yrittajat.fi\/app\/uploads\/sites\/96\/2025\/01\/logot-nettisivulle-768x246.png 768w, https:\/\/me.yrittajat.fi\/app\/uploads\/sites\/96\/2025\/01\/logot-nettisivulle-1364x438.png 1364w, https:\/\/me.yrittajat.fi\/app\/uploads\/sites\/96\/2025\/01\/logot-nettisivulle.png 1367w\" sizes=\"auto, (max-width: 1024px) 100vw, 1024px\" \/><\/figure>\n\n\n\n<p>Etel\u00e4-Savon yritysten tulevaisuusvoima -hankkeen\u00a0tavoitteena oli Etel\u00e4-Savon yritysten tulevaisuusvalmiuksien parantaminen ja innovaatiokyvykkyyden lis\u00e4\u00e4minen. Lis\u00e4ksi tavoiteltiin yrityskehitt\u00e4jien tulevaisuusosaamisen ja yritysymm\u00e4rryksen kasvua ja maakunnallisten neuvontapalvelujen keskustelua ja osaamista.\u00a0<\/p>\n\n\n\n<p>Hanke on p\u00e4\u00e4ttynyt helmikuussa 2026. Kiitos matkassa mukana olleille!<\/p>\n\n\n\n<p class=\"has-text-align-left\">Hanke j\u00e4rjesti 2025 aikana <strong>sarjan maksuttomia, yritt\u00e4jille ja yrityskehitt\u00e4jille suunnattuja koulutusiltoja,<\/strong> joissa keskityttiin liiketoiminnan kehitt\u00e4miseen ja tulevaisuuden haasteisiin. Koulutus toteutettiin verkossa ja kouluttajana toimi Suomen Yritt\u00e4j\u00e4opisto.<\/p>\n\n\n\n<ul class=\"wp-block-list\">\n<li><strong>Murrosajan toimintaymp\u00e4rist\u00f6 ja digitalisaation mahdollisuudet<\/strong>\n<ul class=\"wp-block-list\">\n<li><a href=\"https:\/\/youtu.be\/vaEhpld34I8\">Koulutusosuuden tallenne<\/a>, <a href=\"https:\/\/me.yrittajat.fi\/app\/uploads\/sites\/96\/2025\/09\/Murrosajan_toimintaymparisto.pdf\">materiaalit<\/a> ja <a href=\"https:\/\/me.yrittajat.fi\/app\/uploads\/sites\/96\/2025\/09\/Murrosajan_toimintaymparisto_tehtavapaketti-1.pdf\">teht\u00e4v\u00e4t<\/a><\/li>\n<\/ul>\n<\/li>\n\n\n\n<li><strong>Tulevaisuuden liiketoimintakonseptit ja asiakasymm\u00e4rrys<\/strong>\n<ul class=\"wp-block-list\">\n<li><a href=\"https:\/\/youtu.be\/J_S_5OB-Ji4\" data-type=\"link\" data-id=\"https:\/\/youtu.be\/J_S_5OB-Ji4\">Koulutusosuuden tallenne<\/a>, <a href=\"https:\/\/me.yrittajat.fi\/app\/uploads\/sites\/96\/2025\/09\/Esitys_Alustatalous-data-verkosto-25-09-2025.pdf\">materiaalit<\/a> ja <a href=\"https:\/\/me.yrittajat.fi\/app\/uploads\/sites\/96\/2025\/09\/Tehtavat-Alustatalous-data-verkosto-digitalisaatio-25-09-2025.pdf\">teht\u00e4v\u00e4t<\/a><\/li>\n<\/ul>\n<\/li>\n\n\n\n<li><strong>Yritystoiminnan tiekartta ja vision kirkastaminen<\/strong>\n<ul class=\"wp-block-list\">\n<li><a href=\"https:\/\/youtu.be\/Apftram-Y-k\">Koulutusosuuden tallenne<\/a>, <a href=\"https:\/\/me.yrittajat.fi\/app\/uploads\/sites\/96\/2025\/10\/Esitys_Tiekartta-02-10-2025.pdf\">materiaalit<\/a> ja <a href=\"https:\/\/me.yrittajat.fi\/app\/uploads\/sites\/96\/2025\/10\/Tehtavat_yritystoiminnan-tiekartta.pdf\">teht\u00e4v\u00e4t<\/a><\/li>\n<\/ul>\n<\/li>\n\n\n\n<li><strong> Talouden suunnittelu ja asiakaskannattavuus<\/strong>\n<ul class=\"wp-block-list\">\n<li><a href=\"https:\/\/youtu.be\/VlI3Q4KAVaM?si=6qERyJ4xBU2DiB_l\">Koulutusosuuden tallenne,<\/a> <a href=\"https:\/\/me.yrittajat.fi\/app\/uploads\/sites\/96\/2025\/10\/Webinaari-9.10.2025-talous.pdf\" data-type=\"link\" data-id=\"https:\/\/me.yrittajat.fi\/app\/uploads\/sites\/96\/2025\/10\/Webinaari-9.10.2025-talous.pdf\">materiaalit<\/a> ja <a href=\"https:\/\/me.yrittajat.fi\/app\/uploads\/sites\/96\/2025\/10\/Laskelmapohja.xlsx\" data-type=\"link\" data-id=\"https:\/\/me.yrittajat.fi\/app\/uploads\/sites\/96\/2025\/10\/Laskelmapohja.xlsx\">teht\u00e4v\u00e4t<\/a><\/li>\n\n\n\n<li>Tallenteen kohta 0:42:00 tuloslaskelman tulkinta<\/li>\n\n\n\n<li>Tallenteen kohta 1:08:00 taseen tulkinta<\/li>\n<\/ul>\n<\/li>\n\n\n\n<li><strong> Asiakkuuksien kehitt\u00e4minen ja hinnoittelu<\/strong>\n<ul class=\"wp-block-list\">\n<li><a href=\"https:\/\/youtu.be\/yB8Fnxp7FJE\">Koulutusosuuden tallenne<\/a>, <a href=\"https:\/\/me.yrittajat.fi\/app\/uploads\/sites\/96\/2025\/10\/Esitys_Asiakkuuksien-kehittaminen.pdf\" data-type=\"link\" data-id=\"https:\/\/me.yrittajat.fi\/app\/uploads\/sites\/96\/2025\/10\/Esitys_Asiakkuuksien-kehittaminen.pdf\">materiaalit<\/a> ja <a href=\"https:\/\/me.yrittajat.fi\/app\/uploads\/sites\/96\/2025\/10\/Tehtavat_Asiakkuuksien-kehittaminen.pptx\">teht\u00e4v\u00e4t<\/a><\/li>\n<\/ul>\n<\/li>\n\n\n\n<li><strong>Yritt\u00e4j\u00e4n voimavarat ja tulevaisuuden ty\u00f6kulttuuri<\/strong>\n<ul class=\"wp-block-list\">\n<li><a href=\"https:\/\/youtu.be\/6zbWEqEKNSQ\" data-type=\"link\" data-id=\"https:\/\/youtu.be\/6zbWEqEKNSQ\">Koulutusosuuden tallenne<\/a>, <a href=\"https:\/\/me.yrittajat.fi\/app\/uploads\/sites\/96\/2025\/11\/Tulevaisuuden-yrittajyyden-tyokulttuuri-30.10.2025.pdf\" data-type=\"link\" data-id=\"https:\/\/me.yrittajat.fi\/app\/uploads\/sites\/96\/2025\/11\/Tulevaisuuden-yrittajyyden-tyokulttuuri-30.10.2025.pdf\">materiaalit ja teht\u00e4v\u00e4t<\/a><\/li>\n<\/ul>\n<\/li>\n<\/ul>\n\n\n\n<p>Etel\u00e4-Savon yritysten tulevaisuusvoima -hanke perusti <strong>Kristallipalloryhm\u00e4n<\/strong>, joka koostuu julkisten yrityspalveluorganisaatioiden edustajista. Yrityskehitt\u00e4jien kesken suunniteltiin tulevaa, varmistettiin verkoston toimintaa ja lis\u00e4ttiin keskustelua neuvontapalvelujen tulevaisuudesta.<\/p>\n\n\n\n<ul class=\"wp-block-list\">\n<li>Kristallipalloryhm\u00e4 kokoontui vuoden 2025 aikana useasti: 4.4. verkossa, 16.6. Savonlinnassa ja 27.8. Rantasalmella tutustuen teko\u00e4lyyn, digitaalisuuteen, innovaatioiden johtamiseen ja tulevaisuuden tutkimuksen menetelmiin. Rantasalmella alkanutta tulevaisuusty\u00f6st\u00f6\u00e4 jatkettiin 1.10. verkkotapaamisessa. Mikkeliss\u00e4 j\u00e4rjestettiin 11.11. katsaus tulevaisuuden johtamiseen Ilkka Halavan johdolla Kunnallisjohdon seminaarin yhteydess\u00e4 ja ty\u00f6 koottiin yhteen 2.12. verkkotapaamisessa.<\/li>\n<\/ul>\n\n\n\n<p>Hanke j\u00e4rjesti kaksi tilaisuutta tulevaisuuden toimintaymp\u00e4rist\u00f6st\u00e4: Tulevaisuus haltuun! webinaari 12.12.2024 ja Tulevaisuuden trendit -l\u00e4hitapahtuma 12.2.2025 Mikkeliss\u00e4. Ensimm\u00e4isess\u00e4 kuultiin asiantuntijoiden n\u00e4kemyksi\u00e4 teknologisesta kehityksest\u00e4 ja toisessa tutustuttiin Sitran Megatrendien kautta ennakointiin. Yrityksille tarjottiin mahdollisuus opastettuun futuriikin kirjoittamiseen Rantasalmella 27.8.2025. <\/p>\n\n\n\n<p><strong><mark style=\"background-color:#fcb900\" class=\"has-inline-color has-black-color\">Tulevaisuusvoima -hankkeen loppuseminaari pidettiin 3.2. Mikkelin Kinolinnassa.<\/mark><\/strong> Tilaisuudessa esiteltiin <a href=\"https:\/\/youtu.be\/dTaKYI5yE6E\"><strong>Tulevaisuusvoima -hankkeen tarina videon muodossa<\/strong><\/a>, sek\u00e4 <a href=\"https:\/\/youtu.be\/AlUfds4ohnw\" data-type=\"link\" data-id=\"https:\/\/youtu.be\/AlUfds4ohnw\">Suomen Yritt\u00e4j\u00e4opiston tervehdys<\/a>. Kommenttipuheenvuorojen j\u00e4lkeen <a href=\"https:\/\/www.rastorinst.fi\/\" data-type=\"link\" data-id=\"https:\/\/www.rastorinst.fi\/\">Rastor Instituutin<\/a> asiantuntija <strong><a href=\"https:\/\/www.kimmokaaria.fi\/\">Kimmo K\u00e4\u00e4ri\u00e4<\/a> <\/strong>alusti meille ajatuksia <a href=\"https:\/\/me.yrittajat.fi\/app\/uploads\/sites\/96\/2026\/02\/OK5_Tulevaisuusvoima-3.2.2026_Kimmo-Kaaria-1.pdf\" data-type=\"link\" data-id=\"https:\/\/me.yrittajat.fi\/app\/uploads\/sites\/96\/2026\/02\/OK5_Tulevaisuusvoima-3.2.2026_Kimmo-Kaaria-1.pdf\">verkostoty\u00f6st\u00e4, yhteisest\u00e4 tekemisest\u00e4 ja tulevaisuususkosta<\/a>.<\/p>\n\n\n\n<hr class=\"wp-block-separator has-alpha-channel-opacity\" \/>\n\n\n<div id=\"gb-manual-contact-lift-block_d718a6e1adf2dd22a9d9e1149933f873\" class=\"gb-manual-contact-lift gb-manual-contact-lift-block_d718a6e1adf2dd22a9d9e1149933f873\">\n\t<div class=\"gb-manual-contact-lift__column gb-manual-contact-lift__column--first\">\n\t\t<div class=\"gb-manual-contact-lift__image\">\n\t\t\t\t\t\t\t<img loading=\"lazy\" decoding=\"async\" width=\"1494\" height=\"1600\" src=\"data:image\/gif;base64,R0lGODlhAQABAIAAAAAAAP\/\/\/yH5BAEAAAAALAAAAAABAAEAAAIBRAA7\" class=\"attachment-single-contact size-single-contact\" alt=\"\" data-src=\"https:\/\/me.yrittajat.fi\/app\/uploads\/sites\/96\/2024\/11\/omakuva-eka-tyopaiva.jpg\" data-srcset=\"https:\/\/me.yrittajat.fi\/app\/uploads\/sites\/96\/2024\/11\/omakuva-eka-tyopaiva.jpg 1494w, https:\/\/me.yrittajat.fi\/app\/uploads\/sites\/96\/2024\/11\/omakuva-eka-tyopaiva-280x300.jpg 280w, https:\/\/me.yrittajat.fi\/app\/uploads\/sites\/96\/2024\/11\/omakuva-eka-tyopaiva-956x1024.jpg 956w, https:\/\/me.yrittajat.fi\/app\/uploads\/sites\/96\/2024\/11\/omakuva-eka-tyopaiva-768x822.jpg 768w, https:\/\/me.yrittajat.fi\/app\/uploads\/sites\/96\/2024\/11\/omakuva-eka-tyopaiva-1434x1536.jpg 1434w\" data-sizes=\"(max-width: 1494px) 100vw, 1494px\" data-lazy=\"\" \/>\t\t\t\t\t<\/div>\n\n\t\t<div class=\"gb-manual-contact-lift__info-wrapper\">\n\t\t\t\t\t\t\t<h3 class=\"gb-manual-contact-lift__name\">\n\t\t\t\t\tTiina Ikonen\t\t\t\t<\/h3>\n\t\t\t\t\t\t\t\t\t\t<div class=\"gb-manual-contact-lift__job_title\">\n\t\t\t\t\tProjektip\u00e4\u00e4llikk\u00f6\t\t\t\t<\/div>\n\t\t\t\t\t\t\t\t\t\t<div class=\"gb-manual-contact-lift__company-name\">\n\t\t\t\t\tEtel\u00e4-Savon yritt\u00e4j\u00e4t ry,  Tulevaisuusvoima -hanke\t\t\t\t<\/div>\n\t\t\t\t\t<\/div>\n\t<\/div>\n\t<div class=\"gb-manual-contact-lift__column gb-manual-contact-lift__column--second\">\n\t\t\t\t\t<\/div>\n\n<\/div>\n\n\n\n<p>Hankkeen tavoitteet ja toimet: <\/p>\n\n\n\n<ul class=\"wp-block-list\">\n<li>Tulevaisuusosaamisen parantaminen\n<ul class=\"wp-block-list\">\n<li>Yritysten ja yrityskehitt\u00e4jien kyky ennakoida trendej\u00e4 ja sopeutua niihin<\/li>\n\n\n\n<li>Toimi: tarjotaan kohdennettua koulutusta ja neuvontaa sek\u00e4 etel\u00e4savolaisille yrityksille, ett\u00e4 yrityskehitt\u00e4jille<\/li>\n\n\n\n<li>Tulos: Yritykset tavoittelevat kasvua ja kansainv\u00e4lisyytt\u00e4 ja saavat eteenp\u00e4in katsovaa palvelua<\/li>\n<\/ul>\n<\/li>\n\n\n\n<li>Innovaatiokyvykkyyden lis\u00e4\u00e4minen\n<ul class=\"wp-block-list\">\n<li>Tuetaan yrityksi\u00e4 teknologian ja teko\u00e4lyn hy\u00f6dynt\u00e4misess\u00e4, joilla vahvistetaan innovaatioiden synty\u00e4 ja investointihalukkuutta<\/li>\n\n\n\n<li>Toimi: Yritysten kontaktointi, kyselyt ja tiedon analysointi ja jakaminen<\/li>\n\n\n\n<li>Tulos: TKI-osaaminen ja panostukset kasvavat selkeiden tulevaisuudenn\u00e4kymien kautta<\/li>\n<\/ul>\n<\/li>\n\n\n\n<li>Maakunnallisen neuvontapalveluiden foorumin kehitt\u00e4minen\n<ul class=\"wp-block-list\">\n<li>Varmistetaan yrityksille yhdenmukaiset ja laadukkaat palvelut<\/li>\n\n\n\n<li>Toimi: Ker\u00e4t\u00e4\u00e4n verkosto, jossa kasvatetaan tulevaisuusosaamista ja lis\u00e4t\u00e4\u00e4n keskustelua yrityskehitt\u00e4jien v\u00e4lille<\/li>\n\n\n\n<li>Tulos: Yritysasiakkaalle muodostuu kuva yhten\u00e4isest\u00e4 palvelurintamasta ja tuotteistetuista palveluista<\/li>\n<\/ul>\n<\/li>\n<\/ul>\n\n\n\n<p><\/p>\n","protected":false},"excerpt":{"rendered":"<p>Etel\u00e4-Savon yritysten tulevaisuusvoima -hankkeen\u00a0tavoitteena oli Etel\u00e4-Savon yritysten tulevaisuusvalmiuksien parantaminen ja innovaatiokyvykkyyden lis\u00e4\u00e4minen. Lis\u00e4ksi tavoiteltiin yrityskehitt\u00e4jien tulevaisuusosaamisen ja yritysymm\u00e4rryksen kasvua ja maakunnallisten neuvontapalvelujen keskustelua ja osaamista.\u00a0 Hanke on p\u00e4\u00e4ttynyt helmikuussa 2026. Kiitos matkassa mukana olleille! Hanke j\u00e4rjesti 2025 aikana sarjan maksuttomia, yritt\u00e4jille ja yrityskehitt\u00e4jille suunnattuja koulutusiltoja, joissa keskityttiin liiketoiminnan kehitt\u00e4miseen ja tulevaisuuden haasteisiin. Koulutus toteutettiin verkossa &hellip; <a href=\"https:\/\/me.yrittajat.fi\/tulevaisuusvoima\/\">Lue lis\u00e4\u00e4<\/a><\/p>\n","protected":false},"author":90,"featured_media":24,"parent":0,"menu_order":0,"comment_status":"closed","ping_status":"closed","template":"","meta":{"_acf_changed":false,"footnotes":""},"class_list":["post-3","page","type-page","status-publish","has-post-thumbnail","hentry"],"acf":[],"_links":{"self":[{"href":"https:\/\/me.yrittajat.fi\/tulevaisuusvoima\/wp-json\/wp\/v2\/pages\/3","targetHints":{"allow":["GET"]}}],"collection":[{"href":"https:\/\/me.yrittajat.fi\/tulevaisuusvoima\/wp-json\/wp\/v2\/pages"}],"about":[{"href":"https:\/\/me.yrittajat.fi\/tulevaisuusvoima\/wp-json\/wp\/v2\/types\/page"}],"author":[{"embeddable":true,"href":"https:\/\/me.yrittajat.fi\/tulevaisuusvoima\/wp-json\/wp\/v2\/users\/90"}],"replies":[{"embeddable":true,"href":"https:\/\/me.yrittajat.fi\/tulevaisuusvoima\/wp-json\/wp\/v2\/comments?post=3"}],"version-history":[{"count":4,"href":"https:\/\/me.yrittajat.fi\/tulevaisuusvoima\/wp-json\/wp\/v2\/pages\/3\/revisions"}],"predecessor-version":[{"id":222,"href":"https:\/\/me.yrittajat.fi\/tulevaisuusvoima\/wp-json\/wp\/v2\/pages\/3\/revisions\/222"}],"wp:featuredmedia":[{"embeddable":true,"href":"https:\/\/me.yrittajat.fi\/tulevaisuusvoima\/wp-json\/wp\/v2\/media\/24"}],"wp:attachment":[{"href":"https:\/\/me.yrittajat.fi\/tulevaisuusvoima\/wp-json\/wp\/v2\/media?parent=3"}],"curies":[{"name":"wp","href":"https:\/\/api.w.org\/{rel}","templated":true}]}}