{"id":455,"date":"2023-01-24T17:12:17","date_gmt":"2023-01-24T15:12:17","guid":{"rendered":"https:\/\/me.yrittajat.fi\/vaalit\/?page_id=455"},"modified":"2025-03-18T10:57:26","modified_gmt":"2025-03-18T08:57:26","slug":"yrittajakin-voi-parantaa","status":"publish","type":"page","link":"https:\/\/me.yrittajat.fi\/vaalit\/etusivu\/yrittajakin-voi-parantaa\/","title":{"rendered":"Soteohjelma: Yritt\u00e4j\u00e4kin voi parantaa"},"content":{"rendered":"\n<figure class=\"wp-block-image size-large\"><img loading=\"lazy\" decoding=\"async\" width=\"1024\" height=\"683\" src=\"https:\/\/me.yrittajat.fi\/vaalit\/app\/uploads\/sites\/56\/2023\/01\/nostetaan-rimaa_750x500_sote-ohjelma-1024x683.jpg\" alt=\"\" class=\"wp-image-450\" srcset=\"https:\/\/me.yrittajat.fi\/app\/uploads\/sites\/56\/2023\/01\/nostetaan-rimaa_750x500_sote-ohjelma-1024x683.jpg 1024w, https:\/\/me.yrittajat.fi\/app\/uploads\/sites\/56\/2023\/01\/nostetaan-rimaa_750x500_sote-ohjelma-300x200.jpg 300w, https:\/\/me.yrittajat.fi\/app\/uploads\/sites\/56\/2023\/01\/nostetaan-rimaa_750x500_sote-ohjelma-768x512.jpg 768w, https:\/\/me.yrittajat.fi\/app\/uploads\/sites\/56\/2023\/01\/nostetaan-rimaa_750x500_sote-ohjelma-1536x1024.jpg 1536w, https:\/\/me.yrittajat.fi\/app\/uploads\/sites\/56\/2023\/01\/nostetaan-rimaa_750x500_sote-ohjelma-668x445.jpg 668w, https:\/\/me.yrittajat.fi\/app\/uploads\/sites\/56\/2023\/01\/nostetaan-rimaa_750x500_sote-ohjelma.jpg 1563w\" sizes=\"auto, (max-width: 1024px) 100vw, 1024px\" \/><\/figure>\n\n\n\n<p>Suomi on hyvinvointiyhteiskunta, mutta onko meill\u00e4 hyvinvoivat ihmiset? Meill\u00e4 enemm\u00e4nkin keskustellaan sairastavuudesta kuin toteutetaan rohkeasti ehk\u00e4isev\u00e4\u00e4 terveydenhuoltoa. Ja jos sairastuu, l\u00e4\u00e4k\u00e4rin vastaanotolle ei p\u00e4\u00e4se ajoissa.<\/p>\n\n\n\n<p>Uusien hyvinvointialueiden tulisi panostaa oman toimintansa tehostamiseen sek\u00e4 arvioida oman palvelutuotantonsa kustannuksia ja laatua. Sen sijaan ne vaativat jo k\u00e4ynnistysvaiheessa lis\u00e4rahoitusta valtiolta.<\/p>\n\n\n\n<p>Tavoitteemme on hyvin yksinkertainen. Tehd\u00e4\u00e4n yhdess\u00e4 suomalaisille maailman parhaat hyvinvointipalvelut. Yritykset tarjoavat lis\u00e4\u00e4 resursseja ja osaamista suomalaiseen terveydenhuoltoon. Tarjoamme uutta teknologiaa, joka samalla mahdollistaa enemm\u00e4n aikaa asiakasty\u00f6h\u00f6n. Tarjoamme nopeaa hoitoon p\u00e4\u00e4sy\u00e4. Tarjoamme yhteisty\u00f6t\u00e4 my\u00f6s ennakoivaan terveydenhuoltoon sek\u00e4 terveyden edist\u00e4misen palveluihin. Vain terveen\u00e4 on mukava yritt\u00e4\u00e4 ja rakentaa suomalaista yhteiskuntaa.<\/p>\n\n\n\n<p><\/p>\n\n\n\n<h2 class=\"wp-block-heading\">Yritt\u00e4jien ratkaisut toimivaan soteen<strong><br><\/strong><\/h2>\n\n\n\n<ul class=\"wp-block-list\">\n<li>Hyvinvointialueen on hankittava laajasti palveluita alan yrityksilt\u00e4. T\u00e4ss\u00e4 keinoja ovat ostopalvelut, palvelusetelit ja kumppanuudet.<\/li>\n\n\n\n<li>Ostopalvelut pit\u00e4\u00e4 jakaa tarkoituksenmukaisiin osiin, jotta my\u00f6s pienemm\u00e4t sote-yritt\u00e4j\u00e4t voivat j\u00e4tt\u00e4\u00e4 niihin tarjouksen.<\/li>\n\n\n\n<li>Palvelusetelin arvo on m\u00e4\u00e4ritelt\u00e4v\u00e4 sellaiseksi, ett\u00e4 se mahdollistaa k\u00e4ytt\u00e4j\u00e4lleen palvelun saamisen julkisen sektorin asiakasmaksulla.<\/li>\n\n\n\n<li>Hyvinvointialueille on s\u00e4\u00e4dett\u00e4v\u00e4 velvollisuus laskea julkisesti omistetun tuotannon yksikk\u00f6kustannukset ja julkistaa ne.<\/li>\n\n\n\n<li>Muutosesitys koskien lakia rajat ylitt\u00e4v\u00e4st\u00e4 terveydenhuollosta saatetaan voimaan viivyttelem\u00e4tt\u00e4.<\/li>\n\n\n\n<li>Hallitus s\u00e4ilytt\u00e4\u00e4 Kansanel\u00e4kelaitoksen j\u00e4rjest\u00e4m\u00e4n kuntoutuksen Kelassa. Lis\u00e4ksi selvitet\u00e4\u00e4n, onko kuntoutuksen nykyiselle 65 vuoden yl\u00e4ik\u00e4rajalle en\u00e4\u00e4 perusteita, koska ty\u00f6urien pidentyess\u00e4 kuntoutus nousee entist\u00e4 merkitt\u00e4v\u00e4mp\u00e4\u00e4n rooliin.<\/li>\n\n\n\n<li>Hoitoon p\u00e4\u00e4syn velvoittavia m\u00e4\u00e4r\u00e4aikoja lyhennet\u00e4\u00e4n puolittamalla ne nykyisist\u00e4, jotta sairaudet eiv\u00e4t p\u00e4\u00e4sisi pahenemaan ja paras hoitovaste toteutuisi.<\/li>\n<\/ul>\n\n\n\t<div id=\"gb-button-block_f61b16937ce089c3e636ce22861cdce2\" class=\"gb-button gb-button-block_f61b16937ce089c3e636ce22861cdce2\">\n\t\t\t\t\t\t<a class=\"b-button b-button--color- b-button--style-\"\n\t   href=\"https:\/\/me.yrittajat.fi\/app\/uploads\/sites\/56\/2023\/01\/yrittajien-ratkaisuja-tuleville-paattajille_4.pdf\"\n\t   target=\"_blank\">\n\n\t\t<span class=\"b-button__title\">\n\t\t\tLue koko sote-ohjelmamme t\u00e4st\u00e4\t\t<\/span>\n\n\t\t\t\t\t<span class=\"b-button__icon\">\n\t\t\t\t<svg xmlns=\"http:\/\/www.w3.org\/2000\/svg\" viewBox=\"0 0 9 14\"><path d=\"M2.001 13.664a1.333 1.333 0 01-.954-2.272l.007-.008 4.414-4.386-4.24-4.414A1.333 1.333 0 113.12.704l5.147 5.334a1.333 1.333 0 010 1.866l-5.334 5.334a1.333 1.333 0 01-.933.426z\"\/><\/svg>\t\t\t<\/span>\n\t\t\t<\/a>\n\t\t\t<\/div>\n","protected":false},"excerpt":{"rendered":"<p>Suomi on hyvinvointiyhteiskunta, mutta onko meill\u00e4 hyvinvoivat ihmiset? Meill\u00e4 enemm\u00e4nkin keskustellaan sairastavuudesta kuin toteutetaan rohkeasti ehk\u00e4isev\u00e4\u00e4 terveydenhuoltoa. Ja jos sairastuu, l\u00e4\u00e4k\u00e4rin vastaanotolle ei p\u00e4\u00e4se ajoissa. Uusien hyvinvointialueiden tulisi panostaa oman toimintansa tehostamiseen sek\u00e4 arvioida oman palvelutuotantonsa kustannuksia ja laatua. Sen sijaan ne vaativat jo k\u00e4ynnistysvaiheessa lis\u00e4rahoitusta valtiolta. Tavoitteemme on hyvin yksinkertainen. Tehd\u00e4\u00e4n yhdess\u00e4 suomalaisille maailman &hellip; <a href=\"https:\/\/me.yrittajat.fi\/vaalit\/etusivu\/yrittajakin-voi-parantaa\/\">Continued<\/a><\/p>\n","protected":false},"author":59,"featured_media":0,"parent":3,"menu_order":0,"comment_status":"closed","ping_status":"closed","template":"","meta":{"_acf_changed":false,"footnotes":""},"class_list":["post-455","page","type-page","status-publish","hentry"],"acf":[],"_links":{"self":[{"href":"https:\/\/me.yrittajat.fi\/vaalit\/wp-json\/wp\/v2\/pages\/455","targetHints":{"allow":["GET"]}}],"collection":[{"href":"https:\/\/me.yrittajat.fi\/vaalit\/wp-json\/wp\/v2\/pages"}],"about":[{"href":"https:\/\/me.yrittajat.fi\/vaalit\/wp-json\/wp\/v2\/types\/page"}],"author":[{"embeddable":true,"href":"https:\/\/me.yrittajat.fi\/vaalit\/wp-json\/wp\/v2\/users\/59"}],"replies":[{"embeddable":true,"href":"https:\/\/me.yrittajat.fi\/vaalit\/wp-json\/wp\/v2\/comments?post=455"}],"version-history":[{"count":5,"href":"https:\/\/me.yrittajat.fi\/vaalit\/wp-json\/wp\/v2\/pages\/455\/revisions"}],"predecessor-version":[{"id":957,"href":"https:\/\/me.yrittajat.fi\/vaalit\/wp-json\/wp\/v2\/pages\/455\/revisions\/957"}],"up":[{"embeddable":true,"href":"https:\/\/me.yrittajat.fi\/vaalit\/wp-json\/wp\/v2\/pages\/3"}],"wp:attachment":[{"href":"https:\/\/me.yrittajat.fi\/vaalit\/wp-json\/wp\/v2\/media?parent=455"}],"curies":[{"name":"wp","href":"https:\/\/api.w.org\/{rel}","templated":true}]}}