{"id":491,"date":"2023-02-03T15:59:06","date_gmt":"2023-02-03T13:59:06","guid":{"rendered":"https:\/\/me.yrittajat.fi\/vaalit\/?page_id=491"},"modified":"2023-03-24T13:45:21","modified_gmt":"2023-03-24T11:45:21","slug":"tapahtumat","status":"publish","type":"page","link":"https:\/\/me.yrittajat.fi\/vaalit\/tapahtumat\/","title":{"rendered":"Tapahtumat"},"content":{"rendered":"\n<div class=\"wp-block-media-text alignwide is-stacked-on-mobile\"><figure class=\"wp-block-media-text__media\"><img loading=\"lazy\" decoding=\"async\" width=\"1024\" height=\"576\" src=\"https:\/\/me.yrittajat.fi\/vaalit\/app\/uploads\/sites\/56\/2023\/03\/nostetaan-rimaa_vaalikiertuekartta-1920x1080-1-1024x576.png\" alt=\"Nostetaan rimaa -vaalitapahtumia j\u00e4rjestet\u00e4\u00e4n ymp\u00e4ri Suomen.\" class=\"wp-image-707 size-full\" srcset=\"https:\/\/me.yrittajat.fi\/app\/uploads\/sites\/56\/2023\/03\/nostetaan-rimaa_vaalikiertuekartta-1920x1080-1-1024x576.png 1024w, https:\/\/me.yrittajat.fi\/app\/uploads\/sites\/56\/2023\/03\/nostetaan-rimaa_vaalikiertuekartta-1920x1080-1-300x169.png 300w, https:\/\/me.yrittajat.fi\/app\/uploads\/sites\/56\/2023\/03\/nostetaan-rimaa_vaalikiertuekartta-1920x1080-1-768x432.png 768w, https:\/\/me.yrittajat.fi\/app\/uploads\/sites\/56\/2023\/03\/nostetaan-rimaa_vaalikiertuekartta-1920x1080-1-1536x864.png 1536w, https:\/\/me.yrittajat.fi\/app\/uploads\/sites\/56\/2023\/03\/nostetaan-rimaa_vaalikiertuekartta-1920x1080-1-2048x1152.png 2048w, https:\/\/me.yrittajat.fi\/app\/uploads\/sites\/56\/2023\/03\/nostetaan-rimaa_vaalikiertuekartta-1920x1080-1-318x178.png 318w, https:\/\/me.yrittajat.fi\/app\/uploads\/sites\/56\/2023\/03\/nostetaan-rimaa_vaalikiertuekartta-1920x1080-1-1364x768.png 1364w\" sizes=\"auto, (max-width: 1024px) 100vw, 1024px\" \/><\/figure><div class=\"wp-block-media-text__content\">\n<h2 class=\"wp-block-heading\">Nostetaan rimaa -kiertue<\/h2>\n\n\n\n<p>Yritt\u00e4jien Nostetaan rimaa -kiertue kattaa koko maan. Tarkemmat tiedot alueellisista tapahtumista saat tapahtumapaikkakunnan aluej\u00e4rjest\u00f6n verkosta.<\/p>\n\n\n\n<p>Tilaisuudet ovat avoimia yritt\u00e4jille, ehdokkaille ja yritt\u00e4jyydest\u00e4 innostuneille \u00e4\u00e4nest\u00e4jille.<\/p>\n\n\n\n<p><strong>Tervetuloa mukaan nostamaan rimaa!<\/strong><\/p>\n\n\n\t<div id=\"gb-button-block_d9e6e926f1a309018032ec30ebc918d5\" class=\"gb-button gb-button-block_d9e6e926f1a309018032ec30ebc918d5\">\n\t\t\t\t\t\t<a class=\"b-button b-button--color- b-button--style-\"\n\t   href=\"https:\/\/www.yrittajat.fi\/yrittajajarjesto\/tietoa-yrittajista\/aluejarjestot\"\n\t   target=\"_blank\">\n\n\t\t<span class=\"b-button__title\">\n\t\t\tYritt\u00e4jien aluej\u00e4rjest\u00f6t\t\t<\/span>\n\n\t\t\t\t\t<span class=\"b-button__icon\">\n\t\t\t\t<svg xmlns=\"http:\/\/www.w3.org\/2000\/svg\" viewBox=\"0 0 9 14\"><path d=\"M2.001 13.664a1.333 1.333 0 01-.954-2.272l.007-.008 4.414-4.386-4.24-4.414A1.333 1.333 0 113.12.704l5.147 5.334a1.333 1.333 0 010 1.866l-5.334 5.334a1.333 1.333 0 01-.933.426z\"\/><\/svg>\t\t\t<\/span>\n\t\t\t<\/a>\n\t\t\t<\/div>\n<\/div><\/div>\n\n\n\n<div class=\"wp-block-columns is-layout-flex wp-container-core-columns-is-layout-1 wp-block-columns-is-layout-flex\">\n<div class=\"wp-block-column is-layout-flow wp-block-column-is-layout-flow\"><\/div>\n\n\n\n<div class=\"wp-block-column is-layout-flow wp-block-column-is-layout-flow\"><\/div>\n<\/div>\n\n\n\n<section id=\"gb-content-grey-bg-block_69755dea6b58952ad1b655ef22a087f7\" class=\"gb-content-grey-bg gb-content-grey-bg-block_69755dea6b58952ad1b655ef22a087f7\">\n\t\t\t<h2 class=\"gb-content-grey-bg__title\">\n\t\t\tToimiala- ja aluej\u00e4rjest\u00f6jen vaalitapahtumat\t\t<\/h2>\n\t\t<div class=\"gb-content-grey-bg__content\">\n\t\t\t\t\t<p>Tutustu toimiala- ja aluej\u00e4rjest\u00f6jen vaalitapahtumiin ymp\u00e4ri Suomen:<\/p>\n<ul>\n<li style=\"list-style-type: none\"><\/li>\n<li><strong>25.3. klo 12-16 Kalajoki:<\/strong><a href=\"https:\/\/www.yrittajat.fi\/tapahtumat\/nostetaan-rimaa-vaalitapahtuma\/\"> Nostetaan rimaa -vaalitapahtuma<\/a>, Keski-Pohjanmaan Yritt\u00e4j\u00e4t, Kalajoen Yritt\u00e4j\u00e4t<\/li>\n<li><strong>25.3. klo 10-14 Porvoo: <\/strong><a href=\"https:\/\/www.yrittajat.fi\/tapahtumat\/porvoon-yrittajien-vaaliteltta\/\">Porvoon Yritt\u00e4jien vaaliteltta<\/a>, Porvoon Yritt\u00e4j\u00e4t &#8211; Borg\u00e5 F\u00f6retagare rf<\/li>\n<li><strong>26.3. klo 11-13 Rauma:<\/strong>\u00a0<a href=\"https:\/\/www.yrittajat.fi\/tapahtumat\/vaalikahvila-wanhan-rauman-kaffebarissa\/\">Vaalikahvila Wanhan Rauman Kaffebarissa<\/a>, Rauman Yritt\u00e4j\u00e4t<\/li>\n<li><strong>28.3. klo 18-20 Hyvink\u00e4\u00e4:<\/strong> <a href=\"https:\/\/www.yrittajat.fi\/tapahtumat\/eduskuntavaalitentti-2023\/\">Eduskuntavaalitentti 2023<\/a>, Hyvink\u00e4\u00e4n Yritt\u00e4j\u00e4t<\/li>\n<li><strong>29.3. klo 15-16:30 Varkaus:<\/strong>\u00a0<a href=\"https:\/\/www.yrittajat.fi\/tapahtumat\/eduskuntavaalipaneeli-varkaudessa\/\">Eduskuntavaalipaneeli Varkaudessa<\/a>, Savon Yritt\u00e4j\u00e4t, Varkauden Yritt\u00e4j\u00e4t<\/li>\n<\/ul>\n<h3>Katso j\u00e4rjestettyjen vaalipaneeleiden tallenteita:<\/h3>\n<ul>\n<li><a href=\"https:\/\/www.yrittajat.fi\/uutiset\/katso-tallenteelta-helsingin-yrittajien-eduskuntavaalitentti\/\">Helsingin Yritt\u00e4jien vaalipaneeli 15.3.<\/a><\/li>\n<li><a href=\"https:\/\/www.yrittajat.fi\/tapahtumat\/nostetaan-rimaa-yrittajien-vaalipaneeli-16-3-klo-17-turussa\/\">Varsinais-Suomen Yritt\u00e4jien vaalipaneeli 16.3.<\/a><\/li>\n<li><a href=\"https:\/\/www.yrittajat.fi\/tapahtumat\/katse-pohjoiseen-vaalipaneeli\/\">Lapin Yritt\u00e4jien vaalipaneeli 21.3.<\/a><\/li>\n<\/ul>\n<ul>\n<li style=\"list-style-type: none\"><\/li>\n<\/ul>\n\t\t\t<\/div>\n<\/section>\n\n<!-- You can also use SakkeLib\\Helpers\\get_template_part inside a gutenberg acf block template -->\n","protected":false},"excerpt":{"rendered":"","protected":false},"author":11,"featured_media":492,"parent":0,"menu_order":0,"comment_status":"closed","ping_status":"closed","template":"page-template-wide.php","meta":{"_acf_changed":false,"footnotes":""},"class_list":["post-491","page","type-page","status-publish","has-post-thumbnail","hentry"],"acf":[],"_links":{"self":[{"href":"https:\/\/me.yrittajat.fi\/vaalit\/wp-json\/wp\/v2\/pages\/491","targetHints":{"allow":["GET"]}}],"collection":[{"href":"https:\/\/me.yrittajat.fi\/vaalit\/wp-json\/wp\/v2\/pages"}],"about":[{"href":"https:\/\/me.yrittajat.fi\/vaalit\/wp-json\/wp\/v2\/types\/page"}],"author":[{"embeddable":true,"href":"https:\/\/me.yrittajat.fi\/vaalit\/wp-json\/wp\/v2\/users\/11"}],"replies":[{"embeddable":true,"href":"https:\/\/me.yrittajat.fi\/vaalit\/wp-json\/wp\/v2\/comments?post=491"}],"version-history":[{"count":87,"href":"https:\/\/me.yrittajat.fi\/vaalit\/wp-json\/wp\/v2\/pages\/491\/revisions"}],"predecessor-version":[{"id":904,"href":"https:\/\/me.yrittajat.fi\/vaalit\/wp-json\/wp\/v2\/pages\/491\/revisions\/904"}],"wp:featuredmedia":[{"embeddable":true,"href":"https:\/\/me.yrittajat.fi\/vaalit\/wp-json\/wp\/v2\/media\/492"}],"wp:attachment":[{"href":"https:\/\/me.yrittajat.fi\/vaalit\/wp-json\/wp\/v2\/media?parent=491"}],"curies":[{"name":"wp","href":"https:\/\/api.w.org\/{rel}","templated":true}]}}