{"id":533,"date":"2023-02-07T15:55:26","date_gmt":"2023-02-07T13:55:26","guid":{"rendered":"https:\/\/me.yrittajat.fi\/vaalit\/?page_id=533"},"modified":"2025-03-18T10:57:45","modified_gmt":"2025-03-18T08:57:45","slug":"yrittajien-kasvuohjelma-sisulla-ja-sitkeydella","status":"publish","type":"page","link":"https:\/\/me.yrittajat.fi\/vaalit\/etusivu\/yrittajien-kasvuohjelma-sisulla-ja-sitkeydella\/","title":{"rendered":"Kasvuohjelma: Sisulla ja sitkeydell\u00e4"},"content":{"rendered":"\n<figure class=\"wp-block-image size-large\"><img loading=\"lazy\" decoding=\"async\" width=\"1024\" height=\"683\" src=\"https:\/\/me.yrittajat.fi\/vaalit\/app\/uploads\/sites\/56\/2023\/01\/kasvuohjelma_750x500px-1024x683.jpg\" alt=\"\" class=\"wp-image-445\" srcset=\"https:\/\/me.yrittajat.fi\/app\/uploads\/sites\/56\/2023\/01\/kasvuohjelma_750x500px-1024x683.jpg 1024w, https:\/\/me.yrittajat.fi\/app\/uploads\/sites\/56\/2023\/01\/kasvuohjelma_750x500px-300x200.jpg 300w, https:\/\/me.yrittajat.fi\/app\/uploads\/sites\/56\/2023\/01\/kasvuohjelma_750x500px-768x512.jpg 768w, https:\/\/me.yrittajat.fi\/app\/uploads\/sites\/56\/2023\/01\/kasvuohjelma_750x500px-1536x1024.jpg 1536w, https:\/\/me.yrittajat.fi\/app\/uploads\/sites\/56\/2023\/01\/kasvuohjelma_750x500px-2048x1365.jpg 2048w, https:\/\/me.yrittajat.fi\/app\/uploads\/sites\/56\/2023\/01\/kasvuohjelma_750x500px-668x445.jpg 668w\" sizes=\"auto, (max-width: 1024px) 100vw, 1024px\" \/><\/figure>\n\n\n\n\t<div id=\"gb-ingress-block_0566a074adfc011aa0e7a86296535320\"\n\t     class=\"gb-ingress gb-ingress-block_0566a074adfc011aa0e7a86296535320\">\n\t\t\t\t\t<p class=\"gb-ingress__content\">\n\t\t\t\tYritt\u00e4j\u00e4henki kasvun, investointien ja ty\u00f6el\u00e4m\u00e4n moottorina\t\t\t<\/p>\n\t\t\t<\/div>\n\n\n\n\n\t<div id=\"gb-ingress-block_7ba800dfc35642dac2d344812636f4f7\"\n\t     class=\"gb-ingress gb-ingress-block_7ba800dfc35642dac2d344812636f4f7\">\n\t\t\t<\/div>\n\n\n\n\n<p>Suomi menestyy, jos Suomen yritykset menestyv\u00e4t. Menestyv\u00e4t yritt\u00e4j\u00e4t luovat ty\u00f6t\u00e4 ja kasvua. Suomen kasvu syntyy suomalaisten yritysten kasvun kautta. Kasvaakseen yritt\u00e4j\u00e4 tarvitsee vakaan ja kilpailukykyisen verotuksen.<\/p>\n\n\n\n<p>Jotta julkinen talous saadaan tasapainoon, tarvitaan vahvempaa kasvua, uskallusta leikata menoja ja rohkeutta tehd\u00e4 rakenteellisia uudistuksia. Ratkaisuilla on kiire, sill\u00e4 Suomi ik\u00e4\u00e4ntyy ja huoltosuhde heikkenee.<\/p>\n\n\n\n<p>Kasvava julkinen velka on yritysten investointeja v\u00e4hent\u00e4v\u00e4 tekij\u00e4. Velkaantuminen huolestuttaa laajalti yritt\u00e4ji\u00e4. Hallitus peri aloittaessaan 106 miljardia euroa valtionvelkaa. T\u00e4ll\u00e4 kaudella velkataakka lis\u00e4\u00e4ntyi noin 40 miljardilla eurolla.<\/p>\n\n\n\n<p>Mit\u00e4 enemm\u00e4n velkaannumme, sit\u00e4 v\u00e4hemm\u00e4n on liikkumavaraa ja mahdollisuuksia alentaa tulevaisuudessa ty\u00f6n ja yritt\u00e4misen verotusta. <\/p>\n\n\n\n<p>Yritt\u00e4j\u00e4t esitt\u00e4\u00e4, ett\u00e4 seuraavan hallituksen on aloitettava julkisen talouden vakauttaminen v\u00e4litt\u00f6m\u00e4sti 700\u2013800 miljoonan euron vuotuisilla sopeutustoimilla. Ty\u00f6llisyyden vahvistaminen on t\u00e4rke\u00e4 terveelle julkiselle taloudelle ja hyvinvointiyhteiskunnan turvaamiselle.<\/p>\n\n\n\n<p>Seuraavan hallituksen on siirrytt\u00e4v\u00e4 suhdannepolitiikasta rakenteiden uudistamiseen, jotta Suomeen investoidaan, p\u00e4\u00e4omakanta lis\u00e4\u00e4ntyy ja tuotannon taso nousee.<\/p>\n\n\n\n<h2 class=\"wp-block-heading\">Yritt\u00e4jien ratkaisut verotukseen <\/h2>\n\n\n\n<p>\u2022 Yritysten verotusta ei kiristet\u00e4.<br>\u2022 V\u00e4ltet\u00e4\u00e4n poukkoilevaa veropolitiikkaa. Yritysverotus s\u00e4ilytet\u00e4\u00e4n ennakoitavana ja vakaana<br>\u2022 Yhteis\u00f6veroaste ja yhteis\u00f6veroj\u00e4rjestelm\u00e4 pidet\u00e4\u00e4n kansainv\u00e4lisesti kilpailukykyisen\u00e4.<br>\u2022 Listaamattomien osakeyhti\u00f6iden osinkoveromalli muutetaan yritt\u00e4j\u00e4riski\u00e4 paremmin kompensoivaksi luopumalla nettovarasidonnaisuudesta.<br>Osingon yritt\u00e4j\u00e4huojennus s\u00e4ilytet\u00e4\u00e4n ja jatkossa veronalainen osuus verotetaan aina p\u00e4\u00e4omatulona. Ansiotulona verotettavasta osingosta luovutaan.<br>\u2022 Yritt\u00e4j\u00e4v\u00e4hennys s\u00e4ilytet\u00e4\u00e4n.<br>\u2022 P\u00e4\u00e4omatuloveron progressiosta luovutaan. Jatkossa p\u00e4\u00e4omatuloveroprosentti on 30.<br>\u2022 Listattujen yhti\u00f6iden osinkoverotus pidet\u00e4\u00e4n ennallaan.<br>\u2022 Perint\u00f6- ja lahjaverotusta kevennet\u00e4\u00e4n ja palataan vuoden 2011 tasolle.<br>\u2022 Ansiotulojen verotusta kevennet\u00e4\u00e4n kaikissa tuloluokissa.<br>\u2022 Osinkoveromalli muutetaan nettovarallisuudesta riippumattomaksi.<\/p>\n\n\n\t<div id=\"gb-button-block_58986dafa821baa22bf2b1ff52114015\" class=\"gb-button gb-button-block_58986dafa821baa22bf2b1ff52114015\">\n\t\t\t\t\t\t<a class=\"b-button b-button--color- b-button--style-\"\n\t   href=\"https:\/\/me.yrittajat.fi\/app\/uploads\/sites\/56\/2022\/12\/yrittajien-ratkaisuja-tuleville-paattajille.pdf\"\n\t   target=\"_self\">\n\n\t\t<span class=\"b-button__title\">\n\t\t\tLue koko kasvuohjelmamme t\u00e4st\u00e4\t\t<\/span>\n\n\t\t\t\t\t<span class=\"b-button__icon\">\n\t\t\t\t<svg xmlns=\"http:\/\/www.w3.org\/2000\/svg\" viewBox=\"0 0 9 14\"><path d=\"M2.001 13.664a1.333 1.333 0 01-.954-2.272l.007-.008 4.414-4.386-4.24-4.414A1.333 1.333 0 113.12.704l5.147 5.334a1.333 1.333 0 010 1.866l-5.334 5.334a1.333 1.333 0 01-.933.426z\"\/><\/svg>\t\t\t<\/span>\n\t\t\t<\/a>\n\t\t\t<\/div>\n\n\n\n<p><\/p>\n","protected":false},"excerpt":{"rendered":"<p>Suomi menestyy, jos Suomen yritykset menestyv\u00e4t. Menestyv\u00e4t yritt\u00e4j\u00e4t luovat ty\u00f6t\u00e4 ja kasvua. Suomen kasvu syntyy suomalaisten yritysten kasvun kautta. Kasvaakseen yritt\u00e4j\u00e4 tarvitsee vakaan ja kilpailukykyisen verotuksen. Jotta julkinen talous saadaan tasapainoon, tarvitaan vahvempaa kasvua, uskallusta leikata menoja ja rohkeutta tehd\u00e4 rakenteellisia uudistuksia. Ratkaisuilla on kiire, sill\u00e4 Suomi ik\u00e4\u00e4ntyy ja huoltosuhde heikkenee. Kasvava julkinen velka on &hellip; <a href=\"https:\/\/me.yrittajat.fi\/vaalit\/etusivu\/yrittajien-kasvuohjelma-sisulla-ja-sitkeydella\/\">Continued<\/a><\/p>\n","protected":false},"author":59,"featured_media":0,"parent":3,"menu_order":0,"comment_status":"closed","ping_status":"closed","template":"","meta":{"_acf_changed":false,"footnotes":""},"class_list":["post-533","page","type-page","status-publish","hentry"],"acf":[],"_links":{"self":[{"href":"https:\/\/me.yrittajat.fi\/vaalit\/wp-json\/wp\/v2\/pages\/533","targetHints":{"allow":["GET"]}}],"collection":[{"href":"https:\/\/me.yrittajat.fi\/vaalit\/wp-json\/wp\/v2\/pages"}],"about":[{"href":"https:\/\/me.yrittajat.fi\/vaalit\/wp-json\/wp\/v2\/types\/page"}],"author":[{"embeddable":true,"href":"https:\/\/me.yrittajat.fi\/vaalit\/wp-json\/wp\/v2\/users\/59"}],"replies":[{"embeddable":true,"href":"https:\/\/me.yrittajat.fi\/vaalit\/wp-json\/wp\/v2\/comments?post=533"}],"version-history":[{"count":5,"href":"https:\/\/me.yrittajat.fi\/vaalit\/wp-json\/wp\/v2\/pages\/533\/revisions"}],"predecessor-version":[{"id":958,"href":"https:\/\/me.yrittajat.fi\/vaalit\/wp-json\/wp\/v2\/pages\/533\/revisions\/958"}],"up":[{"embeddable":true,"href":"https:\/\/me.yrittajat.fi\/vaalit\/wp-json\/wp\/v2\/pages\/3"}],"wp:attachment":[{"href":"https:\/\/me.yrittajat.fi\/vaalit\/wp-json\/wp\/v2\/media?parent=533"}],"curies":[{"name":"wp","href":"https:\/\/api.w.org\/{rel}","templated":true}]}}