{"id":552,"date":"2023-02-08T13:57:33","date_gmt":"2023-02-08T11:57:33","guid":{"rendered":"https:\/\/me.yrittajat.fi\/vaalit\/?page_id=552"},"modified":"2025-03-18T10:57:56","modified_gmt":"2025-03-18T08:57:56","slug":"tyomarkkinaohjelma-vain-tehty-tyo-on-tarkeaa","status":"publish","type":"page","link":"https:\/\/me.yrittajat.fi\/vaalit\/etusivu\/yrittajien-teemaohjelmat\/tyomarkkinaohjelma-vain-tehty-tyo-on-tarkeaa\/","title":{"rendered":"Ty\u00f6markkinaohjelma: Vain tehty ty\u00f6 on t\u00e4rke\u00e4\u00e4"},"content":{"rendered":"\n<figure class=\"wp-block-image size-large\"><img loading=\"lazy\" decoding=\"async\" width=\"1024\" height=\"683\" src=\"https:\/\/me.yrittajat.fi\/vaalit\/app\/uploads\/sites\/56\/2023\/01\/tyomarkkinaohjelma_750x500px-1024x683.jpg\" alt=\"\" class=\"wp-image-446\" srcset=\"https:\/\/me.yrittajat.fi\/app\/uploads\/sites\/56\/2023\/01\/tyomarkkinaohjelma_750x500px-1024x683.jpg 1024w, https:\/\/me.yrittajat.fi\/app\/uploads\/sites\/56\/2023\/01\/tyomarkkinaohjelma_750x500px-300x200.jpg 300w, https:\/\/me.yrittajat.fi\/app\/uploads\/sites\/56\/2023\/01\/tyomarkkinaohjelma_750x500px-768x512.jpg 768w, https:\/\/me.yrittajat.fi\/app\/uploads\/sites\/56\/2023\/01\/tyomarkkinaohjelma_750x500px-1536x1024.jpg 1536w, https:\/\/me.yrittajat.fi\/app\/uploads\/sites\/56\/2023\/01\/tyomarkkinaohjelma_750x500px-2048x1365.jpg 2048w, https:\/\/me.yrittajat.fi\/app\/uploads\/sites\/56\/2023\/01\/tyomarkkinaohjelma_750x500px-668x445.jpg 668w\" sizes=\"auto, (max-width: 1024px) 100vw, 1024px\" \/><\/figure>\n\n\n\n\t<div id=\"gb-ingress-block_9225023a4e04e9ce5635ffabd628f169\"\n\t     class=\"gb-ingress gb-ingress-block_9225023a4e04e9ce5635ffabd628f169\">\n\t\t\t\t\t<p class=\"gb-ingress__content\">\n\t\t\t\tAvoin ty\u00f6paikka ilman tekij\u00e4 on kuin Tesla ilman t\u00f6pseli\u00e4\t\t\t<\/p>\n\t\t\t<\/div>\n\n\n\n\n<p><strong>Ty\u00f6paikoilla on kaikki edellytykset paikalliseen sopimiseen<br><\/strong><\/p>\n\n\n\n<p>Pieniss\u00e4 yrityksiss\u00e4 luottamuksellisuus, avoimuus ja tasapuolinen kohtelu toteutuvat parhaiten. T\u00e4m\u00e4n vahvistaa muun muassa vuosittain ty\u00f6- ja elinkeinoministeri\u00f6n Ty\u00f6olobarometri.<br><\/p>\n\n\n\n<p>Ty\u00f6markkinamme ovat silti j\u00e4yk\u00e4t ja ty\u00f6llist\u00e4misen kynnys on edelleen liian korkealla. Siksi Suomessa tarvitaan viimein rohkeutta ja ratkaisua luopua vuosikymmeni\u00e4 vanhoista ty\u00f6markkinarakenteista.<br><\/p>\n\n\n\n<p>Nykyiset s\u00e4\u00e4ntelyrakenteet ovat syntyneet 1970-luvulla erilaisessa yhteiskunnassa.<br><\/p>\n\n\n\n<p>Esimerkiksi lains\u00e4\u00e4d\u00e4nn\u00f6ss\u00e4 olevat sopimisen kiellot est\u00e4v\u00e4t sopimista erityisesti j\u00e4rjest\u00e4ytym\u00e4tt\u00f6miss\u00e4 yrityksiss\u00e4, jotka noudattavat ty\u00f6ehtosopimusta yleissitovuuden perusteella tai jotka toimivat aloilla, joilla ei ole ty\u00f6ehtosopimusta. T\u00e4llaisia ty\u00f6nantajia on yli 80 prosenttia ty\u00f6nantajayrityksist\u00e4 ja m\u00e4\u00e4r\u00e4 on kasvussa.<br><\/p>\n\n\n\n<p>On ristiriitaista, ett\u00e4 lains\u00e4\u00e4t\u00e4j\u00e4 rajoittaa juuri niiden ty\u00f6paikkojen sopimismahdollisuutta, joissa edellytykset sopimiselle ovat otollisimmat. Ty\u00f6olobarometrin mukaan<br>ty\u00f6paikoilla pystyt\u00e4\u00e4n k\u00e4sittelem\u00e4\u00e4n ristiriitoja sit\u00e4 paremmin, mit\u00e4 pienemm\u00e4st\u00e4 yrityksest\u00e4 on kyse. My\u00f6s ty\u00f6ntekij\u00f6iden tasapuolisen kohtelun kokemus on yleisint\u00e4 pienill\u00e4 ty\u00f6paikoilla.<\/p>\n\n\n\n<p><strong>Yritt\u00e4j\u00e4t esitt\u00e4\u00e4 seuraavia muutoksia:<\/strong><br><\/p>\n\n\n\n<p>\u2022 Sopiminen ty\u00f6paikoilla pit\u00e4\u00e4 olla mahdollista kaikissa yrityksiss\u00e4, my\u00f6s sellaisissa, jotka eiv\u00e4t ole ty\u00f6ehtosopimuksen piiriss\u00e4.<br>\u2022 Nykyisin toisin sopiminen on yleens\u00e4 mahdollista vain valtakunnallisella ty\u00f6ehtosopimuksella. Rajaus pit\u00e4\u00e4 muuttaa siten, ett\u00e4 my\u00f6s yrityskohtaisesti voidaan sopia toisin. T\u00e4ll\u00f6in sopijaosapuolina olisivat ty\u00f6nantaja ja ty\u00f6ntekij\u00e4t tai heid\u00e4n valitsemansa<br>edustaja.<br>\u2022 On mahdollistettava se, ett\u00e4 ty\u00f6paikan osapuolet voivat kaikissa yrityksiss\u00e4 halutessaan sopia my\u00f6s ty\u00f6ehtosopimuksesta poikkeavista palkkaus- ja ty\u00f6aikaj\u00e4rjestelyist\u00e4.<br>\u2022 On poistettava kaikki laissa olevat j\u00e4rjest\u00e4ytym\u00e4tt\u00f6mi\u00e4, yleissitovaa ty\u00f6ehtosopimusta noudattavia yrityksi\u00e4 koskevat sopimisen kiellot.<br>\u2022 On varmistettava, ett\u00e4 paikallinen sopiminen on mahdollista yrityksiss\u00e4 riippumatta siit\u00e4, kuuluuko yritys ty\u00f6nantajaliittoon, tai millainen ty\u00f6ntekij\u00f6iden edustusj\u00e4rjestelm\u00e4 yrityksess\u00e4 on. Sopimisen on siten oltava mahdollista my\u00f6s yrityksiss\u00e4, joissa ei<br>ole luottamusmiest\u00e4.<\/p>\n\n\n\t<div id=\"gb-button-block_6c2f0e10369504757895c6dad569373f\" class=\"gb-button gb-button-block_6c2f0e10369504757895c6dad569373f\">\n\t\t\t\t\t\t<a class=\"b-button b-button--color- b-button--style-\"\n\t   href=\"https:\/\/me.yrittajat.fi\/vaalit\/app\/uploads\/sites\/56\/2022\/12\/yrittajien-ratkaisuja-tuleville-paattajille_2.pdf\"\n\t   target=\"_self\">\n\n\t\t<span class=\"b-button__title\">\n\t\t\tLue koko ty\u00f6markkinaohjelmamme t\u00e4st\u00e4\t\t<\/span>\n\n\t\t\t\t\t<span class=\"b-button__icon\">\n\t\t\t\t<svg xmlns=\"http:\/\/www.w3.org\/2000\/svg\" viewBox=\"0 0 9 14\"><path d=\"M2.001 13.664a1.333 1.333 0 01-.954-2.272l.007-.008 4.414-4.386-4.24-4.414A1.333 1.333 0 113.12.704l5.147 5.334a1.333 1.333 0 010 1.866l-5.334 5.334a1.333 1.333 0 01-.933.426z\"\/><\/svg>\t\t\t<\/span>\n\t\t\t<\/a>\n\t\t\t<\/div>\n","protected":false},"excerpt":{"rendered":"<p>Ty\u00f6paikoilla on kaikki edellytykset paikalliseen sopimiseen Pieniss\u00e4 yrityksiss\u00e4 luottamuksellisuus, avoimuus ja tasapuolinen kohtelu toteutuvat parhaiten. T\u00e4m\u00e4n vahvistaa muun muassa vuosittain ty\u00f6- ja elinkeinoministeri\u00f6n Ty\u00f6olobarometri. Ty\u00f6markkinamme ovat silti j\u00e4yk\u00e4t ja ty\u00f6llist\u00e4misen kynnys on edelleen liian korkealla. Siksi Suomessa tarvitaan viimein rohkeutta ja ratkaisua luopua vuosikymmeni\u00e4 vanhoista ty\u00f6markkinarakenteista. Nykyiset s\u00e4\u00e4ntelyrakenteet ovat syntyneet 1970-luvulla erilaisessa yhteiskunnassa. Esimerkiksi lains\u00e4\u00e4d\u00e4nn\u00f6ss\u00e4 &hellip; <a href=\"https:\/\/me.yrittajat.fi\/vaalit\/etusivu\/yrittajien-teemaohjelmat\/tyomarkkinaohjelma-vain-tehty-tyo-on-tarkeaa\/\">Continued<\/a><\/p>\n","protected":false},"author":59,"featured_media":0,"parent":549,"menu_order":0,"comment_status":"closed","ping_status":"closed","template":"","meta":{"_acf_changed":false,"footnotes":""},"class_list":["post-552","page","type-page","status-publish","hentry"],"acf":[],"_links":{"self":[{"href":"https:\/\/me.yrittajat.fi\/vaalit\/wp-json\/wp\/v2\/pages\/552","targetHints":{"allow":["GET"]}}],"collection":[{"href":"https:\/\/me.yrittajat.fi\/vaalit\/wp-json\/wp\/v2\/pages"}],"about":[{"href":"https:\/\/me.yrittajat.fi\/vaalit\/wp-json\/wp\/v2\/types\/page"}],"author":[{"embeddable":true,"href":"https:\/\/me.yrittajat.fi\/vaalit\/wp-json\/wp\/v2\/users\/59"}],"replies":[{"embeddable":true,"href":"https:\/\/me.yrittajat.fi\/vaalit\/wp-json\/wp\/v2\/comments?post=552"}],"version-history":[{"count":4,"href":"https:\/\/me.yrittajat.fi\/vaalit\/wp-json\/wp\/v2\/pages\/552\/revisions"}],"predecessor-version":[{"id":556,"href":"https:\/\/me.yrittajat.fi\/vaalit\/wp-json\/wp\/v2\/pages\/552\/revisions\/556"}],"up":[{"embeddable":true,"href":"https:\/\/me.yrittajat.fi\/vaalit\/wp-json\/wp\/v2\/pages\/549"}],"wp:attachment":[{"href":"https:\/\/me.yrittajat.fi\/vaalit\/wp-json\/wp\/v2\/media?parent=552"}],"curies":[{"name":"wp","href":"https:\/\/api.w.org\/{rel}","templated":true}]}}