{"id":558,"date":"2023-02-08T14:11:03","date_gmt":"2023-02-08T12:11:03","guid":{"rendered":"https:\/\/me.yrittajat.fi\/vaalit\/?page_id=558"},"modified":"2025-03-18T10:58:07","modified_gmt":"2025-03-18T08:58:07","slug":"kilpailuohjelma-sujuvaa-ja-reilua","status":"publish","type":"page","link":"https:\/\/me.yrittajat.fi\/vaalit\/etusivu\/yrittajien-teemaohjelmat\/kilpailuohjelma-sujuvaa-ja-reilua\/","title":{"rendered":"Kilpailuohjelma: Sujuvaa ja reilua"},"content":{"rendered":"\n<figure class=\"wp-block-image size-full\"><img loading=\"lazy\" decoding=\"async\" width=\"750\" height=\"500\" src=\"https:\/\/me.yrittajat.fi\/vaalit\/app\/uploads\/sites\/56\/2023\/01\/kilpailuohjelma-1.jpg\" alt=\"\" class=\"wp-image-447\" srcset=\"https:\/\/me.yrittajat.fi\/app\/uploads\/sites\/56\/2023\/01\/kilpailuohjelma-1.jpg 750w, https:\/\/me.yrittajat.fi\/app\/uploads\/sites\/56\/2023\/01\/kilpailuohjelma-1-300x200.jpg 300w, https:\/\/me.yrittajat.fi\/app\/uploads\/sites\/56\/2023\/01\/kilpailuohjelma-1-668x445.jpg 668w\" sizes=\"auto, (max-width: 750px) 100vw, 750px\" \/><\/figure>\n\n\n\n\t<div id=\"gb-ingress-block_4d1066bd68b451f0afbdc66c4ef80979\"\n\t     class=\"gb-ingress gb-ingress-block_4d1066bd68b451f0afbdc66c4ef80979\">\n\t\t\t\t\t<p class=\"gb-ingress__content\">\n\t\t\t\tT\u00e4rkeint\u00e4 on sujuva yritt\u00e4jyys ja reilu kilpailu\t\t\t<\/p>\n\t\t\t<\/div>\n\n\n\n\n<p>Yritys ei koskaan ole erehdys. Se ei v\u00e4ltt\u00e4m\u00e4tt\u00e4 aina onnistu, mutta yritt\u00e4m\u00e4tt\u00e4 j\u00e4tt\u00e4minen saa yhteiskunnan seisomaan vain tukevammin hetteik\u00f6ss\u00e4 ennen uppoamistaan. Ep\u00e4onnistuminenkin on yritt\u00e4j\u00e4lle p\u00e4\u00e4omaa, joka voi vied\u00e4 seuraavaa yrityst\u00e4 kohti menestyst\u00e4.<br><\/p>\n\n\n\n<p>Jos lains\u00e4\u00e4d\u00e4nt\u00f6 est\u00e4\u00e4 henkil\u00f6\u00e4 ty\u00f6llist\u00e4m\u00e4st\u00e4 itsens\u00e4 yritt\u00e4j\u00e4n\u00e4, on yhteiskunnallamme ratkaistavissa oleva ongelma. Esimerkiksi jos yritt\u00e4j\u00e4 ei kykene maksamaan velkojaan kokonaan pois, voivat maksuh\u00e4iri\u00f6merkinn\u00e4t tai verottajan ennakkoperint\u00e4rekisteriin p\u00e4\u00e4sem\u00e4tt\u00f6myys est\u00e4\u00e4 yritt\u00e4misen.<\/p>\n\n\n\n<p><strong>Avataan julkisia hankintoja pk-yrityksille<\/strong><\/p>\n\n\n\n<p>Suomessa on paisuva julkinen sektori. Julkisyhti\u00f6it\u00e4 on entist\u00e4 enemm\u00e4n. Kasvava sosialismi on levitt\u00e4ytynyt monen yritt\u00e4j\u00e4n tontille. Julkisen sektorin omistamien<br>yhti\u00f6iden ei tulisi kilpailla yritt\u00e4jien kanssa. Julkisen sektorin on ostettava palvelut ja tuotteet avoimesti markkinoilta ja yrityksist\u00e4, ei kilpailutuksia kiert\u00e4en omilta yhti\u00f6ilt\u00e4. <\/p>\n\n\n\n<p>Pienten yritysten pit\u00e4\u00e4 voida osallistua kilpailutuksiin. T\u00e4m\u00e4 onnistuu parhaiten, kun hankinnat jaetaan j\u00e4rkeviin osiin ja kilpailutuksista k\u00e4yd\u00e4\u00e4n markkinavuoropuheluita. Hankintalain vaatimusten on oltava pienyritysten sovellettavissa.<\/p>\n\n\n\n<p><strong>Annetaan tilaa yritt\u00e4jyydelle ja kilpailulle:<\/strong><\/p>\n\n\n\n<p>\u2022 Julkisen sektorin on luovuttava liiketoiminnoistaan aloilla, joilla on kilpailua ja yksityisten yritysten tarjontaa. Viranomaisvalvontaa tasapuolisen kilpailun varmistamiseksi on tehostettava.<br>\u2022 Hankintalakia tulee yksinkertaistaa. Sen tavoitteena on oltava aito ja reilu kilpailu sek\u00e4 markkinoiden kehitt\u00e4minen. Pk-yritysten edellytykset vastata julkisiin kilpailutuksiin on varmistettava hankintalaissa.<br>\u2022 Julkiset hankinnat on toteutettava siten, ett\u00e4 pienet ja keskisuuret yritykset p\u00e4\u00e4sev\u00e4t tasapuolisesti muiden tarjoajien kanssa osallistumaan tarjouskilpailuihin. T\u00e4m\u00e4 edellytt\u00e4\u00e4 esimerkiksi hankintojen jakamista sopivankokoisiin osiin.<br>\u2022 J\u00e4tehuollon toimialalla sidosyksik\u00f6iden ulosmyyntiraja on laskettava viiteen prosenttiin.<br>\u2022 Varmistetaan, ett\u00e4 kunnallisen ja yksityisen ty\u00f6el\u00e4kej\u00e4rjestelmien erillisyys ei ohjaa sit\u00e4, miten julkinen palveluntuotanto j\u00e4rjestet\u00e4\u00e4n.<br>\u2022 Yksityisten palveluntuottajien osaamista ty\u00f6voimapalveluissa on hy\u00f6dynnett\u00e4v\u00e4.<\/p>\n\n\n\t<div id=\"gb-button-block_2fca31f6feb28cfb6f90d3ea92a10ff0\" class=\"gb-button gb-button-block_2fca31f6feb28cfb6f90d3ea92a10ff0\">\n\t\t\t\t\t\t<a class=\"b-button b-button--color- b-button--style-\"\n\t   href=\"https:\/\/me.yrittajat.fi\/app\/uploads\/sites\/56\/2023\/01\/yrittajien-ratkaisuja-tuleville-paattajille.pdf\"\n\t   target=\"_self\">\n\n\t\t<span class=\"b-button__title\">\n\t\t\tLue koko kilpailuohjelmamme t\u00e4st\u00e4\t\t<\/span>\n\n\t\t\t\t\t<span class=\"b-button__icon\">\n\t\t\t\t<svg xmlns=\"http:\/\/www.w3.org\/2000\/svg\" viewBox=\"0 0 9 14\"><path d=\"M2.001 13.664a1.333 1.333 0 01-.954-2.272l.007-.008 4.414-4.386-4.24-4.414A1.333 1.333 0 113.12.704l5.147 5.334a1.333 1.333 0 010 1.866l-5.334 5.334a1.333 1.333 0 01-.933.426z\"\/><\/svg>\t\t\t<\/span>\n\t\t\t<\/a>\n\t\t\t<\/div>\n","protected":false},"excerpt":{"rendered":"<p>Yritys ei koskaan ole erehdys. Se ei v\u00e4ltt\u00e4m\u00e4tt\u00e4 aina onnistu, mutta yritt\u00e4m\u00e4tt\u00e4 j\u00e4tt\u00e4minen saa yhteiskunnan seisomaan vain tukevammin hetteik\u00f6ss\u00e4 ennen uppoamistaan. Ep\u00e4onnistuminenkin on yritt\u00e4j\u00e4lle p\u00e4\u00e4omaa, joka voi vied\u00e4 seuraavaa yrityst\u00e4 kohti menestyst\u00e4. Jos lains\u00e4\u00e4d\u00e4nt\u00f6 est\u00e4\u00e4 henkil\u00f6\u00e4 ty\u00f6llist\u00e4m\u00e4st\u00e4 itsens\u00e4 yritt\u00e4j\u00e4n\u00e4, on yhteiskunnallamme ratkaistavissa oleva ongelma. Esimerkiksi jos yritt\u00e4j\u00e4 ei kykene maksamaan velkojaan kokonaan pois, voivat maksuh\u00e4iri\u00f6merkinn\u00e4t &hellip; <a href=\"https:\/\/me.yrittajat.fi\/vaalit\/etusivu\/yrittajien-teemaohjelmat\/kilpailuohjelma-sujuvaa-ja-reilua\/\">Continued<\/a><\/p>\n","protected":false},"author":59,"featured_media":0,"parent":549,"menu_order":0,"comment_status":"closed","ping_status":"closed","template":"","meta":{"_acf_changed":false,"footnotes":""},"class_list":["post-558","page","type-page","status-publish","hentry"],"acf":[],"_links":{"self":[{"href":"https:\/\/me.yrittajat.fi\/vaalit\/wp-json\/wp\/v2\/pages\/558","targetHints":{"allow":["GET"]}}],"collection":[{"href":"https:\/\/me.yrittajat.fi\/vaalit\/wp-json\/wp\/v2\/pages"}],"about":[{"href":"https:\/\/me.yrittajat.fi\/vaalit\/wp-json\/wp\/v2\/types\/page"}],"author":[{"embeddable":true,"href":"https:\/\/me.yrittajat.fi\/vaalit\/wp-json\/wp\/v2\/users\/59"}],"replies":[{"embeddable":true,"href":"https:\/\/me.yrittajat.fi\/vaalit\/wp-json\/wp\/v2\/comments?post=558"}],"version-history":[{"count":3,"href":"https:\/\/me.yrittajat.fi\/vaalit\/wp-json\/wp\/v2\/pages\/558\/revisions"}],"predecessor-version":[{"id":959,"href":"https:\/\/me.yrittajat.fi\/vaalit\/wp-json\/wp\/v2\/pages\/558\/revisions\/959"}],"up":[{"embeddable":true,"href":"https:\/\/me.yrittajat.fi\/vaalit\/wp-json\/wp\/v2\/pages\/549"}],"wp:attachment":[{"href":"https:\/\/me.yrittajat.fi\/vaalit\/wp-json\/wp\/v2\/media?parent=558"}],"curies":[{"name":"wp","href":"https:\/\/api.w.org\/{rel}","templated":true}]}}