{"id":629,"date":"2023-02-27T08:54:47","date_gmt":"2023-02-27T06:54:47","guid":{"rendered":"https:\/\/me.yrittajat.fi\/vaalit\/?page_id=629"},"modified":"2025-03-18T10:57:03","modified_gmt":"2025-03-18T08:57:03","slug":"sosiaaliturvaohjelma-kun-yrittajaan-sattuu","status":"publish","type":"page","link":"https:\/\/me.yrittajat.fi\/vaalit\/etusivu\/sosiaaliturvaohjelma-kun-yrittajaan-sattuu\/","title":{"rendered":"Sosiaaliturvaohjelma: Kun yritt\u00e4j\u00e4\u00e4n sattuu"},"content":{"rendered":"\n<figure class=\"wp-block-gallery has-nested-images columns-default is-cropped wp-block-gallery-1 is-layout-flex wp-block-gallery-is-layout-flex\">\n<figure class=\"wp-block-image size-large\"><img loading=\"lazy\" decoding=\"async\" width=\"1024\" height=\"683\" data-id=\"630\" src=\"https:\/\/me.yrittajat.fi\/vaalit\/app\/uploads\/sites\/56\/2023\/02\/nostetaan-rimaa_750x500_sosiaaliturvaohjelma-1024x683.jpg\" alt=\"\" class=\"wp-image-630\" srcset=\"https:\/\/me.yrittajat.fi\/app\/uploads\/sites\/56\/2023\/02\/nostetaan-rimaa_750x500_sosiaaliturvaohjelma-1024x683.jpg 1024w, https:\/\/me.yrittajat.fi\/app\/uploads\/sites\/56\/2023\/02\/nostetaan-rimaa_750x500_sosiaaliturvaohjelma-300x200.jpg 300w, https:\/\/me.yrittajat.fi\/app\/uploads\/sites\/56\/2023\/02\/nostetaan-rimaa_750x500_sosiaaliturvaohjelma-768x512.jpg 768w, https:\/\/me.yrittajat.fi\/app\/uploads\/sites\/56\/2023\/02\/nostetaan-rimaa_750x500_sosiaaliturvaohjelma-1536x1024.jpg 1536w, https:\/\/me.yrittajat.fi\/app\/uploads\/sites\/56\/2023\/02\/nostetaan-rimaa_750x500_sosiaaliturvaohjelma-2048x1365.jpg 2048w, https:\/\/me.yrittajat.fi\/app\/uploads\/sites\/56\/2023\/02\/nostetaan-rimaa_750x500_sosiaaliturvaohjelma-668x445.jpg 668w\" sizes=\"auto, (max-width: 1024px) 100vw, 1024px\" \/><\/figure>\n<\/figure>\n\n\n\n<p>Yritt\u00e4jyys on monipuolistunut 2000-luvun aikana ja nyky\u00e4\u00e4n yh\u00e4 useampi tekee ainakin osan ty\u00f6urastaan yritt\u00e4j\u00e4n\u00e4. V\u00e4lill\u00e4 ty\u00f6skennell\u00e4\u00e4n ty\u00f6ntekij\u00e4n\u00e4 ja v\u00e4lill\u00e4 taas yritt\u00e4j\u00e4n\u00e4. Osa puolestaan toimii yritt\u00e4j\u00e4n\u00e4 palkkaty\u00f6n ohessa. Yritt\u00e4j\u00e4n toimeentulo on v\u00e4lill\u00e4 hyvin vaihtelevaa, eik\u00e4 se ole itsest\u00e4\u00e4nselvyys. Siksi on perusteltua, ett\u00e4 yritt\u00e4j\u00e4ll\u00e4 on enemm\u00e4n vapauksia sosiaaliturvansa j\u00e4rjest\u00e4misess\u00e4 kuin ty\u00f6suhteisella, jolle palkka on ty\u00f6sopimuksella turvattu. Jotta Suomessa voitaisiin yll\u00e4pit\u00e4\u00e4 nykyinen hyvinvoinnin taso, on lis\u00e4tt\u00e4v\u00e4 my\u00f6s ty\u00f6n tarjontaa ja kysynt\u00e4\u00e4. Koko sosiaaliturvaj\u00e4rjestelm\u00e4mme tarvitseekin uudistuksia.<\/p>\n\n\n\n<h2 class=\"wp-block-heading\">Yritt\u00e4jien ratkaisut yritt\u00e4j\u00e4n sosiaaliturvaan:<\/h2>\n\n\n\n<ul class=\"wp-block-list\">\n<li>Yhdistet\u00e4\u00e4n yritt\u00e4j\u00e4n ja palkansaajan ty\u00f6ss\u00e4oloehdot siten, ett\u00e4 ty\u00f6nteon tavoista voi kerrytt\u00e4\u00e4 yhdess\u00e4 turvaa.<\/li>\n\n\n\n<li>Yhdenmukaistetaan yritt\u00e4j\u00e4n perheenj\u00e4senen ty\u00f6ss\u00e4oloehto muiden ty\u00f6ntekij\u00f6iden ty\u00f6ss\u00e4oloehdon kanssa.<\/li>\n\n\n\n<li>Ty\u00f6tt\u00f6myysturvalain yritt\u00e4j\u00e4m\u00e4\u00e4ritelm\u00e4 muutetaan vastaamaan yritt\u00e4j\u00e4n el\u00e4kelakia.<\/li>\n\n\n\n<li>Vanhempien toimeentulo perhevapaiden ajalta tulee turvata verovaroin rahoitetulla p\u00e4iv\u00e4rahalla, ei sairausvakuutusj\u00e4rjestelm\u00e4st\u00e4, jonka rahoituksesta ty\u00f6nantajakollektiivi vastaa merkitt\u00e4v\u00e4sti.<\/li>\n\n\n\n<li>Poistetaan ty\u00f6nantajan sosiaaliturvamaksu yritt\u00e4j\u00e4n itselleen maksamista palkoista.<\/li>\n\n\n\n<li>Asumistuen arvioinnin perusteeksi otetaan yritt\u00e4j\u00e4n todelliset tulot.<\/li>\n\n\n\n<li>Yritt\u00e4j\u00e4opiskelijan osoittaessa, ett\u00e4 elinkeinotoiminnan tulot on saatu opintojen ulkopuolella, ei n\u00e4it\u00e4 tuloja tulee ottaa huomioon opintotuen tarveharkinnassa.<\/li>\n\n\n\n<li>Luovutaan yritt\u00e4jien aikuiskoulutustuessa yritt\u00e4j\u00e4tulojen aleneman tarkastelusta. T\u00e4m\u00e4n sijaan siirret\u00e4\u00e4n painopiste yritt\u00e4j\u00e4n suorittamien opintojen p\u00e4\u00e4toimisuuden tarkasteluun siten, ett\u00e4 p\u00e4\u00e4toimisuuden raja nostetaan nelj\u00e4\u00e4n opintopisteeseen tukikuukaudessa (nyt kolme opintopistett\u00e4 tukikuukaudessa).<\/li>\n\n\n\n<li>Poistetaan el\u00e4kkeen kertyminen vuorotteluvapaan ja ansiosidonnaisen p\u00e4iv\u00e4rahan ajalta.<\/li>\n\n\n\n<li>YEL-j\u00e4rjestelm\u00e4 uudistetaan tavoitteena yritt\u00e4j\u00e4n sosiaaliturvan ja YEL-j\u00e4rjestelm\u00e4\u00e4 kohtaan kokeman luottamuksen parantaminen sek\u00e4 joustavuuden ja yritt\u00e4j\u00e4n vapauden lis\u00e4\u00e4minen.<\/li>\n\n\n\n<li>Yritt\u00e4j\u00e4n el\u00e4kelain mukaisen pakollisen vakuuttamisen alaraja tulee nostaa nykyiselt\u00e4 tasolta v\u00e4hint\u00e4\u00e4n yritt\u00e4j\u00e4n ansiosidonnaisen ty\u00f6tt\u00f6myysturvan alarajalle. Vakuuttamisvelvollisuuden t\u00e4yttymisen pit\u00e4\u00e4 perustua yritt\u00e4j\u00e4n ty\u00f6panoksen arviointiin. Rajan yl\u00e4puolella yritt\u00e4j\u00e4n vapautta valita turvansa taso tulee lis\u00e4t\u00e4.<\/li>\n\n\n\n<li>Ty\u00f6tulo pit\u00e4\u00e4 muuttaa vuositulosta kuukausituloksi, jotta se olisi yritt\u00e4j\u00e4lle selke\u00e4.<\/li>\n\n\n\n<li>Alle nelj\u00e4 kuukautta kest\u00e4v\u00e4n yritystoiminnan vakuuttaminen pit\u00e4\u00e4 sallia.<\/li>\n<\/ul>\n\n\n\t<div id=\"gb-button-block_31f82a4a14344eafbc5ac3f1a16e1bd4\" class=\"gb-button gb-button-block_31f82a4a14344eafbc5ac3f1a16e1bd4\">\n\t\t\t\t\t\t<a class=\"b-button b-button--color- b-button--style-\"\n\t   href=\"https:\/\/www.yrittajat.fi\/app\/uploads\/public\/2023\/02\/yrittajien-ratkaisuja-tuleville-paattajille_5.pdf\"\n\t   target=\"_self\">\n\n\t\t<span class=\"b-button__title\">\n\t\t\tLue koko yritt\u00e4j\u00e4n sosiaaliturvaohjelmamme t\u00e4st\u00e4\t\t<\/span>\n\n\t\t\t\t\t<span class=\"b-button__icon\">\n\t\t\t\t<svg xmlns=\"http:\/\/www.w3.org\/2000\/svg\" viewBox=\"0 0 9 14\"><path d=\"M2.001 13.664a1.333 1.333 0 01-.954-2.272l.007-.008 4.414-4.386-4.24-4.414A1.333 1.333 0 113.12.704l5.147 5.334a1.333 1.333 0 010 1.866l-5.334 5.334a1.333 1.333 0 01-.933.426z\"\/><\/svg>\t\t\t<\/span>\n\t\t\t<\/a>\n\t\t\t<\/div>\n","protected":false},"excerpt":{"rendered":"<p>Yritt\u00e4jyys on monipuolistunut 2000-luvun aikana ja nyky\u00e4\u00e4n yh\u00e4 useampi tekee ainakin osan ty\u00f6urastaan yritt\u00e4j\u00e4n\u00e4. V\u00e4lill\u00e4 ty\u00f6skennell\u00e4\u00e4n ty\u00f6ntekij\u00e4n\u00e4 ja v\u00e4lill\u00e4 taas yritt\u00e4j\u00e4n\u00e4. Osa puolestaan toimii yritt\u00e4j\u00e4n\u00e4 palkkaty\u00f6n ohessa. Yritt\u00e4j\u00e4n toimeentulo on v\u00e4lill\u00e4 hyvin vaihtelevaa, eik\u00e4 se ole itsest\u00e4\u00e4nselvyys. Siksi on perusteltua, ett\u00e4 yritt\u00e4j\u00e4ll\u00e4 on enemm\u00e4n vapauksia sosiaaliturvansa j\u00e4rjest\u00e4misess\u00e4 kuin ty\u00f6suhteisella, jolle palkka on ty\u00f6sopimuksella turvattu. Jotta &hellip; <a href=\"https:\/\/me.yrittajat.fi\/vaalit\/etusivu\/sosiaaliturvaohjelma-kun-yrittajaan-sattuu\/\">Continued<\/a><\/p>\n","protected":false},"author":61,"featured_media":0,"parent":3,"menu_order":0,"comment_status":"closed","ping_status":"closed","template":"","meta":{"_acf_changed":false,"footnotes":""},"class_list":["post-629","page","type-page","status-publish","hentry"],"acf":[],"_links":{"self":[{"href":"https:\/\/me.yrittajat.fi\/vaalit\/wp-json\/wp\/v2\/pages\/629","targetHints":{"allow":["GET"]}}],"collection":[{"href":"https:\/\/me.yrittajat.fi\/vaalit\/wp-json\/wp\/v2\/pages"}],"about":[{"href":"https:\/\/me.yrittajat.fi\/vaalit\/wp-json\/wp\/v2\/types\/page"}],"author":[{"embeddable":true,"href":"https:\/\/me.yrittajat.fi\/vaalit\/wp-json\/wp\/v2\/users\/61"}],"replies":[{"embeddable":true,"href":"https:\/\/me.yrittajat.fi\/vaalit\/wp-json\/wp\/v2\/comments?post=629"}],"version-history":[{"count":5,"href":"https:\/\/me.yrittajat.fi\/vaalit\/wp-json\/wp\/v2\/pages\/629\/revisions"}],"predecessor-version":[{"id":956,"href":"https:\/\/me.yrittajat.fi\/vaalit\/wp-json\/wp\/v2\/pages\/629\/revisions\/956"}],"up":[{"embeddable":true,"href":"https:\/\/me.yrittajat.fi\/vaalit\/wp-json\/wp\/v2\/pages\/3"}],"wp:attachment":[{"href":"https:\/\/me.yrittajat.fi\/vaalit\/wp-json\/wp\/v2\/media?parent=629"}],"curies":[{"name":"wp","href":"https:\/\/api.w.org\/{rel}","templated":true}]}}