{"id":637,"date":"2023-03-01T11:20:46","date_gmt":"2023-03-01T09:20:46","guid":{"rendered":"https:\/\/me.yrittajat.fi\/vaalit\/?page_id=637"},"modified":"2025-03-18T10:58:20","modified_gmt":"2025-03-18T08:58:20","slug":"elinkeinoelaman-ohjelma","status":"publish","type":"page","link":"https:\/\/me.yrittajat.fi\/vaalit\/etusivu\/yrittajien-teemaohjelmat\/elinkeinoelaman-ohjelma\/","title":{"rendered":"Elinkeinoel\u00e4m\u00e4n ohjelma"},"content":{"rendered":"\n<figure class=\"wp-block-image size-large\"><img loading=\"lazy\" decoding=\"async\" width=\"1024\" height=\"683\" src=\"https:\/\/me.yrittajat.fi\/vaalit\/app\/uploads\/sites\/56\/2023\/02\/ekkuva1-1024x683.jpg\" alt=\"Elinkeinoel\u00e4m\u00e4n yhteiset tavoitteet\" class=\"wp-image-530\" srcset=\"https:\/\/me.yrittajat.fi\/app\/uploads\/sites\/56\/2023\/02\/ekkuva1-1024x683.jpg 1024w, https:\/\/me.yrittajat.fi\/app\/uploads\/sites\/56\/2023\/02\/ekkuva1-300x200.jpg 300w, https:\/\/me.yrittajat.fi\/app\/uploads\/sites\/56\/2023\/02\/ekkuva1-768x512.jpg 768w, https:\/\/me.yrittajat.fi\/app\/uploads\/sites\/56\/2023\/02\/ekkuva1-1536x1024.jpg 1536w, https:\/\/me.yrittajat.fi\/app\/uploads\/sites\/56\/2023\/02\/ekkuva1-2048x1365.jpg 2048w, https:\/\/me.yrittajat.fi\/app\/uploads\/sites\/56\/2023\/02\/ekkuva1-668x445.jpg 668w\" sizes=\"auto, (max-width: 1024px) 100vw, 1024px\" \/><\/figure>\n\n\n\n\t<div id=\"gb-ingress-block_0ed903211888a6d405d7d761154a47e8\"\n\t     class=\"gb-ingress gb-ingress-block_0ed903211888a6d405d7d761154a47e8\">\n\t\t\t\t\t<p class=\"gb-ingress__content\">\n\t\t\t\tElinkeinoel\u00e4m\u00e4lt\u00e4 yhteiset vaalitavoitteet: Suomeen luotava lis\u00e4\u00e4 ty\u00f6t\u00e4 ja laitettava piste velkaantumiselle\t\t\t<\/p>\n\t\t\t<\/div>\n\n\n\n\n<p>Kilpailukykyinen verotus on varmistettava, velkaantuminen on taitettava ja Suomeen on luotava lis\u00e4\u00e4 ty\u00f6t\u00e4, vaativat Suomen Yritt\u00e4j\u00e4t, Elinkeinoel\u00e4m\u00e4n keskusliitto EK, Keskuskauppakamari ja Perheyritysten liitto. Suomen tilanne on niin vakava, ett\u00e4 j\u00e4rjest\u00f6t ovat poikkeuksellisesti julkistaneet my\u00f6s yhteiset tavoitteet hallituskaudelle.<\/p>\n\n\n\n<p>Elinkeinoel\u00e4m\u00e4 on huolissaan erityisesti Suomen julkisen talouden tilasta. J\u00e4rjest\u00f6jen yhteisen ulostulon mukaan seuraavan hallituksen pit\u00e4\u00e4 tehd\u00e4 p\u00e4\u00e4t\u00f6kset, joilla avoimelle sektorille voi synty\u00e4 henkil\u00f6ty\u00f6vuosina mitattuna 100 000 ty\u00f6paikkaa vaalikauden loppuun menness\u00e4.<\/p>\n\n\n\n<p>J\u00e4rjest\u00f6t vaativat, ett\u00e4 tuleva hallitus tarkastelee kriittisesti erityisesti 2000-luvulla voimaantulleita, julkisia menoja lis\u00e4nneit\u00e4 etuus- ja palvelu-uudistuksia.<\/p>\n\n\n\n<p>J\u00e4rjest\u00f6t esitt\u00e4v\u00e4t, ett\u00e4 yritysten ja yritt\u00e4jien verotusta ei kiristet\u00e4 ja ansiotuloverotusta kevennet\u00e4\u00e4n kaikissa tuloluokissa.<\/p>\n\n\n\n<p>\u2013 On varmistettava, ett\u00e4 yritysten toimintaymp\u00e4rist\u00f6 pysyy ennakoitavana ja vakaana. Se tuo mukanaan investointeja, kasvua, ty\u00f6llisyytt\u00e4 ja hyvinvointia, j\u00e4rjest\u00f6t linjaavat.<\/p>\n\n\n\n<p><strong>Elinkeinoel\u00e4m\u00e4n keskeiset esitykset<\/strong><\/p>\n\n\n\n<ul class=\"wp-block-list\">\n<li>Velkaantumiselle on laitettava piste. Julkisten menojen karsinta on aloitettava.<\/li>\n\n\n\n<li>Yritysten ja yritt\u00e4jien verotusta ei kiristet\u00e4. Ansiotuloverotusta kevennet\u00e4\u00e4n kaikissa tuloluokissa.<\/li>\n\n\n\n<li>Paikallinen sopiminen on lains\u00e4\u00e4d\u00e4nn\u00f6ll\u00e4 mahdollistettava kaikille ty\u00f6paikoilla.<\/li>\n\n\n\n<li>Ty\u00f6rauhalains\u00e4\u00e4d\u00e4nt\u00f6\u00e4 on uudistettava. Kohtuuttomat, ty\u00f6riidan kannalta ulkopuolisille yrityksille vahinkoa aiheuttavat tukilakot on kiellett\u00e4v\u00e4, demokraattista p\u00e4\u00e4t\u00f6ksentekoa vastaan suunnattuja poliittisia lakkoja on oleellisesti rajattava.<\/li>\n\n\n\n<li>Seuraavan hallituksen pit\u00e4\u00e4 tehd\u00e4 p\u00e4\u00e4t\u00f6kset, joilla avoimelle sektorille voi synty\u00e4 100 000 ty\u00f6paikkaa vaalikauden loppuun menness\u00e4.&nbsp;<\/li>\n<\/ul>\n\n\n\t<div id=\"gb-button-block_c8e5253f312671b76f6df2087f8aec3a\" class=\"gb-button gb-button-block_c8e5253f312671b76f6df2087f8aec3a\">\n\t\t\t\t\t\t<a class=\"b-button b-button--color- b-button--style-\"\n\t   href=\"https:\/\/www.yrittajat.fi\/app\/uploads\/public\/2023\/02\/elinkeinoelaman-hallitusohjelmatavoitteet-2023.pdf\"\n\t   target=\"_self\">\n\n\t\t<span class=\"b-button__title\">\n\t\t\tLue elinkeinoel\u00e4m\u00e4n yhteiset hallitusohjelmatavoitteet\t\t<\/span>\n\n\t\t\t\t\t<span class=\"b-button__icon\">\n\t\t\t\t<svg xmlns=\"http:\/\/www.w3.org\/2000\/svg\" viewBox=\"0 0 9 14\"><path d=\"M2.001 13.664a1.333 1.333 0 01-.954-2.272l.007-.008 4.414-4.386-4.24-4.414A1.333 1.333 0 113.12.704l5.147 5.334a1.333 1.333 0 010 1.866l-5.334 5.334a1.333 1.333 0 01-.933.426z\"\/><\/svg>\t\t\t<\/span>\n\t\t\t<\/a>\n\t\t\t<\/div>\n","protected":false},"excerpt":{"rendered":"<p>Kilpailukykyinen verotus on varmistettava, velkaantuminen on taitettava ja Suomeen on luotava lis\u00e4\u00e4 ty\u00f6t\u00e4, vaativat Suomen Yritt\u00e4j\u00e4t, Elinkeinoel\u00e4m\u00e4n keskusliitto EK, Keskuskauppakamari ja Perheyritysten liitto. Suomen tilanne on niin vakava, ett\u00e4 j\u00e4rjest\u00f6t ovat poikkeuksellisesti julkistaneet my\u00f6s yhteiset tavoitteet hallituskaudelle. Elinkeinoel\u00e4m\u00e4 on huolissaan erityisesti Suomen julkisen talouden tilasta. J\u00e4rjest\u00f6jen yhteisen ulostulon mukaan seuraavan hallituksen pit\u00e4\u00e4 tehd\u00e4 p\u00e4\u00e4t\u00f6kset, joilla &hellip; <a href=\"https:\/\/me.yrittajat.fi\/vaalit\/etusivu\/yrittajien-teemaohjelmat\/elinkeinoelaman-ohjelma\/\">Continued<\/a><\/p>\n","protected":false},"author":61,"featured_media":0,"parent":549,"menu_order":0,"comment_status":"closed","ping_status":"closed","template":"","meta":{"_acf_changed":false,"footnotes":""},"class_list":["post-637","page","type-page","status-publish","hentry"],"acf":[],"_links":{"self":[{"href":"https:\/\/me.yrittajat.fi\/vaalit\/wp-json\/wp\/v2\/pages\/637","targetHints":{"allow":["GET"]}}],"collection":[{"href":"https:\/\/me.yrittajat.fi\/vaalit\/wp-json\/wp\/v2\/pages"}],"about":[{"href":"https:\/\/me.yrittajat.fi\/vaalit\/wp-json\/wp\/v2\/types\/page"}],"author":[{"embeddable":true,"href":"https:\/\/me.yrittajat.fi\/vaalit\/wp-json\/wp\/v2\/users\/61"}],"replies":[{"embeddable":true,"href":"https:\/\/me.yrittajat.fi\/vaalit\/wp-json\/wp\/v2\/comments?post=637"}],"version-history":[{"count":5,"href":"https:\/\/me.yrittajat.fi\/vaalit\/wp-json\/wp\/v2\/pages\/637\/revisions"}],"predecessor-version":[{"id":960,"href":"https:\/\/me.yrittajat.fi\/vaalit\/wp-json\/wp\/v2\/pages\/637\/revisions\/960"}],"up":[{"embeddable":true,"href":"https:\/\/me.yrittajat.fi\/vaalit\/wp-json\/wp\/v2\/pages\/549"}],"wp:attachment":[{"href":"https:\/\/me.yrittajat.fi\/vaalit\/wp-json\/wp\/v2\/media?parent=637"}],"curies":[{"name":"wp","href":"https:\/\/api.w.org\/{rel}","templated":true}]}}