{"id":659,"date":"2023-03-02T11:27:03","date_gmt":"2023-03-02T09:27:03","guid":{"rendered":"https:\/\/me.yrittajat.fi\/vaalit\/?page_id=659"},"modified":"2023-03-02T11:30:49","modified_gmt":"2023-03-02T09:30:49","slug":"eduskuntavaalikoulutus-1-3","status":"publish","type":"page","link":"https:\/\/me.yrittajat.fi\/vaalit\/eduskuntavaalikoulutus-1-3\/","title":{"rendered":"Eduskuntavaalikoulutus 1.3."},"content":{"rendered":"\n<p>Suomen Yritt\u00e4j\u00e4t j\u00e4rjestiv\u00e4t 1.3. ehdokaskoulutuksen eduskuntavaaliehdokkaille. Etk\u00f6 p\u00e4\u00e4ssyt mukaan koulutukseen tai haluatko palata materiaaleihin? Katso koulutuksen tallenne ja lataa koulutusmateriaalit.<\/p>\n\n\n\n<h3 class=\"wp-block-heading\">Katso eduskuntavaalikoulutuksen tallenne<\/h3>\n\n\n\n<p><\/p>\n\n\n\n<figure class=\"wp-block-embed is-type-video is-provider-youtube wp-block-embed-youtube\"><div class=\"wp-block-embed__wrapper\">\n<iframe loading=\"lazy\" title=\"Nostetaan Rimaa - Suomen Yritt\u00e4jien eduskuntavaalikoulutus 1.3.2023\" width=\"500\" height=\"281\" src=\"https:\/\/www.youtube.com\/embed\/GQro2DPAh7s?feature=oembed\" frameborder=\"0\" allow=\"accelerometer; autoplay; clipboard-write; encrypted-media; gyroscope; picture-in-picture; web-share\" referrerpolicy=\"strict-origin-when-cross-origin\" allowfullscreen><\/iframe>\n<\/div><\/figure>\n\n\n\n<h3 class=\"wp-block-heading\">Esikatsele ja lataa koulutuksen materiaalit<\/h3>\n\n\n\n<p><\/p>\n\n\n\n<div data-wp-interactive=\"core\/file\" class=\"wp-block-file\"><object data-wp-bind--hidden=\"!state.hasPdfPreview\" hidden class=\"wp-block-file__embed\" data=\"https:\/\/me.yrittajat.fi\/vaalit\/app\/uploads\/sites\/56\/2023\/03\/suomen-yrittahat-ehdokaskoulutus-1.3.2023.pdf\" type=\"application\/pdf\" style=\"width:100%;height:600px\" aria-label=\"Embed of suomen-yrittahat-ehdokaskoulutus-1.3.2023.\"><\/object><a id=\"wp-block-file--media-446d1337-f44b-42d9-932f-09dee7cfcdee\" href=\"https:\/\/me.yrittajat.fi\/vaalit\/app\/uploads\/sites\/56\/2023\/03\/suomen-yrittahat-ehdokaskoulutus-1.3.2023.pdf\">suomen-yrittahat-ehdokaskoulutus-1.3.2023<\/a><a href=\"https:\/\/me.yrittajat.fi\/vaalit\/app\/uploads\/sites\/56\/2023\/03\/suomen-yrittahat-ehdokaskoulutus-1.3.2023.pdf\" class=\"wp-block-file__button wp-element-button\" download aria-describedby=\"wp-block-file--media-446d1337-f44b-42d9-932f-09dee7cfcdee\">Lataa<\/a><\/div>\n","protected":false},"excerpt":{"rendered":"<p>Suomen Yritt\u00e4j\u00e4t j\u00e4rjestiv\u00e4t 1.3. ehdokaskoulutuksen eduskuntavaaliehdokkaille. Etk\u00f6 p\u00e4\u00e4ssyt mukaan koulutukseen tai haluatko palata materiaaleihin? Katso koulutuksen tallenne ja lataa koulutusmateriaalit. Katso eduskuntavaalikoulutuksen tallenne Esikatsele ja lataa koulutuksen materiaalit<\/p>\n","protected":false},"author":47,"featured_media":0,"parent":0,"menu_order":0,"comment_status":"closed","ping_status":"closed","template":"","meta":{"_acf_changed":false,"footnotes":""},"class_list":["post-659","page","type-page","status-publish","hentry"],"acf":[],"_links":{"self":[{"href":"https:\/\/me.yrittajat.fi\/vaalit\/wp-json\/wp\/v2\/pages\/659","targetHints":{"allow":["GET"]}}],"collection":[{"href":"https:\/\/me.yrittajat.fi\/vaalit\/wp-json\/wp\/v2\/pages"}],"about":[{"href":"https:\/\/me.yrittajat.fi\/vaalit\/wp-json\/wp\/v2\/types\/page"}],"author":[{"embeddable":true,"href":"https:\/\/me.yrittajat.fi\/vaalit\/wp-json\/wp\/v2\/users\/47"}],"replies":[{"embeddable":true,"href":"https:\/\/me.yrittajat.fi\/vaalit\/wp-json\/wp\/v2\/comments?post=659"}],"version-history":[{"count":9,"href":"https:\/\/me.yrittajat.fi\/vaalit\/wp-json\/wp\/v2\/pages\/659\/revisions"}],"predecessor-version":[{"id":674,"href":"https:\/\/me.yrittajat.fi\/vaalit\/wp-json\/wp\/v2\/pages\/659\/revisions\/674"}],"wp:attachment":[{"href":"https:\/\/me.yrittajat.fi\/vaalit\/wp-json\/wp\/v2\/media?parent=659"}],"curies":[{"name":"wp","href":"https:\/\/api.w.org\/{rel}","templated":true}]}}