{"id":700,"date":"2023-03-07T09:14:30","date_gmt":"2023-03-07T07:14:30","guid":{"rendered":"https:\/\/me.yrittajat.fi\/vaalit\/?page_id=700"},"modified":"2025-03-18T10:56:51","modified_gmt":"2025-03-18T08:56:51","slug":"ohjelma-osaajapulan-helpottamiseksi","status":"publish","type":"page","link":"https:\/\/me.yrittajat.fi\/vaalit\/etusivu\/ohjelma-osaajapulan-helpottamiseksi\/","title":{"rendered":"Ohjelma osaajapulan helpottamiseksi"},"content":{"rendered":"\n<figure class=\"wp-block-image size-large\"><img loading=\"lazy\" decoding=\"async\" width=\"1024\" height=\"683\" src=\"https:\/\/me.yrittajat.fi\/vaalit\/app\/uploads\/sites\/56\/2023\/03\/nostetaan-rimaa_750x500_osaava-tyovoima-1024x683.jpg\" alt=\"\" class=\"wp-image-698\" srcset=\"https:\/\/me.yrittajat.fi\/app\/uploads\/sites\/56\/2023\/03\/nostetaan-rimaa_750x500_osaava-tyovoima-1024x683.jpg 1024w, https:\/\/me.yrittajat.fi\/app\/uploads\/sites\/56\/2023\/03\/nostetaan-rimaa_750x500_osaava-tyovoima-300x200.jpg 300w, https:\/\/me.yrittajat.fi\/app\/uploads\/sites\/56\/2023\/03\/nostetaan-rimaa_750x500_osaava-tyovoima-768x512.jpg 768w, https:\/\/me.yrittajat.fi\/app\/uploads\/sites\/56\/2023\/03\/nostetaan-rimaa_750x500_osaava-tyovoima-1536x1024.jpg 1536w, https:\/\/me.yrittajat.fi\/app\/uploads\/sites\/56\/2023\/03\/nostetaan-rimaa_750x500_osaava-tyovoima-2048x1365.jpg 2048w, https:\/\/me.yrittajat.fi\/app\/uploads\/sites\/56\/2023\/03\/nostetaan-rimaa_750x500_osaava-tyovoima-668x445.jpg 668w\" sizes=\"auto, (max-width: 1024px) 100vw, 1024px\" \/><\/figure>\n\n\n\n<p>Suomi on monella tapaa erinomainen valinta sek\u00e4 ty\u00f6nteko- ett\u00e4 opiskelumaana. Meill\u00e4 on korkea el\u00e4m\u00e4nlaatu, hyv\u00e4 ty\u00f6- ja yksityisel\u00e4m\u00e4n tasapaino, laadukas koulutustarjonta ja turvallinen elinymp\u00e4rist\u00f6. T\u00e4st\u00e4 huolimatta emme houkuttele tarpeeksi monia ulkomaalaisia ty\u00f6ntekij\u00f6it\u00e4 ja opiskelijoita hakeutumaan Suomeen. Ty\u00f6voimapulan rinnalla meill\u00e4 on ty\u00f6tt\u00f6min\u00e4 ja ty\u00f6voiman ulkopuolella satoja tuhansia Suomessa jo asuvia. Tilanne on haasteellinen.<\/p>\n\n\n\n<p>Ik\u00e4\u00e4ntyv\u00e4n v\u00e4est\u00f6n kasvaessa ja syntyvyyden laskiessa tarvitsemme ty\u00f6per\u00e4ist\u00e4 maahanmuuttoa, laadukasta koulutusta ja elinik\u00e4isen oppimisen mahdollisuuksia joka puolelle Suomea. Puolet ty\u00f6el\u00e4m\u00e4ss\u00e4 olevista on sit\u00e4 mielt\u00e4, ett\u00e4 Suomessa tarvitaan lis\u00e4\u00e4 ulkomaista ty\u00f6voimaa, osoittaa Suomen Yritt\u00e4jien Ty\u00f6el\u00e4m\u00e4gallup. Oleskelulupaprosessin sujuvoittaminen ja ty\u00f6kalut ty\u00f6paikalle kotimaisten kielten kehitt\u00e4miseksi ovat vastaajien mielest\u00e4 t\u00e4rkeimm\u00e4t keinot ulkomaisen ty\u00f6voiman sijoittumiseksi ty\u00f6yhteis\u00f6\u00f6n.<\/p>\n\n\n\n<p>Yritt\u00e4j\u00e4t esitt\u00e4\u00e4, ett\u00e4 Suomi ottaa merkitt\u00e4vi\u00e4 askeleita ty\u00f6perusteisten maahanmuuttajien houkutteluun ja kotouttamiseen, rakentaa vahvan strategian ulkosuomalaisten paluumuuttoon sek\u00e4 suuntaa julkisia resursseja koulutukseen ja tutkimukseen. Mit\u00e4 korkeampi osaamisen taso on, sit\u00e4 enemm\u00e4n saadaan irti my\u00f6s tutkimus- ja kehitysinvestoinneista. Mit\u00e4 toimivampi ja vastaanottavampi maahanmuuttoj\u00e4rjestelm\u00e4 on, sit\u00e4 enemm\u00e4n Suomi houkuttelee ihmisi\u00e4 t\u00f6ihin ja yritt\u00e4m\u00e4\u00e4n.<\/p>\n\n\n\n<p>Seuraavan hallituksen on siirrytt\u00e4v\u00e4 strategiapapereista toimintamallien ja rakenteiden uudistamiseen, jotta Suomeen on kannattavaa tulla muiden verrokkimaiden sijaan, ja teht\u00e4v\u00e4 merkitt\u00e4vi\u00e4 koulutuspoliittisia uudistuksia, jotta osaamistaso vahvistuu ja vastaa tulevaisuuden ty\u00f6el\u00e4m\u00e4n odotuksia.<\/p>\n\n\n\n<h2 class=\"wp-block-heading\">Yritt\u00e4jien ratkaisuja osaajapulaan:<\/h2>\n\n\n\n<ul class=\"wp-block-list\">\n<li>Annetaan lukukausimaksuille osittainen verov\u00e4hennysoikeus, kun ulkomaiset opiskelijat j\u00e4\u00e4v\u00e4t Suomeen t\u00f6ihin.<\/li>\n\n\n\n<li>Rakennetaan oma strategia paluumuuttajien houkutteluun sek\u00e4 selke\u00e4 palvelupolku heid\u00e4n integroimisekseen.<\/li>\n\n\n\n<li>Helpotetaan sujuva siirtyminen eri oleskelulupamuotojen v\u00e4lill\u00e4. Mahdollistetaan yritt\u00e4j\u00e4ty\u00f6 ty\u00f6ntekoon oikeuttavan oleskeluluvan puitteissa ja lis\u00e4t\u00e4\u00e4n mahdollisuutta tehd\u00e4 palkkaty\u00f6t\u00e4 yritt\u00e4j\u00e4n oleskeluluvalla.<\/li>\n\n\n\n<li>My\u00f6nnet\u00e4\u00e4n jokaiselle korkeakoulusta valmistuneelle ulkomaalaiselle automaattisesti pysyv\u00e4 oleskelulupa.<\/li>\n\n\n\n<li>Vakiinnutetaan Talent Boost -toiminta ja vahvistetaan Team Finland -ty\u00f6t\u00e4.<\/li>\n\n\n\n<li>Vahvistetaan erityisesti ty\u00f6llistymisen painoarvoa rahoitusmalleissa ja oppilaitosten tukea ty\u00f6paikalla oppimiseen.<\/li>\n\n\n\n<li>Varmistetaan oppi- tai koulutussopimusmuotoiseen koulutukseen riitt\u00e4v\u00e4t tuki- ja ohjausresurssit erityisesti nuorten koulutuksessa.<\/li>\n\n\n\n<li>Lis\u00e4t\u00e4\u00e4n tuloksellisuuden painoarvoa ammatillisen koulutuksen rahoituksessa ja palataan reformin yhteydess\u00e4 sovittuun rahoitusrakenteeseen.<\/li>\n\n\n\n<li>Rakennetaan silta TKI-toiminnasta jatkuvaan oppimiseen ohjelmavalmistelulla yritysten ja oppilaitosten yhteisty\u00f6ss\u00e4.<\/li>\n<\/ul>\n\n\n\t<div id=\"gb-button-block_18aa8ba4dac84b4544afb39915720ca5\" class=\"gb-button gb-button-block_18aa8ba4dac84b4544afb39915720ca5\">\n\t\t\t\t\t\t<a class=\"b-button b-button--color- b-button--style-\"\n\t   href=\"https:\/\/www.yrittajat.fi\/app\/uploads\/public\/2023\/03\/ohjelma-osaajapulan-helpottamiseksi_yrittajien-ratkaisuja-tuleville-paattajille_6.pdf\"\n\t   target=\"_self\">\n\n\t\t<span class=\"b-button__title\">\n\t\t\tLue koko ohjelma osaajapulan ratkaisemiseksi t\u00e4\u00e4lt\u00e4\t\t<\/span>\n\n\t\t\t\t\t<span class=\"b-button__icon\">\n\t\t\t\t<svg xmlns=\"http:\/\/www.w3.org\/2000\/svg\" viewBox=\"0 0 9 14\"><path d=\"M2.001 13.664a1.333 1.333 0 01-.954-2.272l.007-.008 4.414-4.386-4.24-4.414A1.333 1.333 0 113.12.704l5.147 5.334a1.333 1.333 0 010 1.866l-5.334 5.334a1.333 1.333 0 01-.933.426z\"\/><\/svg>\t\t\t<\/span>\n\t\t\t<\/a>\n\t\t\t<\/div>\n","protected":false},"excerpt":{"rendered":"<p>Suomi on monella tapaa erinomainen valinta sek\u00e4 ty\u00f6nteko- ett\u00e4 opiskelumaana. Meill\u00e4 on korkea el\u00e4m\u00e4nlaatu, hyv\u00e4 ty\u00f6- ja yksityisel\u00e4m\u00e4n tasapaino, laadukas koulutustarjonta ja turvallinen elinymp\u00e4rist\u00f6. T\u00e4st\u00e4 huolimatta emme houkuttele tarpeeksi monia ulkomaalaisia ty\u00f6ntekij\u00f6it\u00e4 ja opiskelijoita hakeutumaan Suomeen. Ty\u00f6voimapulan rinnalla meill\u00e4 on ty\u00f6tt\u00f6min\u00e4 ja ty\u00f6voiman ulkopuolella satoja tuhansia Suomessa jo asuvia. Tilanne on haasteellinen. Ik\u00e4\u00e4ntyv\u00e4n v\u00e4est\u00f6n kasvaessa &hellip; <a href=\"https:\/\/me.yrittajat.fi\/vaalit\/etusivu\/ohjelma-osaajapulan-helpottamiseksi\/\">Continued<\/a><\/p>\n","protected":false},"author":61,"featured_media":0,"parent":3,"menu_order":0,"comment_status":"closed","ping_status":"closed","template":"","meta":{"_acf_changed":false,"footnotes":""},"class_list":["post-700","page","type-page","status-publish","hentry"],"acf":[],"_links":{"self":[{"href":"https:\/\/me.yrittajat.fi\/vaalit\/wp-json\/wp\/v2\/pages\/700","targetHints":{"allow":["GET"]}}],"collection":[{"href":"https:\/\/me.yrittajat.fi\/vaalit\/wp-json\/wp\/v2\/pages"}],"about":[{"href":"https:\/\/me.yrittajat.fi\/vaalit\/wp-json\/wp\/v2\/types\/page"}],"author":[{"embeddable":true,"href":"https:\/\/me.yrittajat.fi\/vaalit\/wp-json\/wp\/v2\/users\/61"}],"replies":[{"embeddable":true,"href":"https:\/\/me.yrittajat.fi\/vaalit\/wp-json\/wp\/v2\/comments?post=700"}],"version-history":[{"count":5,"href":"https:\/\/me.yrittajat.fi\/vaalit\/wp-json\/wp\/v2\/pages\/700\/revisions"}],"predecessor-version":[{"id":955,"href":"https:\/\/me.yrittajat.fi\/vaalit\/wp-json\/wp\/v2\/pages\/700\/revisions\/955"}],"up":[{"embeddable":true,"href":"https:\/\/me.yrittajat.fi\/vaalit\/wp-json\/wp\/v2\/pages\/3"}],"wp:attachment":[{"href":"https:\/\/me.yrittajat.fi\/vaalit\/wp-json\/wp\/v2\/media?parent=700"}],"curies":[{"name":"wp","href":"https:\/\/api.w.org\/{rel}","templated":true}]}}