{"id":819,"date":"2023-03-20T12:03:59","date_gmt":"2023-03-20T10:03:59","guid":{"rendered":"https:\/\/me.yrittajat.fi\/vaalit\/?page_id=819"},"modified":"2023-03-20T12:03:59","modified_gmt":"2023-03-20T10:03:59","slug":"eduskuntavaalit-houkuttelevat-yrittajia","status":"publish","type":"page","link":"https:\/\/me.yrittajat.fi\/vaalit\/etusivu\/eduskuntavaalit-houkuttelevat-yrittajia\/","title":{"rendered":"Eduskuntavaalit houkuttelevat yritt\u00e4ji\u00e4"},"content":{"rendered":"\n<figure class=\"wp-block-image size-full\"><img loading=\"lazy\" decoding=\"async\" width=\"1024\" height=\"682\" src=\"https:\/\/me.yrittajat.fi\/vaalit\/app\/uploads\/sites\/56\/2023\/03\/ehdokkaat-1024x682-1.png\" alt=\"\" class=\"wp-image-823\" srcset=\"https:\/\/me.yrittajat.fi\/app\/uploads\/sites\/56\/2023\/03\/ehdokkaat-1024x682-1.png 1024w, https:\/\/me.yrittajat.fi\/app\/uploads\/sites\/56\/2023\/03\/ehdokkaat-1024x682-1-300x200.png 300w, https:\/\/me.yrittajat.fi\/app\/uploads\/sites\/56\/2023\/03\/ehdokkaat-1024x682-1-768x512.png 768w, https:\/\/me.yrittajat.fi\/app\/uploads\/sites\/56\/2023\/03\/ehdokkaat-1024x682-1-668x445.png 668w\" sizes=\"auto, (max-width: 1024px) 100vw, 1024px\" \/><figcaption class=\"wp-element-caption\">Yritt\u00e4j\u00e4ehdokkaat eduskuntavaaleissa 2023<\/figcaption><\/figure>\n\n\n\n<p><strong>Eduskuntavaaleissa on ehdolla 473 yritt\u00e4j\u00e4\u00e4. Suurin yritt\u00e4j\u00e4puolue on ehdokasm\u00e4\u00e4r\u00e4ll\u00e4 mitattuna perussuomalaiset (71 ehdokasta), toiseksi suurin Kokoomus (70 ehdokasta) ja kolmanneksi Liike Nyt (64 ehdokasta). Suhteessa eniten yritt\u00e4j\u00e4ehdokkaita on Liike Nytin listoilla (37 prosenttia). Yritt\u00e4j\u00e4ehdokkaiden m\u00e4\u00e4r\u00e4 kasvoi viime eduskuntavaaleista selv\u00e4sti.<\/strong><\/p>\n\n\n\n<p>Eduskuntavaaleissa on yhteens\u00e4 2 424 ehdokasta, joista yritt\u00e4j\u00e4ehdokkaiden osuus on 19,5 prosenttia. Vuoden 2019 vaaleissa yritt\u00e4j\u00e4ehdokkaita oli 437 ja 364 ehdokasta vuonna 2015. Tiedot perustuvat Suomen Yritt\u00e4jien tekem\u00e4\u00e4n selvitykseen Manner-Suomen vaalipiireist\u00e4. Suomen Yritt\u00e4jien toimitusjohtaja <strong>Mikael Pentik\u00e4inen<\/strong> on tyytyv\u00e4inen yritt\u00e4j\u00e4ehdokkaiden m\u00e4\u00e4r\u00e4\u00e4n. <\/p>\n\n\n\n<p>\u2013 Hienoa, ett\u00e4 yritt\u00e4j\u00e4ehdokkaiden m\u00e4\u00e4r\u00e4 kasvaa. Yritt\u00e4j\u00e4t on merkitt\u00e4v\u00e4 ehdokasryhm\u00e4 useassa puolueessa. Se lupaa hyv\u00e4\u00e4 p\u00e4\u00e4t\u00f6ksenteolle, koska yritt\u00e4jien \u00e4\u00e4ni kuuluu eri puolueissa, Pentik\u00e4inen sanoo. Pentik\u00e4isen mukaan yritt\u00e4j\u00e4, jos joku tiet\u00e4\u00e4, mist\u00e4 Suomen kasvu tulee.<\/p>\n\n\n\n<p>\u2013 Yritt\u00e4j\u00e4 tiet\u00e4\u00e4, mist\u00e4 elinvoima syntyy ja kuinka p\u00e4\u00e4tt\u00e4j\u00e4 voi vaikuttaa yritysten mahdollisuuksiin menesty\u00e4 ja vahvistaa suomalaisen hyvinvointivaltion taloudellista perustaa. Kasvaakseen yritt\u00e4j\u00e4 tarvitsee vakaan, kilpailukykyisen ja ennakoitavan verotuksen ja osaavaa ty\u00f6voimaa. P\u00e4\u00e4tt\u00e4jien on nostettava rimaa ja teht\u00e4v\u00e4 kasvupolitiikkaa, joka vahvistaa Suomen talouden kest\u00e4v\u00e4\u00e4 kasvua.<\/p>\n\n\n\n<p><strong>Perussuomalaisilla eniten yritt\u00e4j\u00e4ehdokkaita<\/strong><\/p>\n\n\n\n<h3 class=\"wp-block-heading\">Yritt\u00e4j\u00e4ehdokkaiden m\u00e4\u00e4r\u00e4 (puolueet ja ehdokaslistat, joissa on v\u00e4hint\u00e4\u00e4n 10 yritt\u00e4j\u00e4ehdokasta):<\/h3>\n\n\n\n<figure class=\"wp-block-table\"><table><tbody><tr><td><strong>Puolue<\/strong><\/td><td><strong>Ehdokkaat 2023<\/strong><\/td><td><strong>Ehdokkaat 2019<\/strong><\/td><\/tr><tr><td>Perussuomalaiset<\/td><td>71<\/td><td>63<\/td><\/tr><tr><td>Kokoomus<\/td><td>70<\/td><td>68<\/td><\/tr><tr><td>Liike Nyt<\/td><td>66<\/td><td>35<\/td><\/tr><tr><td>Keskusta <\/td><td>57<\/td><td>63<\/td><\/tr><tr><td>Kristillisdemokraatit<\/td><td>29<\/td><td>25<\/td><\/tr><tr><td>Vapauden Liitto<\/td><td>28<\/td><td>(ei asettanut ehdokkaita)<\/td><\/tr><tr><td>Vihre\u00e4t<\/td><td>28<\/td><td>30<\/td><\/tr><tr><td>Vasemmistoliitto<\/td><td>18<\/td><td>16<\/td><\/tr><tr><td>Liberaalipuolue<\/td><td>18<\/td><td>(ei tietoja)<\/td><\/tr><tr><td>Sosialidemokraatit<\/td><td>10<\/td><td>8<\/td><\/tr><\/tbody><\/table><\/figure>\n\n\n\n<p><\/p>\n\n\n\n<p><strong>Liike Nytill\u00e4 suhteessa eniten yritt\u00e4ji\u00e4<\/strong><\/p>\n\n\n\n<p>Kun katsotaan yritt\u00e4j\u00e4ehdokkaiden osuutta kunkin eduskuntapuolueen ehdokkaista, selke\u00e4 ykk\u00f6nen on Liike Nyt. Sen ehdokkaista 37 prosenttia on yritt\u00e4ji\u00e4. Kokoomuksen ehdokkaista on yritt\u00e4ji\u00e4 33 prosenttia, perussuomalaisten 32 prosenttia, keskustan 28 prosenttia ja ruotsalaisen kansanpuolueen 23 prosenttia.<\/p>\n\n\n\n<h3 class=\"wp-block-heading\"><strong>Yritt\u00e4jien osuus eduskuntapuolueiden ehdokkaista (py\u00f6ristettyn\u00e4 l\u00e4himp\u00e4\u00e4n kokonaislukuun)<\/strong><\/h3>\n\n\n\n<figure class=\"wp-block-table\"><table><tbody><tr><td><strong>Puolue<\/strong><\/td><td><strong>(%)<\/strong><\/td><\/tr><tr><td>Liike Nyt<\/td><td>37 %<\/td><\/tr><tr><td>Kokoomus<\/td><td>33 %<\/td><\/tr><tr><td>Perussuomalaiset<\/td><td>32 %<\/td><\/tr><tr><td>Keskusta<\/td><td>28 %<\/td><\/tr><tr><td>Ruotsalainen kansanpuolue<\/td><td>23 %<\/td><\/tr><tr><td>Valta kuuluu kansalle<\/td><td>21 %<\/td><\/tr><tr><td>Kristillisdemokraatit<\/td><td>15 %<\/td><\/tr><tr><td>Vihre\u00e4t<\/td><td>13 %<\/td><\/tr><tr><td>Vasemmistoliitto<\/td><td>8 %<\/td><\/tr><tr><td>Sosialidemokraatit<\/td><td>5 %<\/td><\/tr><\/tbody><\/table><\/figure>\n\n\n\n<h3 class=\"wp-block-heading\"><strong>Yritt\u00e4j\u00e4ehdokkaiden jakautuminen eri eduskuntapuolueisiin<\/strong><\/h3>\n\n\n\n<figure class=\"wp-block-table\"><table><tbody><tr><td><strong>Puolue<\/strong><\/td><td><strong>(%)<\/strong><\/td><\/tr><tr><td>Kansallinen Kokoomus<\/td><td>15 %<\/td><\/tr><tr><td>Perussuomalaiset<\/td><td>15 %<\/td><\/tr><tr><td>Liike Nyt<\/td><td>14 %<\/td><\/tr><tr><td>Keskusta<\/td><td>12 %<\/td><\/tr><tr><td>Kristillisdemokraatit<\/td><td>6 %<\/td><\/tr><tr><td>Vihre\u00e4t<\/td><td>6 %<\/td><\/tr><tr><td>Ruotsalainen kansanpuolue<\/td><td>5 %<\/td><\/tr><tr><td>Valta kuuluu kansalle<\/td><td>5 %<\/td><\/tr><tr><td>Vasemmistoliitto<\/td><td>4 %<\/td><\/tr><tr><td>Sosialidemokraatit<\/td><td>2 %<\/td><\/tr><\/tbody><\/table><\/figure>\n\n\n\n<h3 class=\"wp-block-heading\"><strong>Yritt\u00e4j\u00e4ehdokkaiden jakautuminen vaalipiireitt\u00e4in<\/strong><\/h3>\n\n\n\n<figure class=\"wp-block-table\"><table><tbody><tr><td><strong>Vaalipiiri<\/strong><\/td><td><strong>M\u00e4\u00e4r\u00e4 eduskuntavaaleissa 2023<\/strong><\/td><td><strong>M\u00e4\u00e4r\u00e4 eduskuntavaaleissa 2019<\/strong><\/td><\/tr><tr><td>Uudenmaan vaalipiiri<\/td><td>79<\/td><td>81<\/td><\/tr><tr><td>Pirkanmaan vaalipiiri<\/td><td>51<\/td><td>61<\/td><\/tr><tr><td>Vaasan vaalipiiri<\/td><td>49<\/td><td>40<\/td><\/tr><tr><td>Varsinais-Suomen vaalipiiri<\/td><td>48<\/td><td>35<\/td><\/tr><tr><td>Helsingin vaalipiiri<\/td><td>46<\/td><td>38<\/td><\/tr><tr><td>Savo-Karjalan vaalipiiri<\/td><td>43<\/td><td>38<\/td><\/tr><tr><td>Satakunnan vaalipiiri<\/td><td>31<\/td><td>23<\/td><\/tr><tr><td>Oulun vaalipiiri<\/td><td>30<\/td><td>29<\/td><\/tr><tr><td>Kaakkois-Suomen vaalipiiri<\/td><td>26<\/td><td>36<\/td><\/tr><tr><td>H\u00e4meen vaalipiiri<\/td><td>23<\/td><td>22<\/td><\/tr><tr><td>Keski-Suomen vaalipiiri<\/td><td>23<\/td><td>23<\/td><\/tr><tr><td>Lapin vaalipiiri<\/td><td>23<\/td><td>20<\/td><\/tr><\/tbody><\/table><\/figure>\n\n\n\n<p>Vuoden 2023 eduskuntavaalien vaalip\u00e4iv\u00e4 on sunnuntai 2.4.2023 ja ennakko\u00e4\u00e4nestys alkaa 22.3.2023.<br><\/p>\n\n\n\n<p><strong>Lis\u00e4tietoja:<\/strong><\/p>\n\n\n\n<p>Harri Jaskari, johtaja, <a href=\"mailto:harri.jaskari@yrittajat.fi\">harri.jaskari@yrittajat.fi<\/a>, p. 050 512 2874<\/p>\n\n\n\n<p>Mikael Pentik\u00e4inen, toimitusjohtaja, <a href=\"mailto:mikael.pentikainen@yrittajat.fi\">mikael.pentikainen@yrittajat.fi<\/a> 040 5041944, Suomen Yritt\u00e4j\u00e4t<\/p>\n","protected":false},"excerpt":{"rendered":"<p>Eduskuntavaaleissa on ehdolla 473 yritt\u00e4j\u00e4\u00e4. Suurin yritt\u00e4j\u00e4puolue on ehdokasm\u00e4\u00e4r\u00e4ll\u00e4 mitattuna perussuomalaiset (71 ehdokasta), toiseksi suurin Kokoomus (70 ehdokasta) ja kolmanneksi Liike Nyt (64 ehdokasta). Suhteessa eniten yritt\u00e4j\u00e4ehdokkaita on Liike Nytin listoilla (37 prosenttia). Yritt\u00e4j\u00e4ehdokkaiden m\u00e4\u00e4r\u00e4 kasvoi viime eduskuntavaaleista selv\u00e4sti. Eduskuntavaaleissa on yhteens\u00e4 2 424 ehdokasta, joista yritt\u00e4j\u00e4ehdokkaiden osuus on 19,5 prosenttia. Vuoden 2019 vaaleissa yritt\u00e4j\u00e4ehdokkaita &hellip; <a href=\"https:\/\/me.yrittajat.fi\/vaalit\/etusivu\/eduskuntavaalit-houkuttelevat-yrittajia\/\">Continued<\/a><\/p>\n","protected":false},"author":61,"featured_media":0,"parent":3,"menu_order":0,"comment_status":"closed","ping_status":"closed","template":"","meta":{"_acf_changed":false,"footnotes":""},"class_list":["post-819","page","type-page","status-publish","hentry"],"acf":[],"_links":{"self":[{"href":"https:\/\/me.yrittajat.fi\/vaalit\/wp-json\/wp\/v2\/pages\/819","targetHints":{"allow":["GET"]}}],"collection":[{"href":"https:\/\/me.yrittajat.fi\/vaalit\/wp-json\/wp\/v2\/pages"}],"about":[{"href":"https:\/\/me.yrittajat.fi\/vaalit\/wp-json\/wp\/v2\/types\/page"}],"author":[{"embeddable":true,"href":"https:\/\/me.yrittajat.fi\/vaalit\/wp-json\/wp\/v2\/users\/61"}],"replies":[{"embeddable":true,"href":"https:\/\/me.yrittajat.fi\/vaalit\/wp-json\/wp\/v2\/comments?post=819"}],"version-history":[{"count":41,"href":"https:\/\/me.yrittajat.fi\/vaalit\/wp-json\/wp\/v2\/pages\/819\/revisions"}],"predecessor-version":[{"id":864,"href":"https:\/\/me.yrittajat.fi\/vaalit\/wp-json\/wp\/v2\/pages\/819\/revisions\/864"}],"up":[{"embeddable":true,"href":"https:\/\/me.yrittajat.fi\/vaalit\/wp-json\/wp\/v2\/pages\/3"}],"wp:attachment":[{"href":"https:\/\/me.yrittajat.fi\/vaalit\/wp-json\/wp\/v2\/media?parent=819"}],"curies":[{"name":"wp","href":"https:\/\/api.w.org\/{rel}","templated":true}]}}