{"id":873,"date":"2023-03-23T12:42:55","date_gmt":"2023-03-23T10:42:55","guid":{"rendered":"https:\/\/me.yrittajat.fi\/vaalit\/?page_id=873"},"modified":"2025-03-18T10:56:35","modified_gmt":"2025-03-18T08:56:35","slug":"osinkoverotuksen-kiristamisen-vaikutukset-pk-yrityksissa","status":"publish","type":"page","link":"https:\/\/me.yrittajat.fi\/vaalit\/etusivu\/osinkoverotuksen-kiristamisen-vaikutukset-pk-yrityksissa\/","title":{"rendered":"Osinkoverotuksen kirist\u00e4misen vaikutukset pk-yrityksiss\u00e4"},"content":{"rendered":"\n<figure class=\"wp-block-image size-large\"><img loading=\"lazy\" decoding=\"async\" width=\"1024\" height=\"682\" src=\"https:\/\/me.yrittajat.fi\/vaalit\/app\/uploads\/sites\/56\/2023\/03\/osinkoverotus_2000x1333-1024x682.png\" alt=\"\" class=\"wp-image-874\" srcset=\"https:\/\/me.yrittajat.fi\/app\/uploads\/sites\/56\/2023\/03\/osinkoverotus_2000x1333-1024x682.png 1024w, https:\/\/me.yrittajat.fi\/app\/uploads\/sites\/56\/2023\/03\/osinkoverotus_2000x1333-300x200.png 300w, https:\/\/me.yrittajat.fi\/app\/uploads\/sites\/56\/2023\/03\/osinkoverotus_2000x1333-768x512.png 768w, https:\/\/me.yrittajat.fi\/app\/uploads\/sites\/56\/2023\/03\/osinkoverotus_2000x1333-1536x1023.png 1536w, https:\/\/me.yrittajat.fi\/app\/uploads\/sites\/56\/2023\/03\/osinkoverotus_2000x1333-2048x1365.png 2048w, https:\/\/me.yrittajat.fi\/app\/uploads\/sites\/56\/2023\/03\/osinkoverotus_2000x1333-668x445.png 668w\" sizes=\"auto, (max-width: 1024px) 100vw, 1024px\" \/><figcaption class=\"wp-element-caption\"><em>Osakeyhti\u00f6n edustajista 39 prosenttia vastaa, ett\u00e4 ne maksaisivat v\u00e4hemm\u00e4n osinkoja, jos osinkovero kiristyisi. 34 prosenttia kertoo, ett\u00e4 osakeyhti\u00f6n kasvuhalukkuus v\u00e4henisi. Investointeja omaan yritykseen v\u00e4hent\u00e4isi 27 prosenttia. Yksi viidest\u00e4 harkitsisi per\u00e4ti yrityksen lopettamista. L\u00e4hde: Suomen Yritt\u00e4j\u00e4t, Yritt\u00e4j\u00e4gallup 3\/2023.<\/em><\/figcaption><\/figure>\n\n\n\n<h2 class=\"wp-block-heading\">Yritt\u00e4j\u00e4t osinkoverotuksesta: \u201dKirist\u00e4minen olisi myrkky\u00e4 taloudelle ja yritt\u00e4jyydelle\u201d<\/h2>\n\n\n\n<p>Listaamattomien yritysten osinkoverotuksen kirist\u00e4misell\u00e4 olisi eritt\u00e4in vakavia seurauksia taloudelle, kertoo tuore Yritt\u00e4j\u00e4gallup.<\/p>\n\n\n\n<p>Suomen Yritt\u00e4jien mukaan osinkoverotuksen kirist\u00e4minen johtaisi osakeyhti\u00f6iss\u00e4 osinkojen v\u00e4hent\u00e4miseen, kasvuhalukkuuden hiipumiseen, investointien v\u00e4hent\u00e4miseen, yritysten lopettamisiin ja omistajavaihdosten vaikeutumiseen.<\/p>\n\n\n\n<p>\u2013 Se olisi myrkky\u00e4 taloudelle ja yritt\u00e4jyydelle, Suomen Yritt\u00e4jien puheenjohtaja <strong>Petri Salminen<\/strong> sanoo.<\/p>\n\n\n\n<p>SDP on esitt\u00e4nyt vaaliohjelmassaan yritt\u00e4jien verotukseen 350\u2013600 miljoonan euron kiristyksi\u00e4. Sdp:n puheenjohtaja, p\u00e4\u00e4ministeri <strong>Sanna Marin<\/strong> on pit\u00e4nyt osinkoverotuksen kirist\u00e4mist\u00e4 toistuvasti esill\u00e4 keskeisen\u00e4 \u201dtulonsopeutustoimena\u201d.<\/p>\n\n\n\n<p>\u2013 Osinkoverotuksen kirist\u00e4minen iskisi nopeasti kasvuun sek\u00e4 yritt\u00e4jien kykyyn investoida ja ty\u00f6llist\u00e4\u00e4. Se olisi aivan v\u00e4\u00e4r\u00e4 signaali yritt\u00e4jille ja omistajille, joiden odotetaan investoivan ja ty\u00f6llist\u00e4v\u00e4n, Salminen sanoo.<\/p>\n\n\n\n<p>\u2013 Ihmettelen syv\u00e4sti, miksi perinteinen ty\u00f6puolue SDP on ottanut suomalaisen ty\u00f6n, kasvun ja kasvollisen omistajuuden t\u00e4ht\u00e4imeens\u00e4, Salminen sanoo.<\/p>\n\n\n\n<p>Suomi tarvitsee kipe\u00e4sti kilpailukyky\u00e4, kasvua ja yritt\u00e4jyytt\u00e4 talouden tervehdytt\u00e4miseen.<\/p>\n\n\n\n<p>\u2013 Vaalitohinassa on unohtunut, ett\u00e4 Suomen kasvu on suomalaisten yritysten kasvun summa, Salminen muistuttaa.<\/p>\n\n\n\n<p>Suomen Yritt\u00e4j\u00e4t korostaa, ett\u00e4 verotuksen tulee olla kansainv\u00e4lisesti kilpailukykyist\u00e4, omistajuuteen kannustavaa, riskinotosta palkitsevaa, ennakoitavaa ja johdonmukaista, jos halutaan, ett\u00e4 Suomessa kannattaa yritt\u00e4\u00e4, investoida ja ty\u00f6llist\u00e4\u00e4.<\/p>\n\n\n\n<h2 class=\"wp-block-heading\">Kolmasosan halu kasvaa hiipuisi<\/h2>\n\n\n\n<p>Kantar Public selvitti 5.\u201320. maaliskuuta Yritt\u00e4jien toimeksiannosta osinkoverotuksen kirist\u00e4misen vaikutuksia. Mit\u00e4 suurempi on yritys, sit\u00e4 laajempia olisivat osinkoverotuksen kirist\u00e4misen vaikutukset. Vaikutukset olisivat v\u00e4h\u00e4isimpi\u00e4 yksinyritt\u00e4jill\u00e4.<\/p>\n\n\n\n<p>Osinkoverotus koskee osakeyhti\u00f6it\u00e4. Yritt\u00e4j\u00e4gallupissa osakeyhti\u00f6n edustajista (668 vastaajaa) 39 prosenttia arvioi, ett\u00e4 ne maksaisivat v\u00e4hemm\u00e4n osinkoja, jos osinkovero kiristyisi.<\/p>\n\n\n\n<p>34 prosenttia kertoo, ett\u00e4 osakeyhti\u00f6n kasvuhalukkuus v\u00e4henisi. Investointeja omaan yritykseen v\u00e4hent\u00e4isi 27 prosenttia. Yksi viidest\u00e4 harkitsisi per\u00e4ti yrityksen lopettamista.<\/p>\n\n\n\n<p>\u2013 Yritt\u00e4j\u00e4t kertovat, ett\u00e4 maksaisivat veroja v\u00e4hemm\u00e4n. T\u00e4m\u00e4 tarkoittaa, ett\u00e4 verokertym\u00e4 voisi jopa v\u00e4henty\u00e4. Kasvuhakuisten yritysten m\u00e4\u00e4r\u00e4 on muutoinkin selv\u00e4sti laskussa. Kiristys vauhdittaisi t\u00e4t\u00e4 ja vaarantaisi uusien ty\u00f6paikkojen synty\u00e4, puheenjohtaja Salminen sanoo.<\/p>\n\n\n\n<p>Yli kymmenen ty\u00f6llist\u00e4vist\u00e4 yrityksist\u00e4 (vastaajia 1 038, joukossa my\u00f6s muita yhti\u00f6muotoja kuin osakeyhti\u00f6it\u00e4) 44 prosenttia oli sit\u00e4 mielt\u00e4, ett\u00e4 osinkoverotuksen kirist\u00e4minen v\u00e4hent\u00e4isi kasvuhaluja. 42 prosenttia maksaisi v\u00e4hemm\u00e4n osinkoja, 40 prosenttia v\u00e4hent\u00e4isi investointeja yritykseens\u00e4 ja 25 prosenttia siirt\u00e4isi toimintaa Suomesta.<\/p>\n\n\n\n<h2 class=\"wp-block-heading\">\u201dIskisi lujaa teollisuuteen ja ty\u00f6llist\u00e4viin yrityksiin\u201d<\/h2>\n\n\n\n<p>\u2013 Viesti on selv\u00e4: osinkoverotuksen kirist\u00e4minen on tehokas keino tuhota kasvua. On k\u00e4sitt\u00e4m\u00e4t\u00f6nt\u00e4 edes kuvitella, ett\u00e4 osinkoverotuksen kirist\u00e4minen voisi tapahtua ilman merkitt\u00e4vi\u00e4 kielteisi\u00e4 talousvaikutuksia. Se iskisi lujaa teollisuuteen ja ty\u00f6llist\u00e4viin yrityksiin, Suomen Yritt\u00e4jien toimitusjohtaja <strong>Mikael Pentik\u00e4inen<\/strong> sanoo.<\/p>\n\n\n\n<p>Yritysten kasvuhalut hiipuvat ja ty\u00f6nantajayritt\u00e4jien m\u00e4\u00e4r\u00e4 laskee nopeasti jo nyt, Pentik\u00e4inen muistuttaa.<\/p>\n\n\n\n<p>\u2013 Osinkoverotuksen kiristys vauhdittaisi kasvuhalujen hiipumista ja ty\u00f6nantajayritt\u00e4misen v\u00e4hentymist\u00e4. Se olisi onneton ratkaisu suomalaisten hyvinvointiyhteiskunnan taloudelliselle perustalle, Pentik\u00e4inen toteaa.<\/p>\n\n\n\n<p>Lue lis\u00e4\u00e4 Ty\u00f6nantajayritysten m\u00e4\u00e4r\u00e4 laski jyrk\u00e4sti viime vuonna \u2013 \u201dT\u00e4m\u00e4 on yll\u00e4tt\u00e4v\u00e4\u00e4 ja uhkaa ty\u00f6llisyytt\u00e4\u201d \u2013 Yrittajat.fi<\/p>\n\n\n\n<h2 class=\"wp-block-heading\">Ennakoiva veroj\u00e4rjestelm\u00e4 tuo investointeja<\/h2>\n\n\n\n<p>Yritt\u00e4j\u00e4gallupissa kysyttiin eri asioiden vaikutuksia investointihalukkuuteen. Veroj\u00e4rjestelm\u00e4n ennakoitavuus on t\u00e4ll\u00e4 hetkell\u00e4 t\u00e4rkein investointihalukkuutta Suomeen lis\u00e4\u00e4v\u00e4 tekij\u00e4. Sen j\u00e4lkeen tulevat toimiva logistiikka, sujuva investointiluvitus ja luotettavat viranomaiset.<\/p>\n\n\n\n<p>Pahimpia investointijarruja ovat kasvava julkinen velka sek\u00e4 ay-liikkeen ja Ven\u00e4j\u00e4n toiminta.<\/p>\n\n\n\n<p>\u2013 Ennakoitava veroj\u00e4rjestelm\u00e4 on kannustanut investoimaan Suomeen. Se on ollut Suomelle t\u00e4rke\u00e4 kilpailuetu, kun on kamppailtu investoinneista. Jatkuva intoilu yritt\u00e4jien verotuksen kirist\u00e4misell\u00e4 sy\u00f6 yritysten ja niiden omistajien halua investoida Suomeen. Se osuu omaan nilkkaan, Pentik\u00e4inen sanoo.<\/p>\n\n\n\t<div id=\"gb-button-block_37389287152d67c282d86dbfee762aa1\" class=\"gb-button gb-button-block_37389287152d67c282d86dbfee762aa1\">\n\t\t\t\t\t\t<a class=\"b-button b-button--color- b-button--style-\"\n\t   href=\"https:\/\/www.yrittajat.fi\/app\/uploads\/public\/2023\/03\/y-galluposinkoverotus-embargo-230323.pdf\"\n\t   target=\"_self\">\n\n\t\t<span class=\"b-button__title\">\n\t\t\tTutustu Yritt\u00e4j\u00e4gallupin tuloksiin\t\t<\/span>\n\n\t\t\t\t\t<span class=\"b-button__icon\">\n\t\t\t\t<svg xmlns=\"http:\/\/www.w3.org\/2000\/svg\" viewBox=\"0 0 9 14\"><path d=\"M2.001 13.664a1.333 1.333 0 01-.954-2.272l.007-.008 4.414-4.386-4.24-4.414A1.333 1.333 0 113.12.704l5.147 5.334a1.333 1.333 0 010 1.866l-5.334 5.334a1.333 1.333 0 01-.933.426z\"\/><\/svg>\t\t\t<\/span>\n\t\t\t<\/a>\n\t\t\t<\/div>\n","protected":false},"excerpt":{"rendered":"<p>Yritt\u00e4j\u00e4t osinkoverotuksesta: \u201dKirist\u00e4minen olisi myrkky\u00e4 taloudelle ja yritt\u00e4jyydelle\u201d Listaamattomien yritysten osinkoverotuksen kirist\u00e4misell\u00e4 olisi eritt\u00e4in vakavia seurauksia taloudelle, kertoo tuore Yritt\u00e4j\u00e4gallup. Suomen Yritt\u00e4jien mukaan osinkoverotuksen kirist\u00e4minen johtaisi osakeyhti\u00f6iss\u00e4 osinkojen v\u00e4hent\u00e4miseen, kasvuhalukkuuden hiipumiseen, investointien v\u00e4hent\u00e4miseen, yritysten lopettamisiin ja omistajavaihdosten vaikeutumiseen. \u2013 Se olisi myrkky\u00e4 taloudelle ja yritt\u00e4jyydelle, Suomen Yritt\u00e4jien puheenjohtaja Petri Salminen sanoo. SDP on esitt\u00e4nyt vaaliohjelmassaan &hellip; <a href=\"https:\/\/me.yrittajat.fi\/vaalit\/etusivu\/osinkoverotuksen-kiristamisen-vaikutukset-pk-yrityksissa\/\">Continued<\/a><\/p>\n","protected":false},"author":61,"featured_media":874,"parent":3,"menu_order":0,"comment_status":"closed","ping_status":"closed","template":"","meta":{"_acf_changed":false,"footnotes":""},"class_list":["post-873","page","type-page","status-publish","has-post-thumbnail","hentry"],"acf":[],"_links":{"self":[{"href":"https:\/\/me.yrittajat.fi\/vaalit\/wp-json\/wp\/v2\/pages\/873","targetHints":{"allow":["GET"]}}],"collection":[{"href":"https:\/\/me.yrittajat.fi\/vaalit\/wp-json\/wp\/v2\/pages"}],"about":[{"href":"https:\/\/me.yrittajat.fi\/vaalit\/wp-json\/wp\/v2\/types\/page"}],"author":[{"embeddable":true,"href":"https:\/\/me.yrittajat.fi\/vaalit\/wp-json\/wp\/v2\/users\/61"}],"replies":[{"embeddable":true,"href":"https:\/\/me.yrittajat.fi\/vaalit\/wp-json\/wp\/v2\/comments?post=873"}],"version-history":[{"count":5,"href":"https:\/\/me.yrittajat.fi\/vaalit\/wp-json\/wp\/v2\/pages\/873\/revisions"}],"predecessor-version":[{"id":954,"href":"https:\/\/me.yrittajat.fi\/vaalit\/wp-json\/wp\/v2\/pages\/873\/revisions\/954"}],"up":[{"embeddable":true,"href":"https:\/\/me.yrittajat.fi\/vaalit\/wp-json\/wp\/v2\/pages\/3"}],"wp:featuredmedia":[{"embeddable":true,"href":"https:\/\/me.yrittajat.fi\/vaalit\/wp-json\/wp\/v2\/media\/874"}],"wp:attachment":[{"href":"https:\/\/me.yrittajat.fi\/vaalit\/wp-json\/wp\/v2\/media?parent=873"}],"curies":[{"name":"wp","href":"https:\/\/api.w.org\/{rel}","templated":true}]}}