{"id":911,"date":"2023-04-13T08:20:09","date_gmt":"2023-04-13T05:20:09","guid":{"rendered":"https:\/\/me.yrittajat.fi\/vaalit\/?page_id=911"},"modified":"2023-04-13T08:20:09","modified_gmt":"2023-04-13T05:20:09","slug":"yrittajakansanedustajat","status":"publish","type":"page","link":"https:\/\/me.yrittajat.fi\/vaalit\/etusivu\/yrittajakansanedustajat\/","title":{"rendered":"Yritt\u00e4j\u00e4kansanedustajat"},"content":{"rendered":"\n<h2 class=\"wp-block-heading\">Perussuomalaiset on eduskunnan suurin yritt\u00e4j\u00e4puolue \u2013 \u201dYritt\u00e4j\u00e4 tiet\u00e4\u00e4, mist\u00e4 hyvinvointiyhteiskunta syntyy\u201d<\/h2>\n\n\n\n<figure class=\"wp-block-image size-large\"><img loading=\"lazy\" decoding=\"async\" width=\"1024\" height=\"682\" src=\"https:\/\/me.yrittajat.fi\/vaalit\/app\/uploads\/sites\/56\/2023\/04\/yrittajakansanedustajat-1-1024x682.png\" alt=\"\" class=\"wp-image-916\" srcset=\"https:\/\/me.yrittajat.fi\/app\/uploads\/sites\/56\/2023\/04\/yrittajakansanedustajat-1-1024x682.png 1024w, https:\/\/me.yrittajat.fi\/app\/uploads\/sites\/56\/2023\/04\/yrittajakansanedustajat-1-300x200.png 300w, https:\/\/me.yrittajat.fi\/app\/uploads\/sites\/56\/2023\/04\/yrittajakansanedustajat-1-768x512.png 768w, https:\/\/me.yrittajat.fi\/app\/uploads\/sites\/56\/2023\/04\/yrittajakansanedustajat-1-1536x1023.png 1536w, https:\/\/me.yrittajat.fi\/app\/uploads\/sites\/56\/2023\/04\/yrittajakansanedustajat-1-2048x1365.png 2048w, https:\/\/me.yrittajat.fi\/app\/uploads\/sites\/56\/2023\/04\/yrittajakansanedustajat-1-668x445.png 668w\" sizes=\"auto, (max-width: 1024px) 100vw, 1024px\" \/><\/figure>\n\n\n\n<p><strong>Eduskuntavaaleissa tuli valituksi ainakin 45 yritt\u00e4j\u00e4taustaista edustajaa. Se on 22,5 prosenttia kaikista kansanedustajista. Vuonna 2019 eduskuntaan nousi 35 yritt\u00e4j\u00e4kansanedustajaa, joka oli 16,5 prosenttia edustajista. Vuonna 2019 eniten yritt\u00e4ji\u00e4 oli perussuomalaisilla.<\/strong><\/p>\n\n\n\n<p>Perussuomalaiset on edelleen suurin yritt\u00e4j\u00e4puolue. Puolueesta valittiin eduskuntaan 19 yritt\u00e4j\u00e4kansanedustajaa. Yritt\u00e4j\u00e4kansanedustajien puolueen edustajista on 41 prosenttia. Toiseksi suurin puolue on kokoomus 12 yritt\u00e4j\u00e4kansan edustajallaan. Kolmanneksi suurin on Keskusta, jonka riveiss\u00e4 on 7 yritt\u00e4j\u00e4kansanedustajaa.<\/p>\n\n\n\n<p>Varalla olevia yritt\u00e4j\u00e4kansanedustajia on 14.<\/p>\n\n\n\n<p>\u2013 Yritt\u00e4j\u00e4 tiet\u00e4\u00e4, mist\u00e4 hyvinvointiyhteiskunta syntyy ja kuinka p\u00e4\u00e4tt\u00e4j\u00e4 voi vaikuttaa yritysten edellytyksiin menesty\u00e4. Kasvaakseen yritt\u00e4j\u00e4 tarvitsee vakaan, kilpailukykyisen ja ennakoitavan verotuksen ja osaavaa ty\u00f6voimaa. P\u00e4\u00e4tt\u00e4jien on nostettava rimaa ja teht\u00e4v\u00e4 kasvupolitiikkaa, joka vahvistaa Suomen talouden kest\u00e4v\u00e4\u00e4 kasvua, Suomen Yritt\u00e4jien johtaja\u202f<strong>Harri Jaskari<\/strong>\u202farvioi.<\/p>\n\n\n\n<p>Jaskari toivoo tulevan hallituksen ja sen ohjelman rakentajien ymm\u00e4rt\u00e4v\u00e4n, ett\u00e4 kasvu syntyy vain yritt\u00e4jien riskinoton kautta. Jos riskinotosta rangaistaan eik\u00e4 palkita, se n\u00e4kyy nopeasti investoinneissa ja ty\u00f6paikoissa.<\/p>\n\n\n\n<p>\u2013 Siksi vastuullinen poliitikko ei sy\u00f6 Suomen kasvun ev\u00e4it\u00e4, Jaskari painottaa.<\/p>\n\n\n\n<p><strong>Yritt\u00e4j\u00e4kansanedustajat (nimi, puolue suuruus- ja aakkosj\u00e4rjestyksess\u00e4, vaalipiiri)<\/strong><\/p>\n\n\n\n<p>Yritt\u00e4j\u00e4kansanedustajan kriteerin t\u00e4ytt\u00e4\u00e4 kansanedustaja, joka kokee itsens\u00e4 yritt\u00e4j\u00e4ksi ja my\u00f6s sivutoimenaan yritt\u00e4j\u00e4n\u00e4 toimivat ovat mukaanluetut.<\/p>\n\n\n\n<ol class=\"wp-block-list\">\n<li>Eerola Juho, Perussuomalaiset, Kaakkois-Suomen vaalipiiri<\/li>\n\n\n\n<li>Elomaa Ritva, Perussuomalaiset, Varsinais-Suomen vaalipiiri<\/li>\n\n\n\n<li>Huru Petri, Perussuomalaiset, Satakunnan vaalipiiri<\/li>\n\n\n\n<li>Immonen Tomi, Perussuomalaiset, Keski-Suomen vaalipiiri<\/li>\n\n\n\n<li>Junnila Vilhelm, Perussuomalaiset, Varsinais-Suomen vaalipiiri<\/li>\n\n\n\n<li>Kangas Antti, Perussuomalaiset, Oulun vaalipiiri<\/li>\n\n\n\n<li>Teemu Keskisarja, Perussuomalaiset, Uudenmaan vaalipiiri<\/li>\n\n\n\n<li>Koskela Jari, Perussuomalaiset, Satakunnan vaalipiiri<\/li>\n\n\n\n<li>Laakso Kristian Sheikki, Perussuomalaiset, Kaakkois-Suomen vaalipiiri<\/li>\n\n\n\n<li>Lehtinen Rami, Perussuomalaiset, H\u00e4meen vaalipiiri<\/li>\n\n\n\n<li>Lund\u00e9n Mikko, Perussuomalaiset, Varsinais-Suomen vaalipiiri<\/li>\n\n\n\n<li>Niemi Veijo, Perussuomalaiset, Pirkanmaan vaalipiiri<\/li>\n\n\n\n<li>Peltokangas Mauri, Perussuomalaiset, Vaasan vaalipiiri<\/li>\n\n\n\n<li>Piisinen Jorma, Perussuomalaiset, Uudenmaan vaalipiiri<\/li>\n\n\n\n<li>Rintam\u00e4ki Anne, Perussuomalaiset, Vaasan vaalipiiri<\/li>\n\n\n\n<li>Rostila Onni, Perussuomalaiset, Uudenmaan vaalipiiri<\/li>\n\n\n\n<li>Sillanp\u00e4\u00e4 Pia, Perussuomalaiset, Vaasan vaalipiiri<\/li>\n\n\n\n<li>Strandman Jaana, Perussuomalaiset, Kaakkois-Suomen vaalipiiri<\/li>\n\n\n\n<li>Tavio Ville, Perussuomalaiset, Varsinais-Suomen vaalipiiri<br><br><strong>Kokoomus<\/strong><\/li>\n\n\n\n<li>Aalto-Set\u00e4l\u00e4 Pauli, Kokoomus, Varsinais-Suomen vaalipiiri<\/li>\n\n\n\n<li>Noora Fagerstr\u00f6m, Kokoomus, Uudenmaan vaalipiiri<\/li>\n\n\n\n<li>Eestil\u00e4 Markku, Kokoomus, Savo-Karjalan vaalipiiri<\/li>\n\n\n\n<li>Heinonen Timo, Kokoomus, H\u00e4meen vaalipiiri<\/li>\n\n\n\n<li>Jukkola Janne, Kokoomus, Vaasan vaalipiiri<\/li>\n\n\n\n<li>Kinnari Teemu, Kokoomus, H\u00e4meen vaalipiiri<\/li>\n\n\n\n<li>Kiuru Pauli, Kokoomus, Pirkanmaan vaalipiiri<\/li>\n\n\n\n<li>Lahdenper\u00e4 Milla, Kokoomus, Varsinais-Suomen vaalipiiri<\/li>\n\n\n\n<li>Partanen Karoliina, Kokoomus, Savo-Karjalan vaalipiiri<\/li>\n\n\n\n<li>Satonen Arto, Kokoomus, Pirkanmaan vaalipiiri<\/li>\n\n\n\n<li>Toveri Pekka, Kokoomus, Uudenmaan vaalipiiri<\/li>\n\n\n\n<li>Valkonen Ville, Kokoomus, Varsinais-Suomen vaalipiiri<br><br><strong>Keskusta<\/strong><\/li>\n\n\n\n<li>Huttunen Hanna, Keskusta, Savo-Karjalan vaalipiiri<\/li>\n\n\n\n<li>Kalmari Anne, Keskusta, Keski-Suomen vaalipiiri<\/li>\n\n\n\n<li>Kosonen Hanna, Keskusta, Kaakkois-Suomen vaalipiiri<\/li>\n\n\n\n<li>Meht\u00e4l\u00e4 Timo, Keskusta, Oulun vaalipiiri<\/li>\n\n\n\n<li>Savola Mikko, Keskusta, Vaasan vaalipiiri<\/li>\n\n\n\n<li>Siponen Markku, Keskusta, Savo-Karjalan vaalipiiri<\/li>\n\n\n\n<li>Viljanen Eerikki, Keskusta, Uudenmaan vaalipiiri<br><br><strong>Ruotsalainen kansanpuolue<\/strong><\/li>\n\n\n\n<li>Adlercreutz Anders, RKP, Uudenmaan vaalipiiri<\/li>\n\n\n\n<li>Norrback Anders, RKP, Vaasan vaalipiiri<br><br><strong>Vihre\u00e4t<\/strong><\/li>\n\n\n\n<li>Tynkkynen Oras, Vihre\u00e4t, Pirkanmaan vaalipiiri<\/li>\n\n\n\n<li>Virta Sofia, Vihre\u00e4t, Varsinais-Suomen vaalipiiri<br><br><strong>Kristillisdemokraatit<\/strong><\/li>\n\n\n\n<li>Poutala Mika, Kristillisdemokraatit, Uudenmaan vaalipiiri<br><br><strong>Liike Nyt<\/strong><\/li>\n\n\n\n<li>Harkimo Harry, Liike Nyt, Uudenmaan vaalipiiri<br><br><strong>Sosialidemokraatit<\/strong><\/li>\n\n\n\n<li>Harakka Timo, SDP, Helsingin vaalipiiri<\/li>\n<\/ol>\n\n\n\n<p>Eduskuntavaaleissa oli ehdolla 473 yritt\u00e4j\u00e4taustaista ehdokasta eli 19,5 prosenttia ehdokkaista (Suomen Yritt\u00e4jien selvitys 16.3.2023).<\/p>\n\n\n\n<p>Lis\u00e4tietoja: Harri Jaskari, johtaja, Suomen Yritt\u00e4j\u00e4t, 050 512 2874, harri.jaskari@yrittajat.fi.&nbsp;<\/p>\n","protected":false},"excerpt":{"rendered":"<p>Perussuomalaiset on eduskunnan suurin yritt\u00e4j\u00e4puolue \u2013 \u201dYritt\u00e4j\u00e4 tiet\u00e4\u00e4, mist\u00e4 hyvinvointiyhteiskunta syntyy\u201d Eduskuntavaaleissa tuli valituksi ainakin 45 yritt\u00e4j\u00e4taustaista edustajaa. Se on 22,5 prosenttia kaikista kansanedustajista. Vuonna 2019 eduskuntaan nousi 35 yritt\u00e4j\u00e4kansanedustajaa, joka oli 16,5 prosenttia edustajista. Vuonna 2019 eniten yritt\u00e4ji\u00e4 oli perussuomalaisilla. Perussuomalaiset on edelleen suurin yritt\u00e4j\u00e4puolue. Puolueesta valittiin eduskuntaan 19 yritt\u00e4j\u00e4kansanedustajaa. Yritt\u00e4j\u00e4kansanedustajien puolueen edustajista on &hellip; <a href=\"https:\/\/me.yrittajat.fi\/vaalit\/etusivu\/yrittajakansanedustajat\/\">Continued<\/a><\/p>\n","protected":false},"author":61,"featured_media":0,"parent":3,"menu_order":0,"comment_status":"closed","ping_status":"closed","template":"","meta":{"_acf_changed":false,"footnotes":""},"class_list":["post-911","page","type-page","status-publish","hentry"],"acf":[],"_links":{"self":[{"href":"https:\/\/me.yrittajat.fi\/vaalit\/wp-json\/wp\/v2\/pages\/911","targetHints":{"allow":["GET"]}}],"collection":[{"href":"https:\/\/me.yrittajat.fi\/vaalit\/wp-json\/wp\/v2\/pages"}],"about":[{"href":"https:\/\/me.yrittajat.fi\/vaalit\/wp-json\/wp\/v2\/types\/page"}],"author":[{"embeddable":true,"href":"https:\/\/me.yrittajat.fi\/vaalit\/wp-json\/wp\/v2\/users\/61"}],"replies":[{"embeddable":true,"href":"https:\/\/me.yrittajat.fi\/vaalit\/wp-json\/wp\/v2\/comments?post=911"}],"version-history":[{"count":9,"href":"https:\/\/me.yrittajat.fi\/vaalit\/wp-json\/wp\/v2\/pages\/911\/revisions"}],"predecessor-version":[{"id":923,"href":"https:\/\/me.yrittajat.fi\/vaalit\/wp-json\/wp\/v2\/pages\/911\/revisions\/923"}],"up":[{"embeddable":true,"href":"https:\/\/me.yrittajat.fi\/vaalit\/wp-json\/wp\/v2\/pages\/3"}],"wp:attachment":[{"href":"https:\/\/me.yrittajat.fi\/vaalit\/wp-json\/wp\/v2\/media?parent=911"}],"curies":[{"name":"wp","href":"https:\/\/api.w.org\/{rel}","templated":true}]}}