{"id":3,"date":"2021-12-03T11:05:29","date_gmt":"2021-12-03T09:05:29","guid":{"rendered":"https:\/\/me.yrittajat.fi\/valfardsomradesval\/etusivu\/"},"modified":"2022-02-07T13:48:21","modified_gmt":"2022-02-07T11:48:21","slug":"etusivu","status":"publish","type":"page","link":"https:\/\/me.yrittajat.fi\/valfardsomradesval\/","title":{"rendered":"Etusivu"},"content":{"rendered":"\n\t<div id=\"gb-background-block_61a9de57b030d\" class=\"gb-background gb-background-block_61a9de57b030d bg-black\">\n\t\t<div class=\"container\">\n\t\t\t<div class=\"gutenberg-content\">\n\t\t\t\t\t\t\t\t\n\n\t<div id=\"gb-anchor-block_61a9de5ab030e\" class=\"gb-anchor gb-anchor-block_61a9de5ab030e\">\n\t\t\t\t\t<div class=\"gb-anchor__anchor\" id=\"paverka\"><\/div>\n\n\t\t\t\t\t\t<\/div>\n\n\n\n\n<h4 class=\"has-text-align-center wp-block-heading\">P\u00c5VERKA<\/h4>\n\n\n\n<h2 class=\"has-text-align-center wp-block-heading\">Skulle du vilja v\u00e4lja vem som producerar tj\u00e4nsterna i anknytning till ditt v\u00e4lm\u00e5ende? Mer \u00e4n 70 procent av finl\u00e4ndarna vill.<\/h2>\n\n\n\n<p>Social- och h\u00e4lsov\u00e5rdsreformen \u00f6verf\u00f6r anordnandet av social-, h\u00e4lsov\u00e5rds- och r\u00e4ddningstj\u00e4nsterna fr\u00e5n kommuner till de nya v\u00e4lf\u00e4rdsomr\u00e5dena 2023. Makten i v\u00e4lf\u00e4rdsomr\u00e5dena tillh\u00f6r fullm\u00e4ktigeledam\u00f6ter, som v\u00e4ljs i v\u00e4lf\u00e4rdsomr\u00e5desvalet i januari 2022. Social- och h\u00e4lsov\u00e5rdstj\u00e4nsterna kostar cirka 21 miljarder euro \u00e5rligen. Det \u00e4r fullm\u00e4ktigeledam\u00f6terna som best\u00e4mmer hur skattemedlen anv\u00e4nds och hur mycket tj\u00e4nster det k\u00f6ps av f\u00f6retag.<\/p>\n\n\n\n<p>Vi vill att f\u00f6retagarnas r\u00f6st h\u00f6rs i besluten. Det beh\u00f6vs f\u00f6retag f\u00f6r att h\u00f6gklassiga v\u00e4lf\u00e4rdstj\u00e4nster \u00e4ven fram\u00f6ver ska kunna erbjudas i Finland. Ocks\u00e5 medborgarna uppskattar valfrihet och \u00f6nskar att f\u00e5 tj\u00e4nster som produceras av f\u00f6retag.<\/p>\n\n\n\n<p>Vem t\u00e4nker du r\u00f6sta p\u00e5? F\u00f6retagarna i Finlands <a href=\"https:\/\/me.yrittajat.fi\/valfardsomradesval\/app\/uploads\/sites\/27\/2021\/12\/SY_Kuntavaaliohjelma_aluevaalit_2022-FINAL.pdf\">omr\u00e5desvalsprogram <strong>B\u00e4ttre v\u00e5rd<\/strong> (p\u00e5 finska)<\/a> sammanfattar v\u00e5ra viktigaste m\u00e5l.<\/p>\n\n\n\t\t\t<\/div>\n\t\t<\/div>\n\t<\/div>\n\n\n\n\n\t<div id=\"gb-anchor-block_61a9e7e9ffa05\" class=\"gb-anchor gb-anchor-block_61a9e7e9ffa05\">\n\t\t\t\t\t<div class=\"gb-anchor__anchor\" id=\"losningar\"><\/div>\n\n\t\t\t\t\t\t<\/div>\n\n\n\n\n<h4 class=\"has-text-align-center wp-block-heading\">L\u00d6SNINGAR<\/h4>\n\n\n\n<section id=\"gb-accordion-block_61a9e84f08411\" class=\"gb-accordion gb-accordion-block_61a9e84f08411\">\n\t<div class=\"handorgel\">\n\t\t\t\t\t<h3 class=\"handorgel__header handorgel__header--no-start-time\">\n\t\t\t\t<button class=\"handorgel__header__button\"\n\t\t\t\t        id=\"tjansterna-planeras-tillsammans\">\n\t\t\t\t\t<span class=\"handorgel__header__button--content\">\n\t\t\t\t\t\t\t\t\t\t<span class=\"handorgel__header__button--title\">Tj\u00e4nsterna planeras tillsammans<\/span>\n\t\t\t\t\t<\/span>\n\t\t\t\t\t<span class=\"handorgel__header__button--icon\">\n\t\t\t\t\t\t\t<span><\/span>\n\t\t\t\t\t\t\t<span><\/span>\n\t\t\t\t\t<\/span>\n\t\t\t\t\t\t\t\t\t<\/button>\n\t\t\t<\/h3>\n\t\t\t<div class=\"handorgel__content handorgel__content--no-start-time\">\n\t\t\t\t<div class=\"handorgel__content__inner\">\n\t\t\t\t\t<p>Vi ska bjuda f\u00f6retagen med och f\u00f6rbereda v\u00e4lf\u00e4rdsomr\u00e5dena och planera deras servicestrategier. Vi ska ta i bruk en multiproducentmodell s\u00e5 att ocks\u00e5 f\u00f6retag f\u00e5r en betydande roll som serviceproducenter. Multiproducentmodellen betyder att s\u00e5v\u00e4l den offentliga och den privata sektorn som organisationer producerar och erbjuder tj\u00e4nster.<\/p>\n\t\t\t\t<\/div>\n\t\t\t<\/div>\n\t\t\t\t\t<h3 class=\"handorgel__header handorgel__header--no-start-time\">\n\t\t\t\t<button class=\"handorgel__header__button\"\n\t\t\t\t        id=\"utgifterna-under-kontroll\">\n\t\t\t\t\t<span class=\"handorgel__header__button--content\">\n\t\t\t\t\t\t\t\t\t\t<span class=\"handorgel__header__button--title\">Utgifterna under kontroll<\/span>\n\t\t\t\t\t<\/span>\n\t\t\t\t\t<span class=\"handorgel__header__button--icon\">\n\t\t\t\t\t\t\t<span><\/span>\n\t\t\t\t\t\t\t<span><\/span>\n\t\t\t\t\t<\/span>\n\t\t\t\t\t\t\t\t\t<\/button>\n\t\t\t<\/h3>\n\t\t\t<div class=\"handorgel__content handorgel__content--no-start-time\">\n\t\t\t\t<div class=\"handorgel__content__inner\">\n\t\t\t\t\t<p>De nya v\u00e4lf\u00e4rdsomr\u00e5dena f\u00e5r inte leda till att social- och h\u00e4lsov\u00e5rdsutgifterna v\u00e4xer. Vi ska se till att offentliga finanser \u00e4r h\u00e5llbara. F\u00f6r varje v\u00e4lf\u00e4rdsomr\u00e5de ska fastst\u00e4llas klara och kostnadseffektiva utgiftsramar. Verksamheten ska bedrivas inom budgetramen, och alla \u00e4r ansvariga f\u00f6r detta.<\/p>\n\t\t\t\t<\/div>\n\t\t\t<\/div>\n\t\t\t\t\t<h3 class=\"handorgel__header handorgel__header--no-start-time\">\n\t\t\t\t<button class=\"handorgel__header__button\"\n\t\t\t\t        id=\"kostnaderna-ska-vara-transparenta\">\n\t\t\t\t\t<span class=\"handorgel__header__button--content\">\n\t\t\t\t\t\t\t\t\t\t<span class=\"handorgel__header__button--title\"> Kostnaderna ska vara transparenta<\/span>\n\t\t\t\t\t<\/span>\n\t\t\t\t\t<span class=\"handorgel__header__button--icon\">\n\t\t\t\t\t\t\t<span><\/span>\n\t\t\t\t\t\t\t<span><\/span>\n\t\t\t\t\t<\/span>\n\t\t\t\t\t\t\t\t\t<\/button>\n\t\t\t<\/h3>\n\t\t\t<div class=\"handorgel__content handorgel__content--no-start-time\">\n\t\t\t\t<div class=\"handorgel__content__inner\">\n\t\t\t\t\t<p>Vi ska ta i bruk en gemensam, transparent kostandsber\u00e4kningsmodell f\u00f6r att det ska vara m\u00f6jligt att j\u00e4mf\u00f6ra offentliga och privata producenters tj\u00e4nster enligt samma kriterier. Detta g\u00f6r det m\u00f6jligt att i varje enskild situation v\u00e4lja de b\u00e4sta tj\u00e4nsterna, vare sig de produceras av en offentlig eller av en privat akt\u00f6r.<\/p>\n\t\t\t\t<\/div>\n\t\t\t<\/div>\n\t\t\t\t\t<h3 class=\"handorgel__header handorgel__header--no-start-time\">\n\t\t\t\t<button class=\"handorgel__header__button\"\n\t\t\t\t        id=\"smaforetagare-med\">\n\t\t\t\t\t<span class=\"handorgel__header__button--content\">\n\t\t\t\t\t\t\t\t\t\t<span class=\"handorgel__header__button--title\">Sm\u00e5f\u00f6retagare med<\/span>\n\t\t\t\t\t<\/span>\n\t\t\t\t\t<span class=\"handorgel__header__button--icon\">\n\t\t\t\t\t\t\t<span><\/span>\n\t\t\t\t\t\t\t<span><\/span>\n\t\t\t\t\t<\/span>\n\t\t\t\t\t\t\t\t\t<\/button>\n\t\t\t<\/h3>\n\t\t\t<div class=\"handorgel__content handorgel__content--no-start-time\">\n\t\t\t\t<div class=\"handorgel__content__inner\">\n\t\t\t\t\t<p>Vi ska ta sm\u00e5 f\u00f6retag inom social- och h\u00e4lsov\u00e5rdsbranschen med och erbjuda finl\u00e4ndarna h\u00e4lsa och tj\u00e4nster. Offentliga upphandlingar ska uppledas i \u00e4ndam\u00e5lsenliga helheter och konkurrensuts\u00e4ttandet ska ordnas s\u00e5 att \u00e4ven mikro- och SME-f\u00f6retag har en \u00e4kta m\u00f6jlighet att klara sig.<\/p>\n\t\t\t\t<\/div>\n\t\t\t<\/div>\n\t\t\t\t\t<h3 class=\"handorgel__header handorgel__header--no-start-time\">\n\t\t\t\t<button class=\"handorgel__header__button\"\n\t\t\t\t        id=\"lat-manniskorna-valja\">\n\t\t\t\t\t<span class=\"handorgel__header__button--content\">\n\t\t\t\t\t\t\t\t\t\t<span class=\"handorgel__header__button--title\">L\u00e5t m\u00e4nniskorna v\u00e4lja<\/span>\n\t\t\t\t\t<\/span>\n\t\t\t\t\t<span class=\"handorgel__header__button--icon\">\n\t\t\t\t\t\t\t<span><\/span>\n\t\t\t\t\t\t\t<span><\/span>\n\t\t\t\t\t<\/span>\n\t\t\t\t\t\t\t\t\t<\/button>\n\t\t\t<\/h3>\n\t\t\t<div class=\"handorgel__content handorgel__content--no-start-time\">\n\t\t\t\t<div class=\"handorgel__content__inner\">\n\t\t\t\t\t<p>Vi ska \u00f6ka andelen tj\u00e4nster som produceras av f\u00f6retag och antalet serviceproducenter i v\u00e4lf\u00e4rdsomr\u00e5dena. Vi ska ta servicesedlar och k\u00f6ptj\u00e4nster i brett bruk. Vi ska l\u00e5ta m\u00e4nniskorna v\u00e4lja den serviceproducent som b\u00e4st passar dem och ge f\u00f6retag en m\u00f6jlighet att erbjuda sitt kunnande.<\/p>\n\t\t\t\t<\/div>\n\t\t\t<\/div>\n\t\t\t\t\t<h3 class=\"handorgel__header handorgel__header--no-start-time\">\n\t\t\t\t<button class=\"handorgel__header__button\"\n\t\t\t\t        id=\"vi-ska-gora-konkurrensen-rattvis\">\n\t\t\t\t\t<span class=\"handorgel__header__button--content\">\n\t\t\t\t\t\t\t\t\t\t<span class=\"handorgel__header__button--title\">Vi ska g\u00f6ra konkurrensen r\u00e4ttvis<\/span>\n\t\t\t\t\t<\/span>\n\t\t\t\t\t<span class=\"handorgel__header__button--icon\">\n\t\t\t\t\t\t\t<span><\/span>\n\t\t\t\t\t\t\t<span><\/span>\n\t\t\t\t\t<\/span>\n\t\t\t\t\t\t\t\t\t<\/button>\n\t\t\t<\/h3>\n\t\t\t<div class=\"handorgel__content handorgel__content--no-start-time\">\n\t\t\t\t<div class=\"handorgel__content__inner\">\n\t\t\t\t\t<p>Vi ska skapa f\u00f6ruts\u00e4ttningar f\u00f6r r\u00e4ttvis konkurrens mellan serviceproducenter. Vi ska fastst\u00e4lla v\u00e4rdet p\u00e5 en servicesedel s\u00e5 att en privat f\u00f6retagare kan med sedeln producera tj\u00e4nsten p\u00e5 ett l\u00f6nsamt s\u00e4tt. Vi ska se till att v\u00e4rdet p\u00e5 servicesedeln ocks\u00e5 \u00e4r rimligt f\u00f6r klienten.<\/p>\n\t\t\t\t<\/div>\n\t\t\t<\/div>\n\t\t\t\t\t<h3 class=\"handorgel__header handorgel__header--no-start-time\">\n\t\t\t\t<button class=\"handorgel__header__button\"\n\t\t\t\t        id=\"lat-oss-skapa-ideer-tillsammans\">\n\t\t\t\t\t<span class=\"handorgel__header__button--content\">\n\t\t\t\t\t\t\t\t\t\t<span class=\"handorgel__header__button--title\">L\u00e5t oss skapa id\u00e9er tillsammans<\/span>\n\t\t\t\t\t<\/span>\n\t\t\t\t\t<span class=\"handorgel__header__button--icon\">\n\t\t\t\t\t\t\t<span><\/span>\n\t\t\t\t\t\t\t<span><\/span>\n\t\t\t\t\t<\/span>\n\t\t\t\t\t\t\t\t\t<\/button>\n\t\t\t<\/h3>\n\t\t\t<div class=\"handorgel__content handorgel__content--no-start-time\">\n\t\t\t\t<div class=\"handorgel__content__inner\">\n\t\t\t\t\t<p>Multiproducentmodellen \u00f6kar konkurrensen, uppmuntrar till innovationer och nya id\u00e9er. Tack vare den erbjuds det i Finland \u00e4ven fram\u00f6ver h\u00f6gklassiga tj\u00e4nster p\u00e5 ett kostnadseffektivt s\u00e4tt.<\/p>\n\t\t\t\t<\/div>\n\t\t\t<\/div>\n\t\t\t<\/div>\n<\/section\n\t\t<!-- You can also use SakkeLib\\Helpers\\get_template_part inside a gutenberg acf block template -->\n\n\n\n\t<div id=\"gb-background-block_61a9e94808419\" class=\"gb-background gb-background-block_61a9e94808419 bg-black\">\n\t\t<div class=\"container\">\n\t\t\t<div class=\"gutenberg-content\">\n\t\t\t\t\t\t\t\t\n\n\t<div id=\"gb-anchor-block_6201007a27c19\" class=\"gb-anchor gb-anchor-block_6201007a27c19\">\n\t\t\t\t\t<div class=\"gb-anchor__anchor\" id=\"fakta\"><\/div>\n\n\t\t\t\t\t\t<\/div>\n\n\n\n\n<h4 class=\"has-text-align-center wp-block-heading\">FAKTA<\/h4>\n\n\n\n<div class=\"wp-block-media-text alignwide is-stacked-on-mobile\"><figure class=\"wp-block-media-text__media\"><img loading=\"lazy\" decoding=\"async\" width=\"1024\" height=\"615\" src=\"https:\/\/me.yrittajat.fi\/valfardsomradesval\/app\/uploads\/sites\/27\/2021\/12\/Yrittajat_netti_17-1-1024x615.jpg\" alt=\"\" class=\"wp-image-16 size-full\" srcset=\"https:\/\/me.yrittajat.fi\/app\/uploads\/sites\/27\/2021\/12\/Yrittajat_netti_17-1-1024x615.jpg 1024w, https:\/\/me.yrittajat.fi\/app\/uploads\/sites\/27\/2021\/12\/Yrittajat_netti_17-1-300x180.jpg 300w, https:\/\/me.yrittajat.fi\/app\/uploads\/sites\/27\/2021\/12\/Yrittajat_netti_17-1-768x461.jpg 768w, https:\/\/me.yrittajat.fi\/app\/uploads\/sites\/27\/2021\/12\/Yrittajat_netti_17-1-1536x922.jpg 1536w, https:\/\/me.yrittajat.fi\/app\/uploads\/sites\/27\/2021\/12\/Yrittajat_netti_17-1.jpg 2048w\" sizes=\"auto, (max-width: 1024px) 100vw, 1024px\" \/><\/figure><div class=\"wp-block-media-text__content\">\n<h2 class=\"wp-block-heading\">Varf\u00f6r \u00e4r omr\u00e5desvalet viktigt f\u00f6r f\u00f6retagare?<\/h2>\n\n\n\n<ul class=\"wp-block-list\"><li>Cirka 21 miljarder euro anv\u00e4nds \u00e5rligen inom social- och h\u00e4lsov\u00e5rdssektorn.<\/li><li>I branschen arbetar 400 000 yrkesm\u00e4nniskor, 88 000 av dessa i den privata sektorn.<\/li><li>Det finns cirka 18 200 f\u00f6retag i social- och h\u00e4lsov\u00e5rdssektorn. Fyra av fem har h\u00f6gst fyra anst\u00e4llda.<\/li><li>Under kommande \u00e5r beh\u00f6vs det mer \u00e4n 200 000 nya anst\u00e4llda till branschen.<\/li><li>V\u00e4lf\u00e4rdsomr\u00e5dena \u00e4r betydande anskaffare av k\u00f6pta tj\u00e4nster.<\/li><\/ul>\n<\/div><\/div>\n\n\n\t\t\t<\/div>\n\t\t<\/div>\n\t<\/div>\n\n","protected":false},"excerpt":{"rendered":"<p>L\u00d6SNINGAR<\/p>\n","protected":false},"author":4,"featured_media":4,"parent":0,"menu_order":0,"comment_status":"closed","ping_status":"closed","template":"","meta":{"_acf_changed":false,"footnotes":""},"class_list":["post-3","page","type-page","status-publish","has-post-thumbnail","hentry"],"acf":[],"_links":{"self":[{"href":"https:\/\/me.yrittajat.fi\/valfardsomradesval\/wp-json\/wp\/v2\/pages\/3","targetHints":{"allow":["GET"]}}],"collection":[{"href":"https:\/\/me.yrittajat.fi\/valfardsomradesval\/wp-json\/wp\/v2\/pages"}],"about":[{"href":"https:\/\/me.yrittajat.fi\/valfardsomradesval\/wp-json\/wp\/v2\/types\/page"}],"author":[{"embeddable":true,"href":"https:\/\/me.yrittajat.fi\/valfardsomradesval\/wp-json\/wp\/v2\/users\/4"}],"replies":[{"embeddable":true,"href":"https:\/\/me.yrittajat.fi\/valfardsomradesval\/wp-json\/wp\/v2\/comments?post=3"}],"version-history":[{"count":10,"href":"https:\/\/me.yrittajat.fi\/valfardsomradesval\/wp-json\/wp\/v2\/pages\/3\/revisions"}],"predecessor-version":[{"id":25,"href":"https:\/\/me.yrittajat.fi\/valfardsomradesval\/wp-json\/wp\/v2\/pages\/3\/revisions\/25"}],"wp:featuredmedia":[{"embeddable":true,"href":"https:\/\/me.yrittajat.fi\/valfardsomradesval\/wp-json\/wp\/v2\/media\/4"}],"wp:attachment":[{"href":"https:\/\/me.yrittajat.fi\/valfardsomradesval\/wp-json\/wp\/v2\/media?parent=3"}],"curies":[{"name":"wp","href":"https:\/\/api.w.org\/{rel}","templated":true}]}}