{"id":1089,"date":"2025-03-14T11:53:36","date_gmt":"2025-03-14T09:53:36","guid":{"rendered":"https:\/\/me.yrittajat.fi\/vastuu-kannattaa\/?page_id=1089"},"modified":"2025-03-14T11:53:37","modified_gmt":"2025-03-14T09:53:37","slug":"vastuullisuuskysely","status":"publish","type":"page","link":"https:\/\/me.yrittajat.fi\/vastuu-kannattaa\/vastuullisuuskysely\/","title":{"rendered":"Vastuullisuuskysely"},"content":{"rendered":"\n<p><strong>Vastuullisuus yrityksiss\u00e4 \u2013 mahdollisuuksia ja haasteita<\/strong>&nbsp;<\/p>\n\n\n\n<p>Osana kehitt\u00e4misohjelmaamme olemme kartoittaneet Pohjois-Karjalan alueen yritysten tietoisuutta ja suhtautumista vastuulliseen liiketoimintaan.&nbsp;&nbsp;<\/p>\n\n\n\n<p>Kyselyll\u00e4 selvit\u00e4mme, kuinka hyvin yritykset tuntevat vastuulliset toimintatavat, miten ne tiedostavat vastuullisuuden merkityksen omassa liiketoiminnassaan, miss\u00e4 m\u00e4\u00e4rin ne soveltavat vastuullisuusperiaatteita k\u00e4yt\u00e4nn\u00f6ss\u00e4 ja kuinka kiinnostuneita ne ovat osallistumaan vastuullisuuteen liittyviin tapahtumiin. Todenn\u00e4k\u00f6isesti sin\u00e4kin olet saanut kyselyn \u2013 ja jos et ole viel\u00e4 vastannut, se on yh\u00e4 avoinna ja voit siit\u00e4 vinkata yritt\u00e4j\u00e4kollegallesi.&nbsp;&nbsp;<\/p>\n\n\n\n<p>T\u00e4h\u00e4n menness\u00e4 kyselyyn on vastannut l\u00e4hes sata yrityst\u00e4. T\u00e4m\u00e4 on murto-osa Pohjois-Karjalan yritt\u00e4jien j\u00e4senist\u00f6st\u00e4, joten vastauksia tarvitaan lis\u00e4\u00e4. T\u00e4st\u00e4 huolimatta voimme jo nyt tunnistaa selkeit\u00e4 suuntauksia ja haasteita.&nbsp;<\/p>\n\n\n\n<p><strong>Vastuullisuus on vahvistuva trendi yrityksiss\u00e4<\/strong>&nbsp;<\/p>\n\n\n\n<p>Kyselyn perusteella vastuullisuus on noussut t\u00e4rke\u00e4ksi osaksi liiketoimintaa, ja monet yritykset ovat jo edist\u00e4neet sit\u00e4 konkreettisilla teoilla. Ymp\u00e4rist\u00f6vastuu n\u00e4kyy ennen kaikkea kierr\u00e4tyksen, energians\u00e4\u00e4st\u00f6n ja p\u00e4\u00e4st\u00f6jen v\u00e4hent\u00e4misen kautta. Sosiaalinen vastuu puolestaan korostuu paikallisten toimijoiden tukemisena, ty\u00f6ntekij\u00f6iden hyvinvoinnista huolehtimisena ja yhteis\u00f6llisyyden vahvistamisena. Hallinnollinen vastuu ilmenee reiluna palkkapolitiikkana, l\u00e4pin\u00e4kyvyyden lis\u00e4\u00e4misen\u00e4 sek\u00e4 lahjonnan ja korruption ehk\u00e4isyn\u00e4.&nbsp;<\/p>\n\n\n\n<p>Vaikka vastuullisuus on monilla yrityksill\u00e4 jo osa toimintaa, sen toteuttamiseen liittyy edelleen merkitt\u00e4vi\u00e4 haasteita. Yritykset kokevat, ett\u00e4 vastuullisuustoimiin ei ole riitt\u00e4v\u00e4sti resursseja, toimitusketjujen vastuullisuuden selvitt\u00e4minen on vaikeaa ja kest\u00e4vien ratkaisujen kustannukset voivat olla korkeita. Lis\u00e4ksi tuotteen elinkaaren pident\u00e4minen vaatii usein investointeja, jotka eiv\u00e4t aina ole mahdollisia.&nbsp;<\/p>\n\n\n\n<p>Yritykset kaipaavat tukea ja k\u00e4yt\u00e4nn\u00f6nl\u00e4heisi\u00e4 ratkaisuja vastuullisuuden kehitt\u00e4miseen. Monet pit\u00e4v\u00e4t koulutuksia ja ty\u00f6pajoja t\u00e4rkein\u00e4, ja sparraus sek\u00e4 mentorointi voisivat auttaa yrityksi\u00e4 kehitt\u00e4m\u00e4\u00e4n omia vastuullisuustoimiaan. Verkostoitumismahdollisuudet ja selke\u00e4t raportointimallit auttaisivat my\u00f6s yrityksi\u00e4 edist\u00e4m\u00e4\u00e4n vastuullisuutta systemaattisemmin. Lis\u00e4ksi julkisen sektorin ja viranomaisten roolia vastuullisuusty\u00f6n tukemisessa pidet\u00e4\u00e4n merkitt\u00e4v\u00e4n\u00e4.&nbsp;<\/p>\n\n\n\n<p><strong>Keskustelu jatkuu \u2013 liity mukaan!<\/strong>&nbsp;<\/p>\n\n\n\n<p>Vastuullisuus on tulevaisuuden kilpailutekij\u00e4, ja sen kehitt\u00e4minen vaatii yhteisty\u00f6t\u00e4, innovatiivisia ratkaisuja ja avoimuutta. Miten sinun yrityksesi edist\u00e4\u00e4 vastuullisuutta?&nbsp;<\/p>\n\n\n\n<p>Osallistu kyselyyn ja kerro n\u00e4kemyksesi, niin rakennetaan yhdess\u00e4 kest\u00e4v\u00e4mp\u00e4\u00e4 liiketoimintaa! <br><br>Kysely on avoinna <a href=\"https:\/\/docs.google.com\/forms\/d\/e\/1FAIpQLSeWTLc3lzoQss2J_U8-X52H9SHCLR-ZBp_IlQg3LeradTkIBw\/viewform\">t\u00e4\u00e4ll\u00e4<\/a>.<br><br>&#8212;&#8212;&#8212;&#8212;&#8212;&#8212;&#8212;&#8212;&#8212;&#8212;&#8212;&#8212;&#8212;&#8212;&#8212;&#8212;&#8212;&#8211;<br>Kirjoittaja:&nbsp;<\/p>\n\n\n\n<p><em><strong>Gy\u00f6ngyi M\u00e1tray<\/strong>&nbsp;<br>Projektip\u00e4\u00e4llikk\u00f6&nbsp;<br><strong>Vastuullinen yritystoiminta Pohjois-Karjalassa \u2013 kehitt\u00e4misohjelma<\/strong>&nbsp;<\/em><\/p>\n","protected":false},"excerpt":{"rendered":"<p>Vastuullisuus yrityksiss\u00e4 \u2013 mahdollisuuksia ja haasteita&nbsp; Osana kehitt\u00e4misohjelmaamme olemme kartoittaneet Pohjois-Karjalan alueen yritysten tietoisuutta ja suhtautumista vastuulliseen liiketoimintaan.&nbsp;&nbsp; Kyselyll\u00e4 selvit\u00e4mme, kuinka hyvin yritykset tuntevat vastuulliset toimintatavat, miten ne tiedostavat vastuullisuuden merkityksen omassa liiketoiminnassaan, miss\u00e4 m\u00e4\u00e4rin ne soveltavat vastuullisuusperiaatteita k\u00e4yt\u00e4nn\u00f6ss\u00e4 ja kuinka kiinnostuneita ne ovat osallistumaan vastuullisuuteen liittyviin tapahtumiin. Todenn\u00e4k\u00f6isesti sin\u00e4kin olet saanut kyselyn \u2013 ja &hellip; <a href=\"https:\/\/me.yrittajat.fi\/vastuu-kannattaa\/vastuullisuuskysely\/\">Lue lis\u00e4\u00e4<\/a><\/p>\n","protected":false},"author":72,"featured_media":1093,"parent":0,"menu_order":0,"comment_status":"closed","ping_status":"closed","template":"","meta":{"_acf_changed":false,"footnotes":""},"class_list":["post-1089","page","type-page","status-publish","has-post-thumbnail","hentry"],"acf":[],"_links":{"self":[{"href":"https:\/\/me.yrittajat.fi\/vastuu-kannattaa\/wp-json\/wp\/v2\/pages\/1089","targetHints":{"allow":["GET"]}}],"collection":[{"href":"https:\/\/me.yrittajat.fi\/vastuu-kannattaa\/wp-json\/wp\/v2\/pages"}],"about":[{"href":"https:\/\/me.yrittajat.fi\/vastuu-kannattaa\/wp-json\/wp\/v2\/types\/page"}],"author":[{"embeddable":true,"href":"https:\/\/me.yrittajat.fi\/vastuu-kannattaa\/wp-json\/wp\/v2\/users\/72"}],"replies":[{"embeddable":true,"href":"https:\/\/me.yrittajat.fi\/vastuu-kannattaa\/wp-json\/wp\/v2\/comments?post=1089"}],"version-history":[{"count":2,"href":"https:\/\/me.yrittajat.fi\/vastuu-kannattaa\/wp-json\/wp\/v2\/pages\/1089\/revisions"}],"predecessor-version":[{"id":1092,"href":"https:\/\/me.yrittajat.fi\/vastuu-kannattaa\/wp-json\/wp\/v2\/pages\/1089\/revisions\/1092"}],"wp:featuredmedia":[{"embeddable":true,"href":"https:\/\/me.yrittajat.fi\/vastuu-kannattaa\/wp-json\/wp\/v2\/media\/1093"}],"wp:attachment":[{"href":"https:\/\/me.yrittajat.fi\/vastuu-kannattaa\/wp-json\/wp\/v2\/media?parent=1089"}],"curies":[{"name":"wp","href":"https:\/\/api.w.org\/{rel}","templated":true}]}}