{"id":1118,"date":"2025-03-27T09:00:29","date_gmt":"2025-03-27T07:00:29","guid":{"rendered":"https:\/\/me.yrittajat.fi\/vastuu-kannattaa\/?page_id=1118"},"modified":"2025-03-27T09:00:29","modified_gmt":"2025-03-27T07:00:29","slug":"mika-on-yrityksesi-ekosuunnittelustrategia","status":"publish","type":"page","link":"https:\/\/me.yrittajat.fi\/vastuu-kannattaa\/mika-on-yrityksesi-ekosuunnittelustrategia\/","title":{"rendered":"Mik\u00e4 on yrityksesi ekosuunnittelustrategia?"},"content":{"rendered":"\n<p>Kest\u00e4vien tuotteiden ekologista suunnittelua koskeva asetus (Ecodesign for Sustainable Products Regulation, ESPR) tuli voimaan 18. hein\u00e4kuuta 2024. T\u00e4m\u00e4 uusi EU-s\u00e4\u00e4d\u00f6s mahdollistaa ekosuunnittelu- ja tietovaatimusten asettamisen l\u00e4hes kaikille EU:n markkinoille tulevien tuotteiden luokille. Siirrytt\u00e4ess\u00e4 kohti kiertotaloutta asetuksella on keskeinen rooli materiaalien kierron ja energiatehokkuuden lis\u00e4\u00e4misess\u00e4.<\/p>\n\n\n\n<p><strong>Oletko mahdollisuuksien etsij\u00e4 vai riskien v\u00e4lttelij\u00e4?<\/strong><\/p>\n\n\n\n<p><strong>Ennakointiin perustuva kasvu<\/strong>: T\u00e4m\u00e4n l\u00e4hestymistavan valitsevat yritykset pyrkiv\u00e4t kasvattamaan liiketoimintaansa ja osakkeenomistajien tuottoa kilpailijoihin verrattuna hyv\u00e4ll\u00e4 ja ennakoivalla suunnittelustrategialla. Ne n\u00e4kev\u00e4t s\u00e4\u00e4ntelyn ja kest\u00e4v\u00e4n kehityksen vaatimukset liiketoimintamahdollisuuksina.<\/p>\n\n\n\n<p><strong>Reaktiivinen riskienhallinta<\/strong>: T\u00e4h\u00e4n ryhm\u00e4\u00e4n kuuluvat yritykset odottavat, ett\u00e4 EU:n asetukset tulevat voimaan. Strategia keskittyy riskien hallintaan ja s\u00e4\u00e4nn\u00f6sten noudattamiseen ilman proaktiivista kehitt\u00e4mist\u00e4. T\u00e4m\u00e4 on kuin yritt\u00e4isi hyp\u00e4t\u00e4 junaan sen j\u00e4lkeen, kun se on jo l\u00e4htenyt asemalta.<\/p>\n\n\n\n<p><strong>Saatko kilpailuetua ekosuunnittelustrategiallasi?<\/strong><\/p>\n\n\n\n<p>Mahdollisuuksien etsij\u00f6ill\u00e4 on etuly\u00f6ntiasema mm. arvoketjujen suunnittelussa ja liiketoimintamallien innovoinnissa.<\/p>\n\n\n\n<p><strong>Arvoketjujen uudelleensuunnittelu: <\/strong>Koko arvoketjussa aukeaa mahdollisuus uudenlaiseen yhteisty\u00f6h\u00f6n sidosryhmien, kuten tavarantoimittajien ja valmistajien kanssa, jolloin materiaalit ovat kest\u00e4v\u00e4sti hankittuja, tuotteiden pitk\u00e4ik\u00e4isi\u00e4 ja uudelleenk\u00e4yt\u00f6n prosessit suunniteltuja jo etuk\u00e4teen.<\/p>\n\n\n\n<p><strong>Palvelujen kehitt\u00e4minen tuotteiden rinnalle: <\/strong>Palvelukeskeisten mallien, kuten &#8220;tuote palveluna&#8221;, k\u00e4ytt\u00f6\u00f6notto pident\u00e4\u00e4 tuotteiden elinkaarta ja tarjoaa asiakkaille jatkuvaa lis\u00e4arvoa.<\/p>\n\n\n\n<p>Hyv\u00e4 ekosuunnittelustrategia ei ole pelkk\u00e4\u00e4 s\u00e4\u00e4nt\u00f6jen noudattamista. Se minimoi ymp\u00e4rist\u00f6vaikutuksia, tehostaa resurssitehokkuutta ja luo pysyv\u00e4\u00e4 arvoa niin yritykselle kuin koko yhteiskunnalle. Onko yrityksesi valmis tarttumaan t\u00e4h\u00e4n mahdollisuuteen jo t\u00e4n\u00e4\u00e4n?<\/p>\n\n\n\n<figure class=\"wp-block-image size-full\"><img loading=\"lazy\" decoding=\"async\" width=\"462\" height=\"342\" src=\"https:\/\/me.yrittajat.fi\/app\/uploads\/sites\/81\/2025\/03\/image.png\" alt=\"\" class=\"wp-image-1119\" srcset=\"https:\/\/me.yrittajat.fi\/app\/uploads\/sites\/81\/2025\/03\/image.png 462w, https:\/\/me.yrittajat.fi\/app\/uploads\/sites\/81\/2025\/03\/image-300x222.png 300w\" sizes=\"auto, (max-width: 462px) 100vw, 462px\" \/><\/figure>\n\n\n\n<p>(Kuva: Circular Strategies for Success, Anne Raudaskoski, (julkaistaan maaliskuussa 2025, Professional Publishing Finland Ltd)<\/p>\n\n\n\n<p>&#8212;&#8212;&#8212;&#8212;&#8212;&#8212;&#8212;&#8212;&#8212;&#8212;&#8212;&#8212;&#8212;&#8212;&#8212;&#8212;&#8212;&#8211;<br>Kirjoittanut:<br>Paula Vastela<br>Head of Consulting, Circular Design<br>Ethica Oy<\/p>\n\n\n\n<figure class=\"wp-block-image size-large is-resized\"><img loading=\"lazy\" decoding=\"async\" width=\"1024\" height=\"768\" src=\"https:\/\/me.yrittajat.fi\/app\/uploads\/sites\/81\/2025\/03\/Paula-Vastela-web2-1024x768.jpg\" alt=\"\" class=\"wp-image-1120\" style=\"width:300px\" srcset=\"https:\/\/me.yrittajat.fi\/app\/uploads\/sites\/81\/2025\/03\/Paula-Vastela-web2-1024x768.jpg 1024w, https:\/\/me.yrittajat.fi\/app\/uploads\/sites\/81\/2025\/03\/Paula-Vastela-web2-300x225.jpg 300w, https:\/\/me.yrittajat.fi\/app\/uploads\/sites\/81\/2025\/03\/Paula-Vastela-web2-768x576.jpg 768w, https:\/\/me.yrittajat.fi\/app\/uploads\/sites\/81\/2025\/03\/Paula-Vastela-web2-168x126.jpg 168w, https:\/\/me.yrittajat.fi\/app\/uploads\/sites\/81\/2025\/03\/Paula-Vastela-web2-201x152.jpg 201w, https:\/\/me.yrittajat.fi\/app\/uploads\/sites\/81\/2025\/03\/Paula-Vastela-web2.jpg 1500w\" sizes=\"auto, (max-width: 1024px) 100vw, 1024px\" \/><\/figure>\n","protected":false},"excerpt":{"rendered":"<p>Kest\u00e4vien tuotteiden ekologista suunnittelua koskeva asetus (Ecodesign for Sustainable Products Regulation, ESPR) tuli voimaan 18. hein\u00e4kuuta 2024. T\u00e4m\u00e4 uusi EU-s\u00e4\u00e4d\u00f6s mahdollistaa ekosuunnittelu- ja tietovaatimusten asettamisen l\u00e4hes kaikille EU:n markkinoille tulevien tuotteiden luokille. Siirrytt\u00e4ess\u00e4 kohti kiertotaloutta asetuksella on keskeinen rooli materiaalien kierron ja energiatehokkuuden lis\u00e4\u00e4misess\u00e4. Oletko mahdollisuuksien etsij\u00e4 vai riskien v\u00e4lttelij\u00e4? Ennakointiin perustuva kasvu: T\u00e4m\u00e4n l\u00e4hestymistavan &hellip; <a href=\"https:\/\/me.yrittajat.fi\/vastuu-kannattaa\/mika-on-yrityksesi-ekosuunnittelustrategia\/\">Lue lis\u00e4\u00e4<\/a><\/p>\n","protected":false},"author":72,"featured_media":0,"parent":0,"menu_order":0,"comment_status":"closed","ping_status":"closed","template":"","meta":{"_acf_changed":false,"footnotes":""},"class_list":["post-1118","page","type-page","status-publish","hentry"],"acf":[],"_links":{"self":[{"href":"https:\/\/me.yrittajat.fi\/vastuu-kannattaa\/wp-json\/wp\/v2\/pages\/1118","targetHints":{"allow":["GET"]}}],"collection":[{"href":"https:\/\/me.yrittajat.fi\/vastuu-kannattaa\/wp-json\/wp\/v2\/pages"}],"about":[{"href":"https:\/\/me.yrittajat.fi\/vastuu-kannattaa\/wp-json\/wp\/v2\/types\/page"}],"author":[{"embeddable":true,"href":"https:\/\/me.yrittajat.fi\/vastuu-kannattaa\/wp-json\/wp\/v2\/users\/72"}],"replies":[{"embeddable":true,"href":"https:\/\/me.yrittajat.fi\/vastuu-kannattaa\/wp-json\/wp\/v2\/comments?post=1118"}],"version-history":[{"count":1,"href":"https:\/\/me.yrittajat.fi\/vastuu-kannattaa\/wp-json\/wp\/v2\/pages\/1118\/revisions"}],"predecessor-version":[{"id":1121,"href":"https:\/\/me.yrittajat.fi\/vastuu-kannattaa\/wp-json\/wp\/v2\/pages\/1118\/revisions\/1121"}],"wp:attachment":[{"href":"https:\/\/me.yrittajat.fi\/vastuu-kannattaa\/wp-json\/wp\/v2\/media?parent=1118"}],"curies":[{"name":"wp","href":"https:\/\/api.w.org\/{rel}","templated":true}]}}