{"id":1125,"date":"2025-03-27T09:13:40","date_gmt":"2025-03-27T07:13:40","guid":{"rendered":"https:\/\/me.yrittajat.fi\/vastuu-kannattaa\/?page_id=1125"},"modified":"2025-03-27T09:13:41","modified_gmt":"2025-03-27T07:13:41","slug":"kiertotalouden-liiketoiminta-mahdollisuudet","status":"publish","type":"page","link":"https:\/\/me.yrittajat.fi\/vastuu-kannattaa\/kiertotalouden-liiketoiminta-mahdollisuudet\/","title":{"rendered":"Kiertotalouden liiketoiminta-mahdollisuudet"},"content":{"rendered":"\n<h1 class=\"wp-block-heading\">Kiertotalouden liiketoiminta-<br>mahdollisuudet tunnistettiin<br>Yritysten Ilmastotreffeill\u00e4 Joensuussa<\/h1>\n\n\n\n<h4 class=\"wp-block-heading\"><strong>Teko\u00e4ly voi korvata monet sellaiset ty\u00f6t, joita nyt tekev\u00e4t ihmiset.<\/strong><\/h4>\n\n\n\n<p>Maailma on suuremmassa muutoksessa kuin uskomme. Kyse on ehk\u00e4 aikamme suurimmasta rakennemuutoksesta: lineaaritalouden purkutalkoista. Muutostarve on selv\u00e4, sill\u00e4 vain 8 prosenttia k\u00e4ytt\u00f6\u00f6n otetusta materiaalista pysyy kierrossa.<\/p>\n\n\n\n<p>Ilmastotreffeill\u00e4 keskustelut yritysten kanssa antoivat selv\u00e4n viestin: moni tunnistaa kilpailuedun, joka syntyy liiketoiminnan kytkeytymisest\u00e4 kiertotalouteen. Mik\u00e4 olisikaan parempi kilpailuetu kuin irrottaa materiaalivirrat neitseellisist\u00e4 raaka-aineista? Tulevaisuudessa neitseellisten raaka-aineiden hinta tulee nousemaan. Kustannusten noustessa kasvaa my\u00f6s kiertotalouden kannattavuus, ja samalla syntyy suojaa maailman muutosta vastaan.<\/p>\n\n\n\n<p>Kiertotalous pit\u00e4\u00e4 n\u00e4hd\u00e4 laajasti. Ajatukset harhautuvat helposti &#8220;kierr\u00e4tystalouteen&#8221;, jonka keski\u00f6ss\u00e4 on syntyv\u00e4 j\u00e4te. Laajasti n\u00e4hty kiertotalous avaa markkinan, joka syntyy tuotteiden elinkaaren pident\u00e4misest\u00e4, komponenttien uudelleenk\u00e4yt\u00f6st\u00e4 tai vaikkapa omien tuotteiden second hand -markkinan haltuunotosta.<\/p>\n\n\n\n<p>Kiertotaloudella on my\u00f6nteisi\u00e4 talousvaikutuksia. Professori Ali Harlin laski, ett\u00e4 uudistunut tekstiiliteollisuus toisi Suomeen jopa 1,2 miljardin euron investoinnit. Englannissa kasvanut second hand -kauppa toi yhdess\u00e4 vuodessa 49 000 ty\u00f6paikkaa lis\u00e4\u00e4. Kiertotalouden my\u00f6t\u00e4 oikaistuu usein my\u00f6s Suomen kauppatase, sill\u00e4 tuonti v\u00e4henee ja kiertotalouden arvonlis\u00e4 j\u00e4\u00e4 palkkoina, voittoina ja veroina Suomen talouteen. Ja mik\u00e4 parasta: kiertotalouden arvonlis\u00e4 j\u00e4\u00e4 paikallistalouteen, mist\u00e4 syntyy It\u00e4-Suomen elinvoimalle historiallinen mahdollisuus.<\/p>\n\n\n\n<p>Kiertotalouteen kytkeytymiseen ei ole yksitt\u00e4ist\u00e4 kikkaa tai temppua, vaan kyse on kymmenist\u00e4, jopa sadoista pienist\u00e4 muutoksista, joiden yhteenlaskettu vaikutus k\u00e4\u00e4nt\u00e4\u00e4 liiketoimintamallin suunnan kiertoradalle. On vaikeaa keksi\u00e4, miksi kiertotalous kannattaisi sivuuttaa tulevaisuutta pohtiessa. Liiketoimintamallin j\u00e4tt\u00e4minen lineaaritalouteen on todenn\u00e4k\u00f6isesti huono p\u00e4\u00e4t\u00f6s, koska tulevaisuudessa meill\u00e4 on vain yksi talous &#8211; kiertotalous.<\/p>\n\n\n\n<p>&#8212;&#8212;&#8212;&#8212;&#8212;&#8212;&#8212;&#8212;&#8212;-<br>Kirjoittanut:<br>Timo Huhtam\u00e4ki<br>EU:n ilmastol\u00e4hettil\u00e4s <\/p>\n\n\n\n<figure class=\"wp-block-image size-thumbnail\"><img loading=\"lazy\" decoding=\"async\" width=\"150\" height=\"150\" src=\"https:\/\/me.yrittajat.fi\/app\/uploads\/sites\/81\/2025\/03\/Timo-Huhtamaki-ilmastolahettilas-150x150.png\" alt=\"\" class=\"wp-image-1126\" srcset=\"https:\/\/me.yrittajat.fi\/app\/uploads\/sites\/81\/2025\/03\/Timo-Huhtamaki-ilmastolahettilas-150x150.png 150w, https:\/\/me.yrittajat.fi\/app\/uploads\/sites\/81\/2025\/03\/Timo-Huhtamaki-ilmastolahettilas-434x432.png 434w, https:\/\/me.yrittajat.fi\/app\/uploads\/sites\/81\/2025\/03\/Timo-Huhtamaki-ilmastolahettilas-300x300.png 300w, https:\/\/me.yrittajat.fi\/app\/uploads\/sites\/81\/2025\/03\/Timo-Huhtamaki-ilmastolahettilas-400x400.png 400w\" sizes=\"auto, (max-width: 150px) 100vw, 150px\" \/><\/figure>\n\n\n\n<p><\/p>\n","protected":false},"excerpt":{"rendered":"<p>Kiertotalouden liiketoiminta-mahdollisuudet tunnistettiinYritysten Ilmastotreffeill\u00e4 Joensuussa Teko\u00e4ly voi korvata monet sellaiset ty\u00f6t, joita nyt tekev\u00e4t ihmiset. Maailma on suuremmassa muutoksessa kuin uskomme. Kyse on ehk\u00e4 aikamme suurimmasta rakennemuutoksesta: lineaaritalouden purkutalkoista. Muutostarve on selv\u00e4, sill\u00e4 vain 8 prosenttia k\u00e4ytt\u00f6\u00f6n otetusta materiaalista pysyy kierrossa. Ilmastotreffeill\u00e4 keskustelut yritysten kanssa antoivat selv\u00e4n viestin: moni tunnistaa kilpailuedun, joka syntyy liiketoiminnan kytkeytymisest\u00e4 &hellip; <a href=\"https:\/\/me.yrittajat.fi\/vastuu-kannattaa\/kiertotalouden-liiketoiminta-mahdollisuudet\/\">Lue lis\u00e4\u00e4<\/a><\/p>\n","protected":false},"author":72,"featured_media":0,"parent":0,"menu_order":0,"comment_status":"closed","ping_status":"closed","template":"","meta":{"_acf_changed":false,"footnotes":""},"class_list":["post-1125","page","type-page","status-publish","hentry"],"acf":[],"_links":{"self":[{"href":"https:\/\/me.yrittajat.fi\/vastuu-kannattaa\/wp-json\/wp\/v2\/pages\/1125","targetHints":{"allow":["GET"]}}],"collection":[{"href":"https:\/\/me.yrittajat.fi\/vastuu-kannattaa\/wp-json\/wp\/v2\/pages"}],"about":[{"href":"https:\/\/me.yrittajat.fi\/vastuu-kannattaa\/wp-json\/wp\/v2\/types\/page"}],"author":[{"embeddable":true,"href":"https:\/\/me.yrittajat.fi\/vastuu-kannattaa\/wp-json\/wp\/v2\/users\/72"}],"replies":[{"embeddable":true,"href":"https:\/\/me.yrittajat.fi\/vastuu-kannattaa\/wp-json\/wp\/v2\/comments?post=1125"}],"version-history":[{"count":1,"href":"https:\/\/me.yrittajat.fi\/vastuu-kannattaa\/wp-json\/wp\/v2\/pages\/1125\/revisions"}],"predecessor-version":[{"id":1127,"href":"https:\/\/me.yrittajat.fi\/vastuu-kannattaa\/wp-json\/wp\/v2\/pages\/1125\/revisions\/1127"}],"wp:attachment":[{"href":"https:\/\/me.yrittajat.fi\/vastuu-kannattaa\/wp-json\/wp\/v2\/media?parent=1125"}],"curies":[{"name":"wp","href":"https:\/\/api.w.org\/{rel}","templated":true}]}}