{"id":1145,"date":"2025-04-04T10:22:17","date_gmt":"2025-04-04T07:22:17","guid":{"rendered":"https:\/\/me.yrittajat.fi\/vastuu-kannattaa\/?page_id=1145"},"modified":"2025-04-04T10:22:18","modified_gmt":"2025-04-04T07:22:18","slug":"omnibus","status":"publish","type":"page","link":"https:\/\/me.yrittajat.fi\/vastuu-kannattaa\/omnibus\/","title":{"rendered":"Omnibus"},"content":{"rendered":"\n<p>Yritt\u00e4j\u00e4. Sin\u00e4 olet supert\u00e4rke\u00e4.<\/p>\n\n\n\n<p>Juuri sinun p\u00e4\u00e4t\u00f6kill\u00e4si on suurin vaikutus \u2013 ei ainoastaan yrityksesi menestykseen, vaan my\u00f6s siihen, millaisen tulevaisuuden j\u00e4t\u00e4mme j\u00e4lkeemme.<\/p>\n\n\n\n<p>Yritysvastuu on t\u00e4n\u00e4\u00e4n yht\u00e4 t\u00e4rke\u00e4\u00e4 kuin liiketoiminnan kannattavuus. Vastuullisuudessa ole kyse vain hyv\u00e4n tekemisest\u00e4, vaan my\u00f6s liiketoiminnan jatkuvuudesta, riskienhallinnasta ja kilpailukyvyst\u00e4.<\/p>\n\n\n\n<p>Pohjois-Karjalan Yritt\u00e4jien hanke &#8220;Vastuu kannattaa&#8221; pureutuu juuri t\u00e4h\u00e4n olennaiseen teemaan: yritysvastuu on ennen kaikkea tapa ymm\u00e4rt\u00e4\u00e4, mik\u00e4 on yrityksesi toiminnassa olennaista asiakkaille, ymp\u00e4rist\u00f6lle ja sidosryhmille. Kun yrityksesi ymm\u00e4rt\u00e4\u00e4 oman toimintansa vaikutukset, pystyt luomaan lis\u00e4arvoa ja tekem\u00e4\u00e4n samalla parempia p\u00e4\u00e4t\u00f6ksi\u00e4.<\/p>\n\n\n\n<p>Euroopan tasolla viime aikoina paljon keskustelua her\u00e4tt\u00e4nyt Omnibus-paketti ja erityisesti siihen liittynyt vastuullisuustavoitteiden aikarajojen siirto tulevaisuuteen osoittavat j\u00e4lleen kerran, ett\u00e4 poliittiset p\u00e4\u00e4t\u00f6kset voivat tuoda ep\u00e4varmuutta ja vaikeuttaa pitk\u00e4j\u00e4nteist\u00e4 suunnittelua. Politiikkaan emme yritt\u00e4jin\u00e4 voi vaikuttaa, mutta voimme aina vaikuttaa omaan p\u00e4\u00e4t\u00f6ksentekoomme.<\/p>\n\n\n\n<p>Parasta vastuullisuutta on tunnistaa, mik\u00e4 juuri sinun liiketoiminnassasi todella merkitsee asiakkaalle \u2013 ja sen my\u00f6t\u00e4 ymp\u00e4rist\u00f6lle sek\u00e4 muille sidosryhmille. Kun teet tietoisesti parempia valintoja, rakennat samalla turvallisempaa ja vakaampaa tulevaisuutta. T\u00e4m\u00e4 strategia kannattaa aina, riippumatta siit\u00e4, mihin suuntaan poliittiset tuulet puhaltavat.<\/p>\n\n\n\n<p>Omien valintojen tekeminen on t\u00e4ysin sinun k\u00e4siss\u00e4si, ja juuri siin\u00e4 piilee todellinen vaikuttavuus. Sitoudutaan yhdess\u00e4 tekem\u00e4\u00e4n jatkuvasti parempia valintoja, sill\u00e4 siten rakennamme vastuullisemman huomisen \u2013 itsellemme ja tuleville sukupolville.<\/p>\n\n\n\n<p>&#8212;&#8212;&#8212;&#8212;&#8212;&#8212;&#8212;&#8212;&#8212;&#8212;&#8212;&#8212;&#8212;&#8212;&#8212;&#8212;<br>Kirjoittanut:<br>Perttu Kouvalainen<br>CEO, Impact Agency Fabrik<\/p>\n","protected":false},"excerpt":{"rendered":"<p>Yritt\u00e4j\u00e4. Sin\u00e4 olet supert\u00e4rke\u00e4. Juuri sinun p\u00e4\u00e4t\u00f6kill\u00e4si on suurin vaikutus \u2013 ei ainoastaan yrityksesi menestykseen, vaan my\u00f6s siihen, millaisen tulevaisuuden j\u00e4t\u00e4mme j\u00e4lkeemme. Yritysvastuu on t\u00e4n\u00e4\u00e4n yht\u00e4 t\u00e4rke\u00e4\u00e4 kuin liiketoiminnan kannattavuus. Vastuullisuudessa ole kyse vain hyv\u00e4n tekemisest\u00e4, vaan my\u00f6s liiketoiminnan jatkuvuudesta, riskienhallinnasta ja kilpailukyvyst\u00e4. Pohjois-Karjalan Yritt\u00e4jien hanke &#8220;Vastuu kannattaa&#8221; pureutuu juuri t\u00e4h\u00e4n olennaiseen teemaan: yritysvastuu on &hellip; <a href=\"https:\/\/me.yrittajat.fi\/vastuu-kannattaa\/omnibus\/\">Lue lis\u00e4\u00e4<\/a><\/p>\n","protected":false},"author":72,"featured_media":0,"parent":0,"menu_order":0,"comment_status":"closed","ping_status":"closed","template":"","meta":{"_acf_changed":false,"footnotes":""},"class_list":["post-1145","page","type-page","status-publish","hentry"],"acf":[],"_links":{"self":[{"href":"https:\/\/me.yrittajat.fi\/vastuu-kannattaa\/wp-json\/wp\/v2\/pages\/1145","targetHints":{"allow":["GET"]}}],"collection":[{"href":"https:\/\/me.yrittajat.fi\/vastuu-kannattaa\/wp-json\/wp\/v2\/pages"}],"about":[{"href":"https:\/\/me.yrittajat.fi\/vastuu-kannattaa\/wp-json\/wp\/v2\/types\/page"}],"author":[{"embeddable":true,"href":"https:\/\/me.yrittajat.fi\/vastuu-kannattaa\/wp-json\/wp\/v2\/users\/72"}],"replies":[{"embeddable":true,"href":"https:\/\/me.yrittajat.fi\/vastuu-kannattaa\/wp-json\/wp\/v2\/comments?post=1145"}],"version-history":[{"count":1,"href":"https:\/\/me.yrittajat.fi\/vastuu-kannattaa\/wp-json\/wp\/v2\/pages\/1145\/revisions"}],"predecessor-version":[{"id":1146,"href":"https:\/\/me.yrittajat.fi\/vastuu-kannattaa\/wp-json\/wp\/v2\/pages\/1145\/revisions\/1146"}],"wp:attachment":[{"href":"https:\/\/me.yrittajat.fi\/vastuu-kannattaa\/wp-json\/wp\/v2\/media?parent=1145"}],"curies":[{"name":"wp","href":"https:\/\/api.w.org\/{rel}","templated":true}]}}