{"id":1148,"date":"2025-04-04T10:37:09","date_gmt":"2025-04-04T07:37:09","guid":{"rendered":"https:\/\/me.yrittajat.fi\/vastuu-kannattaa\/?page_id=1148"},"modified":"2025-06-02T10:37:37","modified_gmt":"2025-06-02T07:37:37","slug":"kuulitko-jo-omnibus-paketista","status":"publish","type":"page","link":"https:\/\/me.yrittajat.fi\/vastuu-kannattaa\/kuulitko-jo-omnibus-paketista\/","title":{"rendered":"Kuulitko jo Omnibus-paketista?"},"content":{"rendered":"\n<p><em>Kuulitko jo Omnibus-paketista? Euroopan komission vuoden alussa julkaisema paketti kevent\u00e4isi toteutuessaan yritysten kest\u00e4vyysvelvoitteita ja muuttaisi merkitt\u00e4v\u00e4sti EU-s\u00e4\u00e4ntely\u00e4 osana kilpailukykystrategiaa. Miten se vaikuttaa sinuun Yritt\u00e4j\u00e4? <\/em><\/p>\n\n\n\t<div id=\"gb-button-block_c52d0ca84c25fb2f764ad4414a919ad0\" class=\"gb-button gb-button-block_c52d0ca84c25fb2f764ad4414a919ad0\">\n\t\t\t\t\t\t<a class=\"b-button b-button--color- b-button--style-\"\n\t   href=\"https:\/\/taloushallintoliitto.fi\/eun-omnibus-bussi-kyljellaan-ojassa-vai-tasainen-matka-kohti-vastuullisuutta\/?utm_campaign=talyrittajille&#038;utm_medium=email&#038;utm_source=apsis&#038;link_id=d073e7bc-3d03-48a2-a785-c63c13323b0e\"\n\t   target=\"_self\">\n\n\t\t<span class=\"b-button__title\">\n\t\t\tLue aiheesta lis\u00e4\u00e4 t\u00e4\u00e4lt\u00e4\t\t<\/span>\n\n\t\t\t\t\t<span class=\"b-button__icon\">\n\t\t\t\t<svg xmlns=\"http:\/\/www.w3.org\/2000\/svg\" viewBox=\"0 0 9 14\"><path d=\"M2.001 13.664a1.333 1.333 0 01-.954-2.272l.007-.008 4.414-4.386-4.24-4.414A1.333 1.333 0 113.12.704l5.147 5.334a1.333 1.333 0 010 1.866l-5.334 5.334a1.333 1.333 0 01-.933.426z\"\/><\/svg>\t\t\t<\/span>\n\t\t\t<\/a>\n\t\t\t<\/div>\n\n\n\n<p><\/p>\n","protected":false},"excerpt":{"rendered":"<p>Kuulitko jo Omnibus-paketista? Euroopan komission vuoden alussa julkaisema paketti kevent\u00e4isi toteutuessaan yritysten kest\u00e4vyysvelvoitteita ja muuttaisi merkitt\u00e4v\u00e4sti EU-s\u00e4\u00e4ntely\u00e4 osana kilpailukykystrategiaa. Miten se vaikuttaa sinuun Yritt\u00e4j\u00e4?<\/p>\n","protected":false},"author":72,"featured_media":0,"parent":0,"menu_order":0,"comment_status":"closed","ping_status":"closed","template":"","meta":{"_acf_changed":false,"footnotes":""},"class_list":["post-1148","page","type-page","status-publish","hentry"],"acf":[],"_links":{"self":[{"href":"https:\/\/me.yrittajat.fi\/vastuu-kannattaa\/wp-json\/wp\/v2\/pages\/1148","targetHints":{"allow":["GET"]}}],"collection":[{"href":"https:\/\/me.yrittajat.fi\/vastuu-kannattaa\/wp-json\/wp\/v2\/pages"}],"about":[{"href":"https:\/\/me.yrittajat.fi\/vastuu-kannattaa\/wp-json\/wp\/v2\/types\/page"}],"author":[{"embeddable":true,"href":"https:\/\/me.yrittajat.fi\/vastuu-kannattaa\/wp-json\/wp\/v2\/users\/72"}],"replies":[{"embeddable":true,"href":"https:\/\/me.yrittajat.fi\/vastuu-kannattaa\/wp-json\/wp\/v2\/comments?post=1148"}],"version-history":[{"count":2,"href":"https:\/\/me.yrittajat.fi\/vastuu-kannattaa\/wp-json\/wp\/v2\/pages\/1148\/revisions"}],"predecessor-version":[{"id":1219,"href":"https:\/\/me.yrittajat.fi\/vastuu-kannattaa\/wp-json\/wp\/v2\/pages\/1148\/revisions\/1219"}],"wp:attachment":[{"href":"https:\/\/me.yrittajat.fi\/vastuu-kannattaa\/wp-json\/wp\/v2\/media?parent=1148"}],"curies":[{"name":"wp","href":"https:\/\/api.w.org\/{rel}","templated":true}]}}