{"id":1177,"date":"2025-04-29T10:02:56","date_gmt":"2025-04-29T07:02:56","guid":{"rendered":"https:\/\/me.yrittajat.fi\/vastuu-kannattaa\/?page_id=1177"},"modified":"2025-06-13T10:34:16","modified_gmt":"2025-06-13T07:34:16","slug":"osaamismerkki","status":"publish","type":"page","link":"https:\/\/me.yrittajat.fi\/vastuu-kannattaa\/osaamismerkki\/","title":{"rendered":"Osaamismerkit"},"content":{"rendered":"\n<p><strong>Osaamismerkit yritt\u00e4j\u00e4lle Pohjois-Karjalassa<\/strong><\/p>\n\n\n\n<p>Haluatko kehitt\u00e4\u00e4 yrityst\u00e4si vastuullisuuden kautta? Osoita sitoutumisesi kest\u00e4v\u00e4\u00e4n, ymp\u00e4rist\u00f6\u00e4 ja yhteis\u00f6\u00e4 kunnioittavaan liiketoimintaan ja saavuta&nbsp;osaamismerkki!<\/p>\n\n\n\n<p>Tutustu osaamismerkkeihimme, merkki\u00e4 klikkaamalla p\u00e4\u00e4set tutustumaan siihen tarkemmin:<\/p>\n\n\n\n<div class=\"wp-block-columns is-layout-flex wp-container-core-columns-is-layout-1 wp-block-columns-is-layout-flex\">\n<div class=\"wp-block-column is-layout-flow wp-block-column-is-layout-flow\">\n<figure class=\"wp-block-image size-medium\"><a href=\"https:\/\/me.yrittajat.fi\/vastuu-kannattaa\/vastuu-kannattaa-osaamimerkki\/\"><img loading=\"lazy\" decoding=\"async\" width=\"300\" height=\"300\" src=\"https:\/\/me.yrittajat.fi\/app\/uploads\/sites\/81\/2025\/06\/Vastuu-kannattaa-4-300x300.jpg\" alt=\"\" class=\"wp-image-1265\" srcset=\"https:\/\/me.yrittajat.fi\/app\/uploads\/sites\/81\/2025\/06\/Vastuu-kannattaa-4-300x300.jpg 300w, https:\/\/me.yrittajat.fi\/app\/uploads\/sites\/81\/2025\/06\/Vastuu-kannattaa-4-150x150.jpg 150w, https:\/\/me.yrittajat.fi\/app\/uploads\/sites\/81\/2025\/06\/Vastuu-kannattaa-4-768x768.jpg 768w, https:\/\/me.yrittajat.fi\/app\/uploads\/sites\/81\/2025\/06\/Vastuu-kannattaa-4-434x432.jpg 434w, https:\/\/me.yrittajat.fi\/app\/uploads\/sites\/81\/2025\/06\/Vastuu-kannattaa-4-400x400.jpg 400w, https:\/\/me.yrittajat.fi\/app\/uploads\/sites\/81\/2025\/06\/Vastuu-kannattaa-4-600x600.jpg 600w, https:\/\/me.yrittajat.fi\/app\/uploads\/sites\/81\/2025\/06\/Vastuu-kannattaa-4.jpg 1000w\" sizes=\"auto, (max-width: 300px) 100vw, 300px\" \/><\/a><\/figure>\n<\/div>\n\n\n\n<div class=\"wp-block-column is-layout-flow wp-block-column-is-layout-flow\">\n<figure class=\"wp-block-image size-medium\"><a href=\"https:\/\/me.yrittajat.fi\/vastuu-kannattaa\/kiertotalouden-mahdollistaja-osaamismerkki\/\"><img loading=\"lazy\" decoding=\"async\" width=\"300\" height=\"300\" src=\"https:\/\/me.yrittajat.fi\/app\/uploads\/sites\/81\/2025\/06\/Kiertotalouden-mahdollistaja-2-300x300.jpg\" alt=\"\" class=\"wp-image-1266\" srcset=\"https:\/\/me.yrittajat.fi\/app\/uploads\/sites\/81\/2025\/06\/Kiertotalouden-mahdollistaja-2-300x300.jpg 300w, https:\/\/me.yrittajat.fi\/app\/uploads\/sites\/81\/2025\/06\/Kiertotalouden-mahdollistaja-2-150x150.jpg 150w, https:\/\/me.yrittajat.fi\/app\/uploads\/sites\/81\/2025\/06\/Kiertotalouden-mahdollistaja-2-768x768.jpg 768w, https:\/\/me.yrittajat.fi\/app\/uploads\/sites\/81\/2025\/06\/Kiertotalouden-mahdollistaja-2-434x432.jpg 434w, https:\/\/me.yrittajat.fi\/app\/uploads\/sites\/81\/2025\/06\/Kiertotalouden-mahdollistaja-2-400x400.jpg 400w, https:\/\/me.yrittajat.fi\/app\/uploads\/sites\/81\/2025\/06\/Kiertotalouden-mahdollistaja-2-600x600.jpg 600w, https:\/\/me.yrittajat.fi\/app\/uploads\/sites\/81\/2025\/06\/Kiertotalouden-mahdollistaja-2.jpg 1000w\" sizes=\"auto, (max-width: 300px) 100vw, 300px\" \/><\/a><\/figure>\n<\/div>\n\n\n\n<div class=\"wp-block-column is-layout-flow wp-block-column-is-layout-flow\">\n<figure class=\"wp-block-image size-medium\"><a href=\"https:\/\/me.yrittajat.fi\/vastuu-kannattaa\/sosiaalisen-vastuun-edistaja-osaamismerkki\/\"><img loading=\"lazy\" decoding=\"async\" width=\"300\" height=\"300\" src=\"https:\/\/me.yrittajat.fi\/app\/uploads\/sites\/81\/2025\/06\/Sosiaalisen-vastuun-edistaja-2-300x300.jpg\" alt=\"\" class=\"wp-image-1267\" srcset=\"https:\/\/me.yrittajat.fi\/app\/uploads\/sites\/81\/2025\/06\/Sosiaalisen-vastuun-edistaja-2-300x300.jpg 300w, https:\/\/me.yrittajat.fi\/app\/uploads\/sites\/81\/2025\/06\/Sosiaalisen-vastuun-edistaja-2-150x150.jpg 150w, https:\/\/me.yrittajat.fi\/app\/uploads\/sites\/81\/2025\/06\/Sosiaalisen-vastuun-edistaja-2-768x768.jpg 768w, https:\/\/me.yrittajat.fi\/app\/uploads\/sites\/81\/2025\/06\/Sosiaalisen-vastuun-edistaja-2-434x432.jpg 434w, https:\/\/me.yrittajat.fi\/app\/uploads\/sites\/81\/2025\/06\/Sosiaalisen-vastuun-edistaja-2-400x400.jpg 400w, https:\/\/me.yrittajat.fi\/app\/uploads\/sites\/81\/2025\/06\/Sosiaalisen-vastuun-edistaja-2-600x600.jpg 600w, https:\/\/me.yrittajat.fi\/app\/uploads\/sites\/81\/2025\/06\/Sosiaalisen-vastuun-edistaja-2.jpg 1000w\" sizes=\"auto, (max-width: 300px) 100vw, 300px\" \/><\/a><\/figure>\n<\/div>\n<\/div>\n\n\n\n<p>Osaamismerkki on tunnustus yritt\u00e4j\u00e4lle, joka on osallistunut Pohjois-Karjalan Yritt\u00e4jien&nbsp;<em>Vastuullinen yritystoiminta Pohjois-Karjalassa<\/em>&nbsp;-kehitt\u00e4misohjelman ty\u00f6pajoihin ja koulutuksiin.<\/p>\n\n\n\n<p>Ohjelman tapahtumista saat tietoa ja konkreettisia ty\u00f6kaluja kest\u00e4v\u00e4n kehityksen edist\u00e4miseen \u2013 ymp\u00e4rist\u00f6n, ihmisten ja talouden n\u00e4k\u00f6kulmista.<\/p>\n\n\n\n<ul class=\"wp-block-list\">\n<li>Kehit\u00e4t yrityksesi vastuullisuusstrategiaa<\/li>\n\n\n\n<li>Tunnistat oman toimintasi vaikutukset<\/li>\n\n\n\n<li>Suunnittelet kest\u00e4vi\u00e4 ratkaisuja ja<\/li>\n\n\n\n<li>Viestit muutoksesta vaikuttavasti<\/li>\n<\/ul>\n\n\n\n<p>\ud83d\udc49&nbsp;<a href=\"https:\/\/me.yrittajat.fi\/vastuu-kannattaa\/tapahtumat\/\">Osallistu tapahtumiin<\/a> ja n\u00e4yt\u00e4, ett\u00e4 vastuullisuus on osa menestyst\u00e4si.&nbsp;<br><strong>Vastuu kannattaa \u2013 my\u00f6s liiketoiminnassa.<\/strong><\/p>\n\n\n\n<hr class=\"wp-block-separator has-alpha-channel-opacity\" \/>\n\n\n\n<p><strong>Digitaalinen Open Badge -osaamismerkki:<\/strong><\/p>\n\n\n\n<p>Vastuullinen yritystoimitan Pohjois-Karjalassa -kehitt\u00e4misohjelman tapahtumiin osallistuneiden on mahdollistaa ansaitta digitaalisia Open Badge -osaamismerkkej\u00e4. Saat osaamismerkin, kun koulutukselle asetetut vaatimukset t\u00e4yttyv\u00e4t osaltasi hyv\u00e4ksytysti. My\u00f6nnetyst\u00e4 merkist\u00e4 tulee tieto s\u00e4hk\u00f6postiisi.<\/p>\n\n\n\n<p><strong>Mik\u00e4 on digitaalinen osaamismerkki?<\/strong><\/p>\n\n\n\n<p>Digitaalinen Open Badge -osaamismerkki on internetiss\u00e4 k\u00e4ytett\u00e4v\u00e4 merkki, joka voidaan my\u00f6nt\u00e4\u00e4 esimerkiksi taidosta, osaamisesta, saavutuksesta tai osallistumisesta. Osaamismerkki sis\u00e4lt\u00e4\u00e4 merkin nimen, kuvauksen, kriteerit ja my\u00f6nt\u00e4j\u00e4n tiedot. Merkkej\u00e4 my\u00f6nt\u00e4\u00e4 jo iso joukko organisaatioita, kuten oppilaitokset, j\u00e4rjest\u00f6t, yritykset, kaupungit ja projektit. Vastuullinen yritystoiminta Pohjois-Karjalassa hankkeen osaamismerkin my\u00f6nt\u00e4\u00e4 Pohjois-Karjalan Yritt\u00e4j\u00e4t ry.<\/p>\n\n\n\n<p><strong>Miten osaamismerkkej\u00e4 voi k\u00e4ytt\u00e4\u00e4?<\/strong><\/p>\n\n\n\n<p>Open Badge -osaamismerkin saaja tallentaa saamansa merkit niit\u00e4 varten kehitettyyn palveluun, kuten esimerkiksi Suomessa suosittuun&nbsp;Open Badge Passportiin. Sielt\u00e4 voit jakaa merkin sosiaalisen median eri palveluihin kuten LinkedIniin tai Facebookiin. Osaamismerkin voi lis\u00e4t\u00e4 my\u00f6s linkkin\u00e4 s\u00e4hk\u00f6iseen ansioluetteloosi, upottaa internetsivulle tai blogiin, tai lis\u00e4t\u00e4 sen s\u00e4hk\u00f6iseen portfolioosi tai allekirjoitukseesi. Vaihtoehtoisesti voit k\u00e4ytt\u00e4\u00e4 s\u00e4hk\u00f6postitse saamaasi PDF-muotoista merkki\u00e4 haluamallasi tavalla eri yhteyksiss\u00e4. Voit hy\u00f6dynt\u00e4\u00e4 osaamismerkkej\u00e4 mm. ty\u00f6nhaussa tai opiskelujen yhteydess\u00e4.<\/p>\n\n\n\n<p>Omista merkeist\u00e4 voi luoda sopivia kombinaatioita tarpeen mukaan ja ne voivat avata uusia mahdollisuuksia, kun oman osaamisen ja taidot saa n\u00e4kyviin.<\/p>\n","protected":false},"excerpt":{"rendered":"<p>Osaamismerkit yritt\u00e4j\u00e4lle Pohjois-Karjalassa Haluatko kehitt\u00e4\u00e4 yrityst\u00e4si vastuullisuuden kautta? Osoita sitoutumisesi kest\u00e4v\u00e4\u00e4n, ymp\u00e4rist\u00f6\u00e4 ja yhteis\u00f6\u00e4 kunnioittavaan liiketoimintaan ja saavuta&nbsp;osaamismerkki! Tutustu osaamismerkkeihimme, merkki\u00e4 klikkaamalla p\u00e4\u00e4set tutustumaan siihen tarkemmin: Osaamismerkki on tunnustus yritt\u00e4j\u00e4lle, joka on osallistunut Pohjois-Karjalan Yritt\u00e4jien&nbsp;Vastuullinen yritystoiminta Pohjois-Karjalassa&nbsp;-kehitt\u00e4misohjelman ty\u00f6pajoihin ja koulutuksiin. Ohjelman tapahtumista saat tietoa ja konkreettisia ty\u00f6kaluja kest\u00e4v\u00e4n kehityksen edist\u00e4miseen \u2013 ymp\u00e4rist\u00f6n, ihmisten ja talouden &hellip; <a href=\"https:\/\/me.yrittajat.fi\/vastuu-kannattaa\/osaamismerkki\/\">Lue lis\u00e4\u00e4<\/a><\/p>\n","protected":false},"author":72,"featured_media":410,"parent":0,"menu_order":0,"comment_status":"closed","ping_status":"closed","template":"","meta":{"_acf_changed":false,"footnotes":""},"class_list":["post-1177","page","type-page","status-publish","has-post-thumbnail","hentry"],"acf":[],"_links":{"self":[{"href":"https:\/\/me.yrittajat.fi\/vastuu-kannattaa\/wp-json\/wp\/v2\/pages\/1177","targetHints":{"allow":["GET"]}}],"collection":[{"href":"https:\/\/me.yrittajat.fi\/vastuu-kannattaa\/wp-json\/wp\/v2\/pages"}],"about":[{"href":"https:\/\/me.yrittajat.fi\/vastuu-kannattaa\/wp-json\/wp\/v2\/types\/page"}],"author":[{"embeddable":true,"href":"https:\/\/me.yrittajat.fi\/vastuu-kannattaa\/wp-json\/wp\/v2\/users\/72"}],"replies":[{"embeddable":true,"href":"https:\/\/me.yrittajat.fi\/vastuu-kannattaa\/wp-json\/wp\/v2\/comments?post=1177"}],"version-history":[{"count":5,"href":"https:\/\/me.yrittajat.fi\/vastuu-kannattaa\/wp-json\/wp\/v2\/pages\/1177\/revisions"}],"predecessor-version":[{"id":1293,"href":"https:\/\/me.yrittajat.fi\/vastuu-kannattaa\/wp-json\/wp\/v2\/pages\/1177\/revisions\/1293"}],"wp:featuredmedia":[{"embeddable":true,"href":"https:\/\/me.yrittajat.fi\/vastuu-kannattaa\/wp-json\/wp\/v2\/media\/410"}],"wp:attachment":[{"href":"https:\/\/me.yrittajat.fi\/vastuu-kannattaa\/wp-json\/wp\/v2\/media?parent=1177"}],"curies":[{"name":"wp","href":"https:\/\/api.w.org\/{rel}","templated":true}]}}