{"id":1273,"date":"2025-06-13T10:16:25","date_gmt":"2025-06-13T07:16:25","guid":{"rendered":"https:\/\/me.yrittajat.fi\/vastuu-kannattaa\/?page_id=1273"},"modified":"2025-12-11T14:05:17","modified_gmt":"2025-12-11T12:05:17","slug":"vastuu-kannattaa-osaamimerkki","status":"publish","type":"page","link":"https:\/\/me.yrittajat.fi\/vastuu-kannattaa\/vastuu-kannattaa-osaamimerkki\/","title":{"rendered":"Vastuu Kannattaa -osaamimerkki"},"content":{"rendered":"<div class=\"wp-block-image\">\n<figure class=\"aligncenter size-thumbnail\"><img loading=\"lazy\" decoding=\"async\" width=\"150\" height=\"150\" src=\"https:\/\/me.yrittajat.fi\/app\/uploads\/sites\/81\/2025\/06\/Vastuu-kannattaa-5-150x150.jpg\" alt=\"\" class=\"wp-image-1274\" srcset=\"https:\/\/me.yrittajat.fi\/app\/uploads\/sites\/81\/2025\/06\/Vastuu-kannattaa-5-150x150.jpg 150w, https:\/\/me.yrittajat.fi\/app\/uploads\/sites\/81\/2025\/06\/Vastuu-kannattaa-5-300x300.jpg 300w, https:\/\/me.yrittajat.fi\/app\/uploads\/sites\/81\/2025\/06\/Vastuu-kannattaa-5-768x768.jpg 768w, https:\/\/me.yrittajat.fi\/app\/uploads\/sites\/81\/2025\/06\/Vastuu-kannattaa-5-434x432.jpg 434w, https:\/\/me.yrittajat.fi\/app\/uploads\/sites\/81\/2025\/06\/Vastuu-kannattaa-5-400x400.jpg 400w, https:\/\/me.yrittajat.fi\/app\/uploads\/sites\/81\/2025\/06\/Vastuu-kannattaa-5-600x600.jpg 600w, https:\/\/me.yrittajat.fi\/app\/uploads\/sites\/81\/2025\/06\/Vastuu-kannattaa-5.jpg 1000w\" sizes=\"auto, (max-width: 150px) 100vw, 150px\" \/><\/figure><\/div>\n\n\n<p><br><strong>&#8220;Vastuu Kannattaa Pohjois-Karjala&#8221; -osaamismerkki<\/strong> on tunnustus yritt\u00e4j\u00e4lle, joka on sitoutunut kehitt\u00e4m\u00e4\u00e4n yrityksens\u00e4 vastuullisuutta. Merkin my\u00f6nt\u00e4\u00e4 Pohjois-Karjalan Yritt\u00e4j\u00e4t osana ESR+-rahoitteista kehitt\u00e4misohjelmaa.<\/p>\n\n\n\n<p><strong>Merkin ansaintakriteerit:<\/strong><\/p>\n\n\n\n<ul class=\"wp-block-list\">\n<li>Osallistuminen v\u00e4hint\u00e4\u00e4n 20 tunnin ty\u00f6pajakokonaisuuteen, jossa k\u00e4sitell\u00e4\u00e4n yritysvastuun osa-alueita: ymp\u00e4rist\u00f6vastuu, sosiaalinen vastuu, taloudellinen vastuu ja vastuullisuusviestint\u00e4.<\/li>\n\n\n\n<li>Oman yrityksen nykytilan arviointi vastuullisuuden n\u00e4k\u00f6kulmasta.<\/li>\n\n\n\n<li>Alustavan suunnitelman laatiminen ymp\u00e4rist\u00f6vaikutusten pienent\u00e4miseksi ja sosiaalisen sek\u00e4 taloudellisen vastuun kehitt\u00e4miseksi.<\/li>\n\n\n\n<li>Yrityksen viestint\u00e4strategian t\u00e4ydent\u00e4minen vastuullisuuden eri osa-alueita koskien.<\/li>\n\n\n\n<li>Uusien, kest\u00e4vien liiketoimintamallien pohtiminen.<\/li>\n\n\n\n<li><strong>&#8220;Erotu vastuullisuudella&#8221; -verkkokoulutuksen suorittaminen.<\/strong><\/li>\n<\/ul>\n\n\n\t<div id=\"gb-button-block_dcf482f59d9d1626ead9a6145a217542\" class=\"gb-button gb-button-block_dcf482f59d9d1626ead9a6145a217542\">\n\t\t\t\t\t\t<a class=\"b-button b-button--color- b-button--style-\"\n\t   href=\"https:\/\/www.lyyti.fi\/reg\/Erotu_vastuullisuudella__PohjoisKarjala_H12026_7452\"\n\t   target=\"_self\">\n\n\t\t<span class=\"b-button__title\">\n\t\t\tOsallistu verkkokoulutukseen t\u00e4st\u00e4\t\t<\/span>\n\n\t\t\t\t\t<span class=\"b-button__icon\">\n\t\t\t\t<svg xmlns=\"http:\/\/www.w3.org\/2000\/svg\" viewBox=\"0 0 9 14\"><path d=\"M2.001 13.664a1.333 1.333 0 01-.954-2.272l.007-.008 4.414-4.386-4.24-4.414A1.333 1.333 0 113.12.704l5.147 5.334a1.333 1.333 0 010 1.866l-5.334 5.334a1.333 1.333 0 01-.933.426z\"\/><\/svg>\t\t\t<\/span>\n\t\t\t<\/a>\n\t\t\t<\/div>\n\n\n\n<p class=\"has-white-background-color has-background\" style=\"font-size:16px\"><a href=\"https:\/\/me.yrittajat.fi\/vastuu-kannattaa\/osaamismerkki\/\">&lt;&#8212; Takaisin<\/a><\/p>\n\n\n\n<p><\/p>\n","protected":false},"excerpt":{"rendered":"<p>&#8220;Vastuu Kannattaa Pohjois-Karjala&#8221; -osaamismerkki on tunnustus yritt\u00e4j\u00e4lle, joka on sitoutunut kehitt\u00e4m\u00e4\u00e4n yrityksens\u00e4 vastuullisuutta. Merkin my\u00f6nt\u00e4\u00e4 Pohjois-Karjalan Yritt\u00e4j\u00e4t osana ESR+-rahoitteista kehitt\u00e4misohjelmaa. Merkin ansaintakriteerit: &lt;&#8212; Takaisin<\/p>\n","protected":false},"author":72,"featured_media":321,"parent":0,"menu_order":0,"comment_status":"closed","ping_status":"closed","template":"","meta":{"_acf_changed":false,"footnotes":""},"class_list":["post-1273","page","type-page","status-publish","has-post-thumbnail","hentry"],"acf":[],"_links":{"self":[{"href":"https:\/\/me.yrittajat.fi\/vastuu-kannattaa\/wp-json\/wp\/v2\/pages\/1273","targetHints":{"allow":["GET"]}}],"collection":[{"href":"https:\/\/me.yrittajat.fi\/vastuu-kannattaa\/wp-json\/wp\/v2\/pages"}],"about":[{"href":"https:\/\/me.yrittajat.fi\/vastuu-kannattaa\/wp-json\/wp\/v2\/types\/page"}],"author":[{"embeddable":true,"href":"https:\/\/me.yrittajat.fi\/vastuu-kannattaa\/wp-json\/wp\/v2\/users\/72"}],"replies":[{"embeddable":true,"href":"https:\/\/me.yrittajat.fi\/vastuu-kannattaa\/wp-json\/wp\/v2\/comments?post=1273"}],"version-history":[{"count":5,"href":"https:\/\/me.yrittajat.fi\/vastuu-kannattaa\/wp-json\/wp\/v2\/pages\/1273\/revisions"}],"predecessor-version":[{"id":1571,"href":"https:\/\/me.yrittajat.fi\/vastuu-kannattaa\/wp-json\/wp\/v2\/pages\/1273\/revisions\/1571"}],"wp:featuredmedia":[{"embeddable":true,"href":"https:\/\/me.yrittajat.fi\/vastuu-kannattaa\/wp-json\/wp\/v2\/media\/321"}],"wp:attachment":[{"href":"https:\/\/me.yrittajat.fi\/vastuu-kannattaa\/wp-json\/wp\/v2\/media?parent=1273"}],"curies":[{"name":"wp","href":"https:\/\/api.w.org\/{rel}","templated":true}]}}