{"id":1280,"date":"2025-06-13T10:23:43","date_gmt":"2025-06-13T07:23:43","guid":{"rendered":"https:\/\/me.yrittajat.fi\/vastuu-kannattaa\/?page_id=1280"},"modified":"2026-02-11T11:02:19","modified_gmt":"2026-02-11T09:02:19","slug":"kiertotalouden-mahdollistaja-osaamismerkki","status":"publish","type":"page","link":"https:\/\/me.yrittajat.fi\/vastuu-kannattaa\/kiertotalouden-mahdollistaja-osaamismerkki\/","title":{"rendered":"Kiertotalouden mahdollistaja -osaamismerkki"},"content":{"rendered":"<div class=\"wp-block-image\">\n<figure class=\"aligncenter size-thumbnail\"><img loading=\"lazy\" decoding=\"async\" width=\"150\" height=\"150\" src=\"https:\/\/me.yrittajat.fi\/app\/uploads\/sites\/81\/2025\/06\/Kiertotalouden-mahdollistaja-3-150x150.jpg\" alt=\"\" class=\"wp-image-1281\" srcset=\"https:\/\/me.yrittajat.fi\/app\/uploads\/sites\/81\/2025\/06\/Kiertotalouden-mahdollistaja-3-150x150.jpg 150w, https:\/\/me.yrittajat.fi\/app\/uploads\/sites\/81\/2025\/06\/Kiertotalouden-mahdollistaja-3-300x300.jpg 300w, https:\/\/me.yrittajat.fi\/app\/uploads\/sites\/81\/2025\/06\/Kiertotalouden-mahdollistaja-3-768x768.jpg 768w, https:\/\/me.yrittajat.fi\/app\/uploads\/sites\/81\/2025\/06\/Kiertotalouden-mahdollistaja-3-434x432.jpg 434w, https:\/\/me.yrittajat.fi\/app\/uploads\/sites\/81\/2025\/06\/Kiertotalouden-mahdollistaja-3-400x400.jpg 400w, https:\/\/me.yrittajat.fi\/app\/uploads\/sites\/81\/2025\/06\/Kiertotalouden-mahdollistaja-3-600x600.jpg 600w, https:\/\/me.yrittajat.fi\/app\/uploads\/sites\/81\/2025\/06\/Kiertotalouden-mahdollistaja-3.jpg 1000w\" sizes=\"auto, (max-width: 150px) 100vw, 150px\" \/><\/figure><\/div>\n\n\n<p><br><strong>&#8220;Kiertotalouden mahdollistaja Pohjois-Karjala&#8221; -osaamismerkki<\/strong> on tunnustus yritt\u00e4j\u00e4lle, joka on sitoutunut edist\u00e4m\u00e4\u00e4n kiertotaloutta ja kest\u00e4v\u00e4\u00e4 liiketoimintaa osana alueellista ekosysteemi\u00e4. Merkin my\u00f6nt\u00e4\u00e4 Pohjois-Karjalan Yritt\u00e4j\u00e4t osana ESR+-rahoitteista kehitt\u00e4misohjelmaa.<\/p>\n\n\n\n<p><strong>Merkin ansaintakriteerit:<\/strong><\/p>\n\n\n\n<ul class=\"wp-block-list\">\n<li>Osallistuminen v\u00e4hint\u00e4\u00e4n 20 tunnin <strong>kokonaisuuteen<\/strong> osana <em>Vastuullinen yritystoiminta Pohjois-Karjalassa<\/em> -hanketta.<\/li>\n\n\n\n<li>Ymm\u00e4rryksen osoittaminen <strong>kiertotalouden perusperiaatteista<\/strong>, liiketoimintapotentiaalista ja ekosysteemiajattelusta.<\/li>\n\n\n\n<li>Oman yrityksen <strong>vahvuuksien, roolien ja mahdollisuuksien kartoitus<\/strong> osana kiertotalousekosysteemi\u00e4.<\/li>\n\n\n\n<li>Valmiuden osoittaminen <strong>alueelliseen yhteisty\u00f6h\u00f6n muiden toimijoiden kanssa<\/strong> kiertotalouden edist\u00e4miseksi.<\/li>\n\n\n\n<li>Perehtyminen <strong>Circular Design for Business -verkkokoulutukseen<\/strong>, jonka teemoina ovat mm.:\n<ul class=\"wp-block-list\">\n<li>kiertotalouden liiketoimintalogiikka,<\/li>\n\n\n\n<li>EU-s\u00e4\u00e4ntely ja vaatimukset,<\/li>\n\n\n\n<li>innovaatioajattelu ja k\u00e4ytt\u00e4j\u00e4l\u00e4ht\u00f6inen suunnittelu,<\/li>\n\n\n\n<li>materiaalien ja muotoilun rooli,<\/li>\n\n\n\n<li>br\u00e4ndin ja yritystarinan merkitys kiertotalouden kontekstissa.<\/li>\n<\/ul>\n<\/li>\n<\/ul>\n\n\n\n<p class=\"has-background\" style=\"background:linear-gradient(90deg,rgb(238,238,238) 0%,rgb(169,184,195) 100%);font-size:16px\"><em>Verkkokoulutus on kokonaisuudeltaan varsin laaja, koska se on suunniteltu palvelemaan monenlaisia yrityksi\u00e4 ja toimialoja. <strong>Sinun ei kuitenkaan tarvitse k\u00e4yd\u00e4 l\u00e4pi kaikkea<\/strong>. Suosittelemme tutustumaan erityisesti niihin sis\u00e4lt\u00f6ihin, jotka liittyv\u00e4t suoraan oman liiketoimintaasi ja sen kehitt\u00e4miseen. N\u00e4in saat koulutuksesta eniten irti \u2013 tehokkaasti ja tavoitteellisesti.<\/em><\/p>\n\n\n\t<div id=\"gb-button-block_e1f4fff100fccff18fad06bd4b501b8d\" class=\"gb-button gb-button-block_e1f4fff100fccff18fad06bd4b501b8d\">\n\t\t\t\t\t\t<a class=\"b-button b-button--color- b-button--style-\"\n\t   href=\"https:\/\/verkkokoulutus.circulardesignforbusiness.fi\"\n\t   target=\"_self\">\n\n\t\t<span class=\"b-button__title\">\n\t\t\tOsallistu verkkokoulutukseen t\u00e4st\u00e4\t\t<\/span>\n\n\t\t\t\t\t<span class=\"b-button__icon\">\n\t\t\t\t<svg xmlns=\"http:\/\/www.w3.org\/2000\/svg\" viewBox=\"0 0 9 14\"><path d=\"M2.001 13.664a1.333 1.333 0 01-.954-2.272l.007-.008 4.414-4.386-4.24-4.414A1.333 1.333 0 113.12.704l5.147 5.334a1.333 1.333 0 010 1.866l-5.334 5.334a1.333 1.333 0 01-.933.426z\"\/><\/svg>\t\t\t<\/span>\n\t\t\t<\/a>\n\t\t\t<\/div>\n\n\n\n<p>Merkki osoittaa yritt\u00e4j\u00e4n osaamista ja valmiutta soveltaa kiertotaloutta k\u00e4yt\u00e4nn\u00f6n liiketoiminnassa sek\u00e4 osallistua aktiivisesti kest\u00e4v\u00e4n, alueellisen ekosysteemin rakentamiseen.<br><br><a href=\"https:\/\/me.yrittajat.fi\/vastuu-kannattaa\/osaamismerkki\/\">&lt;&#8212; Takaisin<\/a><\/p>\n\n\n\n<p class=\"has-electric-grass-gradient-background has-background\">Kun olet suorittanut koulutuksen, olethan meihin yhteydess\u00e4 niin my\u00f6nn\u00e4mme sinulle osaamismerkin. <\/p>\n\n\n\t<div id=\"gb-button-block_6ce3831e9df298778c121cf223897dbe\" class=\"gb-button gb-button-block_6ce3831e9df298778c121cf223897dbe\">\n\t\t\t\t\t\t<a class=\"b-button b-button--color- b-button--style-\"\n\t   href=\"https:\/\/me.yrittajat.fi\/vastuu-kannattaa\/yhteystiedot\/\"\n\t   target=\"_self\">\n\n\t\t<span class=\"b-button__title\">\n\t\t\tKatso yhteystietomme t\u00e4st\u00e4\t\t<\/span>\n\n\t\t\t\t\t<span class=\"b-button__icon\">\n\t\t\t\t<svg xmlns=\"http:\/\/www.w3.org\/2000\/svg\" viewBox=\"0 0 9 14\"><path d=\"M2.001 13.664a1.333 1.333 0 01-.954-2.272l.007-.008 4.414-4.386-4.24-4.414A1.333 1.333 0 113.12.704l5.147 5.334a1.333 1.333 0 010 1.866l-5.334 5.334a1.333 1.333 0 01-.933.426z\"\/><\/svg>\t\t\t<\/span>\n\t\t\t<\/a>\n\t\t\t<\/div>\n\n\n\n<p><\/p>\n","protected":false},"excerpt":{"rendered":"<p>&#8220;Kiertotalouden mahdollistaja Pohjois-Karjala&#8221; -osaamismerkki on tunnustus yritt\u00e4j\u00e4lle, joka on sitoutunut edist\u00e4m\u00e4\u00e4n kiertotaloutta ja kest\u00e4v\u00e4\u00e4 liiketoimintaa osana alueellista ekosysteemi\u00e4. Merkin my\u00f6nt\u00e4\u00e4 Pohjois-Karjalan Yritt\u00e4j\u00e4t osana ESR+-rahoitteista kehitt\u00e4misohjelmaa. Merkin ansaintakriteerit: Verkkokoulutus on kokonaisuudeltaan varsin laaja, koska se on suunniteltu palvelemaan monenlaisia yrityksi\u00e4 ja toimialoja. Sinun ei kuitenkaan tarvitse k\u00e4yd\u00e4 l\u00e4pi kaikkea. Suosittelemme tutustumaan erityisesti niihin sis\u00e4lt\u00f6ihin, jotka liittyv\u00e4t &hellip; <a href=\"https:\/\/me.yrittajat.fi\/vastuu-kannattaa\/kiertotalouden-mahdollistaja-osaamismerkki\/\">Lue lis\u00e4\u00e4<\/a><\/p>\n","protected":false},"author":72,"featured_media":321,"parent":0,"menu_order":0,"comment_status":"closed","ping_status":"closed","template":"","meta":{"_acf_changed":false,"footnotes":""},"class_list":["post-1280","page","type-page","status-publish","has-post-thumbnail","hentry"],"acf":[],"_links":{"self":[{"href":"https:\/\/me.yrittajat.fi\/vastuu-kannattaa\/wp-json\/wp\/v2\/pages\/1280","targetHints":{"allow":["GET"]}}],"collection":[{"href":"https:\/\/me.yrittajat.fi\/vastuu-kannattaa\/wp-json\/wp\/v2\/pages"}],"about":[{"href":"https:\/\/me.yrittajat.fi\/vastuu-kannattaa\/wp-json\/wp\/v2\/types\/page"}],"author":[{"embeddable":true,"href":"https:\/\/me.yrittajat.fi\/vastuu-kannattaa\/wp-json\/wp\/v2\/users\/72"}],"replies":[{"embeddable":true,"href":"https:\/\/me.yrittajat.fi\/vastuu-kannattaa\/wp-json\/wp\/v2\/comments?post=1280"}],"version-history":[{"count":5,"href":"https:\/\/me.yrittajat.fi\/vastuu-kannattaa\/wp-json\/wp\/v2\/pages\/1280\/revisions"}],"predecessor-version":[{"id":1666,"href":"https:\/\/me.yrittajat.fi\/vastuu-kannattaa\/wp-json\/wp\/v2\/pages\/1280\/revisions\/1666"}],"wp:featuredmedia":[{"embeddable":true,"href":"https:\/\/me.yrittajat.fi\/vastuu-kannattaa\/wp-json\/wp\/v2\/media\/321"}],"wp:attachment":[{"href":"https:\/\/me.yrittajat.fi\/vastuu-kannattaa\/wp-json\/wp\/v2\/media?parent=1280"}],"curies":[{"name":"wp","href":"https:\/\/api.w.org\/{rel}","templated":true}]}}