{"id":1287,"date":"2025-06-13T10:30:53","date_gmt":"2025-06-13T07:30:53","guid":{"rendered":"https:\/\/me.yrittajat.fi\/vastuu-kannattaa\/?page_id=1287"},"modified":"2025-06-26T11:58:47","modified_gmt":"2025-06-26T08:58:47","slug":"sosiaalisen-vastuun-edistaja-osaamismerkki","status":"publish","type":"page","link":"https:\/\/me.yrittajat.fi\/vastuu-kannattaa\/sosiaalisen-vastuun-edistaja-osaamismerkki\/","title":{"rendered":"Sosiaalisen vastuun edist\u00e4j\u00e4 -osaamismerkki"},"content":{"rendered":"<div class=\"wp-block-image\">\n<figure class=\"aligncenter size-thumbnail\"><img loading=\"lazy\" decoding=\"async\" width=\"150\" height=\"150\" src=\"https:\/\/me.yrittajat.fi\/app\/uploads\/sites\/81\/2025\/06\/Sosiaalisen-vastuun-edistaja-2-150x150.jpg\" alt=\"\" class=\"wp-image-1267\" srcset=\"https:\/\/me.yrittajat.fi\/app\/uploads\/sites\/81\/2025\/06\/Sosiaalisen-vastuun-edistaja-2-150x150.jpg 150w, https:\/\/me.yrittajat.fi\/app\/uploads\/sites\/81\/2025\/06\/Sosiaalisen-vastuun-edistaja-2-300x300.jpg 300w, https:\/\/me.yrittajat.fi\/app\/uploads\/sites\/81\/2025\/06\/Sosiaalisen-vastuun-edistaja-2-768x768.jpg 768w, https:\/\/me.yrittajat.fi\/app\/uploads\/sites\/81\/2025\/06\/Sosiaalisen-vastuun-edistaja-2-434x432.jpg 434w, https:\/\/me.yrittajat.fi\/app\/uploads\/sites\/81\/2025\/06\/Sosiaalisen-vastuun-edistaja-2-400x400.jpg 400w, https:\/\/me.yrittajat.fi\/app\/uploads\/sites\/81\/2025\/06\/Sosiaalisen-vastuun-edistaja-2-600x600.jpg 600w, https:\/\/me.yrittajat.fi\/app\/uploads\/sites\/81\/2025\/06\/Sosiaalisen-vastuun-edistaja-2.jpg 1000w\" sizes=\"auto, (max-width: 150px) 100vw, 150px\" \/><\/figure><\/div>\n\n\n<p><strong>&#8220;Sosiaalisen vastuun edist\u00e4j\u00e4 Pohjois-Karjala&#8221; -osaamismerkki<\/strong> on digitaalinen tunnustus yritt\u00e4j\u00e4lle, joka on sitoutunut kehitt\u00e4m\u00e4\u00e4n yrityksens\u00e4 yhteiskunnallista vastuuta. Merkin my\u00f6nt\u00e4\u00e4 Pohjois-Karjalan Yritt\u00e4j\u00e4t osana ESR+-rahoitteista <strong>Vastuullinen yritystoiminta Pohjois-Karjalassa<\/strong> -kehitt\u00e4misohjelmaa.<\/p>\n\n\n\n<p><strong>Merkin ansaintakriteerit:<\/strong><\/p>\n\n\n\n<ul class=\"wp-block-list\">\n<li>Osallistuminen sosiaalisen vastuun opintokokonaisuuteen (n. 5\u20138 tuntia).<\/li>\n\n\n\n<li>Sosiaalisen vastuun merkityksen ymm\u00e4rt\u00e4minen osana yrityksen arkea ja strategiaa.<\/li>\n\n\n\n<li>Oman yrityksen nykytilan arviointi sosiaalisen vastuun n\u00e4k\u00f6kulmasta.<\/li>\n\n\n\n<li>T\u00e4rkeimpien vaikuttamisen mahdollisuuksien tunnistaminen ty\u00f6ntekij\u00f6iden hyvinvoinnin, tasa-arvon, monimuotoisuuden, yhteis\u00f6vaikutusten ja eettisten toimintatapojen osalta.<\/li>\n\n\n\n<li>Konkreettisten askelmerkkien laatiminen yrityksen sosiaalisen vastuun kehitt\u00e4miseksi.<\/li>\n\n\n\n<li>Inspiroivien esimerkkien tarkastelu aktiivisista, yhteiskuntaa tukevaa toimintaa harjoittavista yrityksist\u00e4.<\/li>\n<\/ul>\n\n\n\n<p>Merkki osoittaa osaamista ja sitoutumista sosiaaliseen vastuuseen, ja se toimii todisteena yritt\u00e4j\u00e4n halusta rakentaa reilua, yhdenvertaista ja yhteis\u00f6llist\u00e4 liiketoimintaa Pohjois-Karjalassa.<\/p>\n\n\n\t<div id=\"gb-button-block_207d7b64b4816dd1d6eca3ad30bfe7ec\" class=\"gb-button gb-button-block_207d7b64b4816dd1d6eca3ad30bfe7ec\">\n\t\t\t\t\t\t<a class=\"b-button b-button--color- b-button--style-\"\n\t   href=\"https:\/\/me.yrittajat.fi\/vastuu-kannattaa\/materiaalit-opiskeluun\/\"\n\t   target=\"_self\">\n\n\t\t<span class=\"b-button__title\">\n\t\t\tTutustu opiskelumateriaaleihin t\u00e4st\u00e4\t\t<\/span>\n\n\t\t\t\t\t<span class=\"b-button__icon\">\n\t\t\t\t<svg xmlns=\"http:\/\/www.w3.org\/2000\/svg\" viewBox=\"0 0 9 14\"><path d=\"M2.001 13.664a1.333 1.333 0 01-.954-2.272l.007-.008 4.414-4.386-4.24-4.414A1.333 1.333 0 113.12.704l5.147 5.334a1.333 1.333 0 010 1.866l-5.334 5.334a1.333 1.333 0 01-.933.426z\"\/><\/svg>\t\t\t<\/span>\n\t\t\t<\/a>\n\t\t\t<\/div>\n\n\n\n<p><a href=\"https:\/\/me.yrittajat.fi\/vastuu-kannattaa\/osaamismerkki\/\">&lt;&#8212; Takaisin<\/a><\/p>\n","protected":false},"excerpt":{"rendered":"<p>&#8220;Sosiaalisen vastuun edist\u00e4j\u00e4 Pohjois-Karjala&#8221; -osaamismerkki on digitaalinen tunnustus yritt\u00e4j\u00e4lle, joka on sitoutunut kehitt\u00e4m\u00e4\u00e4n yrityksens\u00e4 yhteiskunnallista vastuuta. Merkin my\u00f6nt\u00e4\u00e4 Pohjois-Karjalan Yritt\u00e4j\u00e4t osana ESR+-rahoitteista Vastuullinen yritystoiminta Pohjois-Karjalassa -kehitt\u00e4misohjelmaa. Merkin ansaintakriteerit: Merkki osoittaa osaamista ja sitoutumista sosiaaliseen vastuuseen, ja se toimii todisteena yritt\u00e4j\u00e4n halusta rakentaa reilua, yhdenvertaista ja yhteis\u00f6llist\u00e4 liiketoimintaa Pohjois-Karjalassa. &lt;&#8212; Takaisin<\/p>\n","protected":false},"author":72,"featured_media":321,"parent":0,"menu_order":0,"comment_status":"closed","ping_status":"closed","template":"","meta":{"_acf_changed":false,"footnotes":""},"class_list":["post-1287","page","type-page","status-publish","has-post-thumbnail","hentry"],"acf":[],"_links":{"self":[{"href":"https:\/\/me.yrittajat.fi\/vastuu-kannattaa\/wp-json\/wp\/v2\/pages\/1287","targetHints":{"allow":["GET"]}}],"collection":[{"href":"https:\/\/me.yrittajat.fi\/vastuu-kannattaa\/wp-json\/wp\/v2\/pages"}],"about":[{"href":"https:\/\/me.yrittajat.fi\/vastuu-kannattaa\/wp-json\/wp\/v2\/types\/page"}],"author":[{"embeddable":true,"href":"https:\/\/me.yrittajat.fi\/vastuu-kannattaa\/wp-json\/wp\/v2\/users\/72"}],"replies":[{"embeddable":true,"href":"https:\/\/me.yrittajat.fi\/vastuu-kannattaa\/wp-json\/wp\/v2\/comments?post=1287"}],"version-history":[{"count":5,"href":"https:\/\/me.yrittajat.fi\/vastuu-kannattaa\/wp-json\/wp\/v2\/pages\/1287\/revisions"}],"predecessor-version":[{"id":1326,"href":"https:\/\/me.yrittajat.fi\/vastuu-kannattaa\/wp-json\/wp\/v2\/pages\/1287\/revisions\/1326"}],"wp:featuredmedia":[{"embeddable":true,"href":"https:\/\/me.yrittajat.fi\/vastuu-kannattaa\/wp-json\/wp\/v2\/media\/321"}],"wp:attachment":[{"href":"https:\/\/me.yrittajat.fi\/vastuu-kannattaa\/wp-json\/wp\/v2\/media?parent=1287"}],"curies":[{"name":"wp","href":"https:\/\/api.w.org\/{rel}","templated":true}]}}