{"id":1408,"date":"2025-10-06T13:48:21","date_gmt":"2025-10-06T10:48:21","guid":{"rendered":"https:\/\/me.yrittajat.fi\/vastuu-kannattaa\/?page_id=1408"},"modified":"2025-10-06T14:04:28","modified_gmt":"2025-10-06T11:04:28","slug":"oletko-jo-tutustunut-korjaa-se-palveluun","status":"publish","type":"page","link":"https:\/\/me.yrittajat.fi\/vastuu-kannattaa\/oletko-jo-tutustunut-korjaa-se-palveluun\/","title":{"rendered":"Oletko jo tutustunut\u00a0Korjaa.se\u00a0-palveluun?"},"content":{"rendered":"\n<p>Korjaa.se&nbsp;on maksuton verkkopalvelu, joka yhdist\u00e4\u00e4 rikkin\u00e4isten tavaroiden omistajat ja paikalliset korjaamisen ammattilaiset. Sivuston on toteuttanut Ekokumppanit osana j\u00e4tehuoltoyhti\u00f6iden j\u00e4tteen synty\u00e4 ehk\u00e4isev\u00e4\u00e4 ty\u00f6t\u00e4. Tavoitteena on tehd\u00e4 n\u00e4kyv\u00e4ksi korjaaminen uuden ostamisen vaihtoehtona ja tehd\u00e4 korjaaminen mahdollisimman helpoksi.<\/p>\n\n\n\n<p>T\u00e4ysin maksuton, kest\u00e4v\u00e4\u00e4 kehityst\u00e4 edist\u00e4v\u00e4&nbsp;korjaa.se-verkkopalvelu toimii Pohjois-Karjalassa j\u00e4te- ja kiertotalousyhti\u00f6 Puhas Oy:n toiminta-alueella eli Joensuussa, Ilomantsissa, Kontiolahdella, Liperiss\u00e4 ja Polvij\u00e4rvell\u00e4.<\/p>\n\n\n\n<p>Palveluun on koottu kymmeni\u00e4 Puhaksen toiminta-alueella toimivia korjauspalveluyrityksi\u00e4.<\/p>\n\n\n\t<div id=\"gb-button-block_d1bc5a772a4258d6e23d0c5bae0a0142\" class=\"gb-button gb-button-block_d1bc5a772a4258d6e23d0c5bae0a0142\">\n\t\t\t\t\t\t<a class=\"b-button b-button--color- b-button--style-\"\n\t   href=\"https:\/\/korjaa.se\/joensuun-seutu\/\"\n\t   target=\"_self\">\n\n\t\t<span class=\"b-button__title\">\n\t\t\tTutustu palveluun t\u00e4st\u00e4\t\t<\/span>\n\n\t\t\t\t\t<span class=\"b-button__icon\">\n\t\t\t\t<svg xmlns=\"http:\/\/www.w3.org\/2000\/svg\" viewBox=\"0 0 9 14\"><path d=\"M2.001 13.664a1.333 1.333 0 01-.954-2.272l.007-.008 4.414-4.386-4.24-4.414A1.333 1.333 0 113.12.704l5.147 5.334a1.333 1.333 0 010 1.866l-5.334 5.334a1.333 1.333 0 01-.933.426z\"\/><\/svg>\t\t\t<\/span>\n\t\t\t<\/a>\n\t\t\t<\/div>\n","protected":false},"excerpt":{"rendered":"<p>Korjaa.se&nbsp;on maksuton verkkopalvelu, joka yhdist\u00e4\u00e4 rikkin\u00e4isten tavaroiden omistajat ja paikalliset korjaamisen ammattilaiset. Sivuston on toteuttanut Ekokumppanit osana j\u00e4tehuoltoyhti\u00f6iden j\u00e4tteen synty\u00e4 ehk\u00e4isev\u00e4\u00e4 ty\u00f6t\u00e4. Tavoitteena on tehd\u00e4 n\u00e4kyv\u00e4ksi korjaaminen uuden ostamisen vaihtoehtona ja tehd\u00e4 korjaaminen mahdollisimman helpoksi. T\u00e4ysin maksuton, kest\u00e4v\u00e4\u00e4 kehityst\u00e4 edist\u00e4v\u00e4&nbsp;korjaa.se-verkkopalvelu toimii Pohjois-Karjalassa j\u00e4te- ja kiertotalousyhti\u00f6 Puhas Oy:n toiminta-alueella eli Joensuussa, Ilomantsissa, Kontiolahdella, Liperiss\u00e4 ja Polvij\u00e4rvell\u00e4. &hellip; <a href=\"https:\/\/me.yrittajat.fi\/vastuu-kannattaa\/oletko-jo-tutustunut-korjaa-se-palveluun\/\">Lue lis\u00e4\u00e4<\/a><\/p>\n","protected":false},"author":72,"featured_media":1410,"parent":0,"menu_order":0,"comment_status":"closed","ping_status":"closed","template":"","meta":{"_acf_changed":false,"footnotes":""},"class_list":["post-1408","page","type-page","status-publish","has-post-thumbnail","hentry"],"acf":[],"_links":{"self":[{"href":"https:\/\/me.yrittajat.fi\/vastuu-kannattaa\/wp-json\/wp\/v2\/pages\/1408","targetHints":{"allow":["GET"]}}],"collection":[{"href":"https:\/\/me.yrittajat.fi\/vastuu-kannattaa\/wp-json\/wp\/v2\/pages"}],"about":[{"href":"https:\/\/me.yrittajat.fi\/vastuu-kannattaa\/wp-json\/wp\/v2\/types\/page"}],"author":[{"embeddable":true,"href":"https:\/\/me.yrittajat.fi\/vastuu-kannattaa\/wp-json\/wp\/v2\/users\/72"}],"replies":[{"embeddable":true,"href":"https:\/\/me.yrittajat.fi\/vastuu-kannattaa\/wp-json\/wp\/v2\/comments?post=1408"}],"version-history":[{"count":2,"href":"https:\/\/me.yrittajat.fi\/vastuu-kannattaa\/wp-json\/wp\/v2\/pages\/1408\/revisions"}],"predecessor-version":[{"id":1416,"href":"https:\/\/me.yrittajat.fi\/vastuu-kannattaa\/wp-json\/wp\/v2\/pages\/1408\/revisions\/1416"}],"wp:featuredmedia":[{"embeddable":true,"href":"https:\/\/me.yrittajat.fi\/vastuu-kannattaa\/wp-json\/wp\/v2\/media\/1410"}],"wp:attachment":[{"href":"https:\/\/me.yrittajat.fi\/vastuu-kannattaa\/wp-json\/wp\/v2\/media?parent=1408"}],"curies":[{"name":"wp","href":"https:\/\/api.w.org\/{rel}","templated":true}]}}