{"id":1437,"date":"2025-10-10T10:49:23","date_gmt":"2025-10-10T07:49:23","guid":{"rendered":"https:\/\/me.yrittajat.fi\/vastuu-kannattaa\/?page_id=1437"},"modified":"2025-10-10T10:49:24","modified_gmt":"2025-10-10T07:49:24","slug":"datafarm-esg-alusta","status":"publish","type":"page","link":"https:\/\/me.yrittajat.fi\/vastuu-kannattaa\/datafarm-esg-alusta\/","title":{"rendered":"Datafarm ESG -alusta"},"content":{"rendered":"\n<p>Datafarm ESG \u2013vastuullisuusalusta ohjaa PK-yrityksien vastuullisuutta helppok\u00e4ytt\u00f6isell\u00e4 ty\u00f6kalulla, jonka avulla voi koota ESG-tiedot yhteen paikkaan.<\/p>\n\n\n\n<p>Datafarm ESG -alusta on yksi vaihtoehto, jolla voi vastata nopeasti asiakkaiden ja sidosryhmien vastuullisuusvaatimuksiin k\u00e4ytt\u00f6valmiilla raporteilla tai muodostaa selke\u00e4n kuvan yrityksen vastuullisuudesta huomioimalla ESG:n keskeiset osa-alueet.<\/p>\n\n\n\n<p>T\u00e4m\u00e4 palvelu ei vaadi ennakkotietoja tai aiempaa osaamista aiheesta.<br><\/p>\n\n\n\t<div id=\"gb-button-block_dcb78d75a07c2a921d4d7ea4de7e1707\" class=\"gb-button gb-button-block_dcb78d75a07c2a921d4d7ea4de7e1707\">\n\t\t\t\t\t\t<a class=\"b-button b-button--color- b-button--style-\"\n\t   href=\"https:\/\/use.datafarm.fi\/\"\n\t   target=\"_self\">\n\n\t\t<span class=\"b-button__title\">\n\t\t\tTutustu palveluun t\u00e4st\u00e4\t\t<\/span>\n\n\t\t\t\t\t<span class=\"b-button__icon\">\n\t\t\t\t<svg xmlns=\"http:\/\/www.w3.org\/2000\/svg\" viewBox=\"0 0 9 14\"><path d=\"M2.001 13.664a1.333 1.333 0 01-.954-2.272l.007-.008 4.414-4.386-4.24-4.414A1.333 1.333 0 113.12.704l5.147 5.334a1.333 1.333 0 010 1.866l-5.334 5.334a1.333 1.333 0 01-.933.426z\"\/><\/svg>\t\t\t<\/span>\n\t\t\t<\/a>\n\t\t\t<\/div>\n\n\n\n<p><br><strong>Eturintamassa vastuullisuudestaan raportoivat saavat kilpailuedun \u2013 muuramelainen DataFarm Oy tarjoaa pk-yrityksille helppok\u00e4ytt\u00f6isen ty\u00f6kalun<\/strong><\/p>\n\n\n\n<p>DataFarm Oy:n kehitt\u00e4m\u00e4 ESG-vastuullisuusalusta syntyi oivalluksesta, ett\u00e4 vastuullisuusdata on yht\u00e4 t\u00e4rke\u00e4\u00e4 p\u00e4\u00e4t\u00f6ksenteon tukea kuin talousluvut. Yrityksen perustajat <strong>Mika Jokiranta<\/strong> ja <strong>Juuso Fabritius<\/strong> n\u00e4kiv\u00e4t, ett\u00e4 tulevaisuudessa vastuullisuudesta tulee osa jokaista yritystoiminnan osa-aluetta \u2013 haluttiinpa tai ei. Heid\u00e4n kehitt\u00e4m\u00e4ns\u00e4 ty\u00f6kalu auttaa yrityksi\u00e4 kokoamaan ESG-tiedot yhteen paikkaan ja muuntamaan ne helposti hy\u00f6dynnett\u00e4v\u00e4ksi tiedoksi ilman aiempaa vastuullisuusosaamista.<\/p>\n\n\n\n<p>DataFarmin n\u00e4kemyksen mukaan vastuullisuus ei ole pelkk\u00e4\u00e4 s\u00e4\u00e4ntelyn seuraamista, vaan ennen kaikkea <strong>liiketoiminnan kehitt\u00e4misen ja kilpailukyvyn v\u00e4line<\/strong>. Yritykset, jotka ottavat ESG-datan mukaan p\u00e4\u00e4t\u00f6ksentekoon, parantavat uskottavuuttaan ja rakentavat l\u00e4pin\u00e4kyv\u00e4\u00e4 mainetta niin asiakkaiden, rahoittajien kuin yhteisty\u00f6kumppaneidenkin silmiss\u00e4.<\/p>\n\n\n\n<p>DataFarmin ty\u00f6kalu tarjoaa <strong>maalaisj\u00e4rkisen ja k\u00e4yt\u00e4nn\u00f6nl\u00e4heisen l\u00e4hestymistavan<\/strong> vastuullisuusraportointiin \u2013 se sopii yht\u00e4 hyvin yritt\u00e4j\u00e4n perusraportointitarpeisiin kuin konsulttien syv\u00e4llisemp\u00e4\u00e4n dataty\u00f6h\u00f6n. K\u00e4ytt\u00e4j\u00e4 voi muodostaa VSME-standardiin pohjautuvan raportin tai r\u00e4\u00e4t\u00e4l\u00f6id\u00e4 sen omien sidosryhmien vaatimusten mukaiseksi.<\/p>\n\n\n\t<div id=\"gb-button-block_992a752ea09130129512e1f098ea220d\" class=\"gb-button gb-button-block_992a752ea09130129512e1f098ea220d\">\n\t\t\t\t\t\t<a class=\"b-button b-button--color- b-button--style-\"\n\t   href=\"https:\/\/www.yrittajat.fi\/uutiset\/eturintamassa-vastuullisuudestaan-raportoivat-saavat-kilpailuedun-muuramelainen-datafarm-oy-tarjoaa-pk-yrityksille-helppokayttoisen-tyokalun\/\"\n\t   target=\"_self\">\n\n\t\t<span class=\"b-button__title\">\n\t\t\tLue koko artikkeli Suomen Yritt\u00e4jien sivuilta.\t\t<\/span>\n\n\t\t\t\t\t<span class=\"b-button__icon\">\n\t\t\t\t<svg xmlns=\"http:\/\/www.w3.org\/2000\/svg\" viewBox=\"0 0 9 14\"><path d=\"M2.001 13.664a1.333 1.333 0 01-.954-2.272l.007-.008 4.414-4.386-4.24-4.414A1.333 1.333 0 113.12.704l5.147 5.334a1.333 1.333 0 010 1.866l-5.334 5.334a1.333 1.333 0 01-.933.426z\"\/><\/svg>\t\t\t<\/span>\n\t\t\t<\/a>\n\t\t\t<\/div>\n\n\n\n<p><\/p>\n","protected":false},"excerpt":{"rendered":"<p>Datafarm ESG \u2013vastuullisuusalusta ohjaa PK-yrityksien vastuullisuutta helppok\u00e4ytt\u00f6isell\u00e4 ty\u00f6kalulla, jonka avulla voi koota ESG-tiedot yhteen paikkaan. Datafarm ESG -alusta on yksi vaihtoehto, jolla voi vastata nopeasti asiakkaiden ja sidosryhmien vastuullisuusvaatimuksiin k\u00e4ytt\u00f6valmiilla raporteilla tai muodostaa selke\u00e4n kuvan yrityksen vastuullisuudesta huomioimalla ESG:n keskeiset osa-alueet. T\u00e4m\u00e4 palvelu ei vaadi ennakkotietoja tai aiempaa osaamista aiheesta. Eturintamassa vastuullisuudestaan raportoivat saavat kilpailuedun &hellip; <a href=\"https:\/\/me.yrittajat.fi\/vastuu-kannattaa\/datafarm-esg-alusta\/\">Lue lis\u00e4\u00e4<\/a><\/p>\n","protected":false},"author":72,"featured_media":1438,"parent":0,"menu_order":0,"comment_status":"closed","ping_status":"closed","template":"","meta":{"_acf_changed":false,"footnotes":""},"class_list":["post-1437","page","type-page","status-publish","has-post-thumbnail","hentry"],"acf":[],"_links":{"self":[{"href":"https:\/\/me.yrittajat.fi\/vastuu-kannattaa\/wp-json\/wp\/v2\/pages\/1437","targetHints":{"allow":["GET"]}}],"collection":[{"href":"https:\/\/me.yrittajat.fi\/vastuu-kannattaa\/wp-json\/wp\/v2\/pages"}],"about":[{"href":"https:\/\/me.yrittajat.fi\/vastuu-kannattaa\/wp-json\/wp\/v2\/types\/page"}],"author":[{"embeddable":true,"href":"https:\/\/me.yrittajat.fi\/vastuu-kannattaa\/wp-json\/wp\/v2\/users\/72"}],"replies":[{"embeddable":true,"href":"https:\/\/me.yrittajat.fi\/vastuu-kannattaa\/wp-json\/wp\/v2\/comments?post=1437"}],"version-history":[{"count":1,"href":"https:\/\/me.yrittajat.fi\/vastuu-kannattaa\/wp-json\/wp\/v2\/pages\/1437\/revisions"}],"predecessor-version":[{"id":1439,"href":"https:\/\/me.yrittajat.fi\/vastuu-kannattaa\/wp-json\/wp\/v2\/pages\/1437\/revisions\/1439"}],"wp:featuredmedia":[{"embeddable":true,"href":"https:\/\/me.yrittajat.fi\/vastuu-kannattaa\/wp-json\/wp\/v2\/media\/1438"}],"wp:attachment":[{"href":"https:\/\/me.yrittajat.fi\/vastuu-kannattaa\/wp-json\/wp\/v2\/media?parent=1437"}],"curies":[{"name":"wp","href":"https:\/\/api.w.org\/{rel}","templated":true}]}}