{"id":1529,"date":"2025-12-10T10:08:17","date_gmt":"2025-12-10T08:08:17","guid":{"rendered":"https:\/\/me.yrittajat.fi\/vastuu-kannattaa\/?page_id=1529"},"modified":"2025-12-10T10:58:57","modified_gmt":"2025-12-10T08:58:57","slug":"pohjois-karjala-kiertoon","status":"publish","type":"page","link":"https:\/\/me.yrittajat.fi\/vastuu-kannattaa\/pohjois-karjala-kiertoon\/","title":{"rendered":"Pohjois-Karjala Kiertoon!"},"content":{"rendered":"\n<figure class=\"wp-block-image size-full\"><img loading=\"lazy\" decoding=\"async\" width=\"800\" height=\"379\" src=\"https:\/\/me.yrittajat.fi\/app\/uploads\/sites\/81\/2025\/11\/Vastuullinen-yritystoiminta-Pohjois-Karjalassa-800-x-379-px-4.jpg\" alt=\"\" class=\"wp-image-1481\" srcset=\"https:\/\/me.yrittajat.fi\/app\/uploads\/sites\/81\/2025\/11\/Vastuullinen-yritystoiminta-Pohjois-Karjalassa-800-x-379-px-4.jpg 800w, https:\/\/me.yrittajat.fi\/app\/uploads\/sites\/81\/2025\/11\/Vastuullinen-yritystoiminta-Pohjois-Karjalassa-800-x-379-px-4-300x142.jpg 300w, https:\/\/me.yrittajat.fi\/app\/uploads\/sites\/81\/2025\/11\/Vastuullinen-yritystoiminta-Pohjois-Karjalassa-800-x-379-px-4-768x364.jpg 768w\" sizes=\"auto, (max-width: 800px) 100vw, 800px\" \/><\/figure>\n\n\n\n<p><strong>Pohjois-Karjala kiertoon!<\/strong> -kiertotalousseminaari kokosi Joensuun Tiedepuistoon t\u00e4yden salin yritt\u00e4ji\u00e4, oppilaitosten edustajia, asiantuntijoita ja kuntap\u00e4\u00e4tt\u00e4ji\u00e4 pohtimaan, miten kiertotalous voi luoda uutta liiketoimintaa, vahvistaa alueen elinvoimaa ja tukea kest\u00e4v\u00e4\u00e4 kehityst\u00e4.<\/p>\n\n\n\n<p>Iltap\u00e4iv\u00e4n avasi Luonnonperint\u00f6s\u00e4\u00e4ti\u00f6n toimitusjohtaja ja EU:n ilmastol\u00e4hettil\u00e4s Timo Huhtam\u00e4ki, jonka j\u00e4lkeen pureuduttiin muun muassa Circular Park -kokonaisuuteen, Pohjois-Karjalan maakuntaohjelman ilmastoteemoihin sek\u00e4 Joensuun kaupungin ilmasto-ohjelmaan.<\/p>\n\n\n\n<p>Kahvitauon j\u00e4lkeen \u00e4\u00e4neen p\u00e4\u00e4si paneelikeskustelu \u201cKiertotalous tekee kunnasta vauraan?\u201d sek\u00e4 alueen yritysten konkreettiset case-esimerkit \u2013 lopuksi tarkasteltiin hankintatoimen roolia kiertotalouden vauhdittajana.<br><br>Ilap\u00e4iv\u00e4n sis\u00e4ll\u00f6n vetiv\u00e4t yhteen Timo Huhtam\u00e4ki ja Joona Kotilainen.<\/p>\n\n\n\n<p><em>Ohjelma ja materiaalit:<\/em><br><strong>Avauspuheenvuoro<\/strong><br>Timo Huhtam\u00e4ki, Luonnonperint\u00f6s\u00e4\u00e4ti\u00f6n toimitusjohtaja, EU:n ilmastol\u00e4hettil\u00e4s<br><a href=\"https:\/\/me.yrittajat.fi\/app\/uploads\/sites\/81\/2025\/12\/Pohjois-Karjala-kiertoon-2025_-Timo-Huhtamaki.pdf\" target=\"_blank\" rel=\"noreferrer noopener\"><em>Katso materiaali t\u00e4st\u00e4<\/em><\/a><\/p>\n\n\n\n<figure class=\"wp-block-image size-large\"><img loading=\"lazy\" decoding=\"async\" width=\"1024\" height=\"1024\" src=\"https:\/\/me.yrittajat.fi\/app\/uploads\/sites\/81\/2025\/12\/Avaus-1024x1024.jpg\" alt=\"\" class=\"wp-image-1538\" srcset=\"https:\/\/me.yrittajat.fi\/app\/uploads\/sites\/81\/2025\/12\/Avaus-1024x1024.jpg 1024w, https:\/\/me.yrittajat.fi\/app\/uploads\/sites\/81\/2025\/12\/Avaus-300x300.jpg 300w, https:\/\/me.yrittajat.fi\/app\/uploads\/sites\/81\/2025\/12\/Avaus-150x150.jpg 150w, https:\/\/me.yrittajat.fi\/app\/uploads\/sites\/81\/2025\/12\/Avaus-768x768.jpg 768w, https:\/\/me.yrittajat.fi\/app\/uploads\/sites\/81\/2025\/12\/Avaus-400x400.jpg 400w, https:\/\/me.yrittajat.fi\/app\/uploads\/sites\/81\/2025\/12\/Avaus-600x600.jpg 600w, https:\/\/me.yrittajat.fi\/app\/uploads\/sites\/81\/2025\/12\/Avaus.jpg 1080w\" sizes=\"auto, (max-width: 1024px) 100vw, 1024px\" \/><\/figure>\n\n\n\n<hr class=\"wp-block-separator has-alpha-channel-opacity\" \/>\n\n\n\n<p><strong>Circular Park<\/strong><br>Seppo Tossavainen, Elinkeino- ja kansainv\u00e4listen asioiden p\u00e4\u00e4llikk\u00f6, Joensuun kaupunki<br>Jarno H\u00e4m\u00e4l\u00e4inen, Avainasiakasp\u00e4\u00e4llikk\u00f6, vihre\u00e4 siirtym\u00e4, Business Joensuu<br><a href=\"https:\/\/me.yrittajat.fi\/app\/uploads\/sites\/81\/2025\/12\/Joensuu_Circular_Park_Tossavainen-Seppo_Hamalainen_Jarno_271125.pdf\"><em>Katso materiaali t\u00e4st\u00e4<\/em><\/a><\/p>\n\n\n\n<figure class=\"wp-block-image size-large\"><img loading=\"lazy\" decoding=\"async\" width=\"1024\" height=\"1024\" src=\"https:\/\/me.yrittajat.fi\/app\/uploads\/sites\/81\/2025\/12\/Circular-1024x1024.jpg\" alt=\"\" class=\"wp-image-1539\" srcset=\"https:\/\/me.yrittajat.fi\/app\/uploads\/sites\/81\/2025\/12\/Circular-1024x1024.jpg 1024w, https:\/\/me.yrittajat.fi\/app\/uploads\/sites\/81\/2025\/12\/Circular-300x300.jpg 300w, https:\/\/me.yrittajat.fi\/app\/uploads\/sites\/81\/2025\/12\/Circular-150x150.jpg 150w, https:\/\/me.yrittajat.fi\/app\/uploads\/sites\/81\/2025\/12\/Circular-768x768.jpg 768w, https:\/\/me.yrittajat.fi\/app\/uploads\/sites\/81\/2025\/12\/Circular-400x400.jpg 400w, https:\/\/me.yrittajat.fi\/app\/uploads\/sites\/81\/2025\/12\/Circular-600x600.jpg 600w, https:\/\/me.yrittajat.fi\/app\/uploads\/sites\/81\/2025\/12\/Circular.jpg 1080w\" sizes=\"auto, (max-width: 1024px) 100vw, 1024px\" \/><\/figure>\n\n\n\n<hr class=\"wp-block-separator has-alpha-channel-opacity\" \/>\n\n\n\n<p><strong>Ilmastoteemat Pohjois-Karjalan maakuntaohjelmassa 2026-2029<\/strong><br>Sari Koivula, mets\u00e4- ja ilmastoasiantuntija, Pohjois-Karjalan maakuntaliitto<br><em><a href=\"https:\/\/me.yrittajat.fi\/app\/uploads\/sites\/81\/2025\/12\/Ilmastoteemat-Pohjois-Karjalan-maakuntaohjelmassa-2026-2029.pdf\">Katso materiaali t\u00e4st\u00e4<\/a><\/em><\/p>\n\n\n\n<figure class=\"wp-block-image size-large\"><img loading=\"lazy\" decoding=\"async\" width=\"1024\" height=\"1024\" src=\"https:\/\/me.yrittajat.fi\/app\/uploads\/sites\/81\/2025\/12\/Koivula-1024x1024.jpg\" alt=\"\" class=\"wp-image-1540\" srcset=\"https:\/\/me.yrittajat.fi\/app\/uploads\/sites\/81\/2025\/12\/Koivula-1024x1024.jpg 1024w, https:\/\/me.yrittajat.fi\/app\/uploads\/sites\/81\/2025\/12\/Koivula-300x300.jpg 300w, https:\/\/me.yrittajat.fi\/app\/uploads\/sites\/81\/2025\/12\/Koivula-150x150.jpg 150w, https:\/\/me.yrittajat.fi\/app\/uploads\/sites\/81\/2025\/12\/Koivula-768x768.jpg 768w, https:\/\/me.yrittajat.fi\/app\/uploads\/sites\/81\/2025\/12\/Koivula-400x400.jpg 400w, https:\/\/me.yrittajat.fi\/app\/uploads\/sites\/81\/2025\/12\/Koivula-600x600.jpg 600w, https:\/\/me.yrittajat.fi\/app\/uploads\/sites\/81\/2025\/12\/Koivula.jpg 1080w\" sizes=\"auto, (max-width: 1024px) 100vw, 1024px\" \/><\/figure>\n\n\n\n<hr class=\"wp-block-separator has-alpha-channel-opacity\" \/>\n\n\n\n<p><br><strong>Joensuun kaupungin ilmasto-ohjelma<\/strong><br>Tuuli Hypp\u00e4nen, ilmastokoordinaattori, Joensuun kaupunki<br><a href=\"https:\/\/me.yrittajat.fi\/app\/uploads\/sites\/81\/2025\/12\/Joensuun-kaupungin-ilmasto-ohjelma.pdf\" target=\"_blank\" rel=\"noreferrer noopener\"><em>Katso materiaali t\u00e4st\u00e4<\/em><\/a><\/p>\n\n\n\n<figure class=\"wp-block-image size-large\"><img loading=\"lazy\" decoding=\"async\" width=\"1024\" height=\"1024\" src=\"https:\/\/me.yrittajat.fi\/app\/uploads\/sites\/81\/2025\/12\/Hyppanen-1024x1024.jpg\" alt=\"\" class=\"wp-image-1541\" srcset=\"https:\/\/me.yrittajat.fi\/app\/uploads\/sites\/81\/2025\/12\/Hyppanen-1024x1024.jpg 1024w, https:\/\/me.yrittajat.fi\/app\/uploads\/sites\/81\/2025\/12\/Hyppanen-300x300.jpg 300w, https:\/\/me.yrittajat.fi\/app\/uploads\/sites\/81\/2025\/12\/Hyppanen-150x150.jpg 150w, https:\/\/me.yrittajat.fi\/app\/uploads\/sites\/81\/2025\/12\/Hyppanen-768x768.jpg 768w, https:\/\/me.yrittajat.fi\/app\/uploads\/sites\/81\/2025\/12\/Hyppanen-400x400.jpg 400w, https:\/\/me.yrittajat.fi\/app\/uploads\/sites\/81\/2025\/12\/Hyppanen-600x600.jpg 600w, https:\/\/me.yrittajat.fi\/app\/uploads\/sites\/81\/2025\/12\/Hyppanen.jpg 1080w\" sizes=\"auto, (max-width: 1024px) 100vw, 1024px\" \/><\/figure>\n\n\n\n<hr class=\"wp-block-separator has-alpha-channel-opacity\" \/>\n\n\n\n<p><strong>Paneelikeskustelu<\/strong>: <strong>Kiertotalous tekee kunnasta vauraan?<\/strong><br>Milla Martikainen kaupunginvaltuutettu, Lieksa (Keskusta)<br>Jonne Hirvonen, operatiivinen johtaja, Carbonaide Oy&nbsp;<br>Ella K\u00e4rki, kaupunginvaltuutettu, Nurmes (Kristillisdemokraatit)&nbsp;<br>Minna Kela, Myyntijohtaja, Opinsys Oy<br>Maija Kuivalainen, kaupunginvaltuutettu, Joensuu (Vasemmistoliitto)<br>Lotta Lilja, toimitusjohtaja, Circutus Oy<br>Timo Huhtam\u00e4ki, toimitusjohtaja, Luonnonperint\u00f6s\u00e4\u00e4ti\u00f6&nbsp;<\/p>\n\n\n\n<figure class=\"wp-block-image size-full\"><img loading=\"lazy\" decoding=\"async\" width=\"932\" height=\"441\" src=\"https:\/\/me.yrittajat.fi\/app\/uploads\/sites\/81\/2025\/12\/Paneeli.jpg\" alt=\"\" class=\"wp-image-1536\" srcset=\"https:\/\/me.yrittajat.fi\/app\/uploads\/sites\/81\/2025\/12\/Paneeli.jpg 932w, https:\/\/me.yrittajat.fi\/app\/uploads\/sites\/81\/2025\/12\/Paneeli-300x142.jpg 300w, https:\/\/me.yrittajat.fi\/app\/uploads\/sites\/81\/2025\/12\/Paneeli-768x363.jpg 768w\" sizes=\"auto, (max-width: 932px) 100vw, 932px\" \/><\/figure>\n\n\n\n<p><strong>Case esimerkit<\/strong><br>VICTIS \u2013 Vihre\u00e4\u00e4 ICT:t\u00e4 It\u00e4-Suomesta -hanke<br>Marko J\u00e4ntti, yliopiston lehtori, Tietojenk\u00e4sittelytieteen laitos<\/p>\n\n\n\n<hr class=\"wp-block-separator has-alpha-channel-opacity\" \/>\n\n\n\n<p>Yritys esimerkki: Opinsys Oy<br>Minna Kela, myyntijohtaja<\/p>\n\n\n\n<hr class=\"wp-block-separator has-alpha-channel-opacity\" \/>\n\n\n\n<p>Yritys esimerkki: Circutus Oy<br>Lotta Lilja, toimitusjohtaja<br><a href=\"https:\/\/me.yrittajat.fi\/app\/uploads\/sites\/81\/2025\/12\/Pohjois-Karjala-kiertoon-Circutus.pdf\" target=\"_blank\" rel=\"noreferrer noopener\"><em>Katso materiaali t\u00e4st\u00e4<\/em><\/a><\/p>\n\n\n\n<figure class=\"wp-block-image size-large\"><img loading=\"lazy\" decoding=\"async\" width=\"1024\" height=\"1024\" src=\"https:\/\/me.yrittajat.fi\/app\/uploads\/sites\/81\/2025\/12\/Circutus-1024x1024.jpg\" alt=\"\" class=\"wp-image-1544\" srcset=\"https:\/\/me.yrittajat.fi\/app\/uploads\/sites\/81\/2025\/12\/Circutus-1024x1024.jpg 1024w, https:\/\/me.yrittajat.fi\/app\/uploads\/sites\/81\/2025\/12\/Circutus-300x300.jpg 300w, https:\/\/me.yrittajat.fi\/app\/uploads\/sites\/81\/2025\/12\/Circutus-150x150.jpg 150w, https:\/\/me.yrittajat.fi\/app\/uploads\/sites\/81\/2025\/12\/Circutus-768x768.jpg 768w, https:\/\/me.yrittajat.fi\/app\/uploads\/sites\/81\/2025\/12\/Circutus-400x400.jpg 400w, https:\/\/me.yrittajat.fi\/app\/uploads\/sites\/81\/2025\/12\/Circutus-600x600.jpg 600w, https:\/\/me.yrittajat.fi\/app\/uploads\/sites\/81\/2025\/12\/Circutus.jpg 1080w\" sizes=\"auto, (max-width: 1024px) 100vw, 1024px\" \/><\/figure>\n\n\n\n<hr class=\"wp-block-separator has-alpha-channel-opacity\" \/>\n\n\n\n<p><strong>Juontaja haastattelee hankintatoimea<\/strong><br>Tuomas Veps\u00e4, Vs. hankintojen kehitt\u00e4misp\u00e4\u00e4llikk\u00f6, Pohjois-Karjalan hankintatoimi<br>Joona Kotilainen<\/p>\n\n\n\n<figure class=\"wp-block-image size-large\"><img loading=\"lazy\" decoding=\"async\" width=\"1024\" height=\"1024\" src=\"https:\/\/me.yrittajat.fi\/app\/uploads\/sites\/81\/2025\/12\/Hankinta-1024x1024.jpg\" alt=\"\" class=\"wp-image-1545\" srcset=\"https:\/\/me.yrittajat.fi\/app\/uploads\/sites\/81\/2025\/12\/Hankinta-1024x1024.jpg 1024w, https:\/\/me.yrittajat.fi\/app\/uploads\/sites\/81\/2025\/12\/Hankinta-300x300.jpg 300w, https:\/\/me.yrittajat.fi\/app\/uploads\/sites\/81\/2025\/12\/Hankinta-150x150.jpg 150w, https:\/\/me.yrittajat.fi\/app\/uploads\/sites\/81\/2025\/12\/Hankinta-768x768.jpg 768w, https:\/\/me.yrittajat.fi\/app\/uploads\/sites\/81\/2025\/12\/Hankinta-400x400.jpg 400w, https:\/\/me.yrittajat.fi\/app\/uploads\/sites\/81\/2025\/12\/Hankinta-600x600.jpg 600w, https:\/\/me.yrittajat.fi\/app\/uploads\/sites\/81\/2025\/12\/Hankinta.jpg 1080w\" sizes=\"auto, (max-width: 1024px) 100vw, 1024px\" \/><\/figure>\n\n\n\n<hr class=\"wp-block-separator has-alpha-channel-opacity\" \/>\n\n\n\n<p><strong>Yhteenveto<\/strong><br>Timo Huhtam\u00e4ki ja Joona Kotilainen<\/p>\n\n\n\n<figure class=\"wp-block-image size-large\"><img loading=\"lazy\" decoding=\"async\" width=\"1024\" height=\"1024\" src=\"https:\/\/me.yrittajat.fi\/app\/uploads\/sites\/81\/2025\/12\/Huhtamaki-1024x1024.jpg\" alt=\"\" class=\"wp-image-1546\" srcset=\"https:\/\/me.yrittajat.fi\/app\/uploads\/sites\/81\/2025\/12\/Huhtamaki-1024x1024.jpg 1024w, https:\/\/me.yrittajat.fi\/app\/uploads\/sites\/81\/2025\/12\/Huhtamaki-300x300.jpg 300w, https:\/\/me.yrittajat.fi\/app\/uploads\/sites\/81\/2025\/12\/Huhtamaki-150x150.jpg 150w, https:\/\/me.yrittajat.fi\/app\/uploads\/sites\/81\/2025\/12\/Huhtamaki-768x768.jpg 768w, https:\/\/me.yrittajat.fi\/app\/uploads\/sites\/81\/2025\/12\/Huhtamaki-400x400.jpg 400w, https:\/\/me.yrittajat.fi\/app\/uploads\/sites\/81\/2025\/12\/Huhtamaki-600x600.jpg 600w, https:\/\/me.yrittajat.fi\/app\/uploads\/sites\/81\/2025\/12\/Huhtamaki.jpg 1080w\" sizes=\"auto, (max-width: 1024px) 100vw, 1024px\" \/><\/figure>\n\n\n\n<hr class=\"wp-block-separator has-alpha-channel-opacity\" \/>\n\n\n\n<p>Tapahtuma toteutettiin yhteisty\u00f6ss\u00e4 Pohjois-Karjalan Yritt\u00e4jien Vastuullinen yritystoiminta Pohjois-Karjalassa -hankkeen, It\u00e4-Suomen yliopiston, Joensuun kaupungin, Riverian, Ammattiopisto Luovin, sek\u00e4 Pohjois-Karjalan maakuntaliiton kanssa.<br><br>Tapahtuman juontajana toimi Joona Kotilainen.<\/p>\n\n\n\n<p><\/p>\n","protected":false},"excerpt":{"rendered":"<p>Pohjois-Karjala kiertoon! -kiertotalousseminaari kokosi Joensuun Tiedepuistoon t\u00e4yden salin yritt\u00e4ji\u00e4, oppilaitosten edustajia, asiantuntijoita ja kuntap\u00e4\u00e4tt\u00e4ji\u00e4 pohtimaan, miten kiertotalous voi luoda uutta liiketoimintaa, vahvistaa alueen elinvoimaa ja tukea kest\u00e4v\u00e4\u00e4 kehityst\u00e4. Iltap\u00e4iv\u00e4n avasi Luonnonperint\u00f6s\u00e4\u00e4ti\u00f6n toimitusjohtaja ja EU:n ilmastol\u00e4hettil\u00e4s Timo Huhtam\u00e4ki, jonka j\u00e4lkeen pureuduttiin muun muassa Circular Park -kokonaisuuteen, Pohjois-Karjalan maakuntaohjelman ilmastoteemoihin sek\u00e4 Joensuun kaupungin ilmasto-ohjelmaan. Kahvitauon j\u00e4lkeen \u00e4\u00e4neen &hellip; <a href=\"https:\/\/me.yrittajat.fi\/vastuu-kannattaa\/pohjois-karjala-kiertoon\/\">Lue lis\u00e4\u00e4<\/a><\/p>\n","protected":false},"author":72,"featured_media":410,"parent":0,"menu_order":0,"comment_status":"closed","ping_status":"closed","template":"","meta":{"_acf_changed":false,"footnotes":""},"class_list":["post-1529","page","type-page","status-publish","has-post-thumbnail","hentry"],"acf":[],"_links":{"self":[{"href":"https:\/\/me.yrittajat.fi\/vastuu-kannattaa\/wp-json\/wp\/v2\/pages\/1529","targetHints":{"allow":["GET"]}}],"collection":[{"href":"https:\/\/me.yrittajat.fi\/vastuu-kannattaa\/wp-json\/wp\/v2\/pages"}],"about":[{"href":"https:\/\/me.yrittajat.fi\/vastuu-kannattaa\/wp-json\/wp\/v2\/types\/page"}],"author":[{"embeddable":true,"href":"https:\/\/me.yrittajat.fi\/vastuu-kannattaa\/wp-json\/wp\/v2\/users\/72"}],"replies":[{"embeddable":true,"href":"https:\/\/me.yrittajat.fi\/vastuu-kannattaa\/wp-json\/wp\/v2\/comments?post=1529"}],"version-history":[{"count":5,"href":"https:\/\/me.yrittajat.fi\/vastuu-kannattaa\/wp-json\/wp\/v2\/pages\/1529\/revisions"}],"predecessor-version":[{"id":1556,"href":"https:\/\/me.yrittajat.fi\/vastuu-kannattaa\/wp-json\/wp\/v2\/pages\/1529\/revisions\/1556"}],"wp:featuredmedia":[{"embeddable":true,"href":"https:\/\/me.yrittajat.fi\/vastuu-kannattaa\/wp-json\/wp\/v2\/media\/410"}],"wp:attachment":[{"href":"https:\/\/me.yrittajat.fi\/vastuu-kannattaa\/wp-json\/wp\/v2\/media?parent=1529"}],"curies":[{"name":"wp","href":"https:\/\/api.w.org\/{rel}","templated":true}]}}