{"id":1572,"date":"2025-12-16T14:37:55","date_gmt":"2025-12-16T12:37:55","guid":{"rendered":"https:\/\/me.yrittajat.fi\/vastuu-kannattaa\/?page_id=1572"},"modified":"2026-02-17T14:24:02","modified_gmt":"2026-02-17T12:24:02","slug":"kiertotalous-hankkeen-paateemana","status":"publish","type":"page","link":"https:\/\/me.yrittajat.fi\/vastuu-kannattaa\/kiertotalous-hankkeen-paateemana\/","title":{"rendered":"Kiertotalous hankkeen p\u00e4\u00e4teemana\u00a0"},"content":{"rendered":"\n<p><strong>Kiertotalous hankkeen p\u00e4\u00e4teemana<\/strong>&nbsp;<\/p>\n\n\n\n<p>Vuonna 2025 nostimme kiertotalouden <em>Vastuullinen yritystoiminta Pohjois-Karjalassa<\/em> \u2013 kehitt\u00e4misohjelman keskeiseksi teemaksi. Taustalla on konkreettinen muutospaine: eurooppalainen ja my\u00f6s globaali talous nojaa yh\u00e4 vahvasti lineaariseen <em>ota-valmista-h\u00e4vit\u00e4<\/em> \u2013 malliin, vaikka ymp\u00e4rist\u00f6vaikutukset, hinta ja resurssien saatavuus kiristyv\u00e4t nopeasti.&nbsp;&nbsp;<\/p>\n\n\n\n<p>Viime vuonna EU:ssa vain v\u00e4h\u00e4n yli <a href=\"https:\/\/ec.europa.eu\/eurostat\/web\/products-eurostat-news\/w\/ddn-20251119-1\">12%<\/a> k\u00e4ytetyist\u00e4 materiaaleista oli kierr\u00e4tettyj\u00e4, globaalisesti t\u00e4m\u00e4 luku on alle <a href=\"https:\/\/circulareconomy.europa.eu\/platform\/en\/knowledge\/circularity-gap-report-2025\">7%<\/a>. Joten pelkk\u00e4 kierr\u00e4tys ei riit\u00e4, todellinen kilpailuetu syntyy, kun materiaalivirrat irrotetaan neitseellisist\u00e4 raaka-aineista suunnittelun, kulutuksen ja liiketoimintamallien muutoksella.&nbsp;&nbsp;<\/p>\n\n\n\n<p><strong>Kiertotalous kannattaa n\u00e4hd\u00e4 \u201dkierr\u00e4tystaloutta\u201d laajempana<\/strong>&nbsp;<\/p>\n\n\n\n<p>Arvoa syntyy erityisesti tuotteiden elinkaaren pident\u00e4misest\u00e4 sek\u00e4 komponenttien uudelleenk\u00e4yt\u00f6st\u00e4, mik\u00e4 parantaa kiertotalouden kannattavuutta ja lis\u00e4\u00e4 resilienssi\u00e4, etenkin kun neitseellisten raaka-aineiden hinnan odotetaan nousevan, <em><a href=\"https:\/\/me.yrittajat.fi\/vastuu-kannattaa\/kiertotalouden-liiketoiminta-mahdollisuudet\/\">Timo Huhtam\u00e4ki kirjoittaa<\/a><\/em><\/p>\n\n\n\n<p>T\u00e4m\u00e4 tulevan rakennemuutoksen viesti kiteytyi my\u00f6s meid\u00e4n t\u00e4m\u00e4n vuoden tapahtumissa, joissa tavoitteena oli siirt\u00e4\u00e4 keskustelu periaatteista yritysten arkeen, p\u00e4\u00e4t\u00f6ksiin ja konkreettisiin seuraaviin askeliin.&nbsp;&nbsp;<\/p>\n\n\n\n<ul class=\"wp-block-list\">\n<li>Yritysten <a href=\"https:\/\/climatejoensuu.fi\/en\/-\/tutustu-yritysten-ilmastotreffien-puheenvuoroihin?redirect=%2Fetusivu%3Fgsid%3Dbe242856-1217-4833-b03e-7a2645443e6d\">ilmastotreffeill\u00e4<\/a> 11.2.2025, teemana olivat kiertotalous, ilmastoty\u00f6 ja verkostoituminen. Tapahtumassa koottiin yrityksi\u00e4 ja asiantuntijoita saman p\u00f6yd\u00e4n \u00e4\u00e4reen kest\u00e4v\u00e4n liiketoiminnan, ilmastoty\u00f6n ja kiertotalouden teemoilla.<\/li>\n\n\n\n<li>Kiertotalous ty\u00f6pajoissamme kev\u00e4\u00e4n ja syksyn aikana. Ty\u00f6pajoissa osallistujat tunnistivat omasta toiminnastaan konkreettisia tapoja olla osa kiertotalousekosysteemi\u00e4. Yritykset kartoittivat sivuvirtoja ja uudelleensuunnittelua vaativia kohtia, joista voi synty\u00e4 uutta arvoa muille toimijoille. Viranomaset puolestaan tarkastelivat tulevia tarpeitaan ja p\u00e4\u00e4t\u00f6ksi\u00e4\u00e4n: miten voivat hy\u00f6dynt\u00e4\u00e4 yritysten kiertotalousratkaisuja ja mill\u00e4 muutoksilla yritysten on helpompi p\u00e4\u00e4st\u00e4 mukaan kiertotalouden ratkaisuihin.&nbsp;<\/li>\n\n\n\n<li>Pohjois-Karjala Kiertoon! \u2013 kiertotalousseminaari, 27.11.2025, kokosi yritt\u00e4ji\u00e4, kuntap\u00e4\u00e4tt\u00e4ji\u00e4 ja asiantuntijoita pohtimaan kiertotalouden roolia uuden liiketoiminnan ja alueen elinvoiman rakentamisessa. Seminaarin ohjelma ja rakenne l\u00f6ytyv\u00e4t <a href=\"https:\/\/me.yrittajat.fi\/vastuu-kannattaa\/pohjois-karjala-kiertoon\/\">hankesivulla<\/a>. Tapahtumanviesti oli selke\u00e4: kiertotalous ei ole kierr\u00e4tystaloutta, vaan kilpailukyky\u00e4, yhteisty\u00f6t\u00e4 ja uuden liiketoiminnan muotoilua.&nbsp;<\/li>\n<\/ul>\n\n\n\n<p><strong>Miksi kiertotalous on pk-yrityksille nyt strateginen kysymys?<\/strong>&nbsp;<\/p>\n\n\n\n<ul class=\"wp-block-list\">\n<li>S\u00e4\u00e4ntely ja markkinat ohjaavat kest\u00e4v\u00e4\u00e4 tuotesuunnittelua, korjattavuutta ja materiaalikiertoa kohtaan. <a href=\"https:\/\/environment.ec.europa.eu\/strategy\/circular-economy_en\">https:\/\/environment.ec.europa.eu\/strategy\/circular-economy_en<\/a>&nbsp;<\/li>\n\n\n\n<li>Luonnonvarojen k\u00e4ytt\u00f6 kasvaa ilman sunnanmuutosta, jolloin kustannusriskit realisoituvat arjen toiminnassa. <a href=\"https:\/\/www.unep.org\/resources\/Global-Resource-Outlook-2024\" target=\"_blank\" rel=\"noreferrer noopener\">https:\/\/www.unep.org\/resources\/Global-Resource-Outlook-2024<\/a>&nbsp;<\/li>\n\n\n\n<li>Kiertotalousasteen kasvattaminen ei onnistu vain kierr\u00e4tt\u00e4m\u00e4ll\u00e4. EU:n tavoitteet edellytt\u00e4v\u00e4t my\u00f6s materiaalink\u00e4yt\u00f6n v\u00e4hent\u00e4mist\u00e4, uudelleenk\u00e4ytt\u00f6\u00e4, korjaamista ja pidempi\u00e4 k\u00e4ytt\u00f6ik\u00e4\u00e4. linkki: <a href=\"https:\/\/www.eea.europa.eu\/en\/analysis\/indicators\/circular-material-use-rate-in-europe\" target=\"_blank\" rel=\"noreferrer noopener\">https:\/\/www.eea.europa.eu\/en\/analysis\/indicators\/circular-material-use-rate-in-europe<\/a>&nbsp;<\/li>\n<\/ul>\n\n\n\n<p>Vuoden 2025 tavoitteena oli selkeytt\u00e4\u00e4 yrityksille suunta ja tehd\u00e4 ymm\u00e4rrett\u00e4v\u00e4ksi, miksi muutos on v\u00e4ist\u00e4m\u00e4t\u00f6n. Samalla toimme yritt\u00e4jien arkeen k\u00e4yt\u00e4nn\u00f6n ty\u00f6kaluja ja verkostoja, jotka synnyttiv\u00e4t kohtaamisia ja yhteisty\u00f6t\u00e4 tulevaisuuden rakennemuutosta kohti.\u00a0<\/p>\n\n\n\n<p>Kirjoittaja:&nbsp;&nbsp;<br>Gy\u00f6ngyi M\u00e1tray&nbsp;<br>Projektip\u00e4\u00e4llikk\u00f6&nbsp;<br>Vastuullinen yritystoiminta Pohjois-Karjalassa \u2013 kehitt\u00e4misohjelma&nbsp;&nbsp;<br><br><\/p>\n\n\n\n<p><\/p>\n","protected":false},"excerpt":{"rendered":"<p>Kiertotalous hankkeen p\u00e4\u00e4teemana&nbsp; Vuonna 2025 nostimme kiertotalouden Vastuullinen yritystoiminta Pohjois-Karjalassa \u2013 kehitt\u00e4misohjelman keskeiseksi teemaksi. Taustalla on konkreettinen muutospaine: eurooppalainen ja my\u00f6s globaali talous nojaa yh\u00e4 vahvasti lineaariseen ota-valmista-h\u00e4vit\u00e4 \u2013 malliin, vaikka ymp\u00e4rist\u00f6vaikutukset, hinta ja resurssien saatavuus kiristyv\u00e4t nopeasti.&nbsp;&nbsp; Viime vuonna EU:ssa vain v\u00e4h\u00e4n yli 12% k\u00e4ytetyist\u00e4 materiaaleista oli kierr\u00e4tettyj\u00e4, globaalisesti t\u00e4m\u00e4 luku on alle 7%. &hellip; <a href=\"https:\/\/me.yrittajat.fi\/vastuu-kannattaa\/kiertotalous-hankkeen-paateemana\/\">Lue lis\u00e4\u00e4<\/a><\/p>\n","protected":false},"author":72,"featured_media":0,"parent":0,"menu_order":0,"comment_status":"closed","ping_status":"closed","template":"","meta":{"_acf_changed":false,"footnotes":""},"class_list":["post-1572","page","type-page","status-publish","hentry"],"acf":[],"_links":{"self":[{"href":"https:\/\/me.yrittajat.fi\/vastuu-kannattaa\/wp-json\/wp\/v2\/pages\/1572","targetHints":{"allow":["GET"]}}],"collection":[{"href":"https:\/\/me.yrittajat.fi\/vastuu-kannattaa\/wp-json\/wp\/v2\/pages"}],"about":[{"href":"https:\/\/me.yrittajat.fi\/vastuu-kannattaa\/wp-json\/wp\/v2\/types\/page"}],"author":[{"embeddable":true,"href":"https:\/\/me.yrittajat.fi\/vastuu-kannattaa\/wp-json\/wp\/v2\/users\/72"}],"replies":[{"embeddable":true,"href":"https:\/\/me.yrittajat.fi\/vastuu-kannattaa\/wp-json\/wp\/v2\/comments?post=1572"}],"version-history":[{"count":5,"href":"https:\/\/me.yrittajat.fi\/vastuu-kannattaa\/wp-json\/wp\/v2\/pages\/1572\/revisions"}],"predecessor-version":[{"id":1682,"href":"https:\/\/me.yrittajat.fi\/vastuu-kannattaa\/wp-json\/wp\/v2\/pages\/1572\/revisions\/1682"}],"wp:attachment":[{"href":"https:\/\/me.yrittajat.fi\/vastuu-kannattaa\/wp-json\/wp\/v2\/media?parent=1572"}],"curies":[{"name":"wp","href":"https:\/\/api.w.org\/{rel}","templated":true}]}}