{"id":1619,"date":"2026-01-27T12:02:53","date_gmt":"2026-01-27T10:02:53","guid":{"rendered":"https:\/\/me.yrittajat.fi\/vastuu-kannattaa\/?page_id=1619"},"modified":"2026-01-27T12:02:53","modified_gmt":"2026-01-27T10:02:53","slug":"second-handista-liikeidea-myos-yksinyrittajalle","status":"publish","type":"page","link":"https:\/\/me.yrittajat.fi\/vastuu-kannattaa\/second-handista-liikeidea-myos-yksinyrittajalle\/","title":{"rendered":"Second Handista liikeidea my\u00f6s yksinyritt\u00e4j\u00e4lle?"},"content":{"rendered":"\n<p class=\"has-medium-font-size\"><strong>Second Handista liikeidea my\u00f6s yksinyritt\u00e4j\u00e4lle? <\/strong><br><strong>Kiteel\u00e4inen Aira kampittaa Kiina-kr\u00e4\u00e4s\u00e4\u00e4 asiakkaiden nahkatakeilla ja verhoilla<\/strong><\/p>\n\n\n\n<p><strong>Halpatuonnin kyll\u00e4st\u00e4mill\u00e4 markkinoilla suutari Aira Tolvanen tarjoaa vaihtoehtoja ja tekee asiakkaiden k\u00e4ytetyist\u00e4 tekstiileist\u00e4 t\u00e4ysin uusia tuotteita.<\/strong><\/p>\n\n\n\n<p>Ostatko sin\u00e4kin 40 vaatetta vuodessa? Ja maksat niist\u00e4 keskim\u00e4\u00e4rin 17 euroa kappaleelta? T\u00e4t\u00e4 on suomalaisten vaateostosten arki.<\/p>\n\n\n\n<p>Vaatteiden halpatuonti ja pikakulutusmuoti voisivat olla kirosanoja kiteel\u00e4isen Er\u00e4stuotteen suutari <strong>Aira Tolvaselle<\/strong>.<\/p>\n\n\n\n<p>Mutta h\u00e4n ei kiroa, huokailee vain.<\/p>\n\n\n\n<p>\u2014En tied\u00e4, saako ihmisi\u00e4 mitenk\u00e4\u00e4n pois Temu-kierteest\u00e4, Tolvanen sanoo ja viittaa suomalaisten innostukseen ostaa tavaraa EU:n ulkopuolisista verkkokaupoista.<\/p>\n\n\n\n<p>Tullin mukaan vuonna 2024 Suomeen tilattiin 28 miljoonaa alle 150 euron l\u00e4hetyst\u00e4. Tilausten keskim\u00e4\u00e4r\u00e4inen arvo j\u00e4i kuuteen euroon, ja valtaosa niist\u00e4 tuli kiinalaisilta verkkokauppaj\u00e4teilt\u00e4. Tekstiilit olivat suosituimpien tilausten joukossa.<\/p>\n\n\n\n<p class=\"has-medium-font-size\"><strong>Lysti\u00e4 ja liivihameita<\/strong><\/p>\n\n\n\n<p>Ajoittaisen huokailun lis\u00e4ksi Tolvanen tarttuu my\u00f6s toimeen.<\/p>\n\n\n\n<p>Perinteinen suutarinty\u00f6 on jo sin\u00e4ll\u00e4\u00e4n kiertotaloutta: kun kenk\u00e4 korjataan ja huolletaan, sen elinkaari pitenee ja v\u00e4ltet\u00e4\u00e4n uuden keng\u00e4n valmistus, raaka-aineiden k\u00e4ytt\u00f6 ja kuljetukset.<\/p>\n\n\n\n<p>Uusin Tolvasen innovaatio on, ett\u00e4 h\u00e4n kierr\u00e4tt\u00e4\u00e4 k\u00e4ytettyjen tekstiilien materiaaleja ja tekee niist\u00e4 uusia tuotteita: nahkatakeista syntyy k\u00e4silaukkuja ja ikkunaverhoista Lysti-liivihameita.<\/p>\n\n\n\n<p>\u2014Kiertotalousasiat ovat nimenomaan k\u00e4yt\u00e4nn\u00f6n tekoja, eiv\u00e4t viherpiipert\u00e4mist\u00e4. Pienikin yritt\u00e4j\u00e4 voi tehd\u00e4 paljon omalla sarallaan, suutari sanoo.<\/p>\n\n\n\n<p>Uudet palvelut pit\u00e4v\u00e4t yritt\u00e4j\u00e4n mielen avoimena.<\/p>\n\n\n\n<p>\u2014Ne t\u00e4ydent\u00e4v\u00e4t perinteist\u00e4 suutarity\u00f6t\u00e4. Kiertotalous on megatrendi, enk\u00e4 min\u00e4k\u00e4\u00e4n voi silt\u00e4 piiloutua. Minunkin pit\u00e4\u00e4 el\u00e4\u00e4 ajassa ja mietti\u00e4, mit\u00e4 kiertotalous tarkoittaa omassa yrityksess\u00e4ni.<\/p>\n\n\n\n<p><strong>Ja vuosikustannus on\u2026?<\/strong><\/p>\n\n\n\n<p>Maaseutuyrityksille tyypilliseen tapaan Tolvasen tulot kertyv\u00e4t useasta pienest\u00e4 virrasta.<\/p>\n\n\n\n<p>Jalkineiden korjaamisen ohella h\u00e4n tuunaa moottoripy\u00f6rien penkkej\u00e4 asiakkaille ymp\u00e4ri maata sek\u00e4 valmistaa jalkineita, k\u00e4silaukkuja ja k\u00e4rp\u00e4sl\u00e4tki\u00e4. Lahjatavaramyynti tuo oman lis\u00e4ns\u00e4.<\/p>\n\n\n\n<p>Hintakilpailussa suutarilla on oma valttinsa.<\/p>\n\n\n\n<p>Vaikka uusien jalkineiden hinta on ostohetkell\u00e4 tuntuva, vuosien saatossa tilanne muuttuu.<\/p>\n\n\n\n<p>\u2014Miten sit\u00e4 kertoisi asiakkaalle, ett\u00e4 k\u00e4ytt\u00f6kertaa kohti hinta on edullinen? Esimerkiksi jos minulta ostettua kenki\u00e4 k\u00e4ytt\u00e4\u00e4 kymmenen vuotta, se tekee 27,90 euroa vuodessa.<\/p>\n\n\n\n<p>EU:n ilmastol\u00e4hettil\u00e4s <strong>Timo Huhtam\u00e4ki<\/strong> ehdotti Ylen haastattelussa, ett\u00e4 tuotteen hintalappuun lis\u00e4t\u00e4\u00e4n sen oletettujen k\u00e4ytt\u00f6kertojen m\u00e4\u00e4r\u00e4. T\u00e4m\u00e4n avulla kuluttaja voisi arvioida, kuinka paljon hinta yht\u00e4 k\u00e4ytt\u00f6kertaa kohden olisi.<\/p>\n\n\n\n<p>Aira Tolvanen makustelee ajatusta ja sanoo, ett\u00e4 jokin yksinkertainen tapa olisi hyv\u00e4 olla olemassa.<\/p>\n\n\n\n<p>Mutta olisiko sama s\u00e4\u00e4nt\u00f6 voimassa my\u00f6s halpatuotteiden tekij\u00f6ille, vai koskisiko t\u00e4m\u00e4 vain vastuullisesti tuotettuja tavaroita?<\/p>\n\n\n\n<p>\u2014Tuskin halpatuotteiden tekij\u00e4t laittavat lappuun varoitusta, ett\u00e4 kolmen k\u00e4ytt\u00f6kerran j\u00e4lkeen n\u00e4m\u00e4 ovatkin jo entiset.<\/p>\n\n\n\n<p>Kirjoittaja:<br>Heikki Hamunen, Simana Oy<br><\/p>\n","protected":false},"excerpt":{"rendered":"<p>Second Handista liikeidea my\u00f6s yksinyritt\u00e4j\u00e4lle? Kiteel\u00e4inen Aira kampittaa Kiina-kr\u00e4\u00e4s\u00e4\u00e4 asiakkaiden nahkatakeilla ja verhoilla Halpatuonnin kyll\u00e4st\u00e4mill\u00e4 markkinoilla suutari Aira Tolvanen tarjoaa vaihtoehtoja ja tekee asiakkaiden k\u00e4ytetyist\u00e4 tekstiileist\u00e4 t\u00e4ysin uusia tuotteita. Ostatko sin\u00e4kin 40 vaatetta vuodessa? Ja maksat niist\u00e4 keskim\u00e4\u00e4rin 17 euroa kappaleelta? T\u00e4t\u00e4 on suomalaisten vaateostosten arki. Vaatteiden halpatuonti ja pikakulutusmuoti voisivat olla kirosanoja kiteel\u00e4isen Er\u00e4stuotteen &hellip; <a href=\"https:\/\/me.yrittajat.fi\/vastuu-kannattaa\/second-handista-liikeidea-myos-yksinyrittajalle\/\">Lue lis\u00e4\u00e4<\/a><\/p>\n","protected":false},"author":72,"featured_media":0,"parent":0,"menu_order":0,"comment_status":"closed","ping_status":"closed","template":"","meta":{"_acf_changed":false,"footnotes":""},"class_list":["post-1619","page","type-page","status-publish","hentry"],"acf":[],"_links":{"self":[{"href":"https:\/\/me.yrittajat.fi\/vastuu-kannattaa\/wp-json\/wp\/v2\/pages\/1619","targetHints":{"allow":["GET"]}}],"collection":[{"href":"https:\/\/me.yrittajat.fi\/vastuu-kannattaa\/wp-json\/wp\/v2\/pages"}],"about":[{"href":"https:\/\/me.yrittajat.fi\/vastuu-kannattaa\/wp-json\/wp\/v2\/types\/page"}],"author":[{"embeddable":true,"href":"https:\/\/me.yrittajat.fi\/vastuu-kannattaa\/wp-json\/wp\/v2\/users\/72"}],"replies":[{"embeddable":true,"href":"https:\/\/me.yrittajat.fi\/vastuu-kannattaa\/wp-json\/wp\/v2\/comments?post=1619"}],"version-history":[{"count":1,"href":"https:\/\/me.yrittajat.fi\/vastuu-kannattaa\/wp-json\/wp\/v2\/pages\/1619\/revisions"}],"predecessor-version":[{"id":1620,"href":"https:\/\/me.yrittajat.fi\/vastuu-kannattaa\/wp-json\/wp\/v2\/pages\/1619\/revisions\/1620"}],"wp:attachment":[{"href":"https:\/\/me.yrittajat.fi\/vastuu-kannattaa\/wp-json\/wp\/v2\/media?parent=1619"}],"curies":[{"name":"wp","href":"https:\/\/api.w.org\/{rel}","templated":true}]}}