{"id":1765,"date":"2026-05-05T08:27:58","date_gmt":"2026-05-05T05:27:58","guid":{"rendered":"https:\/\/me.yrittajat.fi\/vastuu-kannattaa\/?page_id=1765"},"modified":"2026-05-05T10:18:48","modified_gmt":"2026-05-05T07:18:48","slug":"materiaalipankki","status":"publish","type":"page","link":"https:\/\/me.yrittajat.fi\/vastuu-kannattaa\/materiaalipankki\/","title":{"rendered":"Materiaalipankki"},"content":{"rendered":"\n<p>Materiaalipankista l\u00f6yd\u00e4t hankkeemme tapahtumissa ja ty\u00f6pajoissa esitettyj\u00e4 materiaaleja. Sis\u00e4lt\u00f6j\u00e4 voi hy\u00f6dynt\u00e4\u00e4 oman osaamisen kehitt\u00e4misess\u00e4 sek\u00e4 vastuullisen yritystoiminnan edist\u00e4misess\u00e4.<br><br>Tapahtuman kuvaa klikkaamalla p\u00e4\u00e4set tutustumaan materiaaleihin.<\/p>\n\n\n\n<figure class=\"wp-block-image size-large\"><a href=\"https:\/\/me.yrittajat.fi\/app\/uploads\/sites\/81\/2026\/05\/Vastuullisuus-PK-yrityksissa-22.4.pdf\"><img loading=\"lazy\" decoding=\"async\" width=\"1024\" height=\"576\" src=\"https:\/\/me.yrittajat.fi\/app\/uploads\/sites\/81\/2026\/05\/Aamukahvitilaisuus2026-1024x576.jpg\" alt=\"\" class=\"wp-image-1778\" srcset=\"https:\/\/me.yrittajat.fi\/app\/uploads\/sites\/81\/2026\/05\/Aamukahvitilaisuus2026-1024x576.jpg 1024w, https:\/\/me.yrittajat.fi\/app\/uploads\/sites\/81\/2026\/05\/Aamukahvitilaisuus2026-300x169.jpg 300w, https:\/\/me.yrittajat.fi\/app\/uploads\/sites\/81\/2026\/05\/Aamukahvitilaisuus2026-768x432.jpg 768w, https:\/\/me.yrittajat.fi\/app\/uploads\/sites\/81\/2026\/05\/Aamukahvitilaisuus2026-1536x864.jpg 1536w, https:\/\/me.yrittajat.fi\/app\/uploads\/sites\/81\/2026\/05\/Aamukahvitilaisuus2026-318x178.jpg 318w, https:\/\/me.yrittajat.fi\/app\/uploads\/sites\/81\/2026\/05\/Aamukahvitilaisuus2026-1364x768.jpg 1364w, https:\/\/me.yrittajat.fi\/app\/uploads\/sites\/81\/2026\/05\/Aamukahvitilaisuus2026.jpg 1920w\" sizes=\"auto, (max-width: 1024px) 100vw, 1024px\" \/><\/a><\/figure>\n\n\n\n<hr class=\"wp-block-separator has-alpha-channel-opacity is-style-dots\" \/>\n\n\n\n<figure class=\"wp-block-image size-large\"><a href=\"https:\/\/me.yrittajat.fi\/app\/uploads\/sites\/81\/2026\/05\/Tekoalyn-vastuullinen-kaytto_osallistujille.pdf\"><img loading=\"lazy\" decoding=\"async\" width=\"1024\" height=\"576\" src=\"https:\/\/me.yrittajat.fi\/app\/uploads\/sites\/81\/2026\/05\/Tekoalynvastuullinenkaytto-1024x576.jpg\" alt=\"\" class=\"wp-image-1766\" srcset=\"https:\/\/me.yrittajat.fi\/app\/uploads\/sites\/81\/2026\/05\/Tekoalynvastuullinenkaytto-1024x576.jpg 1024w, https:\/\/me.yrittajat.fi\/app\/uploads\/sites\/81\/2026\/05\/Tekoalynvastuullinenkaytto-300x169.jpg 300w, https:\/\/me.yrittajat.fi\/app\/uploads\/sites\/81\/2026\/05\/Tekoalynvastuullinenkaytto-768x432.jpg 768w, https:\/\/me.yrittajat.fi\/app\/uploads\/sites\/81\/2026\/05\/Tekoalynvastuullinenkaytto-1536x864.jpg 1536w, https:\/\/me.yrittajat.fi\/app\/uploads\/sites\/81\/2026\/05\/Tekoalynvastuullinenkaytto-318x178.jpg 318w, https:\/\/me.yrittajat.fi\/app\/uploads\/sites\/81\/2026\/05\/Tekoalynvastuullinenkaytto-1364x768.jpg 1364w, https:\/\/me.yrittajat.fi\/app\/uploads\/sites\/81\/2026\/05\/Tekoalynvastuullinenkaytto.jpg 1920w\" sizes=\"auto, (max-width: 1024px) 100vw, 1024px\" \/><\/a><\/figure>\n\n\n\n<hr class=\"wp-block-separator has-alpha-channel-opacity is-style-dots\" \/>\n\n\n\n<figure class=\"wp-block-image size-large\"><a href=\"https:\/\/me.yrittajat.fi\/vastuu-kannattaa\/pohjois-karjala-kiertoon\/\"><img loading=\"lazy\" decoding=\"async\" width=\"1024\" height=\"576\" src=\"https:\/\/me.yrittajat.fi\/app\/uploads\/sites\/81\/2026\/05\/PK-Kiertoon-1024x576.jpg\" alt=\"\" class=\"wp-image-1772\" srcset=\"https:\/\/me.yrittajat.fi\/app\/uploads\/sites\/81\/2026\/05\/PK-Kiertoon-1024x576.jpg 1024w, https:\/\/me.yrittajat.fi\/app\/uploads\/sites\/81\/2026\/05\/PK-Kiertoon-300x169.jpg 300w, https:\/\/me.yrittajat.fi\/app\/uploads\/sites\/81\/2026\/05\/PK-Kiertoon-768x432.jpg 768w, https:\/\/me.yrittajat.fi\/app\/uploads\/sites\/81\/2026\/05\/PK-Kiertoon-1536x864.jpg 1536w, https:\/\/me.yrittajat.fi\/app\/uploads\/sites\/81\/2026\/05\/PK-Kiertoon-318x178.jpg 318w, https:\/\/me.yrittajat.fi\/app\/uploads\/sites\/81\/2026\/05\/PK-Kiertoon-1364x768.jpg 1364w, https:\/\/me.yrittajat.fi\/app\/uploads\/sites\/81\/2026\/05\/PK-Kiertoon.jpg 1920w\" sizes=\"auto, (max-width: 1024px) 100vw, 1024px\" \/><\/a><\/figure>\n\n\n\n<hr class=\"wp-block-separator has-alpha-channel-opacity is-style-dots\" \/>\n\n\n\n<figure class=\"wp-block-image size-full\"><a href=\"https:\/\/me.yrittajat.fi\/vastuu-kannattaa\/avausseminaari\/\"><img loading=\"lazy\" decoding=\"async\" width=\"1000\" height=\"600\" src=\"https:\/\/me.yrittajat.fi\/app\/uploads\/sites\/81\/2026\/05\/vastuullinen-yritystoiminta-pohjois-karjalassa-1.png\" alt=\"\" class=\"wp-image-1785\" srcset=\"https:\/\/me.yrittajat.fi\/app\/uploads\/sites\/81\/2026\/05\/vastuullinen-yritystoiminta-pohjois-karjalassa-1.png 1000w, https:\/\/me.yrittajat.fi\/app\/uploads\/sites\/81\/2026\/05\/vastuullinen-yritystoiminta-pohjois-karjalassa-1-300x180.png 300w, https:\/\/me.yrittajat.fi\/app\/uploads\/sites\/81\/2026\/05\/vastuullinen-yritystoiminta-pohjois-karjalassa-1-768x461.png 768w\" sizes=\"auto, (max-width: 1000px) 100vw, 1000px\" \/><\/a><\/figure>\n","protected":false},"excerpt":{"rendered":"<p>Materiaalipankista l\u00f6yd\u00e4t hankkeemme tapahtumissa ja ty\u00f6pajoissa esitettyj\u00e4 materiaaleja. Sis\u00e4lt\u00f6j\u00e4 voi hy\u00f6dynt\u00e4\u00e4 oman osaamisen kehitt\u00e4misess\u00e4 sek\u00e4 vastuullisen yritystoiminnan edist\u00e4misess\u00e4. Tapahtuman kuvaa klikkaamalla p\u00e4\u00e4set tutustumaan materiaaleihin.<\/p>\n","protected":false},"author":72,"featured_media":0,"parent":0,"menu_order":0,"comment_status":"closed","ping_status":"closed","template":"","meta":{"_acf_changed":false,"footnotes":""},"class_list":["post-1765","page","type-page","status-publish","hentry"],"acf":[],"_links":{"self":[{"href":"https:\/\/me.yrittajat.fi\/vastuu-kannattaa\/wp-json\/wp\/v2\/pages\/1765","targetHints":{"allow":["GET"]}}],"collection":[{"href":"https:\/\/me.yrittajat.fi\/vastuu-kannattaa\/wp-json\/wp\/v2\/pages"}],"about":[{"href":"https:\/\/me.yrittajat.fi\/vastuu-kannattaa\/wp-json\/wp\/v2\/types\/page"}],"author":[{"embeddable":true,"href":"https:\/\/me.yrittajat.fi\/vastuu-kannattaa\/wp-json\/wp\/v2\/users\/72"}],"replies":[{"embeddable":true,"href":"https:\/\/me.yrittajat.fi\/vastuu-kannattaa\/wp-json\/wp\/v2\/comments?post=1765"}],"version-history":[{"count":5,"href":"https:\/\/me.yrittajat.fi\/vastuu-kannattaa\/wp-json\/wp\/v2\/pages\/1765\/revisions"}],"predecessor-version":[{"id":1787,"href":"https:\/\/me.yrittajat.fi\/vastuu-kannattaa\/wp-json\/wp\/v2\/pages\/1765\/revisions\/1787"}],"wp:attachment":[{"href":"https:\/\/me.yrittajat.fi\/vastuu-kannattaa\/wp-json\/wp\/v2\/media?parent=1765"}],"curies":[{"name":"wp","href":"https:\/\/api.w.org\/{rel}","templated":true}]}}