{"id":1782,"date":"2026-05-05T09:35:05","date_gmt":"2026-05-05T06:35:05","guid":{"rendered":"https:\/\/me.yrittajat.fi\/vastuu-kannattaa\/?page_id=1782"},"modified":"2026-05-05T09:35:06","modified_gmt":"2026-05-05T06:35:06","slug":"avausseminaari","status":"publish","type":"page","link":"https:\/\/me.yrittajat.fi\/vastuu-kannattaa\/avausseminaari\/","title":{"rendered":"Avausseminaari"},"content":{"rendered":"\n<figure class=\"wp-block-image size-full\"><img loading=\"lazy\" decoding=\"async\" width=\"1000\" height=\"600\" src=\"https:\/\/me.yrittajat.fi\/app\/uploads\/sites\/81\/2026\/05\/vastuullinen-yritystoiminta-pohjois-karjalassa.png\" alt=\"\" class=\"wp-image-1783\" srcset=\"https:\/\/me.yrittajat.fi\/app\/uploads\/sites\/81\/2026\/05\/vastuullinen-yritystoiminta-pohjois-karjalassa.png 1000w, https:\/\/me.yrittajat.fi\/app\/uploads\/sites\/81\/2026\/05\/vastuullinen-yritystoiminta-pohjois-karjalassa-300x180.png 300w, https:\/\/me.yrittajat.fi\/app\/uploads\/sites\/81\/2026\/05\/vastuullinen-yritystoiminta-pohjois-karjalassa-768x461.png 768w\" sizes=\"auto, (max-width: 1000px) 100vw, 1000px\" \/><\/figure>\n\n\n\n<p><strong>27.9.2023<\/strong> Joensuussa pidetyss\u00e4 avausseminaarissa puhujakaarti oli kattava ja sis\u00e4lsi alansa asiantuntijoita, jotka toivat esiin vastuullisuuden eri ulottuvuuksia.<br><a href=\"https:\/\/www.yrittajat.fi\/app\/uploads\/2023\/09\/avausseminaarin-ohjelma-27.9.2023.pdf\">Vastuullinen yritystoiminta -kehitt\u00e4misohjelman avausseminaari<\/a><\/p>\n\n\n\n<p>Aloituspuheenvuoron piti Anne Vanhala, vastuullisuusasiantuntija keskuskauppakamarista, aiheenaan \u201dVastuullisuus nyt ja tulevaisuudessa\u201d.&nbsp;&nbsp;<br><a href=\"https:\/\/www.yrittajat.fi\/app\/uploads\/2023\/09\/anne-vanhala_vastuullisuus-nyt-ja-tulevaisuudessa.pdf\">Avauspuheenvuoro \u2013 Vastuullisuus nyt ja tulevaisuudessa &gt;&gt;<\/a><\/p>\n\n\n\n<p>Pohjois-Karjalan Osuuskaupan viestint\u00e4- ja vastuullisuusjohtaja Petri V\u00e4h\u00e4 esitteli PKO:n vastuullisuusperiaatteita.&nbsp;<br><a href=\"https:\/\/www.yrittajat.fi\/app\/uploads\/2023\/09\/pko_vastuullisuus-yhteistyokumppanit.pdf\">Pohjois-Karjalan Osuuskauppa \u2013 Vastuullisuus, yhteisty\u00f6kumppanit &gt;&gt;<\/a>&nbsp;<\/p>\n\n\n\n<p>Pankinjohtaja Helj\u00e4 Pulkki Pohjois-Karjalan Osuuspankista k\u00e4sitteli vastuullisuutta huomisen pankkitoiminnassa.&nbsp;&nbsp;<br><a href=\"https:\/\/www.yrittajat.fi\/app\/uploads\/2023\/09\/op_vastuullisuus-huomisen-pankkitoiminnassa-1.pdf\">Pohjois-Karjalan Osuuspankki \u2013 Vastuullisuus huomisen pankkitoiminnassa &gt;&gt;<\/a><\/p>\n\n\n\n<p>Timo Kupiainen, vaikutusstrategi Impact Agency Fabrikista, n\u00e4ki vastuullisuuden kasvun ajurina, ei kuluer\u00e4n\u00e4.&nbsp;<br><a href=\"https:\/\/www.yrittajat.fi\/app\/uploads\/2023\/09\/fabrik_vastuullisuus-ei-ole-kuluera-vaan-kasvun-ajuri.pdf\">Impact Agency Fabrik \u2013 Vastuullisuus ei ole kuluer\u00e4 vaan kasvun ajuri &gt;&gt;<\/a>&nbsp;<\/p>\n\n\n\n<p>Lietsu Palvelujen toimitusjohtaja Helena Puhakka-Tarvainen toi esille vastuullisuuden mikro-\/pk-yrityksen arjessa ja asiakaspalvelussa.&nbsp;<br><a href=\"https:\/\/www.yrittajat.fi\/app\/uploads\/2023\/09\/lietsu_vastuullisuus-mikro_pk_yrityksen-arjessa-ja-asiakaspalvelussa.pdf\">Lietsu Palvelut \u2013 Vastuullisuus mikro- ja pk-yrityksen arjessa ja asiakaspalvelussa &gt;&gt;<\/a><\/p>\n","protected":false},"excerpt":{"rendered":"<p>27.9.2023 Joensuussa pidetyss\u00e4 avausseminaarissa puhujakaarti oli kattava ja sis\u00e4lsi alansa asiantuntijoita, jotka toivat esiin vastuullisuuden eri ulottuvuuksia.Vastuullinen yritystoiminta -kehitt\u00e4misohjelman avausseminaari Aloituspuheenvuoron piti Anne Vanhala, vastuullisuusasiantuntija keskuskauppakamarista, aiheenaan \u201dVastuullisuus nyt ja tulevaisuudessa\u201d.&nbsp;&nbsp;Avauspuheenvuoro \u2013 Vastuullisuus nyt ja tulevaisuudessa &gt;&gt; Pohjois-Karjalan Osuuskaupan viestint\u00e4- ja vastuullisuusjohtaja Petri V\u00e4h\u00e4 esitteli PKO:n vastuullisuusperiaatteita.&nbsp;Pohjois-Karjalan Osuuskauppa \u2013 Vastuullisuus, yhteisty\u00f6kumppanit &gt;&gt;&nbsp; Pankinjohtaja Helj\u00e4 Pulkki &hellip; <a href=\"https:\/\/me.yrittajat.fi\/vastuu-kannattaa\/avausseminaari\/\">Lue lis\u00e4\u00e4<\/a><\/p>\n","protected":false},"author":72,"featured_media":0,"parent":0,"menu_order":0,"comment_status":"closed","ping_status":"closed","template":"","meta":{"_acf_changed":false,"footnotes":""},"class_list":["post-1782","page","type-page","status-publish","hentry"],"acf":[],"_links":{"self":[{"href":"https:\/\/me.yrittajat.fi\/vastuu-kannattaa\/wp-json\/wp\/v2\/pages\/1782","targetHints":{"allow":["GET"]}}],"collection":[{"href":"https:\/\/me.yrittajat.fi\/vastuu-kannattaa\/wp-json\/wp\/v2\/pages"}],"about":[{"href":"https:\/\/me.yrittajat.fi\/vastuu-kannattaa\/wp-json\/wp\/v2\/types\/page"}],"author":[{"embeddable":true,"href":"https:\/\/me.yrittajat.fi\/vastuu-kannattaa\/wp-json\/wp\/v2\/users\/72"}],"replies":[{"embeddable":true,"href":"https:\/\/me.yrittajat.fi\/vastuu-kannattaa\/wp-json\/wp\/v2\/comments?post=1782"}],"version-history":[{"count":1,"href":"https:\/\/me.yrittajat.fi\/vastuu-kannattaa\/wp-json\/wp\/v2\/pages\/1782\/revisions"}],"predecessor-version":[{"id":1784,"href":"https:\/\/me.yrittajat.fi\/vastuu-kannattaa\/wp-json\/wp\/v2\/pages\/1782\/revisions\/1784"}],"wp:attachment":[{"href":"https:\/\/me.yrittajat.fi\/vastuu-kannattaa\/wp-json\/wp\/v2\/media?parent=1782"}],"curies":[{"name":"wp","href":"https:\/\/api.w.org\/{rel}","templated":true}]}}