{"id":1846,"date":"2026-05-12T14:15:21","date_gmt":"2026-05-12T11:15:21","guid":{"rendered":"https:\/\/me.yrittajat.fi\/vastuu-kannattaa\/?page_id=1846"},"modified":"2026-05-12T14:15:22","modified_gmt":"2026-05-12T11:15:22","slug":"ratkaisutoimisto-kukkuu","status":"publish","type":"page","link":"https:\/\/me.yrittajat.fi\/vastuu-kannattaa\/ratkaisutoimisto-kukkuu\/","title":{"rendered":"Ratkaisutoimisto Kukkuu"},"content":{"rendered":"\n<p>Ratkaisutoimisto Kukkuu edist\u00e4\u00e4 my\u00f6s muiden yritysten vastuullisuutta<\/p>\n\n\n\n<figure class=\"wp-block-image size-large\"><img loading=\"lazy\" decoding=\"async\" width=\"1024\" height=\"769\" src=\"https:\/\/me.yrittajat.fi\/app\/uploads\/sites\/81\/2026\/05\/Kukkuu-yrittajat-Risto-Takala-1024x769.jpg\" alt=\"\" class=\"wp-image-1847\" srcset=\"https:\/\/me.yrittajat.fi\/app\/uploads\/sites\/81\/2026\/05\/Kukkuu-yrittajat-Risto-Takala-1024x769.jpg 1024w, https:\/\/me.yrittajat.fi\/app\/uploads\/sites\/81\/2026\/05\/Kukkuu-yrittajat-Risto-Takala-300x225.jpg 300w, https:\/\/me.yrittajat.fi\/app\/uploads\/sites\/81\/2026\/05\/Kukkuu-yrittajat-Risto-Takala-768x576.jpg 768w, https:\/\/me.yrittajat.fi\/app\/uploads\/sites\/81\/2026\/05\/Kukkuu-yrittajat-Risto-Takala-1536x1153.jpg 1536w, https:\/\/me.yrittajat.fi\/app\/uploads\/sites\/81\/2026\/05\/Kukkuu-yrittajat-Risto-Takala-168x126.jpg 168w, https:\/\/me.yrittajat.fi\/app\/uploads\/sites\/81\/2026\/05\/Kukkuu-yrittajat-Risto-Takala-201x152.jpg 201w, https:\/\/me.yrittajat.fi\/app\/uploads\/sites\/81\/2026\/05\/Kukkuu-yrittajat-Risto-Takala.jpg 2000w\" sizes=\"auto, (max-width: 1024px) 100vw, 1024px\" \/><\/figure>\n\n\n\n<p>Ratkaisutoimisto Kukkuu oy:n&nbsp;yritt\u00e4j\u00e4t&nbsp;ovat molemmat yksil\u00f6tasolla kiinnostuneita ymp\u00e4rist\u00f6st\u00e4, ihmisten hyvinvoinnista ja kest\u00e4v\u00e4st\u00e4 kehityksest\u00e4, joten vastuullisuuden teemat tulivat luonnollisesti osaksi my\u00f6s yrityksen toimintaa alusta saakka. Sosiaalinen vastuullisuus, my\u00f6hemmin vastuullisuus kokonaisuutena, nimettiin yhdeksi Kukkuun arvoksi eli toiminnan kivijalaksi.<\/p>\n\n\n\n<p>Yritt\u00e4jist\u00e4 molemmat osallistuivat Vastuu kannattaa -hankkeen tilaisuuksiin. Hankkeen tapaamiset toivat hyvin esiin muiden yritt\u00e4jien ja yritysten ty\u00f6ntekij\u00f6iden n\u00e4kemyksi\u00e4 ja kokemuksia vastuullisuudesta. Oli mielenkiintoista ja opettavaista p\u00e4\u00e4st\u00e4 tarkastelemaan sit\u00e4 erilaisten alojen ja tekij\u00f6iden n\u00e4k\u00f6kulmista. Kohtaamisten my\u00f6t\u00e4 avartui my\u00f6s k\u00e4sitys siit\u00e4, miten omaa toimintaansa paljon laajemmin Kukkuun v\u00e4ki pystyy vaikuttamaan vastuullisuuteen muille tarjoamiensa vastuullisuuden ja riskienhallinnan palvelujen kautta.<\/p>\n\n\n\n<p>Eniten oppia Kukkuun omaan tekemiseen tuli taloudellisen vastuullisuuden ja hyv\u00e4n hallinnon teemoista. Tiettyj\u00e4 periaatteita oli jo ennest\u00e4\u00e4n, koskien muun muassa alihankkijoiden kanssa toimimista sek\u00e4 asiakkaille tarjottavien palvelujen toteuttamista. Mutta yh\u00e4 enemm\u00e4n tuli havaintoja tilanteista, mitk\u00e4 voisi vahvistaa sek\u00e4 omaa ett\u00e4 alihankkijoiden tai jopa asiakkaiden turvaa. Erityisesti mietitytti yksinyritt\u00e4jien vastuullisuus ja muun muassa hyv\u00e4\u00e4n hallintoon liittyv\u00e4 riskienhallinta.<\/p>\n\n\n\n<p>Hankkeen tilaisuuksien my\u00f6t\u00e4 avautui hyv\u00e4 n\u00e4kym\u00e4 siihen, miten v\u00e4h\u00e4n yksinyritt\u00e4jill\u00e4 on osaamista ja resurssia hoitaa oman yrityksens\u00e4 hallintoa kest\u00e4v\u00e4sti ja vastuullisesti, vaikka tahtoa olisi. Ja miten ik\u00e4vi\u00e4 tilanteita voi tulla vastaan esimerkiksi kilpailutuksissa, jos alihankkijoina toimivien mikro- ja yksinyritt\u00e4jien toimeentulo on isojen, ei niin vastuullisten toimijoiden varassa. Onneksi useat isommatkin toimijat huomioivat vastuullisuuden ketjussaan my\u00f6s alihankkijat ja oman toimintansa suhteessa alihankkijoihin. Mutta aina se ei ole niin ja vastuullisuus saattaa keskitty\u00e4 heid\u00e4n osaltaan vain omaan taloudelliseen vastuullisuuteen, jopa muiden kustannuksella.<\/p>\n\n\n\n<p>Vastuu kannattaa -hankkeen my\u00f6t\u00e4 sai pontta Kukkuun yritt\u00e4jien ajatus kehitt\u00e4\u00e4&nbsp;mikro- ja yksinyritt\u00e4jille suunnattu palvelukokonaisuus, jonka tuella juuri n\u00e4m\u00e4 pienimm\u00e4t yritykset voisivat kehitt\u00e4\u00e4 omaa riskienhallintaansa ja t\u00e4t\u00e4 kautta omaa yritystoimintaansa kest\u00e4v\u00e4mm\u00e4ksi ja hallinnon kannalta vastuullisemmaksi. My\u00f6s yksi yhteisty\u00f6kumppani projektiin l\u00f6ytyi hankkeen kautta.<\/p>\n\n\n\n<p>Palvelunkehitt\u00e4miseen liittyv\u00e4 projekti on nyt kev\u00e4\u00e4ll\u00e4 2026 alussa, ja pienen Maaseuturahaston rahoituksen turvin laaditaan nyt kokonaisuuden runkoa ja sopimuksia, jotta kokonaisuus on reilu kaikille &#8211; sek\u00e4 Kukkuulle toteuttajana ett\u00e4 muille asiantuntijoille alihankkijoina. Ja ett\u00e4 palvelu on hinta-laatusuhteeltaan sopiva yksinyritt\u00e4jien budjettiin ja tarpeisiin, mutta silti taloudellisesti kannattava eli vastuullisesti tuotettu my\u00f6s palveluntuottajien kannalta.<\/p>\n\n\n\n<p>Tavoitteena on, ett\u00e4 palvelukokonaisuuden avulla voidaan auttaa sek\u00e4 uusia yritt\u00e4ji\u00e4 ett\u00e4 jo kauemmin toimineita tekij\u00f6it\u00e4 toimimaan vahvalla pohjalla. Palvelu tulee auttamaan my\u00f6s jo yrityksen suunnittelu- ja perustamisvaiheessa olevan yritt\u00e4j\u00e4n pohdintaa, kuinka j\u00e4rjest\u00e4\u00e4 ja toteuttaa suunnittelemansa toiminta kannattavasti.<\/p>\n\n\n\n<p>Palvelusta ja sen kehitt\u00e4misest\u00e4 voit lukea lis\u00e4\u00e4 Kukkuun sivuilta:&nbsp;<a href=\"https:\/\/www.viestintakukkuu.fi\/riskienhallintapalvelut\">https:\/\/www.kukkuuratkaisut.fi\/riskienhallintapalvelut<\/a><\/p>\n\n\n\n<p>Kirjoittaja<\/p>\n\n\n\n<p>Teija Simonen<\/p>\n\n\n\n<p>Ratkaisutoimisto Kukkuu oy<\/p>\n","protected":false},"excerpt":{"rendered":"<p>Ratkaisutoimisto Kukkuu edist\u00e4\u00e4 my\u00f6s muiden yritysten vastuullisuutta Ratkaisutoimisto Kukkuu oy:n&nbsp;yritt\u00e4j\u00e4t&nbsp;ovat molemmat yksil\u00f6tasolla kiinnostuneita ymp\u00e4rist\u00f6st\u00e4, ihmisten hyvinvoinnista ja kest\u00e4v\u00e4st\u00e4 kehityksest\u00e4, joten vastuullisuuden teemat tulivat luonnollisesti osaksi my\u00f6s yrityksen toimintaa alusta saakka. Sosiaalinen vastuullisuus, my\u00f6hemmin vastuullisuus kokonaisuutena, nimettiin yhdeksi Kukkuun arvoksi eli toiminnan kivijalaksi. Yritt\u00e4jist\u00e4 molemmat osallistuivat Vastuu kannattaa -hankkeen tilaisuuksiin. Hankkeen tapaamiset toivat hyvin esiin muiden &hellip; <a href=\"https:\/\/me.yrittajat.fi\/vastuu-kannattaa\/ratkaisutoimisto-kukkuu\/\">Lue lis\u00e4\u00e4<\/a><\/p>\n","protected":false},"author":72,"featured_media":0,"parent":0,"menu_order":0,"comment_status":"closed","ping_status":"closed","template":"","meta":{"_acf_changed":false,"footnotes":""},"class_list":["post-1846","page","type-page","status-publish","hentry"],"acf":[],"_links":{"self":[{"href":"https:\/\/me.yrittajat.fi\/vastuu-kannattaa\/wp-json\/wp\/v2\/pages\/1846","targetHints":{"allow":["GET"]}}],"collection":[{"href":"https:\/\/me.yrittajat.fi\/vastuu-kannattaa\/wp-json\/wp\/v2\/pages"}],"about":[{"href":"https:\/\/me.yrittajat.fi\/vastuu-kannattaa\/wp-json\/wp\/v2\/types\/page"}],"author":[{"embeddable":true,"href":"https:\/\/me.yrittajat.fi\/vastuu-kannattaa\/wp-json\/wp\/v2\/users\/72"}],"replies":[{"embeddable":true,"href":"https:\/\/me.yrittajat.fi\/vastuu-kannattaa\/wp-json\/wp\/v2\/comments?post=1846"}],"version-history":[{"count":1,"href":"https:\/\/me.yrittajat.fi\/vastuu-kannattaa\/wp-json\/wp\/v2\/pages\/1846\/revisions"}],"predecessor-version":[{"id":1848,"href":"https:\/\/me.yrittajat.fi\/vastuu-kannattaa\/wp-json\/wp\/v2\/pages\/1846\/revisions\/1848"}],"wp:attachment":[{"href":"https:\/\/me.yrittajat.fi\/vastuu-kannattaa\/wp-json\/wp\/v2\/media?parent=1846"}],"curies":[{"name":"wp","href":"https:\/\/api.w.org\/{rel}","templated":true}]}}